{"id":78668,"date":"2017-01-15T14:54:07","date_gmt":"2017-01-15T13:54:07","guid":{"rendered":"https:\/\/www.clesi.it\/profile\/"},"modified":"2024-09-16T11:57:34","modified_gmt":"2024-09-16T09:57:34","slug":"profile","status":"publish","type":"page","link":"https:\/\/www.clesi.it\/de\/profile\/","title":{"rendered":"Firmenprofil"},"content":{"rendered":"<p>[vc_row][vc_column width=&#8220;1\/3&#8243;][vc_widget_sidebar sidebar_id=&#8220;sidebar&#8220;][\/vc_column][vc_column width=&#8220;1\/3&#8243;][vc_custom_heading text=&#8220;\u00dcBER UNS&#8220; el_class=&#8220;heading-title-3&#8243;][vc_column_text css_animation=&#8220;bottom-to-top&#8220;]<\/p>\n<p class=\"p1\"><img loading=\"lazy\" class=\"alignnone wp-image-75414 size-full\" src=\"https:\/\/www.clesi.it\/wp-content\/uploads\/2017\/01\/citta-del-futuro.jpg\" alt=\"citta del futuro\" width=\"408\" height=\"272\" srcset=\"https:\/\/www.clesi.it\/wp-content\/uploads\/2017\/01\/citta-del-futuro.jpg 408w, https:\/\/www.clesi.it\/wp-content\/uploads\/2017\/01\/citta-del-futuro-300x200.jpg 300w\" sizes=\"(max-width: 408px) 100vw, 408px\" \/><\/p>\n<p>Clesi ist ein f\u00fchrendes Unternehmen im Bereich der Stahlbetonfertigteile f\u00fcr den industriellen, gewerblichen, zivilen und logistischen Bau, das auf eine 1959 begonnene Unternehmensgeschichte zur\u00fcckblicken kann.\u00a0 Mit einer Produktionsfl\u00e4che von 50.000 Quadratmetern, von denen 20.000 \u00fcberdacht sind, und fortschrittlichen Technologien geh\u00f6rt es zu den dynamischsten und wettbewerbsf\u00e4higsten Unternehmen des Sektors in Italien.<\/p>\n<p>Das im Laufe der Jahre entwickelte Know-how hat es erm\u00f6glicht, mehr als 8,5 Millionen Quadratmeter vorgefertigter Strukturen zu bauen und avantgardistische Bausysteme auf den Markt zu bringen, was die Verformbarkeit der Anwendung, die Sicherheit und die \u00c4sthetik betrifft.<\/p>\n<p>Clesi bietet L\u00f6sungen, die \u00c4sthetik, Funktionalit\u00e4t, Kostensicherheit und Umweltfreundlichkeit miteinander verbinden. Viele der L\u00f6sungen von Clesi sind durch Patente gesch\u00fctzt, was das Unternehmen zu einem der dynamischsten und entschlossensten Unternehmen in Bezug auf Investitionen in Forschung und Entwicklung macht.[\/vc_column_text][vc_empty_space][vc_custom_heading text=&#8220;Mission&#8220; el_class=&#8220;heading-title-3&#8243;][vc_column_text css_animation=&#8220;bottom-to-top&#8220;]<img loading=\"lazy\" class=\"alignnone wp-image-76745 size-full\" src=\"https:\/\/www.clesi.it\/wp-content\/uploads\/2021\/12\/clesi-trasp-eccezionale.jpg\" alt=\"\" width=\"408\" height=\"263\" srcset=\"https:\/\/www.clesi.it\/wp-content\/uploads\/2021\/12\/clesi-trasp-eccezionale.jpg 408w, https:\/\/www.clesi.it\/wp-content\/uploads\/2021\/12\/clesi-trasp-eccezionale-300x193.jpg 300w\" sizes=\"(max-width: 408px) 100vw, 408px\" \/><\/p>\n<p>Die Mission von Clesi Prefabbricati ist die Zufriedenheit der Kunden, denen das Unternehmen eine spezifische Planungsberatung, eine sorgf\u00e4ltige Produktauswahl und ein effizientes Baustellenmanagement bietet.<\/p>\n<p>Clesi wertet die Humanressourcen auf und f\u00f6rdert die Entwicklung hochqualifizierter technischer und verwaltungstechnischer Software, die die Optimierung der Produktionsprozesse, die Entwicklung mechanischer und elektronischer Systeme f\u00fcr die Produktion, die Pr\u00fcfung und die genaue Montage der Produkte beg\u00fcnstigt.[\/vc_column_text][\/vc_column][vc_column width=&#8220;1\/3&#8243;][vc_custom_heading text=&#8220;Wohn wir gehen&#8220; el_class=&#8220;heading-title-3&#8243;][vc_column_text css_animation=&#8220;bottom-to-top&#8220;]<\/p>\n<p class=\"p1\"><img loading=\"lazy\" class=\"alignnone wp-image-74933 size-full\" src=\"https:\/\/www.clesi.it\/wp-content\/uploads\/2017\/01\/doveandiamo.jpg\" alt=\"doveandiamo\" width=\"408\" height=\"272\" srcset=\"https:\/\/www.clesi.it\/wp-content\/uploads\/2017\/01\/doveandiamo.jpg 408w, https:\/\/www.clesi.it\/wp-content\/uploads\/2017\/01\/doveandiamo-300x200.jpg 300w\" sizes=\"(max-width: 408px) 100vw, 408px\" \/><\/p>\n<p>Wir sind darauf ausgerichtet, Bauwerke mit geringer Umweltbelastung und in vollem Einklang mit den Landschaftsvorschriften zu errichten.\u00a0Aus diesem Grund f\u00fchren wir eine Reihe von Aktivit\u00e4ten durch, die darauf abzielen, unsere Kunden voll zufrieden zu stellen, ohne die Umwelt zu belasten.<\/p>\n<p>Wir sind stolz darauf, innovative Produkte anbieten zu k\u00f6nnen, und setzen uns t\u00e4glich daf\u00fcr ein, unsere Produkte w\u00e4hrend ihres gesamten Lebenszyklus zu sch\u00fctzen.<\/p>\n<p>Unsere Arbeit ist das Ergebnis einer sorgf\u00e4ltigen und durchdachten Aufmerksamkeit f\u00fcr jedes Detail: vom Management \u00fcber das Design, die Produktionsprozesse, die Arbeitspl\u00e4tze, die \u00f6kologischen Gemeinschaften bis hin zu den Produkten.\u00a0Unsere Umweltmanagementpolitik unterst\u00fctzt und f\u00f6rdert die Erhaltung einer gr\u00fcneren und ges\u00fcnderen Umwelt.\u00a0Unser Hauptziel ist es n\u00e4mlich, daf\u00fcr zu sorgen, dass alle unsere Aktivit\u00e4ten unsere Umgebung nicht im Geringsten beeintr\u00e4chtigen.<\/p>\n<p>Das Engagement von Clesi im sozialen Bereich umfasst viele Bereiche des t\u00e4glichen Lebens: Gemeinwohl, Kultur und Kunst, Freiwilligenarbeit, universit\u00e4re Aus- und Weiterbildung, Umwelt- und Arbeitnehmerschutz.\u00a0Dieser aktive Beitrag zielt auf die Verbesserung der Gesellschaft ab, was eine Konstante unter den Werten von Clesi Prefabbricati ist. {4&gt;(Kasten mit Bild)&lt;4}[\/vc_column_text][vc_empty_space][vc_custom_heading text=&#8220;Vision&#8220; el_class=&#8220;heading-title-3&#8243;][vc_column_text css_animation=&#8220;bottom-to-top&#8220;]<\/p>\n<p class=\"p1\"><img loading=\"lazy\" class=\"alignnone wp-image-75424 size-full\" src=\"https:\/\/www.clesi.it\/wp-content\/uploads\/2017\/01\/grunight-1.jpg\" alt=\"grunight\" width=\"408\" height=\"272\" srcset=\"https:\/\/www.clesi.it\/wp-content\/uploads\/2017\/01\/grunight-1.jpg 408w, https:\/\/www.clesi.it\/wp-content\/uploads\/2017\/01\/grunight-1-300x200.jpg 300w\" sizes=\"(max-width: 408px) 100vw, 408px\" \/><\/p>\n<p>In der Produktionsphase besch\u00e4ftigt Clesi Fachpersonal, das mit der neuesten Technologie in automatisierten Produktionszyklen arbeitet.Es verf\u00fcgt auch \u00fcber Labors, die die Qualit\u00e4t der Materialien und die Leistung jedes einzelnen Artefakts garantieren.<\/p>\n<p>Clesi hat sich schon immer verpflichtet, eine termingerechte und budgetkonforme Lieferung bei vollst\u00e4ndiger Betriebssicherheit zu gew\u00e4hrleisten. Ein Beweis daf\u00fcr sind die zahlreichen Zertifizierungen, aber vor allem das Vertrauen und die Glaubw\u00fcrdigkeit, die unsere Kunden uns entgegenbringen.[\/vc_column_text][\/vc_column][\/vc_row][vc_row][vc_column][vc_column_text]<\/p>\n<p>&nbsp;<\/p>\n<p>[\/vc_column_text][\/vc_column][\/vc_row]<\/p>\n","protected":false},"excerpt":{"rendered":"<p>[vc_row][vc_column width=&#8220;1\/3&#8243;][vc_widget_sidebar sidebar_id=&#8220;sidebar&#8220;][\/vc_column][vc_column width=&#8220;1\/3&#8243;][vc_custom_heading text=&#8220;\u00dcBER UNS&#8220; el_class=&#8220;heading-title-3&#8243;][vc_column_text css_animation=&#8220;bottom-to-top&#8220;] Clesi ist ein f\u00fchrendes Unternehmen im Bereich der Stahlbetonfertigteile f\u00fcr den industriellen, gewerblichen, zivilen und logistischen Bau, das auf eine 1959 begonnene Unternehmensgeschichte zur\u00fcckblicken kann.\u00a0 Mit einer Produktionsfl\u00e4che von 50.000 Quadratmetern, von denen 20.000 \u00fcberdacht sind, und fortschrittlichen Technologien geh\u00f6rt es zu den dynamischsten und wettbewerbsf\u00e4higsten Unternehmen [&hellip;]<\/p>\n","protected":false},"author":1,"featured_media":0,"parent":0,"menu_order":0,"comment_status":"closed","ping_status":"closed","template":"","meta":[],"_links":{"self":[{"href":"https:\/\/www.clesi.it\/de\/wp-json\/wp\/v2\/pages\/78668"}],"collection":[{"href":"https:\/\/www.clesi.it\/de\/wp-json\/wp\/v2\/pages"}],"about":[{"href":"https:\/\/www.clesi.it\/de\/wp-json\/wp\/v2\/types\/page"}],"author":[{"embeddable":true,"href":"https:\/\/www.clesi.it\/de\/wp-json\/wp\/v2\/users\/1"}],"replies":[{"embeddable":true,"href":"https:\/\/www.clesi.it\/de\/wp-json\/wp\/v2\/comments?post=78668"}],"version-history":[{"count":2,"href":"https:\/\/www.clesi.it\/de\/wp-json\/wp\/v2\/pages\/78668\/revisions"}],"predecessor-version":[{"id":78671,"href":"https:\/\/www.clesi.it\/de\/wp-json\/wp\/v2\/pages\/78668\/revisions\/78671"}],"wp:attachment":[{"href":"https:\/\/www.clesi.it\/de\/wp-json\/wp\/v2\/media?parent=78668"}],"curies":[{"name":"wp","href":"https:\/\/api.w.org\/{rel}","templated":true}]}}