{"id":78799,"date":"2017-01-19T23:43:06","date_gmt":"2017-01-19T22:43:06","guid":{"rendered":"https:\/\/www.clesi.it\/themelio\/"},"modified":"2024-11-19T15:33:54","modified_gmt":"2024-11-19T14:33:54","slug":"themelio","status":"publish","type":"page","link":"https:\/\/www.clesi.it\/de\/fondazione-prefabbricata\/themelio\/","title":{"rendered":"Themelio"},"content":{"rendered":"\n<blockquote class=\"wp-block-quote\"><p>Das erste und EINZIGE Fundament, das vollst\u00e4ndig Spannbeton oder Stahlbeton vorgefertigt ist.<\/p><\/blockquote>\n\n\n\n<div style=\"height:40px\" aria-hidden=\"true\" class=\"wp-block-spacer\"><\/div>\n\n\n<div id=\"gutenslider-phpya3toh\" class=\"wp-block-eedee-block-gutenslider gs-frontend content-change alignnone adaptive-height adaptive-height-md adaptive-height-sm arrow-style-1 arrow-position-sides arrow-mb-none arrows-lg arrows-md arrows-sm dot-style-1 dots-lg-none dots-md-none dots-sm-none dot-position-bottom is-position-center-center mb-none wrap-auto-height\" data-parallax-direction=\"down\" data-parallax-amount=\"1.3\" data-lg-transition=\"lg-slide\" data-hash=\"\" ><div class=\"eedee-swiper-outer\" style=\"--gutenslider-min-height: 50vh;--gutenslider-arrow-size: 30px;--gutenslider-dot-size: 25px;--gutenslider-arrow-color: #000000;--gutenslider-dot-color: #ffffff;--gutenslider-padding-y-mobile: 40px;--gutenslider-padding-x-mobile: 40px;--gutenslider-padding-y-tablet: 40px;--gutenslider-padding-x-tablet: 40px;--gutenslider-padding-y-desktop: 40px;--gutenslider-padding-x-desktop: 40px;--gutenslider-bg-image: url();--gutenslider-min-height-md: 50vh;--gutenslider-min-height-sm: 50vh;--gutenslider-padding-x: 40px;--gutenslider-padding-x-md: 40px;--gutenslider-padding-x-sm: 20px;--gutenslider-padding-y: 40px;--gutenslider-padding-y-md: 40px;--gutenslider-padding-y-sm: 20px;--gutenslider-arrow-size-md: 30px;--gutenslider-arrow-size-sm: 30px;--gutenslider-dot-size-md: 25px;--gutenslider-dot-size-sm: 25px;--gutenslider-arrow-bg-color: transparent;--gutenslider-arrow-hover-color: #000000bb;--gutenslider-arrow-bg-hover-color: transparent;--gutenslider-arrow-x-offset: 10px;--gutenslider-arrow-x-offset-md: 10px;--gutenslider-arrow-x-offset-sm: 10px;--gutenslider-arrow-y-offset: 0px;--gutenslider-arrow-y-offset-md: 0px;--gutenslider-arrow-y-offset-sm: 0px;--gutenslider-arrow-x-spacing: 0px;--gutenslider-dot-y-offset: 10px;--gutenslider-dot-y-offset-md: 10px;--gutenslider-dot-y-offset-sm: 10px;--gutenslider-margin-x: 0px;--gutenslider-margin-x-md: 0px;--gutenslider-margin-x-sm: 0px;--gutenslider-margin-y: 0px;--gutenslider-margin-y-md: 0px;--gutenslider-margin-y-sm: 0px;--gutenslider-divider-top: 60px;--gutenslider-divider-bottom: 60px;--gutenslider-lightgallery-bg: #ffffff;--gutenslider-lightgallery-font: #000000;--gs-first-pos: 50% 50%;--gs-gap-vertical: var( --wp--style--gallery-gap-default, var( --gallery-block--gutter-size, var( --wp--style--block-gap, 0.5em ) ) );--gs-gap-horizontal: var( --wp--style--gallery-gap-default, var( --gallery-block--gutter-size, var( --wp--style--block-gap, 0.5em ) ) );\"><div class=\"gutenslider-divider-top\" style=\"color:#fff;\"><\/div><div class=\"swiper\" data-settings='{\"autoplay\":{\"delay\":3000,\"pauseOnMouseEnter\":true,\"disableOnInteraction\":false},\"speed\":700,\"direction\":\"horizontal\",\"autoHeight\":\"1\",\"loop\":true,\"centeredSlides\":true,\"spaceBetween\":0,\"slidesPerView\":1,\"slidesPerGroup\":1,\"effect\":\"slide\",\"coverflowEffect\":{\"rotate\":30,\"slideShadows\":false,\"depth\":100,\"stretch\":50,\"modifier\":1},\"fadeEffect\":{\"crossFade\":true},\"zoom\":\"\",\"navigation\":{\"nextEl\":\"#gutenslider-phpya3toh .eedee-gutenslider-next\",\"prevEl\":\"#gutenslider-phpya3toh .eedee-gutenslider-prev\"},\"pagination\":{\"type\":\"bullets\",\"clickable\":true,\"dynamicBullets\":false,\"el\":\"#gutenslider-phpya3toh .eedee-gutenslider-pagination\"},\"pauseOnHover\":\"1\",\"watchSlidesProgress\":true,\"watchSlidesVisibility\":true,\"settingsMd\":{\"autoHeight\":\"1\",\"slidesPerView\":1,\"slidesPerGroup\":1,\"spaceBetween\":0,\"loop\":true},\"settingsLg\":{\"autoHeight\":\"1\",\"slidesPerView\":1,\"slidesPerGroup\":1,\"spaceBetween\":0,\"loop\":true},\"hasLg\":false,\"hasLgCounter\":true,\"isFullScreen\":false,\"arrowsFollowMouse\":false,\"lgTitle\":\"none\",\"lgCaption\":\"none\",\"lgThumbnails\":true,\"lgZoomEnabled\":false,\"keyboard\":{\"keyboard\":{\"enabled\":true,\"onlyInViewport\":true}},\"hashNavigation\":false,\"dividers\":false}'><div class=\"swiper-wrapper\">\n<div class=\"swiper-slide wp-block-eedee-block-gutenslide is-position-center-center ed-bg-image\" style=\"--ed-vw:300;--ed-vh:159;\" data-hash=\"\"><div class=\"eedee-background-div bg-image\"><img loading=\"lazy\" width=\"1024\" height=\"542\" class=\"wp-image-80606\" src=\"https:\/\/www.clesi.it\/wp-content\/uploads\/2024\/11\/Themelio-1-1024x542.webp\" alt=\"\" decoding=\"async\" style=\"object-fit: cover; object-position: 50% 50%;\"  data-title=\"Themelio 1\" srcset=\"https:\/\/www.clesi.it\/wp-content\/uploads\/2024\/11\/Themelio-1-1024x542.webp 1024w, https:\/\/www.clesi.it\/wp-content\/uploads\/2024\/11\/Themelio-1-300x159.webp 300w, https:\/\/www.clesi.it\/wp-content\/uploads\/2024\/11\/Themelio-1-768x407.webp 768w, https:\/\/www.clesi.it\/wp-content\/uploads\/2024\/11\/Themelio-1-50x26.webp 50w, https:\/\/www.clesi.it\/wp-content\/uploads\/2024\/11\/Themelio-1-1600x847.webp 1600w, https:\/\/www.clesi.it\/wp-content\/uploads\/2024\/11\/Themelio-1-1536x813.webp 1536w, https:\/\/www.clesi.it\/wp-content\/uploads\/2024\/11\/Themelio-1.webp 1813w\" sizes=\"(max-width: 1024px) 100vw, 1024px\" \/><div class=\"eedee-background-div__overlay\" style=\"opacity:1;\"><\/div><\/div><div class=\"slide-content\">\n\n<p class=\"has-text-align-center gutenslider-content-initial has-larger-font-size\"><\/p>\n\n<\/div><\/div>\n\n<div class=\"swiper-slide wp-block-eedee-block-gutenslide is-position-center-center ed-bg-image\" style=\"--ed-vw:300;--ed-vh:159;\" data-hash=\"\"><div class=\"eedee-background-div bg-image\"><img loading=\"lazy\" width=\"1024\" height=\"542\" class=\"wp-image-80600\" src=\"https:\/\/www.clesi.it\/wp-content\/uploads\/2024\/11\/Themelio-2-1024x542.webp\" alt=\"\" decoding=\"async\" style=\"object-fit: cover; object-position: 50% 50%;\"  data-title=\"Themelio 2\" srcset=\"https:\/\/www.clesi.it\/wp-content\/uploads\/2024\/11\/Themelio-2-1024x542.webp 1024w, https:\/\/www.clesi.it\/wp-content\/uploads\/2024\/11\/Themelio-2-300x159.webp 300w, https:\/\/www.clesi.it\/wp-content\/uploads\/2024\/11\/Themelio-2-768x406.webp 768w, https:\/\/www.clesi.it\/wp-content\/uploads\/2024\/11\/Themelio-2-50x26.webp 50w, https:\/\/www.clesi.it\/wp-content\/uploads\/2024\/11\/Themelio-2-1600x846.webp 1600w, https:\/\/www.clesi.it\/wp-content\/uploads\/2024\/11\/Themelio-2-1536x812.webp 1536w, https:\/\/www.clesi.it\/wp-content\/uploads\/2024\/11\/Themelio-2.webp 1813w\" sizes=\"(max-width: 1024px) 100vw, 1024px\" \/><div class=\"eedee-background-div__overlay\" style=\"opacity:1;\"><\/div><\/div><div class=\"slide-content\">\n\n<p class=\"has-text-align-center gutenslider-content-initial has-larger-font-size\"><\/p>\n\n<\/div><\/div>\n\n<div class=\"swiper-slide wp-block-eedee-block-gutenslide is-position-center-center ed-bg-image\" style=\"--ed-vw:300;--ed-vh:159;\" data-hash=\"\"><div class=\"eedee-background-div bg-image\"><img loading=\"lazy\" width=\"1024\" height=\"542\" class=\"wp-image-80594\" src=\"https:\/\/www.clesi.it\/wp-content\/uploads\/2024\/11\/Themelio-3-1024x542.webp\" alt=\"\" decoding=\"async\" style=\"object-fit: cover; object-position: 50% 50%;\"  data-title=\"Themelio 3\" srcset=\"https:\/\/www.clesi.it\/wp-content\/uploads\/2024\/11\/Themelio-3-1024x542.webp 1024w, https:\/\/www.clesi.it\/wp-content\/uploads\/2024\/11\/Themelio-3-300x159.webp 300w, https:\/\/www.clesi.it\/wp-content\/uploads\/2024\/11\/Themelio-3-768x406.webp 768w, https:\/\/www.clesi.it\/wp-content\/uploads\/2024\/11\/Themelio-3-50x26.webp 50w, https:\/\/www.clesi.it\/wp-content\/uploads\/2024\/11\/Themelio-3-1600x846.webp 1600w, https:\/\/www.clesi.it\/wp-content\/uploads\/2024\/11\/Themelio-3-1536x812.webp 1536w, https:\/\/www.clesi.it\/wp-content\/uploads\/2024\/11\/Themelio-3.webp 1813w\" sizes=\"(max-width: 1024px) 100vw, 1024px\" \/><div class=\"eedee-background-div__overlay\" style=\"opacity:1;\"><\/div><\/div><div class=\"slide-content\">\n\n<p class=\"has-text-align-center gutenslider-content-initial has-larger-font-size\"><\/p>\n\n<\/div><\/div>\n<\/div><\/div><button class=\"eedee-gutenslider-nav eedee-gutenslider-prev\"><svg xmlns=\"http:\/\/www.w3.org\/2000\/svg\" viewBox=\"0 0 24 24\" width=\"24\" height=\"24\"><circle class=\"bg\" cx=\"13\" cy=\"12\" r=\"11\" \/><path fill=\"none\" d=\"M0 0h24v24H0z\"\/><path class=\"arrow\" d=\"M10.828 12l4.95 4.95-1.414 1.414L8 12l6.364-6.364 1.414 1.414z\"\/><\/svg><\/button><button class=\"eedee-gutenslider-nav eedee-gutenslider-next\"><svg xmlns=\"http:\/\/www.w3.org\/2000\/svg\" viewBox=\"0 0 24 24\" width=\"24\" height=\"24\"><circle class=\"bg\" cx=\"11\" cy=\"12\" r=\"11\" \/><path fill=\"none\" d=\"M0 0h24v24H0z\"\/><path class=\"arrow\" d=\"M13.172 12l-4.95-4.95 1.414-1.414L16 12l-6.364 6.364-1.414-1.414z\"\/><\/svg><\/button><div class=\"eedee-gutenslider-pagination\"><\/div><div class=\"gutenslider-divider-bottom \" style=\"color:#fff;\"><\/div><\/div><\/div>\n\n\n<div style=\"height:30px\" aria-hidden=\"true\" class=\"wp-block-spacer\"><\/div>\n\n\n\n<h2 class=\"h2-custom\">EINE INNOVATIVE UND EFFEKTIVE TECHNISCHE L\u00d6SUNG<\/h2>\n\n\n\n<p>Th\u00e8melio, das Ergebnis der jahrzehntelangen Erfahrung von Clesi, ist das erste vollst\u00e4ndig vorgefertigte Fundament aus Spannbeton oder Stahlbeton. Themelio ist in der Lage, die Kosten f\u00fcr die Baustelle zu senken, die Qualit\u00e4t und Haltbarkeit der Materialien zu gew\u00e4hrleisten und die Bauzeit zu verk\u00fcrzen, um dem Markt eine wirksame und sichere Alternative zu den traditionellen In-situ-Gr\u00fcndungen zu bieten. Unser innovatives System erm\u00f6glicht die Herstellung von 5.000 Quadratmetern Fundamenten auf der Baustelle in 8 Arbeitstagen.<\/p>\n\n\n\n<div class=\"wp-container-3 wp-block-columns\">\n<div class=\"wp-container-1 wp-block-column\">\n<div style=\"height:30px\" aria-hidden=\"true\" class=\"wp-block-spacer\"><\/div>\n\n\n\n<h2 class=\"h2-custom\">Technik<\/h2>\n\n\n\n<p>Das Th\u00e8melio-Fertigfundament bietet eine wirksame und sichere Alternative zu herk\u00f6mmlichen Ortbetonfundamenten. Es ist in voller \u00dcbereinstimmung mit den Erdbebenvorschriften und gem\u00e4\u00df EUROCODE konzipiert und wird ausschlie\u00dflich aus Beton der Klasse c40\/50 hergestellt.<\/p>\n\n\n\n<p>Das Fundament Th\u00e8melio sorgt daf\u00fcr:<\/p>\n\n\n\n<p>Das vorgefertigte Fundament besteht aus 4 Hauptelementen: Der Fertigsockel Typ \u201eTh\u00e8melio\u201c Das Verbindungssystem zwischen Sockel und Pfeiler (Synde). <\/p>\n\n\n\n<p>Die Verbindungstr\u00e4ger Der Unterbrechersockel (falls erforderlich)<\/p>\n\n\n\n<ul><li>Der Fertigsockel Themelio<\/li><li>Verbindungssystem zwischen Sockel und Pfeiler Synd<\/li><li>Verbindungstr\u00e4ger<\/li><li>Unterbrechersockel<\/li><li>Mechanische Widerstandsf\u00e4higkeit;- Widerstandsklasse in aggressiver Umgebung; <\/li><li>Fehlen von Schwachstellen gegen\u00fcber Witterungseinfl\u00fcssen; <\/li><li>Langlebigkeit;- Pr\u00e4zision bei der Positionierung; <\/li><li>Sicherheit auf der Baustelle; <\/li><li>Umweltfreundlichkeit.<\/li><\/ul>\n<\/div>\n\n\n\n<div class=\"wp-container-2 wp-block-column\">\n<div style=\"height:30px\" aria-hidden=\"true\" class=\"wp-block-spacer\"><\/div>\n\n\n\n<h2 class=\"h2-custom\">Vorteile<\/h2>\n\n\n\n<h3>Sichere Kosten<\/h3>\n\n\n\n<p>Die Elemente, aus denen das Fertigfundament \u201eTh\u00e8melio\u201c besteht, werden vollst\u00e4ndig in unserem Werk nach einem standardisierten und zertifizierten industriellen Verfahren hergestellt. Auf diese Weise k\u00f6nnen wir schon vor dem Produktionsstart die genauen Kosten f\u00fcr jedes Fundament angeben. Im Vergleich zu Ortbetonfundamenten, bei denen sich unvorhergesehene Unw\u00e4gbarkeiten auf der Baustelle auf die endg\u00fcltigen Kosten auswirken k\u00f6nnen, sind bei unserem patentierten Fertigteilfundament bestimmte Kosten bereits in der Planungsphase vorgesehen.<\/p>\n\n\n\n<h3>Baustellenkosten<\/h3>\n\n\n\n<p>Die Verwendung eines Spannbetonfertigteilfundaments reduziert oder eliminiert sogar alle T\u00e4tigkeiten, die mit dem Bau eines Fundaments mit einem herk\u00f6mmlichen Ortbeton-System verbunden sind.- {10&gt;I&lt;10}Die Positionierung des vorgefertigten Sockels erfordert weniger Aushub und somit weniger sp\u00e4tere Aufsch\u00fcttung, ebenso wie das Fehlen einer St\u00fctzstruktur den Einsatz von Facharbeitern (Zimmerleuten, Schwei\u00dfern usw.) vermeidet und den Einsatz von verwandten Produkten (Bretter, N\u00e4gel, Draht, Fr\u00e4ser, Schneideger\u00e4te, Strom usw.) reduziert. <\/p>\n\n\n\n<h3>Geringere Sicherheitskosten<\/h3>\n\n\n\n<p>Die technischen Merkmale unseres vorgefertigten Sockels \u201eTh\u00e8melio\u201c reduzieren den Bedarf an Aushub und anderen Sicherheitsstrukturen f\u00fcr das auf der Baustelle arbeitende Personal.Beim Aufstellen des Sockels sind nur sehr wenige Personen beteiligt, was das Unfallrisiko verringert.<\/p>\n\n\n\n<p>Der Aushub f\u00fcr den Einbau unseres Stahlbeton-Fertigteilfundaments schlie\u00dft das Risiko von Erdrutschen und Schlammlawinen fast vollst\u00e4ndig aus.<\/p>\n\n\n\n<h3>Berechnung des Fundaments im Lieferumfang enthalten<\/h3>\n\n\n\n<p>Der Entwurf und die Berechnung des Fertigteilfundaments sind im Lieferumfang enthalten und gelten f\u00fcr die Einreichung beim Bauingenieur.<\/p>\n<\/div>\n<\/div>\n\n\n\n<div class=\"wp-container-6 wp-block-columns\">\n<div class=\"wp-container-4 wp-block-column\">\n<div style=\"height:30px\" aria-hidden=\"true\" class=\"wp-block-spacer\"><\/div>\n\n\n\n<h2 class=\"h2-custom\">Projekt<\/h2>\n\n\n<div id=\"gutenslider-tl7ngnksg\" class=\"wp-block-eedee-block-gutenslider gs-frontend content-change alignnone arrow-style-1 arrow-position-sides arrow-mb-none arrows-lg arrows-md arrows-sm dot-style-1 dots-lg-none dots-md-none dots-sm-none dot-position-bottom is-position-center-center mb-none wrap-auto-height\" data-parallax-direction=\"down\" data-parallax-amount=\"1.3\" data-lg-transition=\"lg-slide\" data-hash=\"\" ><div class=\"eedee-swiper-outer\" style=\"--gutenslider-min-height: 20vh;--gutenslider-arrow-size: 30px;--gutenslider-dot-size: 25px;--gutenslider-arrow-color: #ffffff;--gutenslider-dot-color: #ffffff;--gutenslider-padding-y-mobile: 40px;--gutenslider-padding-x-mobile: 40px;--gutenslider-padding-y-tablet: 40px;--gutenslider-padding-x-tablet: 40px;--gutenslider-padding-y-desktop: 40px;--gutenslider-padding-x-desktop: 40px;--gutenslider-bg-image: url();--gutenslider-min-height-md: 20vh;--gutenslider-min-height-sm: 20vh;--gutenslider-padding-x: 40px;--gutenslider-padding-x-md: 40px;--gutenslider-padding-x-sm: 20px;--gutenslider-padding-y: 40px;--gutenslider-padding-y-md: 40px;--gutenslider-padding-y-sm: 20px;--gutenslider-arrow-size-md: 30px;--gutenslider-arrow-size-sm: 30px;--gutenslider-dot-size-md: 25px;--gutenslider-dot-size-sm: 25px;--gutenslider-arrow-bg-color: transparent;--gutenslider-arrow-hover-color: #eeeeee;--gutenslider-arrow-bg-hover-color: transparent;--gutenslider-arrow-x-offset: 10px;--gutenslider-arrow-x-offset-md: 10px;--gutenslider-arrow-x-offset-sm: 10px;--gutenslider-arrow-y-offset: 0px;--gutenslider-arrow-y-offset-md: 0px;--gutenslider-arrow-y-offset-sm: 0px;--gutenslider-arrow-x-spacing: 0px;--gutenslider-dot-y-offset: 10px;--gutenslider-dot-y-offset-md: 10px;--gutenslider-dot-y-offset-sm: 10px;--gutenslider-margin-x: 0px;--gutenslider-margin-x-md: 0px;--gutenslider-margin-x-sm: 0px;--gutenslider-margin-y: 0px;--gutenslider-margin-y-md: 0px;--gutenslider-margin-y-sm: 0px;--gutenslider-divider-top: 60px;--gutenslider-divider-bottom: 60px;--gutenslider-lightgallery-bg: #ffffff;--gutenslider-lightgallery-font: #000000;--gs-first-pos: 50% 50%;--gs-gap-vertical: var( --wp--style--gallery-gap-default, var( --gallery-block--gutter-size, var( --wp--style--block-gap, 0.5em ) ) );--gs-gap-horizontal: var( --wp--style--gallery-gap-default, var( --gallery-block--gutter-size, var( --wp--style--block-gap, 0.5em ) ) );\"><div class=\"gutenslider-divider-top\" style=\"color:#fff;\"><\/div><div class=\"swiper\" data-settings='{\"autoplay\":{\"delay\":3000,\"pauseOnMouseEnter\":true,\"disableOnInteraction\":false},\"speed\":700,\"direction\":\"horizontal\",\"autoHeight\":\"\",\"loop\":true,\"centeredSlides\":true,\"spaceBetween\":0,\"slidesPerView\":1,\"slidesPerGroup\":1,\"effect\":\"slide\",\"coverflowEffect\":{\"rotate\":30,\"slideShadows\":false,\"depth\":100,\"stretch\":50,\"modifier\":1},\"fadeEffect\":{\"crossFade\":true},\"zoom\":\"\",\"navigation\":{\"nextEl\":\"#gutenslider-tl7ngnksg .eedee-gutenslider-next\",\"prevEl\":\"#gutenslider-tl7ngnksg .eedee-gutenslider-prev\"},\"pagination\":{\"type\":\"bullets\",\"clickable\":true,\"dynamicBullets\":false,\"el\":\"#gutenslider-tl7ngnksg .eedee-gutenslider-pagination\"},\"pauseOnHover\":\"1\",\"watchSlidesProgress\":true,\"watchSlidesVisibility\":true,\"settingsMd\":{\"autoHeight\":\"\",\"slidesPerView\":1,\"slidesPerGroup\":1,\"spaceBetween\":0,\"loop\":true},\"settingsLg\":{\"autoHeight\":\"\",\"slidesPerView\":1,\"slidesPerGroup\":1,\"spaceBetween\":0,\"loop\":true},\"hasLg\":false,\"hasLgCounter\":true,\"isFullScreen\":false,\"arrowsFollowMouse\":false,\"lgTitle\":\"none\",\"lgCaption\":\"none\",\"lgThumbnails\":true,\"lgZoomEnabled\":false,\"keyboard\":{\"keyboard\":{\"enabled\":true,\"onlyInViewport\":true}},\"hashNavigation\":false,\"dividers\":false}'><div class=\"swiper-wrapper\">\n<div class=\"swiper-slide wp-block-eedee-block-gutenslide is-position-center-center ed-bg-image\" style=\"--ed-vw:300;--ed-vh:159;\" data-hash=\"\"><div class=\"eedee-background-div bg-image\"><img loading=\"lazy\" width=\"870\" height=\"460\" class=\"wp-image-75974\" src=\"https:\/\/www.clesi.it\/wp-content\/uploads\/2019\/04\/2-870x460.jpg\" alt=\"\" decoding=\"async\" style=\"object-fit: cover; object-position: 50% 50%;\"  data-title=\"2-870x460\" srcset=\"https:\/\/www.clesi.it\/wp-content\/uploads\/2019\/04\/2-870x460.jpg 870w, https:\/\/www.clesi.it\/wp-content\/uploads\/2019\/04\/2-870x460-300x159.jpg 300w, https:\/\/www.clesi.it\/wp-content\/uploads\/2019\/04\/2-870x460-768x406.jpg 768w\" sizes=\"(max-width: 870px) 100vw, 870px\" \/><div class=\"eedee-background-div__overlay\" style=\"opacity:1;\"><\/div><\/div><div class=\"slide-content\">\n\n<p class=\"has-text-align-center gutenslider-content-initial has-larger-font-size\"><\/p>\n\n<\/div><\/div>\n\n<div class=\"swiper-slide wp-block-eedee-block-gutenslide is-position-center-center ed-bg-image\" style=\"--ed-vw:184;--ed-vh:300;\" data-hash=\"\"><div class=\"eedee-background-div bg-image\"><img loading=\"lazy\" width=\"627\" height=\"1024\" class=\"wp-image-75037\" src=\"https:\/\/www.clesi.it\/wp-content\/uploads\/2017\/01\/clesi-29-627x1024.jpg\" alt=\"\" decoding=\"async\" style=\"object-fit: cover; object-position: 50% 50%;\"  data-title=\"clesi-29\" srcset=\"https:\/\/www.clesi.it\/wp-content\/uploads\/2017\/01\/clesi-29-627x1024.jpg 627w, https:\/\/www.clesi.it\/wp-content\/uploads\/2017\/01\/clesi-29-184x300.jpg 184w, https:\/\/www.clesi.it\/wp-content\/uploads\/2017\/01\/clesi-29-768x1255.jpg 768w, https:\/\/www.clesi.it\/wp-content\/uploads\/2017\/01\/clesi-29.jpg 1175w\" sizes=\"(max-width: 627px) 100vw, 627px\" \/><div class=\"eedee-background-div__overlay\" style=\"opacity:1;\"><\/div><\/div><div class=\"slide-content\">\n\n<p class=\"has-text-align-center gutenslider-content-initial has-larger-font-size\"><\/p>\n\n<\/div><\/div>\n\n<div class=\"swiper-slide wp-block-eedee-block-gutenslide is-position-center-center ed-bg-image\" style=\"--ed-vw:300;--ed-vh:106;\" data-hash=\"\"><div class=\"eedee-background-div bg-image\"><img loading=\"lazy\" width=\"1024\" height=\"362\" class=\"wp-image-75022\" src=\"https:\/\/www.clesi.it\/wp-content\/uploads\/2017\/01\/pano_ottaviano-1024x362.jpg\" alt=\"Clinica Neapolisan Ottaviano\" decoding=\"async\" style=\"object-fit: cover; object-position: 50% 50%;\"  data-title=\"pano_ottaviano\" data-description=\"Clinica Neapolisan Ottaviano\" srcset=\"https:\/\/www.clesi.it\/wp-content\/uploads\/2017\/01\/pano_ottaviano-1024x362.jpg 1024w, https:\/\/www.clesi.it\/wp-content\/uploads\/2017\/01\/pano_ottaviano-300x106.jpg 300w, https:\/\/www.clesi.it\/wp-content\/uploads\/2017\/01\/pano_ottaviano-768x271.jpg 768w\" sizes=\"(max-width: 1024px) 100vw, 1024px\" \/><div class=\"eedee-background-div__overlay\" style=\"opacity:1;\"><\/div><\/div><div class=\"slide-content\">\n\n<p class=\"has-text-align-center gutenslider-content-initial has-larger-font-size\"><\/p>\n\n<\/div><\/div>\n<\/div><\/div><button class=\"eedee-gutenslider-nav eedee-gutenslider-prev\"><svg xmlns=\"http:\/\/www.w3.org\/2000\/svg\" viewBox=\"0 0 24 24\" width=\"24\" height=\"24\"><circle class=\"bg\" cx=\"13\" cy=\"12\" r=\"11\" \/><path fill=\"none\" d=\"M0 0h24v24H0z\"\/><path class=\"arrow\" d=\"M10.828 12l4.95 4.95-1.414 1.414L8 12l6.364-6.364 1.414 1.414z\"\/><\/svg><\/button><button class=\"eedee-gutenslider-nav eedee-gutenslider-next\"><svg xmlns=\"http:\/\/www.w3.org\/2000\/svg\" viewBox=\"0 0 24 24\" width=\"24\" height=\"24\"><circle class=\"bg\" cx=\"11\" cy=\"12\" r=\"11\" \/><path fill=\"none\" d=\"M0 0h24v24H0z\"\/><path class=\"arrow\" d=\"M13.172 12l-4.95-4.95 1.414-1.414L16 12l-6.364 6.364-1.414-1.414z\"\/><\/svg><\/button><div class=\"eedee-gutenslider-pagination\"><\/div><div class=\"gutenslider-divider-bottom \" style=\"color:#fff;\"><\/div><\/div><\/div><\/div>\n\n\n\n<div class=\"wp-container-5 wp-block-column\">\n<div style=\"height:30px\" aria-hidden=\"true\" class=\"wp-block-spacer\"><\/div>\n\n\n\n<h2 class=\"h2-custom\">Broschure<\/h2>\n\n\n\n<figure class=\"wp-block-image size-medium is-resized\"><img loading=\"lazy\" src=\"https:\/\/www.clesi.it\/wp-content\/uploads\/2019\/03\/brochure-fondazione-prefabbricata-2-300x141.jpg\" alt=\"\" class=\"wp-image-75863\" width=\"225\" height=\"106\" srcset=\"https:\/\/www.clesi.it\/wp-content\/uploads\/2019\/03\/brochure-fondazione-prefabbricata-2-300x141.jpg 300w, https:\/\/www.clesi.it\/wp-content\/uploads\/2019\/03\/brochure-fondazione-prefabbricata-2-768x362.jpg 768w, https:\/\/www.clesi.it\/wp-content\/uploads\/2019\/03\/brochure-fondazione-prefabbricata-2-1024x483.jpg 1024w\" sizes=\"(max-width: 225px) 100vw, 225px\" \/><\/figure>\n\n\n\n<div class=\"wp-block-button down\"><a class=\"wp-block-button__link\" href=\"https:\/\/www.clesi.it\/wp-content\/uploads\/2024\/11\/Themelio-Evo-Synde_de.pdf\" target=\"_blank\" rel=\"noreferrer noopener\">Download<\/a><\/div>\n<\/div>\n<\/div>\n","protected":false},"excerpt":{"rendered":"<p>Das erste und EINZIGE Fundament, das vollst\u00e4ndig Spannbeton oder Stahlbeton vorgefertigt ist. EINE INNOVATIVE UND EFFEKTIVE TECHNISCHE L\u00d6SUNG Th\u00e8melio, das Ergebnis der jahrzehntelangen Erfahrung von Clesi, ist das erste vollst\u00e4ndig vorgefertigte Fundament aus Spannbeton oder Stahlbeton. Themelio ist in der Lage, die Kosten f\u00fcr die Baustelle zu senken, die Qualit\u00e4t und Haltbarkeit der Materialien zu [&hellip;]<\/p>\n","protected":false},"author":1,"featured_media":78754,"parent":78832,"menu_order":0,"comment_status":"closed","ping_status":"closed","template":"","meta":[],"_links":{"self":[{"href":"https:\/\/www.clesi.it\/de\/wp-json\/wp\/v2\/pages\/78799"}],"collection":[{"href":"https:\/\/www.clesi.it\/de\/wp-json\/wp\/v2\/pages"}],"about":[{"href":"https:\/\/www.clesi.it\/de\/wp-json\/wp\/v2\/types\/page"}],"author":[{"embeddable":true,"href":"https:\/\/www.clesi.it\/de\/wp-json\/wp\/v2\/users\/1"}],"replies":[{"embeddable":true,"href":"https:\/\/www.clesi.it\/de\/wp-json\/wp\/v2\/comments?post=78799"}],"version-history":[{"count":4,"href":"https:\/\/www.clesi.it\/de\/wp-json\/wp\/v2\/pages\/78799\/revisions"}],"predecessor-version":[{"id":80612,"href":"https:\/\/www.clesi.it\/de\/wp-json\/wp\/v2\/pages\/78799\/revisions\/80612"}],"up":[{"embeddable":true,"href":"https:\/\/www.clesi.it\/de\/wp-json\/wp\/v2\/pages\/78832"}],"wp:featuredmedia":[{"embeddable":true,"href":"https:\/\/www.clesi.it\/de\/wp-json\/wp\/v2\/media\/78754"}],"wp:attachment":[{"href":"https:\/\/www.clesi.it\/de\/wp-json\/wp\/v2\/media?parent=78799"}],"curies":[{"name":"wp","href":"https:\/\/api.w.org\/{rel}","templated":true}]}}