{"id":78835,"date":"2017-01-30T16:48:35","date_gmt":"2017-01-30T15:48:35","guid":{"rendered":"https:\/\/www.clesi.it\/fondazione-prefabbricata\/themelio-evo\/"},"modified":"2024-11-19T17:50:04","modified_gmt":"2024-11-19T16:50:04","slug":"themelio-evo","status":"publish","type":"page","link":"https:\/\/www.clesi.it\/de\/fondazione-prefabbricata\/themelio-evo\/","title":{"rendered":"Themelio EVO"},"content":{"rendered":"\n<blockquote class=\"wp-block-quote\"><p>as erste und EINZIGE komplett vorgefertigte Fundament aus Spannbeton oder Stahlbeton<\/p><\/blockquote>\n\n\n<div id=\"gutenslider-nocj36fkx\" class=\"wp-block-eedee-block-gutenslider gs-frontend content-change alignnone adaptive-height adaptive-height-md adaptive-height-sm arrow-style-1 arrow-position-sides arrow-mb-none arrows-lg arrows-md arrows-sm dot-style-1 dots-lg-none dots-md-none dots-sm-none dot-position-bottom is-position-center-center mb-none wrap-auto-height\" data-parallax-direction=\"down\" data-parallax-amount=\"1.3\" data-lg-transition=\"lg-slide\" data-hash=\"\" ><div class=\"eedee-swiper-outer\" style=\"--gutenslider-min-height: 50vh;--gutenslider-arrow-size: 30px;--gutenslider-dot-size: 25px;--gutenslider-arrow-color: #000000;--gutenslider-dot-color: #ffffff;--gutenslider-padding-y-mobile: 40px;--gutenslider-padding-x-mobile: 40px;--gutenslider-padding-y-tablet: 40px;--gutenslider-padding-x-tablet: 40px;--gutenslider-padding-y-desktop: 40px;--gutenslider-padding-x-desktop: 40px;--gutenslider-bg-image: url();--gutenslider-min-height-md: 50vh;--gutenslider-min-height-sm: 50vh;--gutenslider-padding-x: 40px;--gutenslider-padding-x-md: 40px;--gutenslider-padding-x-sm: 20px;--gutenslider-padding-y: 40px;--gutenslider-padding-y-md: 40px;--gutenslider-padding-y-sm: 20px;--gutenslider-arrow-size-md: 30px;--gutenslider-arrow-size-sm: 30px;--gutenslider-dot-size-md: 25px;--gutenslider-dot-size-sm: 25px;--gutenslider-arrow-bg-color: transparent;--gutenslider-arrow-hover-color: #000000bb;--gutenslider-arrow-bg-hover-color: transparent;--gutenslider-arrow-x-offset: 10px;--gutenslider-arrow-x-offset-md: 10px;--gutenslider-arrow-x-offset-sm: 10px;--gutenslider-arrow-y-offset: 0px;--gutenslider-arrow-y-offset-md: 0px;--gutenslider-arrow-y-offset-sm: 0px;--gutenslider-arrow-x-spacing: 0px;--gutenslider-dot-y-offset: 10px;--gutenslider-dot-y-offset-md: 10px;--gutenslider-dot-y-offset-sm: 10px;--gutenslider-margin-x: 0px;--gutenslider-margin-x-md: 0px;--gutenslider-margin-x-sm: 0px;--gutenslider-margin-y: 0px;--gutenslider-margin-y-md: 0px;--gutenslider-margin-y-sm: 0px;--gutenslider-divider-top: 60px;--gutenslider-divider-bottom: 60px;--gutenslider-lightgallery-bg: #ffffff;--gutenslider-lightgallery-font: #000000;--gs-first-pos: 50% 50%;--gs-gap-vertical: var( --wp--style--gallery-gap-default, var( --gallery-block--gutter-size, var( --wp--style--block-gap, 0.5em ) ) );--gs-gap-horizontal: var( --wp--style--gallery-gap-default, var( --gallery-block--gutter-size, var( --wp--style--block-gap, 0.5em ) ) );\"><div class=\"gutenslider-divider-top\" style=\"color:#fff;\"><\/div><div class=\"swiper\" data-settings='{\"autoplay\":{\"delay\":3000,\"pauseOnMouseEnter\":true,\"disableOnInteraction\":false},\"speed\":700,\"direction\":\"horizontal\",\"autoHeight\":\"1\",\"loop\":true,\"centeredSlides\":true,\"spaceBetween\":0,\"slidesPerView\":1,\"slidesPerGroup\":1,\"effect\":\"slide\",\"coverflowEffect\":{\"rotate\":30,\"slideShadows\":false,\"depth\":100,\"stretch\":50,\"modifier\":1},\"fadeEffect\":{\"crossFade\":true},\"zoom\":\"\",\"navigation\":{\"nextEl\":\"#gutenslider-nocj36fkx .eedee-gutenslider-next\",\"prevEl\":\"#gutenslider-nocj36fkx .eedee-gutenslider-prev\"},\"pagination\":{\"type\":\"bullets\",\"clickable\":true,\"dynamicBullets\":false,\"el\":\"#gutenslider-nocj36fkx .eedee-gutenslider-pagination\"},\"pauseOnHover\":\"1\",\"watchSlidesProgress\":true,\"watchSlidesVisibility\":true,\"settingsMd\":{\"autoHeight\":\"1\",\"slidesPerView\":1,\"slidesPerGroup\":1,\"spaceBetween\":0,\"loop\":true},\"settingsLg\":{\"autoHeight\":\"1\",\"slidesPerView\":1,\"slidesPerGroup\":1,\"spaceBetween\":0,\"loop\":true},\"hasLg\":false,\"hasLgCounter\":true,\"isFullScreen\":false,\"arrowsFollowMouse\":false,\"lgTitle\":\"none\",\"lgCaption\":\"none\",\"lgThumbnails\":true,\"lgZoomEnabled\":false,\"keyboard\":{\"keyboard\":{\"enabled\":true,\"onlyInViewport\":true}},\"hashNavigation\":false,\"dividers\":false}'><div class=\"swiper-wrapper\">\n<div class=\"swiper-slide wp-block-eedee-block-gutenslide is-position-center-center ed-bg-image\" style=\"--ed-vw:300;--ed-vh:159;\" data-hash=\"\"><div class=\"eedee-background-div bg-image\"><img loading=\"lazy\" width=\"1024\" height=\"542\" class=\"wp-image-80822\" src=\"https:\/\/www.clesi.it\/wp-content\/uploads\/2024\/11\/Themelio-Evo-1-2-1024x542.webp\" alt=\"\" decoding=\"async\" style=\"object-fit: cover; object-position: 50% 50%;\"  data-title=\"Themelio Evo 1\" srcset=\"https:\/\/www.clesi.it\/wp-content\/uploads\/2024\/11\/Themelio-Evo-1-2-1024x542.webp 1024w, https:\/\/www.clesi.it\/wp-content\/uploads\/2024\/11\/Themelio-Evo-1-2-300x159.webp 300w, https:\/\/www.clesi.it\/wp-content\/uploads\/2024\/11\/Themelio-Evo-1-2-768x406.webp 768w, https:\/\/www.clesi.it\/wp-content\/uploads\/2024\/11\/Themelio-Evo-1-2-50x26.webp 50w, https:\/\/www.clesi.it\/wp-content\/uploads\/2024\/11\/Themelio-Evo-1-2-1600x846.webp 1600w, https:\/\/www.clesi.it\/wp-content\/uploads\/2024\/11\/Themelio-Evo-1-2-1536x812.webp 1536w, https:\/\/www.clesi.it\/wp-content\/uploads\/2024\/11\/Themelio-Evo-1-2.webp 1813w\" sizes=\"(max-width: 1024px) 100vw, 1024px\" \/><div class=\"eedee-background-div__overlay\" style=\"opacity:1;\"><\/div><\/div><div class=\"slide-content\">\n\n<p class=\"has-text-align-center gutenslider-content-initial has-larger-font-size\"><\/p>\n\n<\/div><\/div>\n\n<div class=\"swiper-slide wp-block-eedee-block-gutenslide is-position-center-center ed-bg-image\" style=\"--ed-vw:300;--ed-vh:159;\" data-hash=\"\"><div class=\"eedee-background-div bg-image\"><img loading=\"lazy\" width=\"1024\" height=\"542\" class=\"wp-image-80828\" src=\"https:\/\/www.clesi.it\/wp-content\/uploads\/2024\/11\/Themelio-Evo-2-2-1024x542.webp\" alt=\"\" decoding=\"async\" style=\"object-fit: cover; object-position: 50% 50%;\"  data-title=\"Themelio Evo 2\" srcset=\"https:\/\/www.clesi.it\/wp-content\/uploads\/2024\/11\/Themelio-Evo-2-2-1024x542.webp 1024w, https:\/\/www.clesi.it\/wp-content\/uploads\/2024\/11\/Themelio-Evo-2-2-300x159.webp 300w, https:\/\/www.clesi.it\/wp-content\/uploads\/2024\/11\/Themelio-Evo-2-2-768x406.webp 768w, https:\/\/www.clesi.it\/wp-content\/uploads\/2024\/11\/Themelio-Evo-2-2-50x26.webp 50w, https:\/\/www.clesi.it\/wp-content\/uploads\/2024\/11\/Themelio-Evo-2-2-1600x846.webp 1600w, https:\/\/www.clesi.it\/wp-content\/uploads\/2024\/11\/Themelio-Evo-2-2-1536x812.webp 1536w, https:\/\/www.clesi.it\/wp-content\/uploads\/2024\/11\/Themelio-Evo-2-2.webp 1813w\" sizes=\"(max-width: 1024px) 100vw, 1024px\" \/><div class=\"eedee-background-div__overlay\" style=\"opacity:1;\"><\/div><\/div><div class=\"slide-content\">\n\n<p class=\"has-text-align-center gutenslider-content-initial has-larger-font-size\"><\/p>\n\n<\/div><\/div>\n<\/div><\/div><button class=\"eedee-gutenslider-nav eedee-gutenslider-prev\"><svg xmlns=\"http:\/\/www.w3.org\/2000\/svg\" viewBox=\"0 0 24 24\" width=\"24\" height=\"24\"><circle class=\"bg\" cx=\"13\" cy=\"12\" r=\"11\" \/><path fill=\"none\" d=\"M0 0h24v24H0z\"\/><path class=\"arrow\" d=\"M10.828 12l4.95 4.95-1.414 1.414L8 12l6.364-6.364 1.414 1.414z\"\/><\/svg><\/button><button class=\"eedee-gutenslider-nav eedee-gutenslider-next\"><svg xmlns=\"http:\/\/www.w3.org\/2000\/svg\" viewBox=\"0 0 24 24\" width=\"24\" height=\"24\"><circle class=\"bg\" cx=\"11\" cy=\"12\" r=\"11\" \/><path fill=\"none\" d=\"M0 0h24v24H0z\"\/><path class=\"arrow\" d=\"M13.172 12l-4.95-4.95 1.414-1.414L16 12l-6.364 6.364-1.414-1.414z\"\/><\/svg><\/button><div class=\"eedee-gutenslider-pagination\"><\/div><div class=\"gutenslider-divider-bottom \" style=\"color:#fff;\"><\/div><\/div><\/div>\n\n\n<h2 class=\"h2-custom\">EINE INNOVATIVE UND EFFEKTIVE TECHNISCHE L\u00d6SUNG<\/h2>\n\n\n\n<p>Them\u00e8lio EVO hingegen wird eingesetzt, wenn der Boden nicht ausreichend tragf\u00e4hig ist, um die Last des zu errichtenden Geb\u00e4udes zu tragen, oder wenn die zu erwartenden Senkungen bei einer direkten Gr\u00fcndung zu gro\u00df sind. In diesem Fall werden spezielle Pf\u00e4hle bis zu der Tiefe gesetzt, in der die feste Bodenschicht erreicht wird, oder Pf\u00e4hle von solcher L\u00e4nge, dass sie den von den Fundamenten \u00fcbertragenen Lasten durch den seitlichen Reibungswiderstand mit dem Boden standhalten. Them\u00e8lio und Them\u00e8lio EVO sowie das Verbindungssystem Synde sind unsere Antwort auf die Herstellung von vorgefertigten Fundamenten.<\/p>\n\n\n\n<p>Die vorgefertigten Sockel Them\u00e8lio und Them\u00e8lio EVO werden in unserem Werk in Orta Nova (FG) in pyramidenf\u00f6rmigen Metallformen hergestellt.<\/p>\n\n\n\n<p>Die Them\u00e8lio-Sockel werden mit Hilfe von Stahl- und Spannbetontr\u00e4gern zu einem Rahmensystem verbunden.<\/p>\n\n\n\n<p>Bei Geb\u00e4uden mit vorgefertigten Paneelen dienen die Verbindungsbalken auch als Paneelhalter. Die Fertigteilstruktur und damit auch die Fertigteilfundamente bieten gegen\u00fcber den Ortbetonkonstruktionen einige Vorteile, wie z.B. die Schnelligkeit des Baus und eine bessere Qualit\u00e4tskontrolle sowohl der verwendeten Materialien als auch des Herstellungsprozesses der Elemente.<\/p>\n\n\n\n<p>Unser Verbindungssystem Synde erm\u00f6glicht die Verzahnung zwischen dem Them\u00e8lio- oder Them\u00e8lio EVO-Fundamentsockel und dem Pfeiler des zu errichtenden Geb\u00e4udes.<\/p>\n\n\n\n<div class=\"wp-container-3 wp-block-columns\">\n<div class=\"wp-container-1 wp-block-column\">\n<div style=\"height:30px\" aria-hidden=\"true\" class=\"wp-block-spacer\"><\/div>\n\n\n\n<h2 class=\"h2-custom\">Technik<\/h2>\n\n\n\n<p>Alle Elemente aus Spann- oder Stahlbeton werden im Werk in Foggia hergestellt und dann zur Baustelle transportiert.<\/p>\n\n\n\n<p>Vorgefertigte Sockel aus Spann- oder Stahlbeton- Vorgefertigte Sockel von Themelio werden in unserem Werk unter Verwendung von Metallformen oder Schalungen mit speziellen langsamen, vorkomprimierten Bewehrungen hergestellt, in die der Beton gegossen wird. <\/p>\n\n\n\n<p>Aufgrund der mechanischen Eigenschaften des Bodens werden die Sockel auf einem Ausgleichsestrich oder, bei hoher Belastung, auf einer vor Ort hergestellten Fundamentplatte (unter dem Sockel) verlegt.<\/p>\n<\/div>\n\n\n\n<div class=\"wp-container-2 wp-block-column\">\n<div style=\"height:30px\" aria-hidden=\"true\" class=\"wp-block-spacer\"><\/div>\n\n\n\n<h2 class=\"h2-custom\">Vorteile<\/h2>\n\n\n\n<p>Die Elemente des Fertigfundaments \u201eThemelio EVO&#8220; werden vollst\u00e4ndig in unserem Werk nach einem standardisierten industriellen Verfahren hergestellt, das es uns erm\u00f6glicht, bereits in der Entwurfsphase genaue und endg\u00fcltige Kosten anzugeben. <\/p>\n\n\n\n<p>Die Verwendung eines Spannbeton-Fertigteilfundaments reduziert die Kosten auf der Baustelle um bis zu 90 %, da weniger Aushub und sp\u00e4tere Verf\u00fcllung erforderlich sind, wodurch der Einsatz von Fachkr\u00e4ften vermieden und die Sicherheitskosten gesenkt werden <\/p>\n\n\n\n<ul><li>Themelio-Fertigsockel <\/li><li>Verbindungssystem zwischen Sockel und Synde-St\u00fctze <\/li><li>Verbindungstr\u00e4ger <\/li><li>Unterbrechersockel<\/li><\/ul>\n<\/div>\n<\/div>\n\n\n\n<div class=\"wp-container-6 wp-block-columns\">\n<div class=\"wp-container-4 wp-block-column\">\n<div style=\"height:30px\" aria-hidden=\"true\" class=\"wp-block-spacer\"><\/div>\n\n\n\n<h2 class=\"h2-custom\">Projekte<\/h2>\n\n\n<div id=\"gutenslider-tl7ngnksg\" class=\"wp-block-eedee-block-gutenslider gs-frontend content-change alignnone arrow-style-1 arrow-position-sides arrow-mb-none arrows-lg arrows-md arrows-sm dot-style-1 dots-lg-none dots-md-none dots-sm-none dot-position-bottom is-position-center-center mb-none wrap-auto-height\" data-parallax-direction=\"down\" data-parallax-amount=\"1.3\" data-lg-transition=\"lg-slide\" data-hash=\"\" ><div class=\"eedee-swiper-outer\" style=\"--gutenslider-min-height: 20vh;--gutenslider-arrow-size: 30px;--gutenslider-dot-size: 25px;--gutenslider-arrow-color: #ffffff;--gutenslider-dot-color: #ffffff;--gutenslider-padding-y-mobile: 40px;--gutenslider-padding-x-mobile: 40px;--gutenslider-padding-y-tablet: 40px;--gutenslider-padding-x-tablet: 40px;--gutenslider-padding-y-desktop: 40px;--gutenslider-padding-x-desktop: 40px;--gutenslider-bg-image: url();--gutenslider-min-height-md: 20vh;--gutenslider-min-height-sm: 20vh;--gutenslider-padding-x: 40px;--gutenslider-padding-x-md: 40px;--gutenslider-padding-x-sm: 20px;--gutenslider-padding-y: 40px;--gutenslider-padding-y-md: 40px;--gutenslider-padding-y-sm: 20px;--gutenslider-arrow-size-md: 30px;--gutenslider-arrow-size-sm: 30px;--gutenslider-dot-size-md: 25px;--gutenslider-dot-size-sm: 25px;--gutenslider-arrow-bg-color: transparent;--gutenslider-arrow-hover-color: #eeeeee;--gutenslider-arrow-bg-hover-color: transparent;--gutenslider-arrow-x-offset: 10px;--gutenslider-arrow-x-offset-md: 10px;--gutenslider-arrow-x-offset-sm: 10px;--gutenslider-arrow-y-offset: 0px;--gutenslider-arrow-y-offset-md: 0px;--gutenslider-arrow-y-offset-sm: 0px;--gutenslider-arrow-x-spacing: 0px;--gutenslider-dot-y-offset: 10px;--gutenslider-dot-y-offset-md: 10px;--gutenslider-dot-y-offset-sm: 10px;--gutenslider-margin-x: 0px;--gutenslider-margin-x-md: 0px;--gutenslider-margin-x-sm: 0px;--gutenslider-margin-y: 0px;--gutenslider-margin-y-md: 0px;--gutenslider-margin-y-sm: 0px;--gutenslider-divider-top: 60px;--gutenslider-divider-bottom: 60px;--gutenslider-lightgallery-bg: #ffffff;--gutenslider-lightgallery-font: #000000;--gs-first-pos: 50% 50%;--gs-gap-vertical: var( --wp--style--gallery-gap-default, var( --gallery-block--gutter-size, var( --wp--style--block-gap, 0.5em ) ) );--gs-gap-horizontal: var( --wp--style--gallery-gap-default, var( --gallery-block--gutter-size, var( --wp--style--block-gap, 0.5em ) ) );\"><div class=\"gutenslider-divider-top\" style=\"color:#fff;\"><\/div><div class=\"swiper\" data-settings='{\"autoplay\":{\"delay\":3000,\"pauseOnMouseEnter\":true,\"disableOnInteraction\":false},\"speed\":700,\"direction\":\"horizontal\",\"autoHeight\":\"\",\"loop\":true,\"centeredSlides\":true,\"spaceBetween\":0,\"slidesPerView\":1,\"slidesPerGroup\":1,\"effect\":\"slide\",\"coverflowEffect\":{\"rotate\":30,\"slideShadows\":false,\"depth\":100,\"stretch\":50,\"modifier\":1},\"fadeEffect\":{\"crossFade\":true},\"zoom\":\"\",\"navigation\":{\"nextEl\":\"#gutenslider-tl7ngnksg .eedee-gutenslider-next\",\"prevEl\":\"#gutenslider-tl7ngnksg .eedee-gutenslider-prev\"},\"pagination\":{\"type\":\"bullets\",\"clickable\":true,\"dynamicBullets\":false,\"el\":\"#gutenslider-tl7ngnksg .eedee-gutenslider-pagination\"},\"pauseOnHover\":\"1\",\"watchSlidesProgress\":true,\"watchSlidesVisibility\":true,\"settingsMd\":{\"autoHeight\":\"\",\"slidesPerView\":1,\"slidesPerGroup\":1,\"spaceBetween\":0,\"loop\":true},\"settingsLg\":{\"autoHeight\":\"\",\"slidesPerView\":1,\"slidesPerGroup\":1,\"spaceBetween\":0,\"loop\":true},\"hasLg\":false,\"hasLgCounter\":true,\"isFullScreen\":false,\"arrowsFollowMouse\":false,\"lgTitle\":\"none\",\"lgCaption\":\"none\",\"lgThumbnails\":true,\"lgZoomEnabled\":false,\"keyboard\":{\"keyboard\":{\"enabled\":true,\"onlyInViewport\":true}},\"hashNavigation\":false,\"dividers\":false}'><div class=\"swiper-wrapper\">\n<div class=\"swiper-slide wp-block-eedee-block-gutenslide is-position-center-center ed-bg-image\" style=\"--ed-vw:300;--ed-vh:159;\" data-hash=\"\"><div class=\"eedee-background-div bg-image\"><img loading=\"lazy\" width=\"870\" height=\"460\" class=\"wp-image-75974\" src=\"https:\/\/www.clesi.it\/wp-content\/uploads\/2019\/04\/2-870x460.jpg\" alt=\"\" decoding=\"async\" style=\"object-fit: cover; object-position: 50% 50%;\"  data-title=\"2-870x460\" srcset=\"https:\/\/www.clesi.it\/wp-content\/uploads\/2019\/04\/2-870x460.jpg 870w, https:\/\/www.clesi.it\/wp-content\/uploads\/2019\/04\/2-870x460-300x159.jpg 300w, https:\/\/www.clesi.it\/wp-content\/uploads\/2019\/04\/2-870x460-768x406.jpg 768w\" sizes=\"(max-width: 870px) 100vw, 870px\" \/><div class=\"eedee-background-div__overlay\" style=\"opacity:1;\"><\/div><\/div><div class=\"slide-content\">\n\n<p class=\"has-text-align-center gutenslider-content-initial has-larger-font-size\"><\/p>\n\n<\/div><\/div>\n\n<div class=\"swiper-slide wp-block-eedee-block-gutenslide is-position-center-center ed-bg-image\" style=\"--ed-vw:184;--ed-vh:300;\" data-hash=\"\"><div class=\"eedee-background-div bg-image\"><img loading=\"lazy\" width=\"627\" height=\"1024\" class=\"wp-image-75037\" src=\"https:\/\/www.clesi.it\/wp-content\/uploads\/2017\/01\/clesi-29-627x1024.jpg\" alt=\"\" decoding=\"async\" style=\"object-fit: cover; object-position: 50% 50%;\"  data-title=\"clesi-29\" srcset=\"https:\/\/www.clesi.it\/wp-content\/uploads\/2017\/01\/clesi-29-627x1024.jpg 627w, https:\/\/www.clesi.it\/wp-content\/uploads\/2017\/01\/clesi-29-184x300.jpg 184w, https:\/\/www.clesi.it\/wp-content\/uploads\/2017\/01\/clesi-29-768x1255.jpg 768w, https:\/\/www.clesi.it\/wp-content\/uploads\/2017\/01\/clesi-29.jpg 1175w\" sizes=\"(max-width: 627px) 100vw, 627px\" \/><div class=\"eedee-background-div__overlay\" style=\"opacity:1;\"><\/div><\/div><div class=\"slide-content\">\n\n<p class=\"has-text-align-center gutenslider-content-initial has-larger-font-size\"><\/p>\n\n<\/div><\/div>\n\n<div class=\"swiper-slide wp-block-eedee-block-gutenslide is-position-center-center ed-bg-image\" style=\"--ed-vw:300;--ed-vh:106;\" data-hash=\"\"><div class=\"eedee-background-div bg-image\"><img loading=\"lazy\" width=\"1024\" height=\"362\" class=\"wp-image-75022\" src=\"https:\/\/www.clesi.it\/wp-content\/uploads\/2017\/01\/pano_ottaviano-1024x362.jpg\" alt=\"Clinica Neapolisan Ottaviano\" decoding=\"async\" style=\"object-fit: cover; object-position: 50% 50%;\"  data-title=\"pano_ottaviano\" data-description=\"Clinica Neapolisan Ottaviano\" srcset=\"https:\/\/www.clesi.it\/wp-content\/uploads\/2017\/01\/pano_ottaviano-1024x362.jpg 1024w, https:\/\/www.clesi.it\/wp-content\/uploads\/2017\/01\/pano_ottaviano-300x106.jpg 300w, https:\/\/www.clesi.it\/wp-content\/uploads\/2017\/01\/pano_ottaviano-768x271.jpg 768w\" sizes=\"(max-width: 1024px) 100vw, 1024px\" \/><div class=\"eedee-background-div__overlay\" style=\"opacity:1;\"><\/div><\/div><div class=\"slide-content\">\n\n<p class=\"has-text-align-center gutenslider-content-initial has-larger-font-size\"><\/p>\n\n<\/div><\/div>\n<\/div><\/div><button class=\"eedee-gutenslider-nav eedee-gutenslider-prev\"><svg xmlns=\"http:\/\/www.w3.org\/2000\/svg\" viewBox=\"0 0 24 24\" width=\"24\" height=\"24\"><circle class=\"bg\" cx=\"13\" cy=\"12\" r=\"11\" \/><path fill=\"none\" d=\"M0 0h24v24H0z\"\/><path class=\"arrow\" d=\"M10.828 12l4.95 4.95-1.414 1.414L8 12l6.364-6.364 1.414 1.414z\"\/><\/svg><\/button><button class=\"eedee-gutenslider-nav eedee-gutenslider-next\"><svg xmlns=\"http:\/\/www.w3.org\/2000\/svg\" viewBox=\"0 0 24 24\" width=\"24\" height=\"24\"><circle class=\"bg\" cx=\"11\" cy=\"12\" r=\"11\" \/><path fill=\"none\" d=\"M0 0h24v24H0z\"\/><path class=\"arrow\" d=\"M13.172 12l-4.95-4.95 1.414-1.414L16 12l-6.364 6.364-1.414-1.414z\"\/><\/svg><\/button><div class=\"eedee-gutenslider-pagination\"><\/div><div class=\"gutenslider-divider-bottom \" style=\"color:#fff;\"><\/div><\/div><\/div><\/div>\n\n\n\n<div class=\"wp-container-5 wp-block-column\">\n<div style=\"height:30px\" aria-hidden=\"true\" class=\"wp-block-spacer\"><\/div>\n\n\n\n<h2 class=\"h2-custom\">Brosch\u00fcre<\/h2>\n\n\n\n<figure class=\"wp-block-image size-medium is-resized\"><img loading=\"lazy\" src=\"https:\/\/www.clesi.it\/wp-content\/uploads\/2019\/03\/brochure-fondazione-prefabbricata-2-300x141.jpg\" alt=\"\" class=\"wp-image-75863\" width=\"225\" height=\"106\" srcset=\"https:\/\/www.clesi.it\/wp-content\/uploads\/2019\/03\/brochure-fondazione-prefabbricata-2-300x141.jpg 300w, https:\/\/www.clesi.it\/wp-content\/uploads\/2019\/03\/brochure-fondazione-prefabbricata-2-768x362.jpg 768w, https:\/\/www.clesi.it\/wp-content\/uploads\/2019\/03\/brochure-fondazione-prefabbricata-2-1024x483.jpg 1024w\" sizes=\"(max-width: 225px) 100vw, 225px\" \/><\/figure>\n\n\n\n<div class=\"wp-block-button down\"><a class=\"wp-block-button__link\" href=\"https:\/\/www.clesi.it\/wp-content\/uploads\/2024\/11\/Themelio-Evo-Synde_de.pdf\" target=\"_blank\" rel=\"noreferrer noopener\">Download<\/a><\/div>\n<\/div>\n<\/div>\n\n\n\n<p><\/p>\n","protected":false},"excerpt":{"rendered":"<p>as erste und EINZIGE komplett vorgefertigte Fundament aus Spannbeton oder Stahlbeton EINE INNOVATIVE UND EFFEKTIVE TECHNISCHE L\u00d6SUNG Them\u00e8lio EVO hingegen wird eingesetzt, wenn der Boden nicht ausreichend tragf\u00e4hig ist, um die Last des zu errichtenden Geb\u00e4udes zu tragen, oder wenn die zu erwartenden Senkungen bei einer direkten Gr\u00fcndung zu gro\u00df sind. In diesem Fall werden [&hellip;]<\/p>\n","protected":false},"author":1,"featured_media":78753,"parent":78832,"menu_order":0,"comment_status":"closed","ping_status":"closed","template":"","meta":[],"_links":{"self":[{"href":"https:\/\/www.clesi.it\/de\/wp-json\/wp\/v2\/pages\/78835"}],"collection":[{"href":"https:\/\/www.clesi.it\/de\/wp-json\/wp\/v2\/pages"}],"about":[{"href":"https:\/\/www.clesi.it\/de\/wp-json\/wp\/v2\/types\/page"}],"author":[{"embeddable":true,"href":"https:\/\/www.clesi.it\/de\/wp-json\/wp\/v2\/users\/1"}],"replies":[{"embeddable":true,"href":"https:\/\/www.clesi.it\/de\/wp-json\/wp\/v2\/comments?post=78835"}],"version-history":[{"count":3,"href":"https:\/\/www.clesi.it\/de\/wp-json\/wp\/v2\/pages\/78835\/revisions"}],"predecessor-version":[{"id":80834,"href":"https:\/\/www.clesi.it\/de\/wp-json\/wp\/v2\/pages\/78835\/revisions\/80834"}],"up":[{"embeddable":true,"href":"https:\/\/www.clesi.it\/de\/wp-json\/wp\/v2\/pages\/78832"}],"wp:featuredmedia":[{"embeddable":true,"href":"https:\/\/www.clesi.it\/de\/wp-json\/wp\/v2\/media\/78753"}],"wp:attachment":[{"href":"https:\/\/www.clesi.it\/de\/wp-json\/wp\/v2\/media?parent=78835"}],"curies":[{"name":"wp","href":"https:\/\/api.w.org\/{rel}","templated":true}]}}