{"id":78910,"date":"2017-01-19T23:44:10","date_gmt":"2017-01-19T22:44:10","guid":{"rendered":"https:\/\/www.clesi.it\/solai\/sofos\/"},"modified":"2024-11-19T18:03:19","modified_gmt":"2024-11-19T17:03:19","slug":"sofos","status":"publish","type":"page","link":"https:\/\/www.clesi.it\/de\/solai\/sofos\/","title":{"rendered":"Sofos"},"content":{"rendered":"\n<blockquote class=\"wp-block-quote\"><p><em>Sofos : eine L\u00f6sung f\u00fcr zahlreiche Anwendungen<\/em><\/p><\/blockquote>\n\n\n\n<figure class=\"wp-block-image size-large\"><img loading=\"lazy\" width=\"1024\" height=\"541\" src=\"https:\/\/www.clesi.it\/wp-content\/uploads\/2024\/11\/Sofos-1-1024x541.webp\" alt=\"\" class=\"wp-image-80839\" srcset=\"https:\/\/www.clesi.it\/wp-content\/uploads\/2024\/11\/Sofos-1-1024x541.webp 1024w, https:\/\/www.clesi.it\/wp-content\/uploads\/2024\/11\/Sofos-1-300x159.webp 300w, https:\/\/www.clesi.it\/wp-content\/uploads\/2024\/11\/Sofos-1-768x406.webp 768w, https:\/\/www.clesi.it\/wp-content\/uploads\/2024\/11\/Sofos-1-50x26.webp 50w, https:\/\/www.clesi.it\/wp-content\/uploads\/2024\/11\/Sofos-1.webp 1200w\" sizes=\"(max-width: 1024px) 100vw, 1024px\" \/><\/figure>\n\n\n\n<div style=\"height:40px\" aria-hidden=\"true\" class=\"wp-block-spacer\"><\/div>\n\n\n\n<h2 class=\"h2-custom\">EINE INNOVATIVE UND EFFEKTIVE TECHNISCHE L\u00d6SUNG<\/h2>\n\n\n\n<p>Die Struktur wird durch Bl\u00f6cke aus selbstverl\u00f6schendem, expandiertem Polystyrol entlastet und ist an den St\u00fctzen mit einer langsamen Verst\u00e4rkung versehen. <\/p>\n\n\n\n<p>Sie ist vielseitig einsetzbar und eignet sich f\u00fcr die unterschiedlichsten Anwendungen im Wohnungsbau, im Gewerbebau und im Dienstleistungssektor. <\/p>\n\n\n\n<p>Hergestellt mit einzigartigen, von Clesi entwickelten technischen L\u00f6sungen, in Dicken von 16, 20, 25 und 30 cm. Das charakteristische Element von Sofos ist zweifellos sein geringes Gewicht, das es von herk\u00f6mmlichen oder alternativen L\u00f6sungen auf dem Markt unterscheidet. <\/p>\n\n\n\n<p>Dieses Konstruktionssystem ist: selbsttragend, leicht und sofort begehbar, vielseitig und anpassungsf\u00e4hig, f\u00fcr den thermischen Komfort von Umgebungen konzipiert, ideal in erdbebengef\u00e4hrdeten Gebieten, einfach und schnell zu verlegen, mit geringen Auswirkungen auf die begleitenden Verst\u00e4rkungen, zertifiziert und garantiert.<\/p>\n\n\n\n<div class=\"wp-container-3 wp-block-columns\">\n<div class=\"wp-container-1 wp-block-column\">\n<div style=\"height:30px\" aria-hidden=\"true\" class=\"wp-block-spacer\"><\/div>\n\n\n\n<h2 class=\"h2-custom\">Innovation und effizienz<\/h2>\n\n\n\n<p>SofoS-Fertigdecken sind selbsttragend und erm\u00f6glichen eine schnelle (ca. 400 m\u00b2 pro Tag) und sichere Verlegung.<\/p>\n\n\n\n<p>Sie eignen sich aufgrund der Modularit\u00e4t der L\u00f6sungen f\u00fcr B\u00f6den im Bauwesen oder f\u00fcr gro\u00dfe Strukturen wie D\u00e4cher und erm\u00f6glichen die Realisierung selbst komplexer Geometrien, die allen strukturellen Anforderungen gerecht werden.<\/p>\n<\/div>\n\n\n\n<div class=\"wp-container-2 wp-block-column\">\n<div style=\"height:30px\" aria-hidden=\"true\" class=\"wp-block-spacer\"><\/div>\n\n\n\n<h2 class=\"h2-custom\">Zuverlassigkeit uber die zeit<\/h2>\n\n\n\n<p>Die zahlreichen Studien und Labortests, die w\u00e4hrend der Studien- und Entwurfsphase des neuen Produkts durchgef\u00fchrt wurden, sowie die zahlreichen Anwendungserfahrungen, sowohl in Bezug auf die Breite als auch auf die statische Belastung, haben gezeigt, dass bei einem mit SofoS gebauten Deck mit vorgespannten Stahlbetontr\u00e4gern, Polystyrol und Ortbetonplatte trotz der Vielfalt der Elemente, aus denen die Platte besteht, monolithische strukturelle L\u00f6sungen mit gro\u00dfer Zuverl\u00e4ssigkeit erzielt werden.<\/p>\n<\/div>\n<\/div>\n\n\n\n<div class=\"wp-container-6 wp-block-columns\">\n<div class=\"wp-container-4 wp-block-column\">\n<div style=\"height:30px\" aria-hidden=\"true\" class=\"wp-block-spacer\"><\/div>\n\n\n\n<h2 class=\"h2-custom\">Eigenschaften<\/h2>\n\n\n\n<h3>Sichere Leistung<\/h3>\n\n\n\n<p>Die SofoS-Platte geht auf den Leistungsansatz zur\u00fcck, der auch in der \u00dcberarbeitung der Technischen Baubestimmungen (NTC18) bekr\u00e4ftigt wird; die Ziele des Projekts werden in Bezug auf die vom Bauwerk zu erbringende Leistung&#8220; pr\u00e4zisiert (P.B.D. Performance-Based Design), die ihrerseits nach der Wahrscheinlichkeit eines mehr oder weniger h\u00e4ufigen und mehr oder weniger zerst\u00f6rerischen seismischen Ereignisses kalibriert werden (M.L.P.D. Multi-Level Performance Design).<\/p>\n\n\n\n<h3>Erdbebensicher und isolierend<\/h3>\n\n\n\n<p>SofoS ist erdbebensicher, thermisch und akustisch hoch isolierend. Dank der vorgespannten Tr\u00e4ger haben die SofoS-Platten auch eine hohe Zugfestigkeit. Durch das Vorhandensein des Isoliermaterials auch im unteren Teil der vorgespannten Balken eliminieren die SofoS-B\u00f6den W\u00e4rmebr\u00fccken und verhindern Kondensation. SofoS passt sich in seinen Dicken und Modulen den unterschiedlichsten erdbebensicheren und statischen Anforderungen an und passt jedes einzelne Projekt seinen architektonischen Vorgaben an. <\/p>\n\n\n\n<h3>SofoS ist die erste Spannbeton<\/h3>\n\n\n\n<p>Fertigteildecke zum Begehen mit Fertigstellung der Ortbetonplatte und zur \u00dcberdachung mit oder ohne Ortbetonplatte. Das macht sie noch leichter. Unvergleichlich. Die SofoS-Fertigdecke besteht aus vorgespannten Betonbalken mit festem Achsabstand, die in eine Polystyrol-D\u00e4mmung par excellence &#8222;eingebettet&#8220; sind, die die unterschiedlichsten Leistungsmerkmale (EPS-Typ in verschiedenen Dichten und mit Graffite, EPS-T und XPS, letzteres auch selbstverl\u00f6schend) in Bezug auf die verschiedensten Bauanforderungen aufweisen kann. Anpassungsf\u00e4hig<\/p>\n\n\n\n<h3>Die Modularit\u00e4t der SofoS<\/h3>\n\n\n\n<p>Fertigdecken erm\u00f6glicht gro\u00dfe Einsparungen bei der Bauzeit, dem Transport, der Handhabung und der Installation der gesamten Decke. Die variable H\u00f6he der Platten erm\u00f6glicht es, die am besten geeignete Dicke je nach L\u00e4nge, W\u00e4rmedurchgangskoeffizient und Schallschutz zu w\u00e4hlen.<\/p>\n<\/div>\n\n\n\n<div class=\"wp-container-5 wp-block-column\">\n<div style=\"height:30px\" aria-hidden=\"true\" class=\"wp-block-spacer\"><\/div>\n\n\n\n<h2 class=\"h2-custom\">Warum sofos Wahlen<\/h2>\n\n\n\n<ul><li>weil sie die leichteste Platte auf dem Markt ist; <\/li><li>weil sie die W\u00e4rmed\u00e4mmeigenschaften erheblich verbessert; <\/li><li>weil sie aufgrund ihrer Unempfindlichkeit gegen\u00fcber Feuchtigkeit, der Kompaktheit der Zellen, ihrer hohen Druckfestigkeit und ihrer bemerkenswerten Dimensionsstabilit\u00e4t ideal f\u00fcr die W\u00e4rmed\u00e4mmung von Geb\u00e4uden ist; <\/li><li>weil sie schnell und einfach zu verlegen ist und es erm\u00f6glicht, B\u00f6den, W\u00e4nde und D\u00e4cher warm und trocken zu halten, indem sie sie vor Feuchtigkeit sowohl durch Kapillarit\u00e4t als auch durch Kondensation sch\u00fctzt; <\/li><li>weil sie unter extremen klimatischen Bedingungen (sehr hohe\/sehr niedrige Temperaturen) verwendet werden kann.<\/li><li>Die Witterungsbest\u00e4ndigkeit wird durch die hohe Widerstandsf\u00e4higkeit beim \u00dcbergang von der Frost- zur Tau-Phase gew\u00e4hrleistet.<\/li><li>Auch Situationen mit hoher Luftfeuchtigkeit sind f\u00fcr SofoS kein Problem;<\/li><li>SofoS mit Graffite hat ein ausgezeichnetes Brandverhalten;<\/li><li>ist zu 100 % recycelbar;- bietet eine optimale Schalld\u00e4mmung;- erf\u00fcllt die Anforderungen der UNI 11532-1:<\/li><\/ul>\n<\/div>\n<\/div>\n\n\n\n<div style=\"height:40px\" aria-hidden=\"true\" class=\"wp-block-spacer\"><\/div>\n\n\n\n<h2 class=\"h2-custom\">Abakus der leistung<\/h2>\n\n\n<div id=\"gutenslider-ec88az6p3\" class=\"wp-block-eedee-block-gutenslider gs-frontend content-change alignnone adaptive-height adaptive-height-md adaptive-height-sm arrow-style-1 arrow-position-sides arrow-mb-none arrows-lg-none arrows-md-none arrows-sm-none dot-style-1 dots-lg-none dots-md-none dots-sm-none dot-position-bottom is-position-center-center mb-none lg-zoom-icon wrap-auto-height\" data-parallax-direction=\"down\" data-parallax-amount=\"1.3\" data-lg-transition=\"lg-slide\" data-hash=\"\" ><div class=\"eedee-swiper-outer\" style=\"--gutenslider-min-height: 50vh;--gutenslider-arrow-size: 30px;--gutenslider-dot-size: 25px;--gutenslider-arrow-color: #ffffff;--gutenslider-dot-color: #ffffff;--gutenslider-padding-y-mobile: 40px;--gutenslider-padding-x-mobile: 40px;--gutenslider-padding-y-tablet: 40px;--gutenslider-padding-x-tablet: 40px;--gutenslider-padding-y-desktop: 40px;--gutenslider-padding-x-desktop: 40px;--gutenslider-bg-image: url();--gutenslider-min-height-md: 50vh;--gutenslider-min-height-sm: 50vh;--gutenslider-padding-x: 40px;--gutenslider-padding-x-md: 40px;--gutenslider-padding-x-sm: 20px;--gutenslider-padding-y: 40px;--gutenslider-padding-y-md: 40px;--gutenslider-padding-y-sm: 20px;--gutenslider-arrow-size-md: 30px;--gutenslider-arrow-size-sm: 30px;--gutenslider-dot-size-md: 25px;--gutenslider-dot-size-sm: 25px;--gutenslider-arrow-bg-color: transparent;--gutenslider-arrow-hover-color: #eeeeee;--gutenslider-arrow-bg-hover-color: transparent;--gutenslider-arrow-x-offset: 10px;--gutenslider-arrow-x-offset-md: 10px;--gutenslider-arrow-x-offset-sm: 10px;--gutenslider-arrow-y-offset: 0px;--gutenslider-arrow-y-offset-md: 0px;--gutenslider-arrow-y-offset-sm: 0px;--gutenslider-arrow-x-spacing: 0px;--gutenslider-dot-y-offset: 10px;--gutenslider-dot-y-offset-md: 10px;--gutenslider-dot-y-offset-sm: 10px;--gutenslider-margin-x: 0px;--gutenslider-margin-x-md: 0px;--gutenslider-margin-x-sm: 0px;--gutenslider-margin-y: 0px;--gutenslider-margin-y-md: 0px;--gutenslider-margin-y-sm: 0px;--gutenslider-divider-top: 60px;--gutenslider-divider-bottom: 60px;--gutenslider-lightgallery-bg: #ffffff;--gutenslider-lightgallery-font: #000000;--gs-first-pos: 50% 50%;--gs-gap-vertical: var( --wp--style--gallery-gap-default, var( --gallery-block--gutter-size, var( --wp--style--block-gap, 0.5em ) ) );--gs-gap-horizontal: var( --wp--style--gallery-gap-default, var( --gallery-block--gutter-size, var( --wp--style--block-gap, 0.5em ) ) );\"><div class=\"gutenslider-divider-top\" style=\"color:#fff;\"><\/div><div class=\"swiper\" data-settings='{\"autoplay\":{\"delay\":3000,\"pauseOnMouseEnter\":true,\"disableOnInteraction\":false},\"speed\":700,\"direction\":\"horizontal\",\"autoHeight\":\"1\",\"loop\":true,\"centeredSlides\":true,\"spaceBetween\":0,\"slidesPerView\":1,\"slidesPerGroup\":1,\"effect\":\"slide\",\"coverflowEffect\":{\"rotate\":30,\"slideShadows\":false,\"depth\":100,\"stretch\":50,\"modifier\":1},\"fadeEffect\":{\"crossFade\":true},\"zoom\":\"\",\"navigation\":{\"nextEl\":\"#gutenslider-ec88az6p3 .eedee-gutenslider-next\",\"prevEl\":\"#gutenslider-ec88az6p3 .eedee-gutenslider-prev\"},\"pagination\":{\"type\":\"bullets\",\"clickable\":true,\"dynamicBullets\":false,\"el\":\"#gutenslider-ec88az6p3 .eedee-gutenslider-pagination\"},\"pauseOnHover\":\"1\",\"watchSlidesProgress\":true,\"watchSlidesVisibility\":true,\"settingsMd\":{\"autoHeight\":\"1\",\"slidesPerView\":1,\"slidesPerGroup\":1,\"spaceBetween\":0,\"loop\":true},\"settingsLg\":{\"autoHeight\":\"1\",\"slidesPerView\":1,\"slidesPerGroup\":1,\"spaceBetween\":0,\"loop\":true},\"hasLg\":true,\"hasLgCounter\":true,\"isFullScreen\":false,\"arrowsFollowMouse\":false,\"lgTitle\":\"none\",\"lgCaption\":\"none\",\"lgThumbnails\":true,\"lgZoomEnabled\":false,\"keyboard\":{\"keyboard\":{\"enabled\":true,\"onlyInViewport\":true}},\"hashNavigation\":false,\"dividers\":false}'><div class=\"swiper-wrapper\">\n<div class=\"swiper-slide wp-block-eedee-block-gutenslide is-position-center-center ed-bg-image\" style=\"--ed-vw:300;--ed-vh:214;\" data-hash=\"\"><div class=\"eedee-background-div bg-image\"><img loading=\"lazy\" width=\"595\" height=\"425\" class=\"wp-image-75816\" src=\"https:\/\/www.clesi.it\/wp-content\/uploads\/2018\/11\/abaco4.jpg\" alt=\"\" decoding=\"async\" style=\"object-fit: cover; object-position: 50% 50%;\"  data-title=\"abaco4\" srcset=\"https:\/\/www.clesi.it\/wp-content\/uploads\/2018\/11\/abaco4.jpg 595w, https:\/\/www.clesi.it\/wp-content\/uploads\/2018\/11\/abaco4-300x214.jpg 300w\" sizes=\"(max-width: 595px) 100vw, 595px\" \/><div class=\"eedee-background-div__overlay\" style=\"opacity:1;\"><\/div><\/div><div class=\"slide-content\">\n\n<p class=\"has-text-align-center gutenslider-content-initial has-larger-font-size\"><\/p>\n\n<\/div><\/div>\n\n<div class=\"swiper-slide wp-block-eedee-block-gutenslide is-position-center-center ed-bg-image\" style=\"--ed-vw:300;--ed-vh:214;\" data-hash=\"\"><div class=\"eedee-background-div bg-image\"><img loading=\"lazy\" width=\"595\" height=\"425\" class=\"wp-image-75814\" src=\"https:\/\/www.clesi.it\/wp-content\/uploads\/2018\/11\/abaco6.jpg\" alt=\"\" decoding=\"async\" style=\"object-fit: cover; object-position: 50% 50%;\"  data-title=\"abaco6\" srcset=\"https:\/\/www.clesi.it\/wp-content\/uploads\/2018\/11\/abaco6.jpg 595w, https:\/\/www.clesi.it\/wp-content\/uploads\/2018\/11\/abaco6-300x214.jpg 300w\" sizes=\"(max-width: 595px) 100vw, 595px\" \/><div class=\"eedee-background-div__overlay\" style=\"opacity:1;\"><\/div><\/div><div class=\"slide-content\">\n\n<p class=\"has-text-align-center gutenslider-content-initial has-larger-font-size\"><\/p>\n\n<\/div><\/div>\n\n<div class=\"swiper-slide wp-block-eedee-block-gutenslide is-position-center-center ed-bg-image\" style=\"--ed-vw:300;--ed-vh:214;\" data-hash=\"\"><div class=\"eedee-background-div bg-image\"><img loading=\"lazy\" width=\"595\" height=\"425\" class=\"wp-image-75812\" src=\"https:\/\/www.clesi.it\/wp-content\/uploads\/2018\/11\/abaco2.jpg\" alt=\"\" decoding=\"async\" style=\"object-fit: cover; object-position: 50% 50%;\"  data-title=\"abaco2\" srcset=\"https:\/\/www.clesi.it\/wp-content\/uploads\/2018\/11\/abaco2.jpg 595w, https:\/\/www.clesi.it\/wp-content\/uploads\/2018\/11\/abaco2-300x214.jpg 300w\" sizes=\"(max-width: 595px) 100vw, 595px\" \/><div class=\"eedee-background-div__overlay\" style=\"opacity:1;\"><\/div><\/div><div class=\"slide-content\">\n\n<p class=\"has-text-align-center gutenslider-content-initial has-larger-font-size\"><\/p>\n\n<\/div><\/div>\n\n<div class=\"swiper-slide wp-block-eedee-block-gutenslide is-position-center-center ed-bg-image\" style=\"--ed-vw:300;--ed-vh:214;\" data-hash=\"\"><div class=\"eedee-background-div bg-image\"><img loading=\"lazy\" width=\"595\" height=\"425\" class=\"wp-image-75810\" src=\"https:\/\/www.clesi.it\/wp-content\/uploads\/2018\/11\/abaco7.jpg\" alt=\"\" decoding=\"async\" style=\"object-fit: cover; object-position: 50% 50%;\"  data-title=\"abaco7\" srcset=\"https:\/\/www.clesi.it\/wp-content\/uploads\/2018\/11\/abaco7.jpg 595w, https:\/\/www.clesi.it\/wp-content\/uploads\/2018\/11\/abaco7-300x214.jpg 300w\" sizes=\"(max-width: 595px) 100vw, 595px\" \/><div class=\"eedee-background-div__overlay\" style=\"opacity:1;\"><\/div><\/div><div class=\"slide-content\">\n\n<p class=\"has-text-align-center gutenslider-content-initial has-larger-font-size\"><\/p>\n\n<\/div><\/div>\n<\/div><\/div><button class=\"eedee-gutenslider-nav eedee-gutenslider-prev\"><svg xmlns=\"http:\/\/www.w3.org\/2000\/svg\" viewBox=\"0 0 24 24\" width=\"24\" height=\"24\"><circle class=\"bg\" cx=\"13\" cy=\"12\" r=\"11\" \/><path fill=\"none\" d=\"M0 0h24v24H0z\"\/><path class=\"arrow\" d=\"M10.828 12l4.95 4.95-1.414 1.414L8 12l6.364-6.364 1.414 1.414z\"\/><\/svg><\/button><button class=\"eedee-gutenslider-nav eedee-gutenslider-next\"><svg xmlns=\"http:\/\/www.w3.org\/2000\/svg\" viewBox=\"0 0 24 24\" width=\"24\" height=\"24\"><circle class=\"bg\" cx=\"11\" cy=\"12\" r=\"11\" \/><path fill=\"none\" d=\"M0 0h24v24H0z\"\/><path class=\"arrow\" d=\"M13.172 12l-4.95-4.95 1.414-1.414L16 12l-6.364 6.364-1.414-1.414z\"\/><\/svg><\/button><div class=\"eedee-gutenslider-pagination\"><\/div><div class=\"gutenslider-divider-bottom \" style=\"color:#fff;\"><\/div><\/div><\/div>\n\n\n<div style=\"height:40px\" aria-hidden=\"true\" class=\"wp-block-spacer\"><\/div>\n\n\n\n<ol><li>D\u00e4mmmaterial wie EPS oder XPS* oder EPS-T* oder andere*<\/li><li>Vorgefertigter Spannbeton-Balken SofoS<\/li><li>Zu gie\u00dfender Kern<\/li><li>Grabenbewehrung entsprechend der Planung vor Ort<\/li><li>Elektrisch geschwei\u00dftes Netz<\/li><li>Gussplatte (Bramme) 5 cm in situ<\/li><\/ol>\n\n\n\n<div style=\"height:40px\" aria-hidden=\"true\" class=\"wp-block-spacer\"><\/div>\n\n\n\n<div class=\"wp-container-10 wp-block-columns\">\n<div class=\"wp-container-8 wp-block-column\">\n<div style=\"height:30px\" aria-hidden=\"true\" class=\"wp-block-spacer\"><\/div>\n\n\n\n<h2 class=\"h2-custom\">Brochures<\/h2>\n\n\n\n<figure class=\"wp-block-image size-medium is-resized\"><img loading=\"lazy\" src=\"https:\/\/www.clesi.it\/wp-content\/uploads\/2019\/03\/brochure-sofos-1-300x106.jpg\" alt=\"\" class=\"wp-image-75870\" width=\"225\" height=\"80\" srcset=\"https:\/\/www.clesi.it\/wp-content\/uploads\/2019\/03\/brochure-sofos-1-300x106.jpg 300w, https:\/\/www.clesi.it\/wp-content\/uploads\/2019\/03\/brochure-sofos-1-768x272.jpg 768w, https:\/\/www.clesi.it\/wp-content\/uploads\/2019\/03\/brochure-sofos-1-1024x362.jpg 1024w\" sizes=\"(max-width: 225px) 100vw, 225px\" \/><\/figure>\n\n\n\n<div class=\"wp-block-button alignleft down\"><a class=\"wp-block-button__link\" href=\"https:\/\/www.clesi.it\/wp-content\/uploads\/2024\/11\/Brochure-Sofos_de.pdf\" target=\"_blank\" rel=\"noreferrer noopener\">Download<\/a><\/div>\n\n\n\n<div class=\"wp-container-7 is-content-justification-left wp-block-buttons\"><\/div>\n<\/div>\n\n\n\n<div class=\"wp-container-9 wp-block-column\">\n<div style=\"height:30px\" aria-hidden=\"true\" class=\"wp-block-spacer\"><\/div>\n<\/div>\n<\/div>\n","protected":false},"excerpt":{"rendered":"<p>Sofos : eine L\u00f6sung f\u00fcr zahlreiche Anwendungen EINE INNOVATIVE UND EFFEKTIVE TECHNISCHE L\u00d6SUNG Die Struktur wird durch Bl\u00f6cke aus selbstverl\u00f6schendem, expandiertem Polystyrol entlastet und ist an den St\u00fctzen mit einer langsamen Verst\u00e4rkung versehen. Sie ist vielseitig einsetzbar und eignet sich f\u00fcr die unterschiedlichsten Anwendungen im Wohnungsbau, im Gewerbebau und im Dienstleistungssektor. Hergestellt mit einzigartigen, von [&hellip;]<\/p>\n","protected":false},"author":1,"featured_media":78758,"parent":78868,"menu_order":0,"comment_status":"closed","ping_status":"closed","template":"","meta":[],"_links":{"self":[{"href":"https:\/\/www.clesi.it\/de\/wp-json\/wp\/v2\/pages\/78910"}],"collection":[{"href":"https:\/\/www.clesi.it\/de\/wp-json\/wp\/v2\/pages"}],"about":[{"href":"https:\/\/www.clesi.it\/de\/wp-json\/wp\/v2\/types\/page"}],"author":[{"embeddable":true,"href":"https:\/\/www.clesi.it\/de\/wp-json\/wp\/v2\/users\/1"}],"replies":[{"embeddable":true,"href":"https:\/\/www.clesi.it\/de\/wp-json\/wp\/v2\/comments?post=78910"}],"version-history":[{"count":5,"href":"https:\/\/www.clesi.it\/de\/wp-json\/wp\/v2\/pages\/78910\/revisions"}],"predecessor-version":[{"id":80842,"href":"https:\/\/www.clesi.it\/de\/wp-json\/wp\/v2\/pages\/78910\/revisions\/80842"}],"up":[{"embeddable":true,"href":"https:\/\/www.clesi.it\/de\/wp-json\/wp\/v2\/pages\/78868"}],"wp:featuredmedia":[{"embeddable":true,"href":"https:\/\/www.clesi.it\/de\/wp-json\/wp\/v2\/media\/78758"}],"wp:attachment":[{"href":"https:\/\/www.clesi.it\/de\/wp-json\/wp\/v2\/media?parent=78910"}],"curies":[{"name":"wp","href":"https:\/\/api.w.org\/{rel}","templated":true}]}}