{"id":78965,"date":"2017-01-30T17:34:34","date_gmt":"2017-01-30T16:34:34","guid":{"rendered":"https:\/\/www.clesi.it\/sistemi-costruttivi\/delta\/"},"modified":"2024-11-18T17:41:24","modified_gmt":"2024-11-18T16:41:24","slug":"delta","status":"publish","type":"page","link":"https:\/\/www.clesi.it\/de\/sistemi-costruttivi\/delta\/","title":{"rendered":"Delta &#8211; doppelte Steigung"},"content":{"rendered":"\n<blockquote class=\"wp-block-quote\"><p><em>Das Dual-Slope-System: eine dynamische L\u00f6sung f\u00fcr wachsende Unternehmen<\/em><\/p><\/blockquote>\n\n\n<div id=\"gutenslider-09zi2o5ne\" class=\"wp-block-eedee-block-gutenslider gs-frontend content-fixed alignnone arrow-style-1 arrow-position-sides arrow-mb-none arrows-lg arrows-md arrows-sm dot-style-1 dots-lg-none dots-md-none dots-sm-none dot-position-bottom is-position-center-center mb-none wrap-auto-height\" style=\"--gutenslider-min-height: 40vh;--gutenslider-arrow-size: 30px;--gutenslider-dot-size: 25px;--gutenslider-arrow-color: #ffffff;--gutenslider-dot-color: #ffffff;--gutenslider-padding-y-mobile: 40px;--gutenslider-padding-x-mobile: 40px;--gutenslider-padding-y-tablet: 40px;--gutenslider-padding-x-tablet: 40px;--gutenslider-padding-y-desktop: 40px;--gutenslider-padding-x-desktop: 40px;--gutenslider-bg-image: url();--gutenslider-min-height-md: 50vh;--gutenslider-min-height-sm: 50vh;--gutenslider-padding-x: 40px;--gutenslider-padding-x-md: 40px;--gutenslider-padding-x-sm: 20px;--gutenslider-padding-y: 50px;--gutenslider-padding-y-md: 50px;--gutenslider-padding-y-sm: 50px;--gutenslider-arrow-size-md: 30px;--gutenslider-arrow-size-sm: 30px;--gutenslider-dot-size-md: 25px;--gutenslider-dot-size-sm: 25px;--gutenslider-arrow-bg-color: transparent;--gutenslider-arrow-hover-color: #eeeeee;--gutenslider-arrow-bg-hover-color: transparent;--gutenslider-arrow-x-offset: 10px;--gutenslider-arrow-x-offset-md: 10px;--gutenslider-arrow-x-offset-sm: 10px;--gutenslider-arrow-y-offset: 0px;--gutenslider-arrow-y-offset-md: 0px;--gutenslider-arrow-y-offset-sm: 0px;--gutenslider-arrow-x-spacing: 0px;--gutenslider-dot-y-offset: 10px;--gutenslider-dot-y-offset-md: 10px;--gutenslider-dot-y-offset-sm: 10px;--gutenslider-margin-x: 0px;--gutenslider-margin-x-md: 0px;--gutenslider-margin-x-sm: 0px;--gutenslider-margin-y: 0px;--gutenslider-margin-y-md: 0px;--gutenslider-margin-y-sm: 0px;--gutenslider-divider-top: 60px;--gutenslider-divider-bottom: 60px;--gutenslider-lightgallery-bg: #ffffff;--gutenslider-lightgallery-font: #000000;--gs-first-pos: 50% 50%;--gs-gap-vertical: var( --wp--style--gallery-gap-default, var( --gallery-block--gutter-size, var( --wp--style--block-gap, 0.5em ) ) );--gs-gap-horizontal: var( --wp--style--gallery-gap-default, var( --gallery-block--gutter-size, var( --wp--style--block-gap, 0.5em ) ) );\" data-parallax-direction=\"down\" data-parallax-amount=\"1.3\" data-lg-transition=\"lg-slide\" data-hash=\"\"><div class=\"eedee-swiper-outer\"><div class=\"gutenslider-divider-top\" style=\"color:#fff;\"><\/div><div class=\"swiper\" data-settings='{\"autoplay\":{\"delay\":3000,\"pauseOnMouseEnter\":true,\"disableOnInteraction\":false},\"speed\":700,\"direction\":\"horizontal\",\"autoHeight\":\"\",\"loop\":true,\"centeredSlides\":true,\"spaceBetween\":0,\"slidesPerView\":1,\"slidesPerGroup\":1,\"effect\":\"slide\",\"coverflowEffect\":{\"rotate\":30,\"slideShadows\":false,\"depth\":100,\"stretch\":50,\"modifier\":1},\"fadeEffect\":{\"crossFade\":true},\"zoom\":\"\",\"navigation\":{\"nextEl\":\"#gutenslider-09zi2o5ne .eedee-gutenslider-next\",\"prevEl\":\"#gutenslider-09zi2o5ne .eedee-gutenslider-prev\"},\"pagination\":{\"type\":\"bullets\",\"clickable\":true,\"dynamicBullets\":false,\"el\":\"#gutenslider-09zi2o5ne .eedee-gutenslider-pagination\"},\"pauseOnHover\":\"1\",\"watchSlidesProgress\":true,\"watchSlidesVisibility\":true,\"settingsMd\":{\"autoHeight\":\"\",\"slidesPerView\":1,\"slidesPerGroup\":1,\"spaceBetween\":0,\"loop\":true},\"settingsLg\":{\"autoHeight\":\"\",\"slidesPerView\":1,\"slidesPerGroup\":1,\"spaceBetween\":0,\"loop\":true},\"hasLg\":false,\"hasLgCounter\":true,\"isFullScreen\":false,\"arrowsFollowMouse\":false,\"lgTitle\":\"none\",\"lgCaption\":\"none\",\"lgThumbnails\":true,\"lgZoomEnabled\":false,\"keyboard\":{\"keyboard\":{\"enabled\":true,\"onlyInViewport\":true}},\"hashNavigation\":false,\"dividers\":false}'><div class=\"swiper-wrapper\">\n<div class=\"swiper-slide wp-block-eedee-block-gutenslide is-position-center-center ed-bg-image\" style=\"--ed-vw:300;--ed-vh:169;\" data-hash=\"\"><div class=\"eedee-background-div bg-image\"><img loading=\"lazy\" width=\"1024\" height=\"576\" class=\"wp-image-76332\" src=\"https:\/\/www.clesi.it\/wp-content\/uploads\/2020\/10\/capriata2-1024x576.png\" alt=\"\" decoding=\"async\" style=\"object-fit: cover; object-position: 50% 50%;\"  data-title=\"capriata2\" srcset=\"https:\/\/www.clesi.it\/wp-content\/uploads\/2020\/10\/capriata2.png 1024w, https:\/\/www.clesi.it\/wp-content\/uploads\/2020\/10\/capriata2-300x169.png 300w, https:\/\/www.clesi.it\/wp-content\/uploads\/2020\/10\/capriata2-768x432.png 768w\" sizes=\"(max-width: 1024px) 100vw, 1024px\" \/><div class=\"eedee-background-div__overlay\" style=\"opacity:1;\"><\/div><\/div><div class=\"slide-content\">\n\n<p class=\"has-text-align-center gutenslider-content-initial has-larger-font-size\"><\/p>\n\n<\/div><\/div>\n\n<div class=\"swiper-slide wp-block-eedee-block-gutenslide is-position-center-center ed-bg-image\" style=\"--ed-vw:300;--ed-vh:169;\" data-hash=\"\"><div class=\"eedee-background-div bg-image\"><img loading=\"lazy\" width=\"1024\" height=\"576\" class=\"wp-image-76331\" src=\"https:\/\/www.clesi.it\/wp-content\/uploads\/2020\/10\/capriata1-1024x576.png\" alt=\"\" decoding=\"async\" style=\"object-fit: cover; object-position: 50% 50%;\"  data-title=\"capriata1\" srcset=\"https:\/\/www.clesi.it\/wp-content\/uploads\/2020\/10\/capriata1.png 1024w, https:\/\/www.clesi.it\/wp-content\/uploads\/2020\/10\/capriata1-300x169.png 300w, https:\/\/www.clesi.it\/wp-content\/uploads\/2020\/10\/capriata1-768x432.png 768w\" sizes=\"(max-width: 1024px) 100vw, 1024px\" \/><div class=\"eedee-background-div__overlay\" style=\"opacity:1;\"><\/div><\/div><div class=\"slide-content\">\n\n<p class=\"has-text-align-center gutenslider-content-initial has-larger-font-size\"><\/p>\n\n<\/div><\/div>\n<\/div><\/div><div class=\"wp-block-eedee-gutenslider__content co-1\">\n<div class=\"swiper-slide wp-block-eedee-block-gutenslide is-position-center-center ed-bg-image\" style=\"--ed-vw:300;--ed-vh:169;\" data-hash=\"\"><div class=\"eedee-background-div bg-image\"><img loading=\"lazy\" width=\"1024\" height=\"576\" class=\"wp-image-76332\" src=\"https:\/\/www.clesi.it\/wp-content\/uploads\/2020\/10\/capriata2-1024x576.png\" alt=\"\" decoding=\"async\" style=\"object-fit: cover; object-position: 50% 50%;\"  data-title=\"capriata2\" srcset=\"https:\/\/www.clesi.it\/wp-content\/uploads\/2020\/10\/capriata2.png 1024w, https:\/\/www.clesi.it\/wp-content\/uploads\/2020\/10\/capriata2-300x169.png 300w, https:\/\/www.clesi.it\/wp-content\/uploads\/2020\/10\/capriata2-768x432.png 768w\" sizes=\"(max-width: 1024px) 100vw, 1024px\" \/><div class=\"eedee-background-div__overlay\" style=\"opacity:1;\"><\/div><\/div><div class=\"slide-content\">\n\n<p class=\"has-text-align-center gutenslider-content-initial has-larger-font-size\"><\/p>\n\n<\/div><\/div>\n\n<div class=\"swiper-slide wp-block-eedee-block-gutenslide is-position-center-center ed-bg-image\" style=\"--ed-vw:300;--ed-vh:169;\" data-hash=\"\"><div class=\"eedee-background-div bg-image\"><img loading=\"lazy\" width=\"1024\" height=\"576\" class=\"wp-image-76331\" src=\"https:\/\/www.clesi.it\/wp-content\/uploads\/2020\/10\/capriata1-1024x576.png\" alt=\"\" decoding=\"async\" style=\"object-fit: cover; object-position: 50% 50%;\"  data-title=\"capriata1\" srcset=\"https:\/\/www.clesi.it\/wp-content\/uploads\/2020\/10\/capriata1.png 1024w, https:\/\/www.clesi.it\/wp-content\/uploads\/2020\/10\/capriata1-300x169.png 300w, https:\/\/www.clesi.it\/wp-content\/uploads\/2020\/10\/capriata1-768x432.png 768w\" sizes=\"(max-width: 1024px) 100vw, 1024px\" \/><div class=\"eedee-background-div__overlay\" style=\"opacity:1;\"><\/div><\/div><div class=\"slide-content\">\n\n<p class=\"has-text-align-center gutenslider-content-initial has-larger-font-size\"><\/p>\n\n<\/div><\/div>\n<\/div><button class=\"eedee-gutenslider-nav eedee-gutenslider-prev\"><svg xmlns=\"http:\/\/www.w3.org\/2000\/svg\" viewBox=\"0 0 24 24\" width=\"24\" height=\"24\"><circle class=\"bg\" cx=\"13\" cy=\"12\" r=\"11\" \/><path fill=\"none\" d=\"M0 0h24v24H0z\"\/><path class=\"arrow\" d=\"M10.828 12l4.95 4.95-1.414 1.414L8 12l6.364-6.364 1.414 1.414z\"\/><\/svg><\/button><button class=\"eedee-gutenslider-nav eedee-gutenslider-next\"><svg xmlns=\"http:\/\/www.w3.org\/2000\/svg\" viewBox=\"0 0 24 24\" width=\"24\" height=\"24\"><circle class=\"bg\" cx=\"11\" cy=\"12\" r=\"11\" \/><path fill=\"none\" d=\"M0 0h24v24H0z\"\/><path class=\"arrow\" d=\"M13.172 12l-4.95-4.95 1.414-1.414L16 12l-6.364 6.364-1.414-1.414z\"\/><\/svg><\/button><div class=\"eedee-gutenslider-pagination\"><\/div><\/div><div class=\"gutenslider-divider-bottom \" style=\"color:#fff;\"><\/div><\/div>\n\n\n<div style=\"height:40px\" aria-hidden=\"true\" class=\"wp-block-spacer\"><\/div>\n\n\n\n<h2 class=\"h2-custom\"><strong>EINE INNOVATIVE UND EFFEKTIVE TECHNISCHE L\u00d6SUNG<\/strong><\/h2>\n\n\n\n<p>Delta ist ein Stahlbeton-Fertigteilsystem, das sich ideal f\u00fcr Industrie-, Gewerbe-, Landwirtschafts- oder Ausstellungshallen eignet.  Delta hat eine nutzbare Innenh\u00f6he, die je nach Bedarf des Unternehmens variiert, so dass Spannweiten von bis zu 45 m erreicht werden k\u00f6nnen, ohne dass Pfeiler im Weg sind. Damit ist die Delta-Fertigbetonhalle ideal f\u00fcr Aktivit\u00e4ten, die gro\u00dfe Bewegungsfl\u00e4chen im Inneren erfordern. Die 9%ige Dachplatte mit doppeltem Gef\u00e4lle sorgt f\u00fcr eine perfekte Ableitung des Regenwassers.<\/p>\n\n\n\n<div class=\"wp-container-3 wp-block-columns\">\n<div class=\"wp-container-1 wp-block-column\">\n<div style=\"height:30px\" aria-hidden=\"true\" class=\"wp-block-spacer\"><\/div>\n\n\n\n<h2 class=\"h2-custom\">Technik<\/h2>\n\n\n\n<p>Das Delta-System besteht aus einem doppelwandigen Tr\u00e4ger, auf dem das Delta-Rohrelement ruht.  Sie besteht aus vorgespanntem Stahlbeton mit Spannweiten von 12 m bis 45 m und hat einen variablen Querschnitt von 45 cm bis 65 cm, je nach den zu \u00fcbertragenden Lasten. Das Delta-Element wird auf dem Doppelstockbalken verlegt. Die nutzbare Innenh\u00f6he der Delta-Betonfertigteile variiert je nach den Bed\u00fcrfnissen des Unternehmens, und es k\u00f6nnen Spannweiten von bis zu 45 Metern erreicht werden, ohne dass Pfeiler erforderlich sind.<\/p>\n\n\n\n<p>Das Delta-System wird durch eine spezielle Dachbahn mit einer Sandwich-Paneel-L\u00f6sung erg\u00e4nzt, die mit speziellen Befestigungsmitteln befestigt wird. Auf Wunsch des Kunden kann Clesi Prefabbricati die Dacheindeckung auch mit einem W\u00e4rmedurchgangskoeffizienten liefern, der innerhalb der vom Gesetzgeber festgelegten Grenzen liegt.<\/p>\n<\/div>\n\n\n\n<div class=\"wp-container-2 wp-block-column\">\n<div style=\"height:30px\" aria-hidden=\"true\" class=\"wp-block-spacer\"><\/div>\n\n\n\n<h2 class=\"h2-custom\">Vorteile<\/h2>\n\n\n\n<p>Deltas Struktur hat eine 15-j\u00e4hrige Garantie. Alle anderen Teile der Delta-Fertighalle sind jedoch gem\u00e4\u00df den gesetzlichen Bestimmungen garantiert.<\/p>\n\n\n\n<p>Transport und Montage der Delta-Fertigteilhallen sind in den Endkosten enthalten. Der Transport wird durch eigene Fahrzeuge gew\u00e4hrleistet, so dass Sicherheit und kurze Lieferzeiten garantiert sind.<\/p>\n\n\n\n<p>Das Delta-Fertiggeb\u00e4ude wird bereits mit einer Feuerwiderstandsklasse von R=90 geliefert, ideal f\u00fcr alle normalen Handels- und Produktionsaktivit\u00e4ten. F\u00fcr Unternehmen, die eine h\u00f6here Feuerbest\u00e4ndigkeit ben\u00f6tigen, bietet Clesi Delta-Fertigteilhallen mit einer Best\u00e4ndigkeit von bis zu R=120 an. <\/p>\n\n\n\n<p>Delta-Fertigteilhallen aus Beton sind mit einer Erdbebensicherheit von Zone 1 bis Zone 4 (S4 bis S12) ausgestattet. <\/p>\n\n\n\n<p>Dar\u00fcber hinaus besteht die Au\u00dfenhaut aus vorgefertigten Paneelen, die je nach Kundenwunsch massiv, erleichtert, doppelwandig oder w\u00e4rmeged\u00e4mmt sein k\u00f6nnen.<\/p>\n\n\n\n<p>Die Fugen der Dachrinnen werden mit einer Membran abgedichtet. Eine solche L\u00f6sung erm\u00f6glicht einen ausgezeichneten Regenwasserabfluss und bietet gleichzeitig eine gute Isolierung der Struktur.<\/p>\n<\/div>\n<\/div>\n\n\n\n<div class=\"wp-container-6 wp-block-columns\">\n<div class=\"wp-container-4 wp-block-column\">\n<div style=\"height:30px\" aria-hidden=\"true\" class=\"wp-block-spacer\"><\/div>\n\n\n\n<h2 class=\"h2-custom\">Projekte<\/h2>\n\n\n<div id=\"gutenslider-tl7ngnksg\" class=\"wp-block-eedee-block-gutenslider gs-frontend content-change alignnone arrow-style-1 arrow-position-sides arrow-mb-none arrows-lg arrows-md arrows-sm dot-style-1 dots-lg-none dots-md-none dots-sm-none dot-position-bottom is-position-center-center mb-none wrap-auto-height\" data-parallax-direction=\"down\" data-parallax-amount=\"1.3\" data-lg-transition=\"lg-slide\" data-hash=\"\" ><div class=\"eedee-swiper-outer\" style=\"--gutenslider-min-height: 20vh;--gutenslider-arrow-size: 30px;--gutenslider-dot-size: 25px;--gutenslider-arrow-color: #ffffff;--gutenslider-dot-color: #ffffff;--gutenslider-padding-y-mobile: 40px;--gutenslider-padding-x-mobile: 40px;--gutenslider-padding-y-tablet: 40px;--gutenslider-padding-x-tablet: 40px;--gutenslider-padding-y-desktop: 40px;--gutenslider-padding-x-desktop: 40px;--gutenslider-bg-image: url();--gutenslider-min-height-md: 20vh;--gutenslider-min-height-sm: 20vh;--gutenslider-padding-x: 40px;--gutenslider-padding-x-md: 40px;--gutenslider-padding-x-sm: 20px;--gutenslider-padding-y: 40px;--gutenslider-padding-y-md: 40px;--gutenslider-padding-y-sm: 20px;--gutenslider-arrow-size-md: 30px;--gutenslider-arrow-size-sm: 30px;--gutenslider-dot-size-md: 25px;--gutenslider-dot-size-sm: 25px;--gutenslider-arrow-bg-color: transparent;--gutenslider-arrow-hover-color: #eeeeee;--gutenslider-arrow-bg-hover-color: transparent;--gutenslider-arrow-x-offset: 10px;--gutenslider-arrow-x-offset-md: 10px;--gutenslider-arrow-x-offset-sm: 10px;--gutenslider-arrow-y-offset: 0px;--gutenslider-arrow-y-offset-md: 0px;--gutenslider-arrow-y-offset-sm: 0px;--gutenslider-arrow-x-spacing: 0px;--gutenslider-dot-y-offset: 10px;--gutenslider-dot-y-offset-md: 10px;--gutenslider-dot-y-offset-sm: 10px;--gutenslider-margin-x: 0px;--gutenslider-margin-x-md: 0px;--gutenslider-margin-x-sm: 0px;--gutenslider-margin-y: 0px;--gutenslider-margin-y-md: 0px;--gutenslider-margin-y-sm: 0px;--gutenslider-divider-top: 60px;--gutenslider-divider-bottom: 60px;--gutenslider-lightgallery-bg: #ffffff;--gutenslider-lightgallery-font: #000000;--gs-first-pos: 50% 50%;--gs-gap-vertical: var( --wp--style--gallery-gap-default, var( --gallery-block--gutter-size, var( --wp--style--block-gap, 0.5em ) ) );--gs-gap-horizontal: var( --wp--style--gallery-gap-default, var( --gallery-block--gutter-size, var( --wp--style--block-gap, 0.5em ) ) );\"><div class=\"gutenslider-divider-top\" style=\"color:#fff;\"><\/div><div class=\"swiper\" data-settings='{\"autoplay\":{\"delay\":3000,\"pauseOnMouseEnter\":true,\"disableOnInteraction\":false},\"speed\":700,\"direction\":\"horizontal\",\"autoHeight\":\"\",\"loop\":true,\"centeredSlides\":true,\"spaceBetween\":0,\"slidesPerView\":1,\"slidesPerGroup\":1,\"effect\":\"slide\",\"coverflowEffect\":{\"rotate\":30,\"slideShadows\":false,\"depth\":100,\"stretch\":50,\"modifier\":1},\"fadeEffect\":{\"crossFade\":true},\"zoom\":\"\",\"navigation\":{\"nextEl\":\"#gutenslider-tl7ngnksg .eedee-gutenslider-next\",\"prevEl\":\"#gutenslider-tl7ngnksg .eedee-gutenslider-prev\"},\"pagination\":{\"type\":\"bullets\",\"clickable\":true,\"dynamicBullets\":false,\"el\":\"#gutenslider-tl7ngnksg .eedee-gutenslider-pagination\"},\"pauseOnHover\":\"1\",\"watchSlidesProgress\":true,\"watchSlidesVisibility\":true,\"settingsMd\":{\"autoHeight\":\"\",\"slidesPerView\":1,\"slidesPerGroup\":1,\"spaceBetween\":0,\"loop\":true},\"settingsLg\":{\"autoHeight\":\"\",\"slidesPerView\":1,\"slidesPerGroup\":1,\"spaceBetween\":0,\"loop\":true},\"hasLg\":false,\"hasLgCounter\":true,\"isFullScreen\":false,\"arrowsFollowMouse\":false,\"lgTitle\":\"none\",\"lgCaption\":\"none\",\"lgThumbnails\":true,\"lgZoomEnabled\":false,\"keyboard\":{\"keyboard\":{\"enabled\":true,\"onlyInViewport\":true}},\"hashNavigation\":false,\"dividers\":false}'><div class=\"swiper-wrapper\">\n<div class=\"swiper-slide wp-block-eedee-block-gutenslide is-position-center-center ed-bg-image\" style=\"--ed-vw:300;--ed-vh:169;\" data-hash=\"\"><div class=\"eedee-background-div bg-image\"><img loading=\"lazy\" width=\"1024\" height=\"576\" class=\"wp-image-76176\" src=\"https:\/\/www.clesi.it\/wp-content\/uploads\/2019\/10\/SAF-MZ-1-1024x576.jpg\" alt=\"\" decoding=\"async\" style=\"object-fit: cover; object-position: 50% 50%;\"  data-title=\"SAF---MZ\" srcset=\"https:\/\/www.clesi.it\/wp-content\/uploads\/2019\/10\/SAF-MZ-1.jpg 1024w, https:\/\/www.clesi.it\/wp-content\/uploads\/2019\/10\/SAF-MZ-1-300x169.jpg 300w, https:\/\/www.clesi.it\/wp-content\/uploads\/2019\/10\/SAF-MZ-1-768x432.jpg 768w\" sizes=\"(max-width: 1024px) 100vw, 1024px\" \/><div class=\"eedee-background-div__overlay\" style=\"opacity:1;\"><\/div><\/div><div class=\"slide-content\">\n\n<p class=\"has-text-align-center gutenslider-content-initial has-larger-font-size\"><\/p>\n\n<\/div><\/div>\n\n<div class=\"swiper-slide wp-block-eedee-block-gutenslide is-position-center-center ed-bg-image\" style=\"--ed-vw:300;--ed-vh:244;\" data-hash=\"\"><div class=\"eedee-background-div bg-image\"><img loading=\"lazy\" width=\"1024\" height=\"833\" class=\"wp-image-76173\" src=\"https:\/\/www.clesi.it\/wp-content\/uploads\/2019\/10\/SAF-S.R.L-1-1024x833.jpg\" alt=\"\" decoding=\"async\" style=\"object-fit: cover; object-position: 50% 50%;\"  data-title=\"SAF---S.R.L\" srcset=\"https:\/\/www.clesi.it\/wp-content\/uploads\/2019\/10\/SAF-S.R.L-1.jpg 1024w, https:\/\/www.clesi.it\/wp-content\/uploads\/2019\/10\/SAF-S.R.L-1-300x244.jpg 300w, https:\/\/www.clesi.it\/wp-content\/uploads\/2019\/10\/SAF-S.R.L-1-768x625.jpg 768w\" sizes=\"(max-width: 1024px) 100vw, 1024px\" \/><div class=\"eedee-background-div__overlay\" style=\"opacity:1;\"><\/div><\/div><div class=\"slide-content\">\n\n<p class=\"has-text-align-center gutenslider-content-initial has-larger-font-size\"><\/p>\n\n<\/div><\/div>\n\n<div class=\"swiper-slide wp-block-eedee-block-gutenslide is-position-center-center ed-bg-image\" style=\"--ed-vw:300;--ed-vh:224;\" data-hash=\"\"><div class=\"eedee-background-div bg-image\"><img loading=\"lazy\" width=\"1024\" height=\"765\" class=\"wp-image-76172\" src=\"https:\/\/www.clesi.it\/wp-content\/uploads\/2019\/10\/SAF-SRL-MZ-IMMOBILIARE-SRL-2-1-1024x765.jpg\" alt=\"\" decoding=\"async\" style=\"object-fit: cover; object-position: 50% 50%;\"  data-title=\"SAF-SRL---MZ-IMMOBILIARE-SRL-2\" srcset=\"https:\/\/www.clesi.it\/wp-content\/uploads\/2019\/10\/SAF-SRL-MZ-IMMOBILIARE-SRL-2-1.jpg 1024w, https:\/\/www.clesi.it\/wp-content\/uploads\/2019\/10\/SAF-SRL-MZ-IMMOBILIARE-SRL-2-1-300x224.jpg 300w, https:\/\/www.clesi.it\/wp-content\/uploads\/2019\/10\/SAF-SRL-MZ-IMMOBILIARE-SRL-2-1-768x574.jpg 768w\" sizes=\"(max-width: 1024px) 100vw, 1024px\" \/><div class=\"eedee-background-div__overlay\" style=\"opacity:1;\"><\/div><\/div><div class=\"slide-content\">\n\n<p class=\"has-text-align-center gutenslider-content-initial has-larger-font-size\"><\/p>\n\n<\/div><\/div>\n<\/div><\/div><button class=\"eedee-gutenslider-nav eedee-gutenslider-prev\"><svg xmlns=\"http:\/\/www.w3.org\/2000\/svg\" viewBox=\"0 0 24 24\" width=\"24\" height=\"24\"><circle class=\"bg\" cx=\"13\" cy=\"12\" r=\"11\" \/><path fill=\"none\" d=\"M0 0h24v24H0z\"\/><path class=\"arrow\" d=\"M10.828 12l4.95 4.95-1.414 1.414L8 12l6.364-6.364 1.414 1.414z\"\/><\/svg><\/button><button class=\"eedee-gutenslider-nav eedee-gutenslider-next\"><svg xmlns=\"http:\/\/www.w3.org\/2000\/svg\" viewBox=\"0 0 24 24\" width=\"24\" height=\"24\"><circle class=\"bg\" cx=\"11\" cy=\"12\" r=\"11\" \/><path fill=\"none\" d=\"M0 0h24v24H0z\"\/><path class=\"arrow\" d=\"M13.172 12l-4.95-4.95 1.414-1.414L16 12l-6.364 6.364-1.414-1.414z\"\/><\/svg><\/button><div class=\"eedee-gutenslider-pagination\"><\/div><div class=\"gutenslider-divider-bottom \" style=\"color:#fff;\"><\/div><\/div><\/div><\/div>\n\n\n\n<div class=\"wp-container-5 wp-block-column\">\n<div style=\"height:30px\" aria-hidden=\"true\" class=\"wp-block-spacer\"><\/div>\n\n\n\n<h2 class=\"h2-custom\">Brosch\u00fcre<\/h2>\n\n\n\n<figure class=\"wp-block-image size-medium is-resized\"><img loading=\"lazy\" src=\"https:\/\/www.clesi.it\/wp-content\/uploads\/2020\/10\/anteprima-brochure-300x141.png\" alt=\"\" class=\"wp-image-76319\" width=\"225\" height=\"106\" srcset=\"https:\/\/www.clesi.it\/wp-content\/uploads\/2020\/10\/anteprima-brochure-300x141.png 300w, https:\/\/www.clesi.it\/wp-content\/uploads\/2020\/10\/anteprima-brochure-768x360.png 768w, https:\/\/www.clesi.it\/wp-content\/uploads\/2020\/10\/anteprima-brochure-1024x480.png 1024w\" sizes=\"(max-width: 225px) 100vw, 225px\" \/><\/figure>\n\n\n\n<div class=\"wp-block-button down\"><a class=\"wp-block-button__link\" href=\"https:\/\/www.clesi.it\/wp-content\/uploads\/2024\/11\/Strutture-e-coperture_de.pdf\" target=\"_blank\" rel=\"noreferrer noopener\">Download<\/a><\/div>\n<\/div>\n<\/div>\n","protected":false},"excerpt":{"rendered":"<p>Das Dual-Slope-System: eine dynamische L\u00f6sung f\u00fcr wachsende Unternehmen EINE INNOVATIVE UND EFFEKTIVE TECHNISCHE L\u00d6SUNG Delta ist ein Stahlbeton-Fertigteilsystem, das sich ideal f\u00fcr Industrie-, Gewerbe-, Landwirtschafts- oder Ausstellungshallen eignet. Delta hat eine nutzbare Innenh\u00f6he, die je nach Bedarf des Unternehmens variiert, so dass Spannweiten von bis zu 45 m erreicht werden k\u00f6nnen, ohne dass Pfeiler im [&hellip;]<\/p>\n","protected":false},"author":1,"featured_media":78755,"parent":78948,"menu_order":0,"comment_status":"closed","ping_status":"closed","template":"","meta":[],"_links":{"self":[{"href":"https:\/\/www.clesi.it\/de\/wp-json\/wp\/v2\/pages\/78965"}],"collection":[{"href":"https:\/\/www.clesi.it\/de\/wp-json\/wp\/v2\/pages"}],"about":[{"href":"https:\/\/www.clesi.it\/de\/wp-json\/wp\/v2\/types\/page"}],"author":[{"embeddable":true,"href":"https:\/\/www.clesi.it\/de\/wp-json\/wp\/v2\/users\/1"}],"replies":[{"embeddable":true,"href":"https:\/\/www.clesi.it\/de\/wp-json\/wp\/v2\/comments?post=78965"}],"version-history":[{"count":2,"href":"https:\/\/www.clesi.it\/de\/wp-json\/wp\/v2\/pages\/78965\/revisions"}],"predecessor-version":[{"id":80357,"href":"https:\/\/www.clesi.it\/de\/wp-json\/wp\/v2\/pages\/78965\/revisions\/80357"}],"up":[{"embeddable":true,"href":"https:\/\/www.clesi.it\/de\/wp-json\/wp\/v2\/pages\/78948"}],"wp:featuredmedia":[{"embeddable":true,"href":"https:\/\/www.clesi.it\/de\/wp-json\/wp\/v2\/media\/78755"}],"wp:attachment":[{"href":"https:\/\/www.clesi.it\/de\/wp-json\/wp\/v2\/media?parent=78965"}],"curies":[{"name":"wp","href":"https:\/\/api.w.org\/{rel}","templated":true}]}}