{"id":78988,"date":"2023-05-16T11:57:44","date_gmt":"2023-05-16T09:57:44","guid":{"rendered":"https:\/\/www.clesi.it\/sistemi-costruttivi\/president\/"},"modified":"2024-11-19T15:08:35","modified_gmt":"2024-11-19T14:08:35","slug":"president","status":"publish","type":"page","link":"https:\/\/www.clesi.it\/de\/sistemi-costruttivi\/president\/","title":{"rendered":"President"},"content":{"rendered":"\n<blockquote class=\"wp-block-quote\"><p>Der Ziegel mit der gr\u00f6\u00dften Vielseitigkeit in der Anwendung<\/p><\/blockquote>\n\n\n<div id=\"gutenslider-frdymn5ld\" class=\"wp-block-eedee-block-gutenslider gs-frontend content-change alignnone adaptive-height adaptive-height-md adaptive-height-sm arrow-style-1 arrow-position-sides arrow-mb-none arrows-lg arrows-md arrows-sm dot-style-1 dots-lg-none dots-md-none dots-sm-none dot-position-bottom is-position-center-center mb-none wrap-auto-height\" data-parallax-direction=\"down\" data-parallax-amount=\"1.3\" data-lg-transition=\"lg-slide\" data-hash=\"\" ><div class=\"eedee-swiper-outer\" style=\"--gutenslider-min-height: 50vh;--gutenslider-arrow-size: 30px;--gutenslider-dot-size: 25px;--gutenslider-arrow-color: #000000;--gutenslider-dot-color: #ffffff;--gutenslider-padding-y-mobile: 40px;--gutenslider-padding-x-mobile: 40px;--gutenslider-padding-y-tablet: 40px;--gutenslider-padding-x-tablet: 40px;--gutenslider-padding-y-desktop: 40px;--gutenslider-padding-x-desktop: 40px;--gutenslider-bg-image: url();--gutenslider-min-height-md: 50vh;--gutenslider-min-height-sm: 50vh;--gutenslider-padding-x: 40px;--gutenslider-padding-x-md: 40px;--gutenslider-padding-x-sm: 20px;--gutenslider-padding-y: 40px;--gutenslider-padding-y-md: 40px;--gutenslider-padding-y-sm: 20px;--gutenslider-arrow-size-md: 30px;--gutenslider-arrow-size-sm: 30px;--gutenslider-dot-size-md: 25px;--gutenslider-dot-size-sm: 25px;--gutenslider-arrow-bg-color: transparent;--gutenslider-arrow-hover-color: #000000bb;--gutenslider-arrow-bg-hover-color: transparent;--gutenslider-arrow-x-offset: 10px;--gutenslider-arrow-x-offset-md: 10px;--gutenslider-arrow-x-offset-sm: 10px;--gutenslider-arrow-y-offset: 0px;--gutenslider-arrow-y-offset-md: 0px;--gutenslider-arrow-y-offset-sm: 0px;--gutenslider-arrow-x-spacing: 0px;--gutenslider-dot-y-offset: 10px;--gutenslider-dot-y-offset-md: 10px;--gutenslider-dot-y-offset-sm: 10px;--gutenslider-margin-x: 0px;--gutenslider-margin-x-md: 0px;--gutenslider-margin-x-sm: 0px;--gutenslider-margin-y: 0px;--gutenslider-margin-y-md: 0px;--gutenslider-margin-y-sm: 0px;--gutenslider-divider-top: 60px;--gutenslider-divider-bottom: 60px;--gutenslider-lightgallery-bg: #ffffff;--gutenslider-lightgallery-font: #000000;--gs-first-pos: 50% 50%;--gs-gap-vertical: var( --wp--style--gallery-gap-default, var( --gallery-block--gutter-size, var( --wp--style--block-gap, 0.5em ) ) );--gs-gap-horizontal: var( --wp--style--gallery-gap-default, var( --gallery-block--gutter-size, var( --wp--style--block-gap, 0.5em ) ) );\"><div class=\"gutenslider-divider-top\" style=\"color:#fff;\"><\/div><div class=\"swiper\" data-settings='{\"autoplay\":{\"delay\":3000,\"pauseOnMouseEnter\":true,\"disableOnInteraction\":false},\"speed\":700,\"direction\":\"horizontal\",\"autoHeight\":\"1\",\"loop\":true,\"centeredSlides\":true,\"spaceBetween\":0,\"slidesPerView\":1,\"slidesPerGroup\":1,\"effect\":\"slide\",\"coverflowEffect\":{\"rotate\":30,\"slideShadows\":false,\"depth\":100,\"stretch\":50,\"modifier\":1},\"fadeEffect\":{\"crossFade\":true},\"zoom\":\"\",\"navigation\":{\"nextEl\":\"#gutenslider-frdymn5ld .eedee-gutenslider-next\",\"prevEl\":\"#gutenslider-frdymn5ld .eedee-gutenslider-prev\"},\"pagination\":{\"type\":\"bullets\",\"clickable\":true,\"dynamicBullets\":false,\"el\":\"#gutenslider-frdymn5ld .eedee-gutenslider-pagination\"},\"pauseOnHover\":\"1\",\"watchSlidesProgress\":true,\"watchSlidesVisibility\":true,\"settingsMd\":{\"autoHeight\":\"1\",\"slidesPerView\":1,\"slidesPerGroup\":1,\"spaceBetween\":0,\"loop\":true},\"settingsLg\":{\"autoHeight\":\"1\",\"slidesPerView\":1,\"slidesPerGroup\":1,\"spaceBetween\":0,\"loop\":true},\"hasLg\":false,\"hasLgCounter\":true,\"isFullScreen\":false,\"arrowsFollowMouse\":false,\"lgTitle\":\"none\",\"lgCaption\":\"none\",\"lgThumbnails\":true,\"lgZoomEnabled\":false,\"keyboard\":{\"keyboard\":{\"enabled\":true,\"onlyInViewport\":true}},\"hashNavigation\":false,\"dividers\":false}'><div class=\"swiper-wrapper\">\n<div class=\"swiper-slide wp-block-eedee-block-gutenslide is-position-center-center ed-bg-image\" style=\"--ed-vw:300;--ed-vh:159;\" data-hash=\"\"><div class=\"eedee-background-div bg-image\"><img loading=\"lazy\" width=\"1024\" height=\"542\" class=\"wp-image-80574\" src=\"https:\/\/www.clesi.it\/wp-content\/uploads\/2024\/11\/slider-president-01-2-1024x542.webp\" alt=\"\" decoding=\"async\" style=\"object-fit: cover; object-position: 50% 50%;\"  data-title=\"slider president-01\" srcset=\"https:\/\/www.clesi.it\/wp-content\/uploads\/2024\/11\/slider-president-01-2-1024x542.webp 1024w, https:\/\/www.clesi.it\/wp-content\/uploads\/2024\/11\/slider-president-01-2-300x159.webp 300w, https:\/\/www.clesi.it\/wp-content\/uploads\/2024\/11\/slider-president-01-2-768x406.webp 768w, https:\/\/www.clesi.it\/wp-content\/uploads\/2024\/11\/slider-president-01-2-50x26.webp 50w, https:\/\/www.clesi.it\/wp-content\/uploads\/2024\/11\/slider-president-01-2.webp 1200w\" sizes=\"(max-width: 1024px) 100vw, 1024px\" \/><div class=\"eedee-background-div__overlay\" style=\"opacity:1;\"><\/div><\/div><div class=\"slide-content\">\n\n<p class=\"has-text-align-center gutenslider-content-initial has-larger-font-size\"><\/p>\n\n<\/div><\/div>\n\n<div class=\"swiper-slide wp-block-eedee-block-gutenslide is-position-center-center ed-bg-image\" style=\"--ed-vw:300;--ed-vh:159;\" data-hash=\"\"><div class=\"eedee-background-div bg-image\"><img loading=\"lazy\" width=\"1024\" height=\"542\" class=\"wp-image-80568\" src=\"https:\/\/www.clesi.it\/wp-content\/uploads\/2024\/11\/slider-president-02-2-1024x542.webp\" alt=\"\" decoding=\"async\" style=\"object-fit: cover; object-position: 50% 50%;\"  data-title=\"slider president-02\" srcset=\"https:\/\/www.clesi.it\/wp-content\/uploads\/2024\/11\/slider-president-02-2-1024x542.webp 1024w, https:\/\/www.clesi.it\/wp-content\/uploads\/2024\/11\/slider-president-02-2-300x159.webp 300w, https:\/\/www.clesi.it\/wp-content\/uploads\/2024\/11\/slider-president-02-2-768x406.webp 768w, https:\/\/www.clesi.it\/wp-content\/uploads\/2024\/11\/slider-president-02-2-50x26.webp 50w, https:\/\/www.clesi.it\/wp-content\/uploads\/2024\/11\/slider-president-02-2.webp 1200w\" sizes=\"(max-width: 1024px) 100vw, 1024px\" \/><div class=\"eedee-background-div__overlay\" style=\"opacity:1;\"><\/div><\/div><div class=\"slide-content\">\n\n<p class=\"has-text-align-center gutenslider-content-initial has-larger-font-size\"><\/p>\n\n<\/div><\/div>\n\n<div class=\"swiper-slide wp-block-eedee-block-gutenslide is-position-center-center ed-bg-image\" style=\"--ed-vw:300;--ed-vh:159;\" data-hash=\"\"><div class=\"eedee-background-div bg-image\"><img loading=\"lazy\" width=\"1024\" height=\"542\" class=\"wp-image-80562\" src=\"https:\/\/www.clesi.it\/wp-content\/uploads\/2024\/11\/slider-president-03-2-1024x542.webp\" alt=\"\" decoding=\"async\" style=\"object-fit: cover; object-position: 50% 50%;\"  data-title=\"slider president-03\" srcset=\"https:\/\/www.clesi.it\/wp-content\/uploads\/2024\/11\/slider-president-03-2-1024x542.webp 1024w, https:\/\/www.clesi.it\/wp-content\/uploads\/2024\/11\/slider-president-03-2-300x159.webp 300w, https:\/\/www.clesi.it\/wp-content\/uploads\/2024\/11\/slider-president-03-2-768x406.webp 768w, https:\/\/www.clesi.it\/wp-content\/uploads\/2024\/11\/slider-president-03-2-50x26.webp 50w, https:\/\/www.clesi.it\/wp-content\/uploads\/2024\/11\/slider-president-03-2.webp 1200w\" sizes=\"(max-width: 1024px) 100vw, 1024px\" \/><div class=\"eedee-background-div__overlay\" style=\"opacity:1;\"><\/div><\/div><div class=\"slide-content\">\n\n<p class=\"has-text-align-center gutenslider-content-initial has-larger-font-size\"><\/p>\n\n<\/div><\/div>\n\n<div class=\"swiper-slide wp-block-eedee-block-gutenslide is-position-center-center ed-bg-image\" style=\"--ed-vw:300;--ed-vh:159;\" data-hash=\"\"><div class=\"eedee-background-div bg-image\"><img loading=\"lazy\" width=\"1024\" height=\"542\" class=\"wp-image-80556\" src=\"https:\/\/www.clesi.it\/wp-content\/uploads\/2024\/11\/slider-president-04-2-1024x542.webp\" alt=\"\" decoding=\"async\" style=\"object-fit: cover; object-position: 50% 50%;\"  data-title=\"slider president-04\" srcset=\"https:\/\/www.clesi.it\/wp-content\/uploads\/2024\/11\/slider-president-04-2-1024x542.webp 1024w, https:\/\/www.clesi.it\/wp-content\/uploads\/2024\/11\/slider-president-04-2-300x159.webp 300w, https:\/\/www.clesi.it\/wp-content\/uploads\/2024\/11\/slider-president-04-2-768x406.webp 768w, https:\/\/www.clesi.it\/wp-content\/uploads\/2024\/11\/slider-president-04-2-50x26.webp 50w, https:\/\/www.clesi.it\/wp-content\/uploads\/2024\/11\/slider-president-04-2.webp 1200w\" sizes=\"(max-width: 1024px) 100vw, 1024px\" \/><div class=\"eedee-background-div__overlay\" style=\"opacity:1;\"><\/div><\/div><div class=\"slide-content\">\n\n<p class=\"has-text-align-center gutenslider-content-initial has-larger-font-size\"><\/p>\n\n<\/div><\/div>\n\n<div class=\"swiper-slide wp-block-eedee-block-gutenslide is-position-center-center ed-bg-image\" style=\"--ed-vw:300;--ed-vh:159;\" data-hash=\"\"><div class=\"eedee-background-div bg-image\"><img loading=\"lazy\" width=\"1024\" height=\"542\" class=\"wp-image-80550\" src=\"https:\/\/www.clesi.it\/wp-content\/uploads\/2024\/11\/slider-president-05-2-1024x542.webp\" alt=\"\" decoding=\"async\" style=\"object-fit: cover; object-position: 50% 50%;\"  data-title=\"slider president-05\" srcset=\"https:\/\/www.clesi.it\/wp-content\/uploads\/2024\/11\/slider-president-05-2-1024x542.webp 1024w, https:\/\/www.clesi.it\/wp-content\/uploads\/2024\/11\/slider-president-05-2-300x159.webp 300w, https:\/\/www.clesi.it\/wp-content\/uploads\/2024\/11\/slider-president-05-2-768x406.webp 768w, https:\/\/www.clesi.it\/wp-content\/uploads\/2024\/11\/slider-president-05-2-50x26.webp 50w, https:\/\/www.clesi.it\/wp-content\/uploads\/2024\/11\/slider-president-05-2.webp 1200w\" sizes=\"(max-width: 1024px) 100vw, 1024px\" \/><div class=\"eedee-background-div__overlay\" style=\"opacity:1;\"><\/div><\/div><div class=\"slide-content\">\n\n<p class=\"has-text-align-center gutenslider-content-initial has-larger-font-size\"><\/p>\n\n<\/div><\/div>\n<\/div><\/div><button class=\"eedee-gutenslider-nav eedee-gutenslider-prev\"><svg xmlns=\"http:\/\/www.w3.org\/2000\/svg\" viewBox=\"0 0 24 24\" width=\"24\" height=\"24\"><circle class=\"bg\" cx=\"13\" cy=\"12\" r=\"11\" \/><path fill=\"none\" d=\"M0 0h24v24H0z\"\/><path class=\"arrow\" d=\"M10.828 12l4.95 4.95-1.414 1.414L8 12l6.364-6.364 1.414 1.414z\"\/><\/svg><\/button><button class=\"eedee-gutenslider-nav eedee-gutenslider-next\"><svg xmlns=\"http:\/\/www.w3.org\/2000\/svg\" viewBox=\"0 0 24 24\" width=\"24\" height=\"24\"><circle class=\"bg\" cx=\"11\" cy=\"12\" r=\"11\" \/><path fill=\"none\" d=\"M0 0h24v24H0z\"\/><path class=\"arrow\" d=\"M13.172 12l-4.95-4.95 1.414-1.414L16 12l-6.364 6.364-1.414-1.414z\"\/><\/svg><\/button><div class=\"eedee-gutenslider-pagination\"><\/div><div class=\"gutenslider-divider-bottom \" style=\"color:#fff;\"><\/div><\/div><\/div>\n\n\n<div style=\"height:50px\" aria-hidden=\"true\" class=\"wp-block-spacer\"><\/div>\n\n\n\n<p>Die President-Ziegel haben einen \u201eOmega\u201c-Querschnitt, bei dem die vertikalen W\u00e4nde an der Au\u00dfenseite aus der flachen Platte hervortreten und einen riesigen nat\u00fcrlichen Kanal zum Sammeln und Ableiten von Regenwasser bilden. Die Ringf\u00fchrung des Profils an den unteren Enden erm\u00f6glicht eine optimale Verteilung der Vorspannbewehrung, eine wirksame nat\u00fcrliche Abst\u00fctzung eventueller Deckenelemente sowie eine nicht einsehbare Schiene f\u00fcr kleine Kabelkan\u00e4le oder Befestigungen f\u00fcr eventuelle Verkleidungen, die an der Untersicht des Dachziegels angebracht werden.<\/p>\n\n\n\n<p>Der Anstrich ist eine halb abwaschbare wei\u00dfe Farbe auf der Basis eines anionischen Harzes in Wasserdispersion.<\/p>\n\n\n\n<p>Der Dachziegel wird an der Au\u00dfenseite isoliert, indem eine Isolierplatte auf die Platte gelegt wird, w\u00e4hrend die Abdichtung mit Aluzink-Platten erfolgt, die mit einer automatischen Klammermaschine gefalzt werden, die einen perfekten Verschluss der \u00dcberlappungen garantiert. Die beachtliche und \u00e4sthetische Breite der Fl\u00e4che bietet gro\u00dfe M\u00f6glichkeiten in Bezug auf die Praktikabilit\u00e4t und die Installation von Anlagen und Maschinen.<\/p>\n\n\n\n<p>Zwischen die Ziegel werden isolierte Deckenplatten auf Aluzink-Dachbahnen gelegt.<\/p>\n\n\n\n<p>Der so entstehende Hohlraum bildet eine Bel\u00fcftungskammer mit dem Effekt eines kalten Daches&#8220;, was sich positiv auf den thermischen Komfort auswirkt.<\/p>\n","protected":false},"excerpt":{"rendered":"<p>Der Ziegel mit der gr\u00f6\u00dften Vielseitigkeit in der Anwendung Die President-Ziegel haben einen \u201eOmega\u201c-Querschnitt, bei dem die vertikalen W\u00e4nde an der Au\u00dfenseite aus der flachen Platte hervortreten und einen riesigen nat\u00fcrlichen Kanal zum Sammeln und Ableiten von Regenwasser bilden. Die Ringf\u00fchrung des Profils an den unteren Enden erm\u00f6glicht eine optimale Verteilung der Vorspannbewehrung, eine wirksame [&hellip;]<\/p>\n","protected":false},"author":5,"featured_media":78974,"parent":78948,"menu_order":0,"comment_status":"closed","ping_status":"closed","template":"","meta":[],"_links":{"self":[{"href":"https:\/\/www.clesi.it\/de\/wp-json\/wp\/v2\/pages\/78988"}],"collection":[{"href":"https:\/\/www.clesi.it\/de\/wp-json\/wp\/v2\/pages"}],"about":[{"href":"https:\/\/www.clesi.it\/de\/wp-json\/wp\/v2\/types\/page"}],"author":[{"embeddable":true,"href":"https:\/\/www.clesi.it\/de\/wp-json\/wp\/v2\/users\/5"}],"replies":[{"embeddable":true,"href":"https:\/\/www.clesi.it\/de\/wp-json\/wp\/v2\/comments?post=78988"}],"version-history":[{"count":3,"href":"https:\/\/www.clesi.it\/de\/wp-json\/wp\/v2\/pages\/78988\/revisions"}],"predecessor-version":[{"id":80580,"href":"https:\/\/www.clesi.it\/de\/wp-json\/wp\/v2\/pages\/78988\/revisions\/80580"}],"up":[{"embeddable":true,"href":"https:\/\/www.clesi.it\/de\/wp-json\/wp\/v2\/pages\/78948"}],"wp:featuredmedia":[{"embeddable":true,"href":"https:\/\/www.clesi.it\/de\/wp-json\/wp\/v2\/media\/78974"}],"wp:attachment":[{"href":"https:\/\/www.clesi.it\/de\/wp-json\/wp\/v2\/media?parent=78988"}],"curies":[{"name":"wp","href":"https:\/\/api.w.org\/{rel}","templated":true}]}}