{"id":78990,"date":"2017-01-20T00:01:37","date_gmt":"2017-01-19T23:01:37","guid":{"rendered":"https:\/\/www.clesi.it\/pannelli-prefabbricati\/"},"modified":"2024-11-19T15:09:19","modified_gmt":"2024-11-19T14:09:19","slug":"pannelli-prefabbricati","status":"publish","type":"page","link":"https:\/\/www.clesi.it\/de\/pannelli-prefabbricati\/","title":{"rendered":"Ausfachungsplatten"},"content":{"rendered":"<div id=\"gutenslider-7xpebp302\" class=\"wp-block-eedee-block-gutenslider gs-frontend content-change alignnone adaptive-height arrow-style-1 arrow-position-sides arrow-mb-none arrows-lg arrows-md arrows-sm dot-style-1 dots-lg-none dots-md-none dots-sm-none dot-position-bottom is-position-center-center mb-none wrap-auto-height\" data-parallax-direction=\"down\" data-parallax-amount=\"1.3\" data-lg-transition=\"lg-slide\" data-hash=\"\" ><div class=\"eedee-swiper-outer\" style=\"--gutenslider-min-height: 50vh;--gutenslider-arrow-size: 30px;--gutenslider-dot-size: 25px;--gutenslider-arrow-color: #000000;--gutenslider-dot-color: #ffffff;--gutenslider-padding-y-mobile: 40px;--gutenslider-padding-x-mobile: 40px;--gutenslider-padding-y-tablet: 40px;--gutenslider-padding-x-tablet: 40px;--gutenslider-padding-y-desktop: 40px;--gutenslider-padding-x-desktop: 40px;--gutenslider-bg-image: url();--gutenslider-min-height-md: 50vh;--gutenslider-min-height-sm: 50vh;--gutenslider-padding-x: 40px;--gutenslider-padding-x-md: 40px;--gutenslider-padding-x-sm: 20px;--gutenslider-padding-y: 40px;--gutenslider-padding-y-md: 40px;--gutenslider-padding-y-sm: 20px;--gutenslider-arrow-size-md: 30px;--gutenslider-arrow-size-sm: 30px;--gutenslider-dot-size-md: 25px;--gutenslider-dot-size-sm: 25px;--gutenslider-arrow-bg-color: transparent;--gutenslider-arrow-hover-color: #000000bb;--gutenslider-arrow-bg-hover-color: transparent;--gutenslider-arrow-x-offset: 10px;--gutenslider-arrow-x-offset-md: 10px;--gutenslider-arrow-x-offset-sm: 10px;--gutenslider-arrow-y-offset: 0px;--gutenslider-arrow-y-offset-md: 0px;--gutenslider-arrow-y-offset-sm: 0px;--gutenslider-arrow-x-spacing: 0px;--gutenslider-dot-y-offset: 10px;--gutenslider-dot-y-offset-md: 10px;--gutenslider-dot-y-offset-sm: 10px;--gutenslider-margin-x: 0px;--gutenslider-margin-x-md: 0px;--gutenslider-margin-x-sm: 0px;--gutenslider-margin-y: 0px;--gutenslider-margin-y-md: 0px;--gutenslider-margin-y-sm: 0px;--gutenslider-divider-top: 60px;--gutenslider-divider-bottom: 60px;--gutenslider-lightgallery-bg: #ffffff;--gutenslider-lightgallery-font: #000000;--gs-first-pos: 50% 50%;--gs-gap-vertical: var( --wp--style--gallery-gap-default, var( --gallery-block--gutter-size, var( --wp--style--block-gap, 0.5em ) ) );--gs-gap-horizontal: var( --wp--style--gallery-gap-default, var( --gallery-block--gutter-size, var( --wp--style--block-gap, 0.5em ) ) );\"><div class=\"gutenslider-divider-top\" style=\"color:#fff;\"><\/div><div class=\"swiper\" data-settings='{\"autoplay\":{\"delay\":3000,\"pauseOnMouseEnter\":true,\"disableOnInteraction\":false},\"speed\":700,\"direction\":\"horizontal\",\"autoHeight\":\"\",\"loop\":true,\"centeredSlides\":true,\"spaceBetween\":0,\"slidesPerView\":1,\"slidesPerGroup\":1,\"effect\":\"slide\",\"coverflowEffect\":{\"rotate\":30,\"slideShadows\":false,\"depth\":100,\"stretch\":50,\"modifier\":1},\"fadeEffect\":{\"crossFade\":true},\"zoom\":\"\",\"navigation\":{\"nextEl\":\"#gutenslider-7xpebp302 .eedee-gutenslider-next\",\"prevEl\":\"#gutenslider-7xpebp302 .eedee-gutenslider-prev\"},\"pagination\":{\"type\":\"bullets\",\"clickable\":true,\"dynamicBullets\":false,\"el\":\"#gutenslider-7xpebp302 .eedee-gutenslider-pagination\"},\"pauseOnHover\":\"1\",\"watchSlidesProgress\":true,\"watchSlidesVisibility\":true,\"settingsMd\":{\"autoHeight\":\"\",\"slidesPerView\":1,\"slidesPerGroup\":1,\"spaceBetween\":0,\"loop\":true},\"settingsLg\":{\"autoHeight\":\"1\",\"slidesPerView\":1,\"slidesPerGroup\":1,\"spaceBetween\":0,\"loop\":true},\"hasLg\":false,\"hasLgCounter\":true,\"isFullScreen\":false,\"arrowsFollowMouse\":false,\"lgTitle\":\"none\",\"lgCaption\":\"none\",\"lgThumbnails\":true,\"lgZoomEnabled\":false,\"keyboard\":{\"keyboard\":{\"enabled\":true,\"onlyInViewport\":true}},\"hashNavigation\":false,\"dividers\":false}'><div class=\"swiper-wrapper\">\n<div class=\"swiper-slide wp-block-eedee-block-gutenslide is-position-center-center ed-bg-image\" style=\"--ed-vw:300;--ed-vh:159;\" data-hash=\"\"><div class=\"eedee-background-div bg-image\"><img loading=\"lazy\" width=\"1024\" height=\"542\" class=\"wp-image-80581\" src=\"https:\/\/www.clesi.it\/wp-content\/uploads\/2024\/11\/pannelli-tamponamento-1-1-1024x542.webp\" alt=\"\" decoding=\"async\" style=\"object-fit: cover; object-position: 50% 50%;\"  data-title=\"pannelli-tamponamento-1\" srcset=\"https:\/\/www.clesi.it\/wp-content\/uploads\/2024\/11\/pannelli-tamponamento-1-1-1024x542.webp 1024w, https:\/\/www.clesi.it\/wp-content\/uploads\/2024\/11\/pannelli-tamponamento-1-1-300x159.webp 300w, https:\/\/www.clesi.it\/wp-content\/uploads\/2024\/11\/pannelli-tamponamento-1-1-768x406.webp 768w, https:\/\/www.clesi.it\/wp-content\/uploads\/2024\/11\/pannelli-tamponamento-1-1-50x26.webp 50w, https:\/\/www.clesi.it\/wp-content\/uploads\/2024\/11\/pannelli-tamponamento-1-1-1600x846.webp 1600w, https:\/\/www.clesi.it\/wp-content\/uploads\/2024\/11\/pannelli-tamponamento-1-1-1536x812.webp 1536w, https:\/\/www.clesi.it\/wp-content\/uploads\/2024\/11\/pannelli-tamponamento-1-1.webp 1813w\" sizes=\"(max-width: 1024px) 100vw, 1024px\" \/><div class=\"eedee-background-div__overlay\" style=\"opacity:1;\"><\/div><\/div><div class=\"slide-content\">\n\n<p class=\"has-text-align-center gutenslider-content-initial has-larger-font-size\"><\/p>\n\n<\/div><\/div>\n\n<div class=\"swiper-slide wp-block-eedee-block-gutenslide is-position-center-center ed-bg-image\" style=\"--ed-vw:300;--ed-vh:159;\" data-hash=\"\"><div class=\"eedee-background-div bg-image\"><img loading=\"lazy\" width=\"1024\" height=\"542\" class=\"wp-image-80587\" src=\"https:\/\/www.clesi.it\/wp-content\/uploads\/2024\/11\/pannelli-tamponamento2-1-1024x542.webp\" alt=\"\" decoding=\"async\" style=\"object-fit: cover; object-position: 50% 50%;\"  data-title=\"pannelli-tamponamento2\" srcset=\"https:\/\/www.clesi.it\/wp-content\/uploads\/2024\/11\/pannelli-tamponamento2-1-1024x542.webp 1024w, https:\/\/www.clesi.it\/wp-content\/uploads\/2024\/11\/pannelli-tamponamento2-1-300x159.webp 300w, https:\/\/www.clesi.it\/wp-content\/uploads\/2024\/11\/pannelli-tamponamento2-1-768x406.webp 768w, https:\/\/www.clesi.it\/wp-content\/uploads\/2024\/11\/pannelli-tamponamento2-1-50x26.webp 50w, https:\/\/www.clesi.it\/wp-content\/uploads\/2024\/11\/pannelli-tamponamento2-1-1600x846.webp 1600w, https:\/\/www.clesi.it\/wp-content\/uploads\/2024\/11\/pannelli-tamponamento2-1-1536x812.webp 1536w, https:\/\/www.clesi.it\/wp-content\/uploads\/2024\/11\/pannelli-tamponamento2-1.webp 1813w\" sizes=\"(max-width: 1024px) 100vw, 1024px\" \/><div class=\"eedee-background-div__overlay\" style=\"opacity:1;\"><\/div><\/div><div class=\"slide-content\">\n\n<p class=\"has-text-align-center gutenslider-content-initial has-larger-font-size\"><\/p>\n\n<\/div><\/div>\n<\/div><\/div><button class=\"eedee-gutenslider-nav eedee-gutenslider-prev\"><svg xmlns=\"http:\/\/www.w3.org\/2000\/svg\" viewBox=\"0 0 24 24\" width=\"24\" height=\"24\"><circle class=\"bg\" cx=\"13\" cy=\"12\" r=\"11\" \/><path fill=\"none\" d=\"M0 0h24v24H0z\"\/><path class=\"arrow\" d=\"M10.828 12l4.95 4.95-1.414 1.414L8 12l6.364-6.364 1.414 1.414z\"\/><\/svg><\/button><button class=\"eedee-gutenslider-nav eedee-gutenslider-next\"><svg xmlns=\"http:\/\/www.w3.org\/2000\/svg\" viewBox=\"0 0 24 24\" width=\"24\" height=\"24\"><circle class=\"bg\" cx=\"11\" cy=\"12\" r=\"11\" \/><path fill=\"none\" d=\"M0 0h24v24H0z\"\/><path class=\"arrow\" d=\"M13.172 12l-4.95-4.95 1.414-1.414L16 12l-6.364 6.364-1.414-1.414z\"\/><\/svg><\/button><div class=\"eedee-gutenslider-pagination\"><\/div><div class=\"gutenslider-divider-bottom \" style=\"color:#fff;\"><\/div><\/div><\/div>\n\n\n<div style=\"height:40px\" aria-hidden=\"true\" class=\"wp-block-spacer\"><\/div>\n\n\n\n<h2 class=\"h2-custom\"><strong>3 VORGEFERTIGTE PLATTEN F\u00dcR ALLE ARTEN VON BAUWERKEN<\/strong><\/h2>\n\n\n\n<p>Clesi Prefabbricati entwirft, fertigt und vertreibt vorgefertigte Ausfachungsplatten f\u00fcr den Gewerbe-, Wohn-, Industrie- und Sozialbau. Unsere vorgefertigten Paneele vereinen Zweckm\u00e4\u00dfigkeit, schnelle Ausf\u00fchrung, kurze Verlegezeiten, Wartungsfreiheit und einen hohen \u00e4sthetischen Wert dank der zahlreichen, dem Kunden vorgeschlagenen Anpassungen (K\u00f6rnungen, Matrizen, usw.)<\/p>\n\n\n\n<p>Unsere vorgefertigten Paneele k\u00f6nnen je nach Art des Bauwerks, f\u00fcr das sie bestimmt sind, in massiver oder leichter Ausf\u00fchrung und mit einer W\u00e4rmed\u00e4mmschicht geliefert werden, die den Anforderungen des Gesetzes 311 entspricht und die Einhaltung der energetischen Eigenschaften des Geb\u00e4udes garantiert.<\/p>\n\n\n\n<p>Die Platten von Clesi werden sowohl vertikal als auch horizontal hergestellt und k\u00f6nnen miteinander kombiniert werden, um dem Geb\u00e4ude eine pr\u00e4zise architektonische Identit\u00e4t zu verleihen. <\/p>\n\n\n\n<p>Je nach architektonischen und gestalterischen Anforderungen ist es m\u00f6glich, die Innen- und Au\u00dfenausstattung mit verschiedenen Farben und Materialien zu gestalten.<\/p>\n\n\n\n<p>Weitere Informationen finden Sie auf der Seite Oberfl\u00e4chen.<\/p>\n\n\n\n<p><strong>Externe Oberfl\u00e4chen<\/strong><br>Unsere C.A.V.-Paneele sind mit einer breiten Palette an externen Oberfl\u00e4chen erh\u00e4ltlich. Weitere Informationen finden Sie auf der Seite \u00fcber Oberfl\u00e4chenbehandlungen auf dieser Website. <\/p>\n\n\n\n<p>Innenausbau Unsere Stahlbetonplatten werden normalerweise mit Spritzbeton ausgef\u00fchrt, k\u00f6nnen aber auf Wunsch auch mit glattem Spachtelbeton ausgef\u00fchrt werden.<\/p>\n\n\n\n<p><strong>Feuerbest\u00e4ndigkeit und Schalld\u00e4mmung<\/strong><br>Alle unsere Paneele werden je nach Kundenwunsch in verschiedenen Feuerbest\u00e4ndigkeitsklassen hergestellt. Die Paneele k\u00f6nnen so entworfen und hergestellt werden, dass sie die spezifischen Anforderungen an die Schalld\u00e4mmung gem\u00e4\u00df D.P.C.M. 15\/12\/1997 und die Oberfl\u00e4chenmasse gem\u00e4\u00df den geltenden Vorschriften erf\u00fcllen.<\/p>\n\n\n\n<div style=\"height:60px\" aria-hidden=\"true\" class=\"wp-block-spacer\"><\/div>\n\n\n\n<h2 class=\"h2-custom\">VORGEFERTIGTE STAHLBETONPLATTEN<\/h2>\n\n\n\n<figure class=\"wp-block-image size-large\"><img loading=\"lazy\" width=\"871\" height=\"461\" src=\"https:\/\/www.clesi.it\/wp-content\/uploads\/2019\/03\/pannelli-tamponamento4.png\" alt=\"\" class=\"wp-image-77427\" srcset=\"https:\/\/www.clesi.it\/wp-content\/uploads\/2019\/03\/pannelli-tamponamento4.png 871w, https:\/\/www.clesi.it\/wp-content\/uploads\/2019\/03\/pannelli-tamponamento4-300x159.png 300w, https:\/\/www.clesi.it\/wp-content\/uploads\/2019\/03\/pannelli-tamponamento4-768x406.png 768w\" sizes=\"(max-width: 871px) 100vw, 871px\" \/><\/figure>\n\n\n\n<p>Unsere Platten k\u00f6nnen effektiv f\u00fcr die Herstellung verwendet werden:<\/p>\n\n\n\n<ul><li>Ausfachung von vorgefertigten Stahlbeton- und Spannbetonkonstruktionen;<\/li><li>Ausfachung f\u00fcr Stahlkonstruktionen;<\/li><li>Ausfachung f\u00fcr in-situ Strukturen;<\/li><li>Innentrennw\u00e4nde oder Trennw\u00e4nde.<\/li><\/ul>\n\n\n\n<div style=\"height:35px\" aria-hidden=\"true\" class=\"wp-block-spacer\"><\/div>\n\n\n\n<h2 class=\"h2-custom\" id=\"h2-custom\">LEICHTE PLATTEN<\/h2>\n\n\n\n<figure class=\"wp-block-image size-large\"><img loading=\"lazy\" width=\"871\" height=\"461\" src=\"https:\/\/www.clesi.it\/wp-content\/uploads\/2019\/03\/pannelli-tamponamento5.png\" alt=\"\" class=\"wp-image-77429\" srcset=\"https:\/\/www.clesi.it\/wp-content\/uploads\/2019\/03\/pannelli-tamponamento5.png 871w, https:\/\/www.clesi.it\/wp-content\/uploads\/2019\/03\/pannelli-tamponamento5-300x159.png 300w, https:\/\/www.clesi.it\/wp-content\/uploads\/2019\/03\/pannelli-tamponamento5-768x406.png 768w\" sizes=\"(max-width: 871px) 100vw, 871px\" \/><\/figure>\n\n\n\n<p>Clesi entwirft, produziert und vertreibt vorgefertigte, leichte C.A.V.-Ausfachungsplatten. Die Isolier- und Entlastungsschicht besteht aus Polystyrol mit einer Dichte von 8\/10 kg\/m\u00b3, einer Standardbreite von 2,50 m und einer maximalen H\u00f6he von 13,00 m. <\/p>\n\n\n\n<p>Unsere Paneele k\u00f6nnen effektiv f\u00fcr die Herstellung verwendet werden:<\/p>\n\n\n\n<ul><li>Ausfachung von vorgefertigten Stahlbeton- und Spannbetonkonstruktionen;<\/li><li>Ausfachung der Stahlkonstruktionen;<\/li><li>Ausfachung f\u00fcr Strukturen an Ort und Stelle;<\/li><li>Innentrennw\u00e4nde oder Trennw\u00e4nde.<\/li><\/ul>\n\n\n\n<div style=\"height:40px\" aria-hidden=\"true\" class=\"wp-block-spacer\"><\/div>\n\n\n\n<h2 class=\"h2-custom\"><strong>THERMISCH GESCHNITTENE FERTIGTEILPLATTEN<\/strong><\/h2>\n\n\n\n<figure class=\"wp-block-image size-large\"><img loading=\"lazy\" width=\"871\" height=\"461\" src=\"https:\/\/www.clesi.it\/wp-content\/uploads\/2019\/03\/pannellitamponamento6.png\" alt=\"\" class=\"wp-image-77430\" srcset=\"https:\/\/www.clesi.it\/wp-content\/uploads\/2019\/03\/pannellitamponamento6.png 871w, https:\/\/www.clesi.it\/wp-content\/uploads\/2019\/03\/pannellitamponamento6-300x159.png 300w, https:\/\/www.clesi.it\/wp-content\/uploads\/2019\/03\/pannellitamponamento6-768x406.png 768w\" sizes=\"(max-width: 871px) 100vw, 871px\" \/><\/figure>\n\n\n\n<p>Clesi entwirft, produziert und vertreibt vorgefertigte V.C.-Ausfachungspaneele mit einer Isolier- und Entlastungsschicht dazwischen, die geeignet sind, die Grenzwerte f\u00fcr den W\u00e4rmedurchgangskoeffizienten zu erreichen, die im Anhang \u201eC\u201c des Gesetzesdekrets Nr. 311\/2006, erg\u00e4nzt durch das Pr\u00e4sidialdekret Nr. 59 vom 02. April 2009, festgelegt sind. Unsere thermisch getrennten Paneele werden mit einer Standardbreite von 2,50 m, einer maximalen H\u00f6he von 13,00 m und Dicken hergestellt, die geeignet sind, die in der Verordnung Nr. 311\/2006 festgelegten Transmissionswerte zu garantieren.<\/p>\n\n\n\n<p>Unsere Platten k\u00f6nnen effektiv f\u00fcr die Herstellung verwendet werden:<\/p>\n\n\n\n<ul><li>Ausfachung von vorgefertigten Stahlbeton- und Spannbetonkonstruktionen;<\/li><li>Ausfachung f\u00fcr Stahlkonstruktionen;<\/li><li>Ausfachung f\u00fcr in-situ Strukturen;<\/li><li>Innentrennw\u00e4nde oder Trennw\u00e4nde.<\/li><\/ul>\n","protected":false},"excerpt":{"rendered":"<p>3 VORGEFERTIGTE PLATTEN F\u00dcR ALLE ARTEN VON BAUWERKEN Clesi Prefabbricati entwirft, fertigt und vertreibt vorgefertigte Ausfachungsplatten f\u00fcr den Gewerbe-, Wohn-, Industrie- und Sozialbau. Unsere vorgefertigten Paneele vereinen Zweckm\u00e4\u00dfigkeit, schnelle Ausf\u00fchrung, kurze Verlegezeiten, Wartungsfreiheit und einen hohen \u00e4sthetischen Wert dank der zahlreichen, dem Kunden vorgeschlagenen Anpassungen (K\u00f6rnungen, Matrizen, usw.) Unsere vorgefertigten Paneele k\u00f6nnen je nach Art [&hellip;]<\/p>\n","protected":false},"author":1,"featured_media":0,"parent":0,"menu_order":0,"comment_status":"closed","ping_status":"closed","template":"","meta":[],"_links":{"self":[{"href":"https:\/\/www.clesi.it\/de\/wp-json\/wp\/v2\/pages\/78990"}],"collection":[{"href":"https:\/\/www.clesi.it\/de\/wp-json\/wp\/v2\/pages"}],"about":[{"href":"https:\/\/www.clesi.it\/de\/wp-json\/wp\/v2\/types\/page"}],"author":[{"embeddable":true,"href":"https:\/\/www.clesi.it\/de\/wp-json\/wp\/v2\/users\/1"}],"replies":[{"embeddable":true,"href":"https:\/\/www.clesi.it\/de\/wp-json\/wp\/v2\/comments?post=78990"}],"version-history":[{"count":2,"href":"https:\/\/www.clesi.it\/de\/wp-json\/wp\/v2\/pages\/78990\/revisions"}],"predecessor-version":[{"id":80593,"href":"https:\/\/www.clesi.it\/de\/wp-json\/wp\/v2\/pages\/78990\/revisions\/80593"}],"wp:attachment":[{"href":"https:\/\/www.clesi.it\/de\/wp-json\/wp\/v2\/media?parent=78990"}],"curies":[{"name":"wp","href":"https:\/\/api.w.org\/{rel}","templated":true}]}}