{"id":79099,"date":"2017-01-12T17:42:31","date_gmt":"2017-01-12T16:42:31","guid":{"rendered":"https:\/\/www.clesi.it\/homepage\/"},"modified":"2024-11-06T15:03:19","modified_gmt":"2024-11-06T14:03:19","slug":"homepage","status":"publish","type":"page","link":"https:\/\/www.clesi.it\/de\/","title":{"rendered":"Clesi Fertigh\u00e4user"},"content":{"rendered":"<p>[vc_row type=&#8220;full_width&#8220; full_width=&#8220;stretch_row&#8220;][vc_column][rev_slider_vc alias=&#8220;home-es-1&#8243;][\/vc_column][\/vc_row][vc_row el_class=&#8220;intro4 align-center&#8220; full_width=&#8220;stretch_row_content&#8220; css=&#8220;.vc_custom_1432632676284{background-color: #fdc502 !important;}&#8220;][vc_column width=&#8220;2\/3&#8243;][vc_custom_heading text=&#8220;Suchen Sie einen Qualit\u00e4tsbauunternehmer f\u00fcr Ihre Projekte?&#8220; font_container=&#8220;tag:h3|font_size:22|text_align:center|color:%23ffffff&#8220;][\/vc_column][vc_column width=&#8220;1\/3&#8243;][vc_btn title=&#8220;Firmenprofil&#8220; style=&#8220;flat&#8220; shape=&#8220;square&#8220; color=&#8220;orange&#8220; size=&#8220;sm&#8220; css_animation=&#8220;appear&#8220; css=&#8220;.vc_custom_1726822000971{background-color: rgba(0,0,0,0.01) !important;*background-color: rgb(0,0,0) !important;}&#8220; link=&#8220;url:https%3A%2F%2Fwww.clesi.it%2Fcompany%2Fprofile%2F|||&#8220;][\/vc_column][\/vc_row][vc_row background_color=&#8220;#ffffff&#8220; el_class=&#8220;features-2&#8243; css=&#8220;.vc_custom_1429696703812{padding-top: 70px !important;padding-bottom: 40px !important;}&#8220;][vc_column width=&#8220;1\/3&#8243;][vc_single_image image=&#8220;73931&#8243; img_size=&#8220;360&#215;240&#8243; alignment=&#8220;center&#8220; onclick=&#8220;custom_link&#8220; link=&#8220;https:\/\/www.clesi.it\/services\/&#8220;][vc_column_text css=&#8220;.vc_custom_1726822021295{margin-top: -40px !important;padding-right: 15px !important;padding-left: 15px !important;background-color: #ffffff !important;}&#8220;]<\/p>\n<div style=\"background: White; position: relative; padding: 20px;\">\n<h3><a style=\"text-decoration: none; font-size: 16px; color: #333333; font-weight: bold;\" href=\"https:\/\/www.clesi.it\/de\/services\/\">Dienstleistungen<\/a><\/h3>\n<p><span style=\"color: #999999;\">Know-how aus \u00fcber 30 Jahren Marktf\u00fchrerschaft, einzigartige Patente zur Kostenreduzierung und Zeitoptimierung, Design- und Technikkompetenz und Unterst\u00fctzung vor Ort machen Clesi zu einem wichtigen Partner.<\/span><\/p>\n<\/div>\n<p>[\/vc_column_text][\/vc_column][vc_column width=&#8220;1\/3&#8243;][vc_single_image image=&#8220;75830&#8243; img_size=&#8220;360&#215;240&#8243; alignment=&#8220;center&#8220; onclick=&#8220;custom_link&#8220; link=&#8220;https:\/\/www.clesi.it\/profile\/&#8220;][vc_column_text css=&#8220;.vc_custom_1726822037992{margin-top: -40px !important;padding-right: 15px !important;padding-left: 15px !important;background-color: #ffffff !important;}&#8220;]<\/p>\n<div style=\"background: White; position: relative; padding: 20px;\">\n<h3><a style=\"text-decoration: none; font-size: 16px; color: #333333; font-weight: bold;\" href=\"https:\/\/www.clesi.it\/de\/profile\/\">Produktion<\/a><\/h3>\n<p><span style=\"color: #999999;\">Produktion mit dem Werk in Frosinone (FR) und mit neuen und wichtigen Anlagen, um die Pr\u00e4senz in dem Gebiet zu verst\u00e4rken, um wirksam auf die Nachfrage der Kunden zu reagieren. <\/span><\/p>\n<\/div>\n<p>[\/vc_column_text][\/vc_column][vc_column width=&#8220;1\/3&#8243;][vc_single_image image=&#8220;75930&#8243; img_size=&#8220;360&#215;240&#8243; alignment=&#8220;center&#8220; onclick=&#8220;custom_link&#8220; link=&#8220;https:\/\/www.clesi.it\/profile\/&#8220;][vc_column_text css=&#8220;.vc_custom_1726822066472{margin-top: -40px !important;padding-right: 15px !important;padding-left: 15px !important;background-color: #ffffff !important;}&#8220;]<\/p>\n<div style=\"background: White; position: relative; padding: 20px;\">\n<h3><a style=\"text-decoration: none; font-size: 16px; color: #333333; font-weight: bold;\" href=\"https:\/\/www.clesi.it\/de\/profile\/\">Vorgefertigte Produkte<\/a><\/h3>\n<p><span style=\"color: #999999;\">Wir sind ein Ma\u00dfstab auf dem Fertigteilmarkt f\u00fcr Qualit\u00e4t, Innovation und Forschung in Industrie, Handel, Dienstleistungen und Infrastruktur. Wir schaffen Entwicklung und Innovation, um Clesi als Entwicklungspartner f\u00fcr jedes Unternehmen zu best\u00e4tigen, das in seinem Bereich f\u00fchrend werden will. <\/span><\/p>\n<\/div>\n<p>[\/vc_column_text][\/vc_column][\/vc_row][vc_row background_color=&#8220;#ffffff&#8220; el_class=&#8220;align-center&#8220; css=&#8220;.vc_custom_1683020008983{padding-top: 70px !important;padding-bottom: 20px !important;}&#8220;][vc_column][vc_custom_heading text=&#8220;WAS WIR TUN&#8220; font_container=&#8220;tag:h2|text_align:left|color:%23111111&#8243; el_class=&#8220;heading-title-3&#8243;][\/vc_column][\/vc_row][vc_row background_color=&#8220;#ffffff&#8220; el_class=&#8220;features-2&#8243; css=&#8220;.vc_custom_1429696703812{padding-top: 70px !important;padding-bottom: 40px !important;}&#8220;][vc_column width=&#8220;1\/3&#8243;][vc_single_image source=&#8220;external_link&#8220; alignment=&#8220;center&#8220; onclick=&#8220;custom_link&#8220; link=&#8220;https:\/\/www.clesi.it\/services\/&#8220; custom_src=&#8220;https:\/\/clesi.it\/wp-content\/uploads\/2023\/07\/costi-di-cantiere.jpg&#8220;][vc_column_text css=&#8220;.vc_custom_1726822106102{margin-top: -40px !important;padding-right: 15px !important;padding-left: 15px !important;background-color: #ffffff !important;}&#8220;]<\/p>\n<div style=\"background: White; position: relative; padding: 20px;\">\n<h3><strong><span style=\"font-size: 16px; font-weight: bold;\">Baustellenkosten<\/span><\/strong><\/h3>\n<p class=\"p1\"><span class=\"s1\" style=\"color: #999999;\">Der Einsatz eines Spannbeton-Fertigteilfundaments reduziert den Aufwand f\u00fcr den Bau eines Fundaments mit einem herk\u00f6mmlichen Ortbeton-System auf ein Minimum.<\/span><\/p>\n<p class=\"p1\"><span class=\"s1\" style=\"color: #999999;\">Die Positionierung des vorgefertigten Sockels erfordert weniger Aushub und damit weniger Aufsch\u00fcttung, ebenso wie das Fehlen einer St\u00fctzkonstruktion den Bedarf an spezialisierten Arbeitskr\u00e4ften (Zimmerleuten, Eisenarbeitern) und den Einsatz von verwandten Produkten (Bretter, N\u00e4gel, Draht, Fr\u00e4sen, Schneideger\u00e4te, Strom usw.) reduziert. <\/span><\/p>\n<\/div>\n<p>[\/vc_column_text][\/vc_column][vc_column width=&#8220;1\/3&#8243;][vc_single_image source=&#8220;external_link&#8220; alignment=&#8220;center&#8220; onclick=&#8220;custom_link&#8220; link=&#8220;https:\/\/www.clesi.it\/profile\/&#8220; custom_src=&#8220;https:\/\/clesi.it\/wp-content\/uploads\/2023\/07\/produzione.jpg&#8220;][vc_column_text css=&#8220;.vc_custom_1726822145141{margin-top: -40px !important;padding-right: 15px !important;padding-left: 15px !important;background-color: #ffffff !important;}&#8220;]<\/p>\n<div style=\"background: White; position: relative; padding: 20px;\">\n<h3><a style=\"text-decoration: none; font-size: 16px; color: #333333; font-weight: bold;\" href=\"#\">Ein Fundament mit definierten Kosten<\/a><\/h3>\n<p><span style=\"color: #999999;\">Die Elemente des Fertigfundaments \u201eThemelio\u201c werden vollst\u00e4ndig in unserem Werk nach einem standardisierten industriellen Verfahren hergestellt, das es uns erm\u00f6glicht, bereits in der Planungsphase pr\u00e4zise und definierte Kosten anzugeben. Die Verwendung eines Spannbeton-Fertigteilfundaments senkt die Kosten auf der Baustelle um bis zu 90 Prozent, da weniger Aushub und anschlie\u00dfende Aufsch\u00fcttung erforderlich sind, wodurch der Einsatz von Fachkr\u00e4ften entf\u00e4llt und die Sicherheitskosten gesenkt werden.<\/span><\/p>\n<\/div>\n<p>[\/vc_column_text][\/vc_column][vc_column width=&#8220;1\/3&#8243;][vc_single_image image=&#8220;74167&#8243; img_size=&#8220;360&#215;240&#8243; alignment=&#8220;center&#8220; onclick=&#8220;custom_link&#8220; link=&#8220;https:\/\/www.clesi.it\/profile\/&#8220;][vc_column_text css=&#8220;.vc_custom_1726822164141{margin-top: -40px !important;padding-right: 15px !important;padding-left: 15px !important;background-color: #ffffff !important;}&#8220;]<\/p>\n<div style=\"background: White; position: relative; padding: 20px;\">\n<h3><a style=\"text-decoration: none; font-size: 16px; color: #333333; font-weight: bold;\" href=\"https:\/\/www.clesi.it\/de\/profile\/\">Berechnung des Fundaments im Lieferumfang enthalten<\/a><\/h3>\n<p><span style=\"color: #999999;\">Der Entwurf und die Berechnung des Fertigteilfundaments sind im Lieferumfang enthalten und gelten f\u00fcr die Einreichung beim Ziviltechniker. <\/span><\/p>\n<\/div>\n<p>[\/vc_column_text][\/vc_column][\/vc_row][vc_row background_color=&#8220;#ffffff&#8220; el_class=&#8220;certifications align-center&#8220; css=&#8220;.vc_custom_1432544733427{padding-top: 60px !important;padding-bottom: 60px !important;background-color: #f8f8f8 !important;}&#8220;][vc_column][vc_custom_heading text=&#8220;ZERTIFIZIERUNGEN&#8220; font_container=&#8220;tag:h2|text_align:left|color:%23111111&#8243; el_class=&#8220;heading-title-3&#8243;][vc_row_inner el_class=&#8220;align-center&#8220;][vc_column_inner width=&#8220;1\/4&#8243;][vc_column_text]<img src=\"https:\/\/clesi.it\/wp-content\/uploads\/2023\/07\/autogru.png\" alt=\"Mezzi Clesi\" \/><\/p>\n<h3>MITTEL<\/h3>\n<p style=\"text-align: left;\">Fahrzeuge, die immer auf dem neuesten Stand und perfekt gewartet sind, geben die Sicherheit, dass die Arbeit nicht nur perfekt, sondern vor allem p\u00fcnktlich und mit weniger unvorhergesehenen Ereignissen auf h\u00f6chstem Niveau erledigt wird.<\/p>\n<p>[\/vc_column_text][\/vc_column_inner][vc_column_inner width=&#8220;1\/4&#8243;][vc_column_text]<img src=\"http:\/\/structure.thememove.com\/data\/homev2\/big02.png\" alt=\"\" \/><\/p>\n<h3>SICHERHEIT<\/h3>\n<p style=\"text-align: left;\">Die Sicherheit auf der Baustelle ist eines unserer wichtigsten Anliegen. Unsere Teams sind stets bestens ausger\u00fcstet und arbeiten unter Einhaltung der strengsten gesetzlichen Bestimmungen, um unser Personal und unsere Kunden zu sch\u00fctzen.<\/p>\n<p>[\/vc_column_text][\/vc_column_inner][vc_column_inner width=&#8220;1\/4&#8243;][vc_column_text]<img src=\"http:\/\/structure.thememove.com\/data\/homev2\/big03.png\" alt=\"\" \/><\/p>\n<h3>NACHHALTIGKEIT<\/h3>\n<p style=\"text-align: left;\">Nachhaltiges Wirtschaften ist eines unserer neuen Ziele. Wir bem\u00fchen uns um immer bessere Ergebnisse in Bezug auf die Umweltauswirkungen, angefangen bei der Optimierung der Arbeitsabl\u00e4ufe bis hin zur Auswahl umweltfreundlicher Materialien.<\/p>\n<p>[\/vc_column_text][\/vc_column_inner][vc_column_inner width=&#8220;1\/4&#8243;][vc_column_text]<img src=\"http:\/\/structure.thememove.com\/data\/homev2\/big04.png\" alt=\"\" \/><\/p>\n<h3>INTEGRIT\u00c4T<\/h3>\n<p style=\"text-align: left;\">Wir best\u00e4tigen unsere Arbeit durch den Abschluss von Integrit\u00e4tspakten, die Einhaltung der Grunds\u00e4tze von Loyalit\u00e4t, Transparenz und Fairness und die Einleitung von Disziplinarverfahren, um jederzeit ein ruhiges und entspanntes Verh\u00e4ltnis zu gew\u00e4hrleisten.<\/p>\n<p>[\/vc_column_text][\/vc_column_inner][\/vc_row_inner][\/vc_column][\/vc_row][vc_row css=&#8220;.vc_custom_1655278376859{margin: 50px !important;}&#8220;][vc_column width=&#8220;2\/3&#8243;][vc_column_text css=&#8220;.vc_custom_1726822252033{padding-top: 25px !important;padding-right: 0px !important;padding-bottom: 25px !important;padding-left: 0px !important;}&#8220;]<\/p>\n<div style=\"height: 145px; display: flex; flex-direction: column; justify-content: center;\">\n<h2 style=\"color: #009843;\">CLESI PREFABBRICATI<\/h2>\n<h3>AUSGEZEICHNET VON ITALIAN EXCELLENCE 2024<\/h3>\n<\/div>\n<p>[\/vc_column_text][\/vc_column][vc_column width=&#8220;1\/3&#8243;][vc_raw_html]JTNDZGl2JTIwc3R5bGUlM0QlMjJiYWNrZ3JvdW5kJTNBd2hpdGUlM0J0ZXh0LWFsaWduJTNBY2VudGVyJTNCZm9udCUzQTE4cHglMjB0aW1lcyUyQ3NhbnMtc2VyaWYlM0Jjb2xvciUzQSUyMzAwQTc0QyUzQndpZHRoJTNBMjUwcHglM0JtYXJnaW4tbGVmdCUzQWF1dG8lM0JtYXJnaW4tcmlnaHQlM0FhdXRvJTNCJTIyJTNFJTNDYSUyMHRhcmdldCUzRCUyMl9ibGFuayUyMiUyMGhyZWYlM0QlMjJodHRwJTNBJTJGJTJGd3d3LmVjY2VsbGVuemVpdGFsaWFuZS5jb20lMjIlMjB0aXRsZSUzRCUyMkVudHJhJTIwbmVsJTIwc2l0byUyMGRpJTIwRWNjZWxsZW56ZSUyMEl0YWxpYW5lJTIyJTNFJTNDaW1nJTIwaGVpZ2h0JTNEJTIyMjAwJTIyJTIwd2lkdGglM0QlMjIyMDAlMjIlMjBzcmMlM0QlMjJodHRwcyUzQSUyRiUyRnd3dy5lY2NlbGxlbnplaXRhbGlhbmUuY29tJTJGU3RhdGljJTJGaW1hZ2VzJTJGbG9nby1jb250cmFmZmF6aW9uZS5wbmclMjIlMjBhbHQlM0QlMjJFbnRyYSUyMG5lbCUyMHNpdG8lMjBkaSUyMEVjY2VsbGVuemUlMjBJdGFsaWFuZSUyMiUzRSUzQyUyRmElM0UlM0MlMkZkaXYlM0U=[\/vc_raw_html][\/vc_column][\/vc_row][vc_row row_type=&#8220;parallax&#8220; background_image=&#8220;http:\/\/structure.thememove.com\/data\/homev2\/parallax-2.jpg&#8220; parallax_speed=&#8220;0.5&#8243; el_class=&#8220;counting align-center&#8220; css=&#8220;.vc_custom_1433392647671{padding-top: 100px !important;padding-bottom: 100px !important;}&#8220;][vc_column width=&#8220;1\/2&#8243;][vc_custom_heading text=&#8220;Unsere Zahlen&#8220; font_container=&#8220;tag:h2|font_size:32|text_align:left|color:%23ffffff|line_height:1.3&#8243; el_class=&#8220;heading&#8220;][\/vc_column][vc_column width=&#8220;1\/2&#8243;][vc_row_inner el_class=&#8220;align-center&#8220;][vc_column_inner width=&#8220;1\/3&#8243;][\/vc_column_inner][vc_column_inner width=&#8220;1\/3&#8243;][vc_column_text]<img loading=\"lazy\" width=\"300\" height=\"300\" class=\"alignnone size-medium wp-image-79427\" style=\"height: 80px; margin-bottom: 15px;\" src=\"https:\/\/www.clesi.it\/wp-content\/uploads\/2024\/10\/Tower-crane-300x300.webp\" alt=\"\" srcset=\"https:\/\/www.clesi.it\/wp-content\/uploads\/2024\/10\/Tower-crane-300x300.webp 300w, https:\/\/www.clesi.it\/wp-content\/uploads\/2024\/10\/Tower-crane-150x150.webp 150w, https:\/\/www.clesi.it\/wp-content\/uploads\/2024\/10\/Tower-crane-50x50.webp 50w, https:\/\/www.clesi.it\/wp-content\/uploads\/2024\/10\/Tower-crane-100x100.webp 100w, https:\/\/www.clesi.it\/wp-content\/uploads\/2024\/10\/Tower-crane.webp 512w\" sizes=\"(max-width: 300px) 100vw, 300px\" \/>[\/vc_column_text][vc_custom_heading text=&#8220;8&#8243; font_container=&#8220;tag:h2|font_size:36|text_align:center|color:%23ffffff|line_height:1&#8243;][vc_custom_heading text=&#8220;Millionen Quadratmeter gebaut&#8220; font_container=&#8220;tag:h4|font_size:16|text_align:center|color:%23bbbbbb|line_height:1&#8243;][\/vc_column_inner][vc_column_inner width=&#8220;1\/3&#8243;][vc_column_text]<\/p>\n<h3><img loading=\"lazy\" width=\"300\" height=\"300\" class=\"alignnone wp-image-79472 size-medium\" style=\"height: 60px; margin: 20px 0; margin-bottom: 15px;\" src=\"https:\/\/www.clesi.it\/wp-content\/uploads\/2024\/10\/Users-300x300.webp\" alt=\"\" srcset=\"https:\/\/www.clesi.it\/wp-content\/uploads\/2024\/10\/Users-300x300.webp 300w, https:\/\/www.clesi.it\/wp-content\/uploads\/2024\/10\/Users-150x150.webp 150w, https:\/\/www.clesi.it\/wp-content\/uploads\/2024\/10\/Users-50x50.webp 50w, https:\/\/www.clesi.it\/wp-content\/uploads\/2024\/10\/Users-100x100.webp 100w, https:\/\/www.clesi.it\/wp-content\/uploads\/2024\/10\/Users.webp 512w\" sizes=\"(max-width: 300px) 100vw, 300px\" \/><\/h3>\n<p>[\/vc_column_text][vc_custom_heading text=&#8220;5000&#8243; font_container=&#8220;tag:h2|font_size:36|text_align:center|color:%23ffffff|line_height:1&#8243;][vc_custom_heading text=&#8220;Kunden&#8220; font_container=&#8220;tag:h4|font_size:16|text_align:center|color:%23bbbbbb|line_height:1&#8243;][\/vc_column_inner][\/vc_row_inner][\/vc_column][\/vc_row][vc_row css=&#8220;.vc_custom_1679477398078{margin-top: 30px !important;margin-right: 15px !important;margin-bottom: 30px !important;margin-left: 15px !important;}&#8220;][vc_column css=&#8220;.vc_custom_1679477368114{margin-top: 20px !important;margin-bottom: 20px !important;}&#8220;][vc_column_text]<\/p>\n<h3 style=\"text-align: center;\"><em>Stolz, dabei zu sein<\/em><\/h3>\n<p>[\/vc_column_text][\/vc_column][vc_column width=&#8220;1\/3&#8243;][vc_single_image image=&#8220;78211&#8243; img_size=&#8220;147&#215;80&#8243; alignment=&#8220;center&#8220;][\/vc_column][vc_column width=&#8220;1\/3&#8243;][vc_single_image image=&#8220;78215&#8243; img_size=&#8220;252&#215;80&#8243; alignment=&#8220;center&#8220;][\/vc_column][vc_column width=&#8220;1\/3&#8243;][vc_single_image image=&#8220;78213&#8243; img_size=&#8220;252&#215;80&#8243; alignment=&#8220;center&#8220;][\/vc_column][\/vc_row]<\/p>\n","protected":false},"excerpt":{"rendered":"<p>[vc_row type=&#8220;full_width&#8220; full_width=&#8220;stretch_row&#8220;][vc_column][rev_slider_vc alias=&#8220;home-es-1&#8243;][\/vc_column][\/vc_row][vc_row el_class=&#8220;intro4 align-center&#8220; full_width=&#8220;stretch_row_content&#8220; css=&#8220;.vc_custom_1432632676284{background-color: #fdc502 !important;}&#8220;][vc_column width=&#8220;2\/3&#8243;][vc_custom_heading text=&#8220;Suchen Sie einen Qualit\u00e4tsbauunternehmer f\u00fcr Ihre Projekte?&#8220; font_container=&#8220;tag:h3|font_size:22|text_align:center|color:%23ffffff&#8220;][\/vc_column][vc_column width=&#8220;1\/3&#8243;][vc_btn title=&#8220;Firmenprofil&#8220; style=&#8220;flat&#8220; shape=&#8220;square&#8220; color=&#8220;orange&#8220; size=&#8220;sm&#8220; css_animation=&#8220;appear&#8220; css=&#8220;.vc_custom_1726822000971{background-color: rgba(0,0,0,0.01) !important;*background-color: rgb(0,0,0) !important;}&#8220; link=&#8220;url:https%3A%2F%2Fwww.clesi.it%2Fcompany%2Fprofile%2F|||&#8220;][\/vc_column][\/vc_row][vc_row background_color=&#8220;#ffffff&#8220; el_class=&#8220;features-2&#8243; css=&#8220;.vc_custom_1429696703812{padding-top: 70px !important;padding-bottom: 40px !important;}&#8220;][vc_column width=&#8220;1\/3&#8243;][vc_single_image image=&#8220;73931&#8243; img_size=&#8220;360&#215;240&#8243; alignment=&#8220;center&#8220; onclick=&#8220;custom_link&#8220; link=&#8220;https:\/\/www.clesi.it\/services\/&#8220;][vc_column_text css=&#8220;.vc_custom_1726822021295{margin-top: -40px !important;padding-right: 15px !important;padding-left: 15px !important;background-color: #ffffff !important;}&#8220;] Dienstleistungen [&hellip;]<\/p>\n","protected":false},"author":1,"featured_media":79101,"parent":0,"menu_order":0,"comment_status":"closed","ping_status":"closed","template":"","meta":[],"_links":{"self":[{"href":"https:\/\/www.clesi.it\/de\/wp-json\/wp\/v2\/pages\/79099"}],"collection":[{"href":"https:\/\/www.clesi.it\/de\/wp-json\/wp\/v2\/pages"}],"about":[{"href":"https:\/\/www.clesi.it\/de\/wp-json\/wp\/v2\/types\/page"}],"author":[{"embeddable":true,"href":"https:\/\/www.clesi.it\/de\/wp-json\/wp\/v2\/users\/1"}],"replies":[{"embeddable":true,"href":"https:\/\/www.clesi.it\/de\/wp-json\/wp\/v2\/comments?post=79099"}],"version-history":[{"count":5,"href":"https:\/\/www.clesi.it\/de\/wp-json\/wp\/v2\/pages\/79099\/revisions"}],"predecessor-version":[{"id":79838,"href":"https:\/\/www.clesi.it\/de\/wp-json\/wp\/v2\/pages\/79099\/revisions\/79838"}],"wp:featuredmedia":[{"embeddable":true,"href":"https:\/\/www.clesi.it\/de\/wp-json\/wp\/v2\/media\/79101"}],"wp:attachment":[{"href":"https:\/\/www.clesi.it\/de\/wp-json\/wp\/v2\/media?parent=79099"}],"curies":[{"name":"wp","href":"https:\/\/api.w.org\/{rel}","templated":true}]}}