{"id":79448,"date":"2017-04-08T03:19:25","date_gmt":"2017-04-08T01:19:25","guid":{"rendered":"https:\/\/www.clesi.it\/contact\/lavora-con-noi\/"},"modified":"2024-10-25T11:40:25","modified_gmt":"2024-10-25T09:40:25","slug":"lavora-con-noi","status":"publish","type":"page","link":"https:\/\/www.clesi.it\/de\/contact\/lavora-con-noi\/","title":{"rendered":"Stellenangebote"},"content":{"rendered":"<p>[vc_row][vc_column][vc_empty_space height=&#8220;30&#8243;][\/vc_column][\/vc_row][vc_row][vc_column width=&#8220;1\/2&#8243;][vc_custom_heading text=&#8220;OFFENE POSITIONEN&#8220; font_container=&#8220;tag:h2|font_size:20|text_align:left&#8220; el_class=&#8220;heading-title-3&#8243;][vc_tta_accordion style=&#8220;flat&#8220; c_icon=&#8220;triangle&#8220; active_section=&#8220;6&#8243;][vc_tta_section i_icon_fontawesome=&#8220;&#8220; add_icon=&#8220;true&#8220; title=&#8220;Bauingenieur&#8220; tab_id=&#8220;1635243173211-9976935e-7b93&#8243;][vc_column_text]Der ideale Kandidat sollte ein abgeschlossenes Studium des Bauingenieurwesens mit einem Master-Abschluss haben, vorzugsweise mit Schwerpunkt auf Bauwerken.<\/p>\n<p>Die Figur wird f\u00fcr folgende Aufgaben verantwortlich sein:<\/p>\n<ul>\n<li>Entwurf von vorgefertigten Strukturen.<\/li>\n<\/ul>\n<p>Erforderliche Kenntnisse:<\/p>\n<ul>\n<li>Berechnungssoftware;<\/li>\n<li>AutoCAD<\/li>\n<li>MS Office.<\/li>\n<\/ul>\n<p>Interessenten k\u00f6nnen ausf\u00fchrliche Lebensl\u00e4ufe an folgende Adresse senden: <a href=\"mailto:risorseumane@clesi.it\">risorseumane@clesi.it<\/a>[\/vc_column_text][\/vc_tta_section][vc_tta_section i_icon_fontawesome=&#8220;&#8220; add_icon=&#8220;true&#8220; title=&#8220;Landvermesser&#8220; tab_id=&#8220;1635243439594-3a9acb28-d91f&#8220;][vc_column_text]Der ideale Bewerber sollte \u00fcber einen Abschluss als Geometer verf\u00fcgen.<\/p>\n<p>Die Figur wird f\u00fcr folgende Aufgaben verantwortlich sein:<\/p>\n<ul>\n<li>Ausarbeitung von Pl\u00e4nen f\u00fcr vorgefertigte Strukturen.<\/li>\n<\/ul>\n<p>Erforderliche Kenntnisse:<\/p>\n<ul>\n<li>AutoCAD<\/li>\n<li>MS Office.<\/li>\n<\/ul>\n<p>Interessenten k\u00f6nnen ausf\u00fchrliche Lebensl\u00e4ufe an folgende Adresse senden: <a href=\"mailto:risorseumane@clesi.it\">risorseumane@clesi.it<\/a>[\/vc_column_text][\/vc_tta_section][vc_tta_section title=&#8220;Einfirmen-Vertreter&#8220; tab_id=&#8220;1635243047032-838b5345-5e6a&#8220;][vc_column_text]Der ideale Kandidat ist ein Handelsvertreter mit konsolidierter Verkaufserfahrung, der vorzugsweise bereits in dem betreffenden Sektor t\u00e4tig ist, d. h. in der Vorfertigung von industrialisierten Bausystemen und -strukturen.<\/p>\n<p>Gesucht werden Personen beiderlei Geschlechts und vor allem Personen, die durch den Verkauf motiviert und in der Lage sind, zielorientiert zu arbeiten, ihren Arbeitsalltag selbst\u00e4ndig zu organisieren, \u00fcber kaufm\u00e4nnisches und zwischenmenschliches Geschick sowie Verhandlungsgeschick verf\u00fcgen und ausgezeichnete Kommunikations- und Organisationsf\u00e4higkeiten, Entschlossenheit und Belastbarkeit besitzen.<\/p>\n<p>Wir bitten um eine Umsatzsteuer-Identifikationsnummer, eine Registrierung bei der Handelskammer, eine Enasarco-Registrierung oder auf jeden Fall um die Bereitschaft, eine solche zu er\u00f6ffnen (wenn es sich bei der vorherigen Stellung im Arbeitnehmerverh\u00e4ltnis handelt).<\/p>\n<p>Nicht zuletzt werden auch erfahrene Multi-Management-Vertreter f\u00fcr Produkte, die f\u00fcr den Sektor relevant sind, aber nicht im Wettbewerb stehen, wie z. B. Industriearmaturen, Zement, Bleche usw., bewertet.<\/p>\n<p>Wir bieten:<\/p>\n<ul>\n<li>Einzelvertretervertrag;<\/li>\n<li>Ausschlie\u00dflichkeit des Gebiets mit Richtungskoordination;<\/li>\n<li>Provisionen und Pr\u00e4mien:<\/li>\n<li>Konkrete M\u00f6glichkeiten f\u00fcr Wachstum.<\/li>\n<li>M\u00f6gliche Benefits.<\/li>\n<\/ul>\n<p>Interessenten k\u00f6nnen ausf\u00fchrliche Lebensl\u00e4ufe an folgende Adresse senden: <a href=\"mailto:risorseumane@clesi.it\">risorseumane@clesi.it<\/a>[\/vc_column_text][\/vc_tta_section][vc_tta_section title=&#8220;Zeichner, zur Einf\u00fcgung in das B\u00fcro f\u00fcr Kostenvoranschl\u00e4ge&#8220; tab_id=&#8220;1635243047163-56e16959-c4cb&#8220;][vc_column_text]Der ideale Kandidat muss selbst\u00e4ndig die technischen Zeichnungen f\u00fcr die erforderlichen Bauvorlagen erstellen und den Verantwortlichen f\u00fcr das Angebotsb\u00fcro unterst\u00fctzen.<\/p>\n<p>Er muss Angebote mit den dazugeh\u00f6rigen Zeichnungen ausarbeiten und mit den technischen Leitern zusammenarbeiten, um Kosten und Kritikalit\u00e4t zu analysieren.<\/p>\n<p>Eine mindestens zweij\u00e4hrige Berufserfahrung oder eine gleichwertige Erfahrung in der Buchhaltung vor Ort ist erforderlich.<\/p>\n<p>Die Suche richtet sich an beide Geschlechter und vor allem an motivierte Menschen, die in der Lage sind, zielorientiert zu arbeiten,<\/p>\n<p>Wir bieten:<\/p>\n<ul>\n<li>Vorl\u00e4ufiger Zeitarbeitsvertrag mit der M\u00f6glichkeit eines Direkteinstiegs in das Unternehmen.<\/li>\n<\/ul>\n<p>Arbeitsvertrag:<\/p>\n<ul>\n<li>Vollzeit, befristet<\/li>\n<\/ul>\n<p>Erforderlich sind:<\/p>\n<ul>\n<li>Sofortige Verf\u00fcgbarkeit.<\/li>\n<li>Ausgezeichnete Kenntnisse in Autocad-Zeichnen:\u00a03 Jahre (obligatorisch)<\/li>\n<li>Bereitschaft, im Team zu arbeiten.<\/li>\n<li>Abitur oder gleichwertiger Abschluss (obligatorisch)<\/li>\n<\/ul>\n<p>Interessenten k\u00f6nnen ausf\u00fchrliche Lebensl\u00e4ufe an folgende Adresse senden: <a href=\"mailto:risorseumane@clesi.it\">risorseumane@clesi.it<\/a>[\/vc_column_text][\/vc_tta_section][\/vc_tta_accordion][\/vc_column][vc_column width=&#8220;1\/2&#8243;][vc_custom_heading text=&#8220;BEWERBUNG ABSCHICKEN&#8220; font_container=&#8220;tag:h2|font_size:20|text_align:left&#8220; el_class=&#8220;heading-title-3&#8243;][vc_column_text]F\u00fcllen Sie das Formular aus, w\u00e4hlen Sie die Stelle, die Sie besetzen m\u00f6chten, und f\u00fcgen Sie Ihren Lebenslauf bei.[\/vc_column_text][vc_empty_space height=&#8220;30&#8243;]\n<div class=\"wpcf7 no-js\" id=\"wpcf7-f79451-o1\" lang=\"de-DE\" dir=\"ltr\">\n<div class=\"screen-reader-response\"><p role=\"status\" aria-live=\"polite\" aria-atomic=\"true\"><\/p> <ul><\/ul><\/div>\n<form action=\"\/de\/wp-json\/wp\/v2\/pages\/79448#wpcf7-f79451-o1\" method=\"post\" class=\"wpcf7-form init\" aria-label=\"Kontaktformular\" enctype=\"multipart\/form-data\" novalidate=\"novalidate\" data-status=\"init\">\n<div style=\"display: none;\">\n<input type=\"hidden\" name=\"_wpcf7\" value=\"79451\" \/>\n<input type=\"hidden\" name=\"_wpcf7_version\" value=\"5.7.7\" \/>\n<input type=\"hidden\" name=\"_wpcf7_locale\" value=\"de_DE\" \/>\n<input type=\"hidden\" name=\"_wpcf7_unit_tag\" value=\"wpcf7-f79451-o1\" \/>\n<input type=\"hidden\" name=\"_wpcf7_container_post\" value=\"0\" \/>\n<input type=\"hidden\" name=\"_wpcf7_posted_data_hash\" value=\"\" \/>\n<input type=\"hidden\" name=\"_wpcf7dtx_version\" value=\"5.0.5\" \/>\n<input type=\"hidden\" name=\"_wpcf7_recaptcha_response\" value=\"\" \/>\n<\/div>\n<p><label> Name*<br \/>\n<span class=\"wpcf7-form-control-wrap\" data-name=\"your-name\"><input size=\"40\" class=\"wpcf7-form-control wpcf7-text wpcf7-validates-as-required\" aria-required=\"true\" aria-invalid=\"false\" value=\"\" type=\"text\" name=\"your-name\" \/><\/span> <\/label>\n<\/p>\n<p><label> E-mail*<br \/>\n<span class=\"wpcf7-form-control-wrap\" data-name=\"your-email\"><input size=\"40\" class=\"wpcf7-form-control wpcf7-text wpcf7-email wpcf7-validates-as-required wpcf7-validates-as-email\" aria-required=\"true\" aria-invalid=\"false\" value=\"\" type=\"email\" name=\"your-email\" \/><\/span> <\/label>\n<\/p>\n<p><label> Position*<br \/>\n<span class=\"wpcf7-form-control-wrap\" data-name=\"position\"><select class=\"wpcf7-form-control wpcf7-select wpcf7-validates-as-required\" aria-required=\"true\" aria-invalid=\"false\" name=\"position\"><option value=\"\">&#8211; Bitte ausw\u00e4hlen &#8211;<\/option><option value=\"Bauingenieur\">Bauingenieur<\/option><option value=\"Vermessungsingenieur\">Vermessungsingenieur<\/option><option value=\"Handelsvertreter\">Handelsvertreter<\/option><option value=\"Bauzeichner\">Bauzeichner<\/option><\/select><\/span><\/label>\n<\/p>\n<p><label> Kurze Pr\u00e4sentation<br \/>\n<span class=\"wpcf7-form-control-wrap\" data-name=\"your-message\"><textarea cols=\"40\" rows=\"10\" class=\"wpcf7-form-control wpcf7-textarea wpcf7-validates-as-required\" aria-required=\"true\" aria-invalid=\"false\" name=\"your-message\"><\/textarea><\/span> <\/label>\n<\/p>\n<p><label> Lebenslauf beif\u00fcgen<br \/>\n<span class=\"wpcf7-form-control-wrap\" data-name=\"allegato\"><input size=\"40\" class=\"wpcf7-form-control wpcf7-file wpcf7-validates-as-required\" accept=\"audio\/*,video\/*,image\/*\" aria-required=\"true\" aria-invalid=\"false\" type=\"file\" name=\"allegato\" \/><\/span><\/label>\n<\/p>\n<p><input class=\"wpcf7-form-control has-spinner wpcf7-submit\" type=\"submit\" value=\"BEWERBUNG ABSCHICKEN\" \/>\n<\/p>\n<input class=\"wpcf7-form-control wpcf7-hidden\" value=\"\" type=\"hidden\" name=\"utm_campaign\" \/>\n<input class=\"wpcf7-form-control wpcf7-hidden\" value=\"\" type=\"hidden\" name=\"utm_medium\" \/>\n<input class=\"wpcf7-form-control wpcf7-hidden\" value=\"\" type=\"hidden\" name=\"u_focus\" \/>\n<input class=\"wpcf7-form-control wpcf7-hidden\" value=\"\" type=\"hidden\" name=\"utm_source\" \/>\n<input class=\"wpcf7-form-control wpcf7-hidden\" value=\"\" type=\"hidden\" name=\"u_net\" \/>\n<input class=\"wpcf7-form-control wpcf7-hidden\" value=\"\" type=\"hidden\" name=\"u_dev\" \/>\n<input class=\"wpcf7-form-control wpcf7-hidden\" value=\"\" type=\"hidden\" name=\"u_devm\" \/>\n<input class=\"wpcf7-form-control wpcf7-hidden\" value=\"\" type=\"hidden\" name=\"u_cid\" \/>\n<input class=\"wpcf7-form-control wpcf7-hidden\" value=\"\" type=\"hidden\" name=\"u_agid\" \/>\n<input class=\"wpcf7-form-control wpcf7-hidden\" value=\"\" type=\"hidden\" name=\"u_creative\" \/>\n<input class=\"wpcf7-form-control wpcf7-hidden\" value=\"\" type=\"hidden\" name=\"u_adp\" \/>\n<input class=\"wpcf7-form-control wpcf7-hidden\" value=\"\" type=\"hidden\" name=\"u_eid\" \/>\n<input class=\"wpcf7-form-control wpcf7-hidden\" value=\"\" type=\"hidden\" name=\"u_placement\" \/>\n<input class=\"wpcf7-form-control wpcf7-hidden\" value=\"\" type=\"hidden\" name=\"u_loci\" \/>\n<input class=\"wpcf7-form-control wpcf7-hidden\" value=\"\" type=\"hidden\" name=\"u_locp\" \/>\n<input class=\"wpcf7-form-control wpcf7-hidden\" value=\"\" type=\"hidden\" name=\"u_matchtype\" \/>\n<input class=\"wpcf7-form-control wpcf7-hidden\" value=\"\" type=\"hidden\" name=\"utm_term\" \/>\n<input class=\"wpcf7-form-control wpcf7-hidden\" value=\"\" type=\"hidden\" name=\"gclid\" \/><input type='hidden' class='wpcf7-pum' value='{\"closepopup\":false,\"closedelay\":0,\"openpopup\":false,\"openpopup_id\":0}' \/><div class=\"wpcf7-response-output\" aria-hidden=\"true\"><\/div>\n<\/form>\n<\/div>\n[\/vc_column][\/vc_row][vc_row][vc_column width=&#8220;2\/3&#8243;][\/vc_column][vc_column width=&#8220;1\/3&#8243;][\/vc_column][\/vc_row][vc_row][vc_column][vc_empty_space][\/vc_column][\/vc_row]<\/p>\n","protected":false},"excerpt":{"rendered":"<p>[vc_row][vc_column][vc_empty_space height=&#8220;30&#8243;][\/vc_column][\/vc_row][vc_row][vc_column width=&#8220;1\/2&#8243;][vc_custom_heading text=&#8220;OFFENE POSITIONEN&#8220; font_container=&#8220;tag:h2|font_size:20|text_align:left&#8220; el_class=&#8220;heading-title-3&#8243;][vc_tta_accordion style=&#8220;flat&#8220; c_icon=&#8220;triangle&#8220; active_section=&#8220;6&#8243;][vc_tta_section i_icon_fontawesome=&#8220;&#8220; add_icon=&#8220;true&#8220; title=&#8220;Bauingenieur&#8220; tab_id=&#8220;1635243173211-9976935e-7b93&#8243;][vc_column_text]Der ideale Kandidat sollte ein abgeschlossenes Studium des Bauingenieurwesens mit einem Master-Abschluss haben, vorzugsweise mit Schwerpunkt auf Bauwerken. Die Figur wird f\u00fcr folgende Aufgaben verantwortlich sein: Entwurf von vorgefertigten Strukturen. Erforderliche Kenntnisse: Berechnungssoftware; AutoCAD MS Office. Interessenten k\u00f6nnen ausf\u00fchrliche Lebensl\u00e4ufe an folgende [&hellip;]<\/p>\n","protected":false},"author":1,"featured_media":0,"parent":79096,"menu_order":0,"comment_status":"closed","ping_status":"closed","template":"","meta":[],"_links":{"self":[{"href":"https:\/\/www.clesi.it\/de\/wp-json\/wp\/v2\/pages\/79448"}],"collection":[{"href":"https:\/\/www.clesi.it\/de\/wp-json\/wp\/v2\/pages"}],"about":[{"href":"https:\/\/www.clesi.it\/de\/wp-json\/wp\/v2\/types\/page"}],"author":[{"embeddable":true,"href":"https:\/\/www.clesi.it\/de\/wp-json\/wp\/v2\/users\/1"}],"replies":[{"embeddable":true,"href":"https:\/\/www.clesi.it\/de\/wp-json\/wp\/v2\/comments?post=79448"}],"version-history":[{"count":2,"href":"https:\/\/www.clesi.it\/de\/wp-json\/wp\/v2\/pages\/79448\/revisions"}],"predecessor-version":[{"id":79450,"href":"https:\/\/www.clesi.it\/de\/wp-json\/wp\/v2\/pages\/79448\/revisions\/79450"}],"up":[{"embeddable":true,"href":"https:\/\/www.clesi.it\/de\/wp-json\/wp\/v2\/pages\/79096"}],"wp:attachment":[{"href":"https:\/\/www.clesi.it\/de\/wp-json\/wp\/v2\/media?parent=79448"}],"curies":[{"name":"wp","href":"https:\/\/api.w.org\/{rel}","templated":true}]}}