{"id":79112,"date":"2017-01-12T17:42:31","date_gmt":"2017-01-12T16:42:31","guid":{"rendered":"https:\/\/www.clesi.it\/homepage\/"},"modified":"2024-11-06T15:03:54","modified_gmt":"2024-11-06T14:03:54","slug":"homepage","status":"publish","type":"page","link":"https:\/\/www.clesi.it\/es\/","title":{"rendered":"Prefabricados Clesi"},"content":{"rendered":"<p>[vc_row type=\u00bbfull_width\u00bb full_width=\u00bbstretch_row\u00bb][vc_column][rev_slider_vc alias=\u00bbhome-fr-1&#8243;][\/vc_column][\/vc_row][vc_row el_class=\u00bbintro4 align-center\u00bb full_width=\u00bbstretch_row_content\u00bb css=\u00bb.vc_custom_1432632676284{background-color: #fdc502 !important;}\u00bb][vc_column width=\u00bb2\/3&#8243;][vc_custom_heading text=\u00bb\u00bfBusca un constructor de calidad para sus proyectos?\u00bb font_container=\u00bbtag:h3|font_size:22|text_align:center|color:%23ffffff\u00bb][\/vc_column][vc_column width=\u00bb1\/3&#8243;][vc_btn title=\u00bbPerfil de la empresa\u00bb style=\u00bbflat\u00bb shape=\u00bbsquare\u00bb color=\u00bborange\u00bb size=\u00bbsm\u00bb css_animation=\u00bbappear\u00bb css=\u00bb.vc_custom_1726822652257{background-color: rgba(0,0,0,0.01) !important;*background-color: rgb(0,0,0) !important;}\u00bb link=\u00bburl:https%3A%2F%2Fwww.clesi.it%2Fcompany%2Fprofile%2F|||\u00bb][\/vc_column][\/vc_row][vc_row background_color=\u00bb#ffffff\u00bb el_class=\u00bbfeatures-2&#8243; css=\u00bb.vc_custom_1429696703812{padding-top: 70px !important;padding-bottom: 40px !important;}\u00bb][vc_column width=\u00bb1\/3&#8243;][vc_single_image image=\u00bb73931&#8243; img_size=\u00bb360&#215;240&#8243; alignment=\u00bbcenter\u00bb onclick=\u00bbcustom_link\u00bb link=\u00bbhttps:\/\/www.clesi.it\/services\/\u00bb][vc_column_text css=\u00bb.vc_custom_1726822674598{margin-top: -40px !important;padding-right: 15px !important;padding-left: 15px !important;background-color: #ffffff !important;}\u00bb]<\/p>\n<div style=\"background: White; position: relative; padding: 20px;\">\n<h3><a style=\"text-decoration: none; font-size: 16px; color: #333333; font-weight: bold;\" href=\"https:\/\/www.clesi.it\/services\/\">Servicios<\/a><\/h3>\n<p><span style=\"color: #999999;\">Los conocimientos t\u00e9cnicos derivados de m\u00e1s de 30 a\u00f1os de liderazgo, las patentes \u00fanicas capaces de reducir costes y optimizar el tiempo, las competencias t\u00e9cnicas y de dise\u00f1o y la asistencia in situ hacen de Clesi un socio importante. <\/span><\/p>\n<\/div>\n<p>[\/vc_column_text][\/vc_column][vc_column width=\u00bb1\/3&#8243;][vc_single_image image=\u00bb75830&#8243; img_size=\u00bb360&#215;240&#8243; alignment=\u00bbcenter\u00bb onclick=\u00bbcustom_link\u00bb link=\u00bbhttps:\/\/www.clesi.it\/profile\/\u00bb][vc_column_text css=\u00bb.vc_custom_1726822690163{margin-top: -40px !important;padding-right: 15px !important;padding-left: 15px !important;background-color: #ffffff !important;}\u00bb]<\/p>\n<div style=\"background: White; position: relative; padding: 20px;\">\n<h3><a style=\"text-decoration: none; font-size: 16px; color: #333333; font-weight: bold;\" href=\"https:\/\/www.clesi.it\/profile\/\">Producci\u00f3n<\/a><\/h3>\n<p><span style=\"color: #999999;\">En producci\u00f3n con la planta de Frosinone (FR) y con nuevas e importantes plantas con el fin de hacer m\u00e1s capilar la presencia en el territorio para responder eficazmente a las demandas de los clientes. <\/span><\/p>\n<\/div>\n<p>[\/vc_column_text][\/vc_column][vc_column width=\u00bb1\/3&#8243;][vc_single_image image=\u00bb75930&#8243; img_size=\u00bb360&#215;240&#8243; alignment=\u00bbcenter\u00bb onclick=\u00bbcustom_link\u00bb link=\u00bbhttps:\/\/www.clesi.it\/profile\/\u00bb][vc_column_text css=\u00bb.vc_custom_1726822714401{margin-top: -40px !important;padding-right: 15px !important;padding-left: 15px !important;background-color: #ffffff !important;}\u00bb]<\/p>\n<div style=\"background: White; position: relative; padding: 20px;\">\n<h3><a style=\"text-decoration: none; font-size: 16px; color: #333333; font-weight: bold;\" href=\"https:\/\/www.clesi.it\/profile\/\">Prefabricados<\/a><\/h3>\n<p><span style=\"color: #999999;\">Somos un referente en el mercado de los prefabricados por calidad, innovaci\u00f3n e investigaci\u00f3n en industria, comercio, servicios e infraestructuras.Creamos desarrollo e innovaci\u00f3n para confirmar a Clesi como socio de desarrollo de toda empresa que quiera convertirse en l\u00edder de su sector.<\/span><\/p>\n<\/div>\n<p>[\/vc_column_text][\/vc_column][\/vc_row][vc_row background_color=\u00bb#ffffff\u00bb el_class=\u00bbalign-center\u00bb css=\u00bb.vc_custom_1683020008983{padding-top: 70px !important;padding-bottom: 20px !important;}\u00bb][vc_column][vc_custom_heading text=\u00bbQU\u00c9 HACEMOS\u00bb font_container=\u00bbtag:h2|text_align:left|color:%23111111&#8243; el_class=\u00bbheading-title-3&#8243;][\/vc_column][\/vc_row][vc_row background_color=\u00bb#ffffff\u00bb el_class=\u00bbfeatures-2&#8243; css=\u00bb.vc_custom_1429696703812{padding-top: 70px !important;padding-bottom: 40px !important;}\u00bb][vc_column width=\u00bb1\/3&#8243;][vc_single_image source=\u00bbexternal_link\u00bb alignment=\u00bbcenter\u00bb onclick=\u00bbcustom_link\u00bb link=\u00bbhttps:\/\/www.clesi.it\/services\/\u00bb custom_src=\u00bbhttps:\/\/clesi.it\/wp-content\/uploads\/2023\/07\/costi-di-cantiere.jpg\u00bb][vc_column_text css=\u00bb.vc_custom_1726822841984{margin-top: -40px !important;padding-right: 15px !important;padding-left: 15px !important;background-color: #ffffff !important;}\u00bb]<\/p>\n<div style=\"background: White; position: relative; padding: 20px;\">\n<h3><strong><span style=\"font-size: 16px; font-weight: bold;\">Costes de la obra<\/span><\/strong><\/h3>\n<p class=\"p1\"><span class=\"s1\" style=\"color: #999999;\">El uso de una cimentaci\u00f3n prefabricada de hormig\u00f3n pretensado reduce, hasta el punto de eliminar, todas las actividades inherentes a la construcci\u00f3n de una cimentaci\u00f3n con un sistema tradicional in situ.<\/span><\/p>\n<p class=\"p1\"><span class=\"s1\" style=\"color: #999999;\">La colocaci\u00f3n de la zapata prefabricada requiere menos excavaci\u00f3n y, por tanto, menos relleno posterior, al igual que la ausencia de estructura de contenci\u00f3n evita la necesidad de mano de obra especializada (carpinteros, herreros) y reduce el uso de productos relacionados (tablas, clavos, alambre, mortajadoras, cortadoras, electricidad, etc.).<\/span><\/p>\n<\/div>\n<p>[\/vc_column_text][\/vc_column][vc_column width=\u00bb1\/3&#8243;][vc_single_image source=\u00bbexternal_link\u00bb alignment=\u00bbcenter\u00bb onclick=\u00bbcustom_link\u00bb link=\u00bbhttps:\/\/www.clesi.it\/profile\/\u00bb custom_src=\u00bbhttps:\/\/clesi.it\/wp-content\/uploads\/2023\/07\/produzione.jpg\u00bb][vc_column_text css=\u00bb.vc_custom_1726822870866{margin-top: -40px !important;padding-right: 15px !important;padding-left: 15px !important;background-color: #ffffff !important;}\u00bb]<\/p>\n<div style=\"background: White; position: relative; padding: 20px;\">\n<h3><a style=\"text-decoration: none; font-size: 16px; color: #333333; font-weight: bold;\" href=\"#\">Una cimentaci\u00f3n con costes definidos<\/a><\/h3>\n<p><span style=\"color: #999999;\">Los elementos de la cimentaci\u00f3n prefabricada \u00abThemelio\u00bb se producen \u00edntegramente en nuestra f\u00e1brica mediante un proceso industrial estandarizado que nos permite ofrecer costes precisos y definidos, ya en la fase de dise\u00f1o. El uso de una cimentaci\u00f3n prefabricada de hormig\u00f3n pretensado reduce los costes de la obra hasta en un 90%, ya que requiere menos excavaci\u00f3n y posterior relleno, evitando as\u00ed la necesidad de mano de obra especializada y reduciendo las cargas de seguridad.<\/span><\/p>\n<\/div>\n<p>[\/vc_column_text][\/vc_column][vc_column width=\u00bb1\/3&#8243;][vc_single_image image=\u00bb74167&#8243; img_size=\u00bb360&#215;240&#8243; alignment=\u00bbcenter\u00bb onclick=\u00bbcustom_link\u00bb link=\u00bbhttps:\/\/www.clesi.it\/profile\/\u00bb][vc_column_text css=\u00bb.vc_custom_1726822892780{margin-top: -40px !important;padding-right: 15px !important;padding-left: 15px !important;background-color: #ffffff !important;}\u00bb]<\/p>\n<div style=\"background: White; position: relative; padding: 20px;\">\n<h3><a style=\"text-decoration: none; font-size: 16px; color: #333333; font-weight: bold;\" href=\"https:\/\/www.clesi.it\/profile\/\">C\u00e1lculo de la cimentaci\u00f3n incluido en el suministro<\/a><\/h3>\n<p><span style=\"color: #999999;\">El dise\u00f1o y c\u00e1lculo de la cimentaci\u00f3n prefabricada est\u00e1 incluido en el suministro y es v\u00e1lido a efectos de su presentaci\u00f3n ante la entidad competente de Ingenier\u00eda civil. <\/span><\/p>\n<\/div>\n<p>[\/vc_column_text][\/vc_column][\/vc_row][vc_row background_color=\u00bb#ffffff\u00bb el_class=\u00bbcertifications align-center\u00bb css=\u00bb.vc_custom_1432544733427{padding-top: 60px !important;padding-bottom: 60px !important;background-color: #f8f8f8 !important;}\u00bb][vc_column][vc_custom_heading text=\u00bbCERTIFICACIONES\u00bb font_container=\u00bbtag:h2|text_align:left|color:%23111111&#8243; el_class=\u00bbheading-title-3&#8243;][vc_row_inner el_class=\u00bbalign-center\u00bb][vc_column_inner width=\u00bb1\/4&#8243;][vc_column_text]<img src=\"https:\/\/clesi.it\/wp-content\/uploads\/2023\/07\/autogru.png\" alt=\"Mezzi Clesi\" \/><\/p>\n<h3>MEDIOS<\/h3>\n<p style=\"text-align: left;\">Veh\u00edculos siempre al d\u00eda y perfectamente mantenidos dan la seguridad de un trabajo hecho a la perfecci\u00f3n, pero sobre todo a tiempo con una reducci\u00f3n de imprevistos del m\u00e1s alto perfil.<\/p>\n<p>[\/vc_column_text][\/vc_column_inner][vc_column_inner width=\u00bb1\/4&#8243;][vc_column_text]<img src=\"http:\/\/structure.thememove.com\/data\/homev2\/big02.png\" alt=\"\" \/><\/p>\n<h3>SEGURIDAD<\/h3>\n<p style=\"text-align: left;\">La seguridad en las obras es una de nuestras prerrogativas, nuestros equipos est\u00e1n siempre perfectamente equipados trabajando dentro de los m\u00e1s estrictos par\u00e1metros legales, protegiendo as\u00ed a nuestro personal y a nuestros clientes.<\/p>\n<p>[\/vc_column_text][\/vc_column_inner][vc_column_inner width=\u00bb1\/4&#8243;][vc_column_text]<img src=\"http:\/\/structure.thememove.com\/data\/homev2\/big03.png\" alt=\"\" \/><\/p>\n<h3>SOSTENIBILIDAD<\/h3>\n<p style=\"text-align: left;\">Trabajar de forma sostenible es uno de nuestros nuevos objetivos. Nos esforzamos por conseguir resultados cada vez mejores en t\u00e9rminos de impacto medioambiental, empezando por la optimizaci\u00f3n del flujo de trabajo hasta la elecci\u00f3n de materiales de bajo impacto.<\/p>\n<p>[\/vc_column_text][\/vc_column_inner][vc_column_inner width=\u00bb1\/4&#8243;][vc_column_text]<img src=\"http:\/\/structure.thememove.com\/data\/homev2\/big04.png\" alt=\"\" \/><\/p>\n<h3>INTEGRIDAD<\/h3>\n<p style=\"text-align: left;\">Validamos nuestro trabajo suscribiendo pactos de integridad, respetando los principios de lealtad, transparencia y equidad, y activando procedimientos disciplinarios para ofrecer en todo momento una relaci\u00f3n tranquila y relajada.<\/p>\n<p>[\/vc_column_text][\/vc_column_inner][\/vc_row_inner][\/vc_column][\/vc_row][vc_row css=\u00bb.vc_custom_1655278376859{margin: 50px !important;}\u00bb][vc_column width=\u00bb2\/3&#8243;][vc_column_text css=\u00bb.vc_custom_1726823026588{padding-top: 25px !important;padding-right: 0px !important;padding-bottom: 25px !important;padding-left: 0px !important;}\u00bb]<\/p>\n<div style=\"height: 145px; display: flex; flex-direction: column; justify-content: center;\">\n<h2 style=\"color: #009843;\">CLESI PREFABBRICATI<\/h2>\n<h3>PREMIO A LA EXCELENCIA ITALIANA 2024<\/h3>\n<\/div>\n<p>[\/vc_column_text][\/vc_column][vc_column width=\u00bb1\/3&#8243;][vc_raw_html]JTNDZGl2JTIwc3R5bGUlM0QlMjJiYWNrZ3JvdW5kJTNBd2hpdGUlM0J0ZXh0LWFsaWduJTNBY2VudGVyJTNCZm9udCUzQTE4cHglMjB0aW1lcyUyQ3NhbnMtc2VyaWYlM0Jjb2xvciUzQSUyMzAwQTc0QyUzQndpZHRoJTNBMjUwcHglM0JtYXJnaW4tbGVmdCUzQWF1dG8lM0JtYXJnaW4tcmlnaHQlM0FhdXRvJTNCJTIyJTNFJTNDYSUyMHRhcmdldCUzRCUyMl9ibGFuayUyMiUyMGhyZWYlM0QlMjJodHRwJTNBJTJGJTJGd3d3LmVjY2VsbGVuemVpdGFsaWFuZS5jb20lMjIlMjB0aXRsZSUzRCUyMkVudHJhJTIwbmVsJTIwc2l0byUyMGRpJTIwRWNjZWxsZW56ZSUyMEl0YWxpYW5lJTIyJTNFJTNDaW1nJTIwaGVpZ2h0JTNEJTIyMjAwJTIyJTIwd2lkdGglM0QlMjIyMDAlMjIlMjBzcmMlM0QlMjJodHRwcyUzQSUyRiUyRnd3dy5lY2NlbGxlbnplaXRhbGlhbmUuY29tJTJGU3RhdGljJTJGaW1hZ2VzJTJGbG9nby1jb250cmFmZmF6aW9uZS5wbmclMjIlMjBhbHQlM0QlMjJFbnRyYSUyMG5lbCUyMHNpdG8lMjBkaSUyMEVjY2VsbGVuemUlMjBJdGFsaWFuZSUyMiUzRSUzQyUyRmElM0UlM0MlMkZkaXYlM0U=[\/vc_raw_html][\/vc_column][\/vc_row][vc_row row_type=\u00bbparallax\u00bb background_image=\u00bbhttp:\/\/structure.thememove.com\/data\/homev2\/parallax-2.jpg\u00bb parallax_speed=\u00bb0.5&#8243; el_class=\u00bbcounting align-center\u00bb css=\u00bb.vc_custom_1433392647671{padding-top: 100px !important;padding-bottom: 100px !important;}\u00bb][vc_column width=\u00bb1\/2&#8243;][vc_custom_heading text=\u00bbNuestras cifras\u00bb font_container=\u00bbtag:h2|font_size:32|text_align:left|color:%23ffffff|line_height:1.3&#8243; el_class=\u00bbheading\u00bb][\/vc_column][vc_column width=\u00bb1\/2&#8243;][vc_row_inner el_class=\u00bbalign-center\u00bb][vc_column_inner width=\u00bb1\/3&#8243;][\/vc_column_inner][vc_column_inner width=\u00bb1\/3&#8243;][vc_column_text]<img loading=\"lazy\" width=\"300\" height=\"300\" class=\"alignnone size-medium wp-image-79427\" style=\"height: 80px; margin-bottom: 15px;\" src=\"https:\/\/www.clesi.it\/wp-content\/uploads\/2024\/10\/Tower-crane-300x300.webp\" alt=\"\" srcset=\"https:\/\/www.clesi.it\/wp-content\/uploads\/2024\/10\/Tower-crane-300x300.webp 300w, https:\/\/www.clesi.it\/wp-content\/uploads\/2024\/10\/Tower-crane-150x150.webp 150w, https:\/\/www.clesi.it\/wp-content\/uploads\/2024\/10\/Tower-crane-50x50.webp 50w, https:\/\/www.clesi.it\/wp-content\/uploads\/2024\/10\/Tower-crane-100x100.webp 100w, https:\/\/www.clesi.it\/wp-content\/uploads\/2024\/10\/Tower-crane.webp 512w\" sizes=\"(max-width: 300px) 100vw, 300px\" \/>[\/vc_column_text][vc_custom_heading text=\u00bb8&#8243; font_container=\u00bbtag:h2|font_size:36|text_align:center|color:%23ffffff|line_height:1&#8243;][vc_custom_heading text=\u00bbmillones de metros cuadrados construidos\u00bb font_container=\u00bbtag:h4|font_size:16|text_align:center|color:%23bbbbbb|line_height:1&#8243;][\/vc_column_inner][vc_column_inner width=\u00bb1\/3&#8243;][vc_column_text]<\/p>\n<h3><img loading=\"lazy\" width=\"300\" height=\"300\" class=\"alignnone wp-image-79472 size-medium\" style=\"height: 60px; margin: 20px 0; margin-bottom: 15px;\" src=\"https:\/\/www.clesi.it\/wp-content\/uploads\/2024\/10\/Users-300x300.webp\" alt=\"\" srcset=\"https:\/\/www.clesi.it\/wp-content\/uploads\/2024\/10\/Users-300x300.webp 300w, https:\/\/www.clesi.it\/wp-content\/uploads\/2024\/10\/Users-150x150.webp 150w, https:\/\/www.clesi.it\/wp-content\/uploads\/2024\/10\/Users-50x50.webp 50w, https:\/\/www.clesi.it\/wp-content\/uploads\/2024\/10\/Users-100x100.webp 100w, https:\/\/www.clesi.it\/wp-content\/uploads\/2024\/10\/Users.webp 512w\" sizes=\"(max-width: 300px) 100vw, 300px\" \/><\/h3>\n<p>[\/vc_column_text][vc_custom_heading text=\u00bb5000&#8243; font_container=\u00bbtag:h2|font_size:36|text_align:center|color:%23ffffff|line_height:1&#8243;][vc_custom_heading text=\u00bbclientes\u00bb font_container=\u00bbtag:h4|font_size:16|text_align:center|color:%23bbbbbb|line_height:1&#8243;][\/vc_column_inner][\/vc_row_inner][\/vc_column][\/vc_row][vc_row css=\u00bb.vc_custom_1679477398078{margin-top: 30px !important;margin-right: 15px !important;margin-bottom: 30px !important;margin-left: 15px !important;}\u00bb][vc_column css=\u00bb.vc_custom_1679477368114{margin-top: 20px !important;margin-bottom: 20px !important;}\u00bb][vc_column_text]<\/p>\n<h3 style=\"text-align: center;\"><em>Orgullosos de formar parte<\/em><\/h3>\n<p>[\/vc_column_text][\/vc_column][vc_column width=\u00bb1\/3&#8243;][vc_single_image image=\u00bb78211&#8243; img_size=\u00bb147&#215;80&#8243; alignment=\u00bbcenter\u00bb][\/vc_column][vc_column width=\u00bb1\/3&#8243;][vc_single_image image=\u00bb78215&#8243; img_size=\u00bb252&#215;80&#8243; alignment=\u00bbcenter\u00bb][\/vc_column][vc_column width=\u00bb1\/3&#8243;][vc_single_image image=\u00bb78213&#8243; img_size=\u00bb252&#215;80&#8243; alignment=\u00bbcenter\u00bb][\/vc_column][\/vc_row]<\/p>\n","protected":false},"excerpt":{"rendered":"<p>[vc_row type=\u00bbfull_width\u00bb full_width=\u00bbstretch_row\u00bb][vc_column][rev_slider_vc alias=\u00bbhome-fr-1&#8243;][\/vc_column][\/vc_row][vc_row el_class=\u00bbintro4 align-center\u00bb full_width=\u00bbstretch_row_content\u00bb css=\u00bb.vc_custom_1432632676284{background-color: #fdc502 !important;}\u00bb][vc_column width=\u00bb2\/3&#8243;][vc_custom_heading text=\u00bb\u00bfBusca un constructor de calidad para sus proyectos?\u00bb font_container=\u00bbtag:h3|font_size:22|text_align:center|color:%23ffffff\u00bb][\/vc_column][vc_column width=\u00bb1\/3&#8243;][vc_btn title=\u00bbPerfil de la empresa\u00bb style=\u00bbflat\u00bb shape=\u00bbsquare\u00bb color=\u00bborange\u00bb size=\u00bbsm\u00bb css_animation=\u00bbappear\u00bb css=\u00bb.vc_custom_1726822652257{background-color: rgba(0,0,0,0.01) !important;*background-color: rgb(0,0,0) !important;}\u00bb link=\u00bburl:https%3A%2F%2Fwww.clesi.it%2Fcompany%2Fprofile%2F|||\u00bb][\/vc_column][\/vc_row][vc_row background_color=\u00bb#ffffff\u00bb el_class=\u00bbfeatures-2&#8243; css=\u00bb.vc_custom_1429696703812{padding-top: 70px !important;padding-bottom: 40px !important;}\u00bb][vc_column width=\u00bb1\/3&#8243;][vc_single_image image=\u00bb73931&#8243; img_size=\u00bb360&#215;240&#8243; alignment=\u00bbcenter\u00bb onclick=\u00bbcustom_link\u00bb link=\u00bbhttps:\/\/www.clesi.it\/services\/\u00bb][vc_column_text css=\u00bb.vc_custom_1726822674598{margin-top: -40px !important;padding-right: 15px !important;padding-left: 15px [&hellip;]<\/p>\n","protected":false},"author":1,"featured_media":79114,"parent":0,"menu_order":0,"comment_status":"closed","ping_status":"closed","template":"","meta":[],"_links":{"self":[{"href":"https:\/\/www.clesi.it\/es\/wp-json\/wp\/v2\/pages\/79112"}],"collection":[{"href":"https:\/\/www.clesi.it\/es\/wp-json\/wp\/v2\/pages"}],"about":[{"href":"https:\/\/www.clesi.it\/es\/wp-json\/wp\/v2\/types\/page"}],"author":[{"embeddable":true,"href":"https:\/\/www.clesi.it\/es\/wp-json\/wp\/v2\/users\/1"}],"replies":[{"embeddable":true,"href":"https:\/\/www.clesi.it\/es\/wp-json\/wp\/v2\/comments?post=79112"}],"version-history":[{"count":4,"href":"https:\/\/www.clesi.it\/es\/wp-json\/wp\/v2\/pages\/79112\/revisions"}],"predecessor-version":[{"id":79839,"href":"https:\/\/www.clesi.it\/es\/wp-json\/wp\/v2\/pages\/79112\/revisions\/79839"}],"wp:featuredmedia":[{"embeddable":true,"href":"https:\/\/www.clesi.it\/es\/wp-json\/wp\/v2\/media\/79114"}],"wp:attachment":[{"href":"https:\/\/www.clesi.it\/es\/wp-json\/wp\/v2\/media?parent=79112"}],"curies":[{"name":"wp","href":"https:\/\/api.w.org\/{rel}","templated":true}]}}