{"id":79128,"date":"2017-01-15T14:54:07","date_gmt":"2017-01-15T13:54:07","guid":{"rendered":"https:\/\/www.clesi.it\/profile\/"},"modified":"2024-09-20T11:24:52","modified_gmt":"2024-09-20T09:24:52","slug":"profile","status":"publish","type":"page","link":"https:\/\/www.clesi.it\/es\/profile\/","title":{"rendered":"Perfil"},"content":{"rendered":"<p>[vc_row][vc_column width=\u00bb1\/3&#8243;][vc_widget_sidebar sidebar_id=\u00bbsidebar\u00bb][\/vc_column][vc_column width=\u00bb1\/3&#8243;][vc_custom_heading text=\u00bbSobre nosostros\u00bb el_class=\u00bbheading-title-3&#8243;][vc_column_text css_animation=\u00bbbottom-to-top\u00bb]<\/p>\n<p class=\"p1\"><img loading=\"lazy\" class=\"alignnone wp-image-75414 size-full\" src=\"https:\/\/www.clesi.it\/wp-content\/uploads\/2017\/01\/citta-del-futuro.jpg\" alt=\"citta del futuro\" width=\"408\" height=\"272\" srcset=\"https:\/\/www.clesi.it\/wp-content\/uploads\/2017\/01\/citta-del-futuro.jpg 408w, https:\/\/www.clesi.it\/wp-content\/uploads\/2017\/01\/citta-del-futuro-300x200.jpg 300w\" sizes=\"(max-width: 408px) 100vw, 408px\" \/><\/p>\n<p>Clesi es l\u00edder en el sector de los prefabricados de hormig\u00f3n armado para la construcci\u00f3n industrial, comercial, civil y log\u00edstica, gracias a una historia empresarial que comenz\u00f3 en 1959. Con una superficie productiva de 50.000 metros cuadrados, 20.000 de ellos cubiertos, y tecnolog\u00edas avanzadas, se sit\u00faa entre las empresas m\u00e1s din\u00e1micas y competitivas del sector en Italia.<\/p>\n<p>El know-how, desarrollado a lo largo de los a\u00f1os, le ha permitido construir m\u00e1s de 8,5 millones de metros cuadrados de estructuras prefabricadas, y lanzar al mercado sistemas constructivos vanguardistas en cuanto a ductilidad de aplicaci\u00f3n, seguridad y est\u00e9tica. Clesi ofrece soluciones que combinan elegancia est\u00e9tica, funcionalidad, costes fiables y respeto por el medio ambiente. Muchas de las soluciones de Clesi est\u00e1n cubiertas por patentes, lo que sit\u00faa a la empresa entre las m\u00e1s din\u00e1micas y decididas en t\u00e9rminos de inversi\u00f3n en investigaci\u00f3n y desarrollo.[\/vc_column_text][vc_empty_space][vc_custom_heading text=\u00bbMision\u00bb el_class=\u00bbheading-title-3&#8243;][vc_column_text css_animation=\u00bbbottom-to-top\u00bb]<img loading=\"lazy\" class=\"alignnone wp-image-76745 size-full\" src=\"https:\/\/www.clesi.it\/wp-content\/uploads\/2021\/12\/clesi-trasp-eccezionale.jpg\" alt=\"\" width=\"408\" height=\"263\" srcset=\"https:\/\/www.clesi.it\/wp-content\/uploads\/2021\/12\/clesi-trasp-eccezionale.jpg 408w, https:\/\/www.clesi.it\/wp-content\/uploads\/2021\/12\/clesi-trasp-eccezionale-300x193.jpg 300w\" sizes=\"(max-width: 408px) 100vw, 408px\" \/><\/p>\n<p class=\"p1\">La misi\u00f3n de Clesi Prefabbricati es la satisfacci\u00f3n del cliente, al que ofrece asesoramiento espec\u00edfico en materia de dise\u00f1o, una cuidadosa selecci\u00f3n de productos y una gesti\u00f3n eficaz de las obras. Clesi valoriza los recursos humanos y promueve el desarrollo de programas t\u00e9cnicos y de gesti\u00f3n altamente cualificados que favorecen la optimizaci\u00f3n de los procesos de producci\u00f3n, la evoluci\u00f3n de los sistemas mec\u00e1nicos y electr\u00f3nicos para la producci\u00f3n, el ensayo y el montaje preciso de los productos.<\/p>\n<p>[\/vc_column_text][\/vc_column][vc_column width=\u00bb1\/3&#8243;][vc_custom_heading text=\u00bbAdonde vamos\u00bb el_class=\u00bbheading-title-3&#8243;][vc_column_text css_animation=\u00bbbottom-to-top\u00bb]<\/p>\n<p class=\"p1\"><img loading=\"lazy\" class=\"alignnone wp-image-74933 size-full\" src=\"https:\/\/www.clesi.it\/wp-content\/uploads\/2017\/01\/doveandiamo.jpg\" alt=\"doveandiamo\" width=\"408\" height=\"272\" srcset=\"https:\/\/www.clesi.it\/wp-content\/uploads\/2017\/01\/doveandiamo.jpg 408w, https:\/\/www.clesi.it\/wp-content\/uploads\/2017\/01\/doveandiamo-300x200.jpg 300w\" sizes=\"(max-width: 408px) 100vw, 408px\" \/><\/p>\n<p class=\"p1\">Nos orientamos hacia la construcci\u00f3n de estructuras de bajo impacto ambiental y en plena armon\u00eda con la normativa paisaj\u00edstica.<\/p>\n<p class=\"p1\">Por eso llevamos a cabo una serie de actividades encaminadas a satisfacer plenamente a nuestros clientes sin da\u00f1ar el medio ambiente.<\/p>\n<p class=\"p1\">Estamos orgullosos de ofrecer productos innovadores y nos comprometemos a proteger a diario nuestros productos durante todo su ciclo de vida.<\/p>\n<p class=\"p1\">Nuestro trabajo es el resultado de una cuidadosa y meditada atenci\u00f3n a cada detalle: desde la gesti\u00f3n, al dise\u00f1o, los procesos de producci\u00f3n, los lugares de trabajo, las comunidades ecol\u00f3gicas y los productos. Nuestra pol\u00edtica de gesti\u00f3n ecol\u00f3gica apoya y fomenta la conservaci\u00f3n de entornos m\u00e1s verdes y saludables. De hecho, nuestro principal objetivo es que todas nuestras actividades no afecten lo m\u00e1s m\u00ednimo a nuestro entorno.<\/p>\n<p class=\"p1\">El compromiso de Clesi en el \u00e1mbito social abarca muchas \u00e1reas de la vida cotidiana: bienestar comunitario, cultura y arte, voluntariado, formaci\u00f3n y educaci\u00f3n universitaria, protecci\u00f3n del medio ambiente y de los trabajadores.<\/p>\n<p class=\"p1\">Esta contribuci\u00f3n activa tiene como objetivo la mejora de la sociedad, que es una constante entre los valores de Clesi Prefabbricati.<\/p>\n<p>[\/vc_column_text][vc_empty_space][vc_custom_heading text=\u00bbVision\u00bb el_class=\u00bbheading-title-3&#8243;][vc_column_text css_animation=\u00bbbottom-to-top\u00bb]<\/p>\n<p class=\"p1\"><img loading=\"lazy\" class=\"alignnone wp-image-75424 size-full\" src=\"https:\/\/www.clesi.it\/wp-content\/uploads\/2017\/01\/grunight-1.jpg\" alt=\"grunight\" width=\"408\" height=\"272\" srcset=\"https:\/\/www.clesi.it\/wp-content\/uploads\/2017\/01\/grunight-1.jpg 408w, https:\/\/www.clesi.it\/wp-content\/uploads\/2017\/01\/grunight-1-300x200.jpg 300w\" sizes=\"(max-width: 408px) 100vw, 408px\" \/><\/p>\n<p class=\"p1\">En la fase de producci\u00f3n, Clesi emplea personal especializado que trabaja con la \u00faltima tecnolog\u00eda en ciclos de producci\u00f3n automatizados. Tambi\u00e9n dispone de laboratorios que garantizan la calidad de los materiales y el rendimiento de cada producto fabricado.<\/p>\n<p class=\"p1\">El compromiso primordial de Clesi siempre ha sido garantizar la entrega a tiempo y dentro del presupuesto con total seguridad operativa. Prueba de ello son las numerosas certificaciones obtenidas, pero sobre todo la confianza y credibilidad reconocidas por nuestros clientes.<\/p>\n<p>[\/vc_column_text][\/vc_column][\/vc_row][vc_row][vc_column][vc_column_text]<\/p>\n<p>&nbsp;<\/p>\n<p>[\/vc_column_text][\/vc_column][\/vc_row]<\/p>\n","protected":false},"excerpt":{"rendered":"<p>[vc_row][vc_column width=\u00bb1\/3&#8243;][vc_widget_sidebar sidebar_id=\u00bbsidebar\u00bb][\/vc_column][vc_column width=\u00bb1\/3&#8243;][vc_custom_heading text=\u00bbSobre nosostros\u00bb el_class=\u00bbheading-title-3&#8243;][vc_column_text css_animation=\u00bbbottom-to-top\u00bb] Clesi es l\u00edder en el sector de los prefabricados de hormig\u00f3n armado para la construcci\u00f3n industrial, comercial, civil y log\u00edstica, gracias a una historia empresarial que comenz\u00f3 en 1959. Con una superficie productiva de 50.000 metros cuadrados, 20.000 de ellos cubiertos, y tecnolog\u00edas avanzadas, se sit\u00faa entre [&hellip;]<\/p>\n","protected":false},"author":1,"featured_media":0,"parent":0,"menu_order":0,"comment_status":"closed","ping_status":"closed","template":"","meta":[],"_links":{"self":[{"href":"https:\/\/www.clesi.it\/es\/wp-json\/wp\/v2\/pages\/79128"}],"collection":[{"href":"https:\/\/www.clesi.it\/es\/wp-json\/wp\/v2\/pages"}],"about":[{"href":"https:\/\/www.clesi.it\/es\/wp-json\/wp\/v2\/types\/page"}],"author":[{"embeddable":true,"href":"https:\/\/www.clesi.it\/es\/wp-json\/wp\/v2\/users\/1"}],"replies":[{"embeddable":true,"href":"https:\/\/www.clesi.it\/es\/wp-json\/wp\/v2\/comments?post=79128"}],"version-history":[{"count":2,"href":"https:\/\/www.clesi.it\/es\/wp-json\/wp\/v2\/pages\/79128\/revisions"}],"predecessor-version":[{"id":79131,"href":"https:\/\/www.clesi.it\/es\/wp-json\/wp\/v2\/pages\/79128\/revisions\/79131"}],"wp:attachment":[{"href":"https:\/\/www.clesi.it\/es\/wp-json\/wp\/v2\/media?parent=79128"}],"curies":[{"name":"wp","href":"https:\/\/api.w.org\/{rel}","templated":true}]}}