{"id":79214,"date":"2017-01-19T23:43:06","date_gmt":"2017-01-19T22:43:06","guid":{"rendered":"https:\/\/www.clesi.it\/fondazione-prefabbricata\/themelio\/"},"modified":"2024-11-19T15:46:45","modified_gmt":"2024-11-19T14:46:45","slug":"themelio","status":"publish","type":"page","link":"https:\/\/www.clesi.it\/es\/fondazione-prefabbricata\/themelio\/","title":{"rendered":"Themelio"},"content":{"rendered":"\n<blockquote class=\"wp-block-quote\"><p>la primera y \u00daNICA cimentaci\u00f3n totalmente prefabricada en C.A.P. o C.A.V hormig\u00f3n armado-pretensado u hormig\u00f3n armado-vibrado<\/p><\/blockquote>\n\n\n\n<div style=\"height:40px\" aria-hidden=\"true\" class=\"wp-block-spacer\"><\/div>\n\n\n<div id=\"gutenslider-phpya3toh\" class=\"wp-block-eedee-block-gutenslider gs-frontend content-change alignnone adaptive-height adaptive-height-md adaptive-height-sm arrow-style-1 arrow-position-sides arrow-mb-none arrows-lg arrows-md arrows-sm dot-style-1 dots-lg-none dots-md-none dots-sm-none dot-position-bottom is-position-center-center mb-none wrap-auto-height\" data-parallax-direction=\"down\" data-parallax-amount=\"1.3\" data-lg-transition=\"lg-slide\" data-hash=\"\" ><div class=\"eedee-swiper-outer\" style=\"--gutenslider-min-height: 50vh;--gutenslider-arrow-size: 30px;--gutenslider-dot-size: 25px;--gutenslider-arrow-color: #000000;--gutenslider-dot-color: #ffffff;--gutenslider-padding-y-mobile: 40px;--gutenslider-padding-x-mobile: 40px;--gutenslider-padding-y-tablet: 40px;--gutenslider-padding-x-tablet: 40px;--gutenslider-padding-y-desktop: 40px;--gutenslider-padding-x-desktop: 40px;--gutenslider-bg-image: url();--gutenslider-min-height-md: 50vh;--gutenslider-min-height-sm: 50vh;--gutenslider-padding-x: 40px;--gutenslider-padding-x-md: 40px;--gutenslider-padding-x-sm: 20px;--gutenslider-padding-y: 40px;--gutenslider-padding-y-md: 40px;--gutenslider-padding-y-sm: 20px;--gutenslider-arrow-size-md: 30px;--gutenslider-arrow-size-sm: 30px;--gutenslider-dot-size-md: 25px;--gutenslider-dot-size-sm: 25px;--gutenslider-arrow-bg-color: transparent;--gutenslider-arrow-hover-color: #000000bb;--gutenslider-arrow-bg-hover-color: transparent;--gutenslider-arrow-x-offset: 10px;--gutenslider-arrow-x-offset-md: 10px;--gutenslider-arrow-x-offset-sm: 10px;--gutenslider-arrow-y-offset: 0px;--gutenslider-arrow-y-offset-md: 0px;--gutenslider-arrow-y-offset-sm: 0px;--gutenslider-arrow-x-spacing: 0px;--gutenslider-dot-y-offset: 10px;--gutenslider-dot-y-offset-md: 10px;--gutenslider-dot-y-offset-sm: 10px;--gutenslider-margin-x: 0px;--gutenslider-margin-x-md: 0px;--gutenslider-margin-x-sm: 0px;--gutenslider-margin-y: 0px;--gutenslider-margin-y-md: 0px;--gutenslider-margin-y-sm: 0px;--gutenslider-divider-top: 60px;--gutenslider-divider-bottom: 60px;--gutenslider-lightgallery-bg: #ffffff;--gutenslider-lightgallery-font: #000000;--gs-first-pos: 50% 50%;--gs-gap-vertical: var( --wp--style--gallery-gap-default, var( --gallery-block--gutter-size, var( --wp--style--block-gap, 0.5em ) ) );--gs-gap-horizontal: var( --wp--style--gallery-gap-default, var( --gallery-block--gutter-size, var( --wp--style--block-gap, 0.5em ) ) );\"><div class=\"gutenslider-divider-top\" style=\"color:#fff;\"><\/div><div class=\"swiper\" data-settings='{\"autoplay\":{\"delay\":3000,\"pauseOnMouseEnter\":true,\"disableOnInteraction\":false},\"speed\":700,\"direction\":\"horizontal\",\"autoHeight\":\"1\",\"loop\":true,\"centeredSlides\":true,\"spaceBetween\":0,\"slidesPerView\":1,\"slidesPerGroup\":1,\"effect\":\"slide\",\"coverflowEffect\":{\"rotate\":30,\"slideShadows\":false,\"depth\":100,\"stretch\":50,\"modifier\":1},\"fadeEffect\":{\"crossFade\":true},\"zoom\":\"\",\"navigation\":{\"nextEl\":\"#gutenslider-phpya3toh .eedee-gutenslider-next\",\"prevEl\":\"#gutenslider-phpya3toh .eedee-gutenslider-prev\"},\"pagination\":{\"type\":\"bullets\",\"clickable\":true,\"dynamicBullets\":false,\"el\":\"#gutenslider-phpya3toh .eedee-gutenslider-pagination\"},\"pauseOnHover\":\"1\",\"watchSlidesProgress\":true,\"watchSlidesVisibility\":true,\"settingsMd\":{\"autoHeight\":\"1\",\"slidesPerView\":1,\"slidesPerGroup\":1,\"spaceBetween\":0,\"loop\":true},\"settingsLg\":{\"autoHeight\":\"1\",\"slidesPerView\":1,\"slidesPerGroup\":1,\"spaceBetween\":0,\"loop\":true},\"hasLg\":false,\"hasLgCounter\":true,\"isFullScreen\":false,\"arrowsFollowMouse\":false,\"lgTitle\":\"none\",\"lgCaption\":\"none\",\"lgThumbnails\":true,\"lgZoomEnabled\":false,\"keyboard\":{\"keyboard\":{\"enabled\":true,\"onlyInViewport\":true}},\"hashNavigation\":false,\"dividers\":false}'><div class=\"swiper-wrapper\">\n<div class=\"swiper-slide wp-block-eedee-block-gutenslide is-position-center-center ed-bg-image\" style=\"--ed-vw:300;--ed-vh:159;\" data-hash=\"\"><div class=\"eedee-background-div bg-image\"><img loading=\"lazy\" width=\"1024\" height=\"542\" class=\"wp-image-80674\" src=\"https:\/\/www.clesi.it\/wp-content\/uploads\/2024\/11\/Themelio-1-2-1024x542.webp\" alt=\"\" decoding=\"async\" style=\"object-fit: cover; object-position: 50% 50%;\"  data-title=\"Themelio 1\" srcset=\"https:\/\/www.clesi.it\/wp-content\/uploads\/2024\/11\/Themelio-1-2-1024x542.webp 1024w, https:\/\/www.clesi.it\/wp-content\/uploads\/2024\/11\/Themelio-1-2-300x159.webp 300w, https:\/\/www.clesi.it\/wp-content\/uploads\/2024\/11\/Themelio-1-2-768x407.webp 768w, https:\/\/www.clesi.it\/wp-content\/uploads\/2024\/11\/Themelio-1-2-50x26.webp 50w, https:\/\/www.clesi.it\/wp-content\/uploads\/2024\/11\/Themelio-1-2-1600x847.webp 1600w, https:\/\/www.clesi.it\/wp-content\/uploads\/2024\/11\/Themelio-1-2-1536x813.webp 1536w, https:\/\/www.clesi.it\/wp-content\/uploads\/2024\/11\/Themelio-1-2.webp 1813w\" sizes=\"(max-width: 1024px) 100vw, 1024px\" \/><div class=\"eedee-background-div__overlay\" style=\"opacity:1;\"><\/div><\/div><div class=\"slide-content\">\n\n<p class=\"has-text-align-center gutenslider-content-initial has-larger-font-size\"><\/p>\n\n<\/div><\/div>\n\n<div class=\"swiper-slide wp-block-eedee-block-gutenslide is-position-center-center ed-bg-image\" style=\"--ed-vw:300;--ed-vh:159;\" data-hash=\"\"><div class=\"eedee-background-div bg-image\"><img loading=\"lazy\" width=\"1024\" height=\"542\" class=\"wp-image-80668\" src=\"https:\/\/www.clesi.it\/wp-content\/uploads\/2024\/11\/Themelio-2-2-1024x542.webp\" alt=\"\" decoding=\"async\" style=\"object-fit: cover; object-position: 50% 50%;\"  data-title=\"Themelio 2\" srcset=\"https:\/\/www.clesi.it\/wp-content\/uploads\/2024\/11\/Themelio-2-2-1024x542.webp 1024w, https:\/\/www.clesi.it\/wp-content\/uploads\/2024\/11\/Themelio-2-2-300x159.webp 300w, https:\/\/www.clesi.it\/wp-content\/uploads\/2024\/11\/Themelio-2-2-768x406.webp 768w, https:\/\/www.clesi.it\/wp-content\/uploads\/2024\/11\/Themelio-2-2-50x26.webp 50w, https:\/\/www.clesi.it\/wp-content\/uploads\/2024\/11\/Themelio-2-2-1600x846.webp 1600w, https:\/\/www.clesi.it\/wp-content\/uploads\/2024\/11\/Themelio-2-2-1536x812.webp 1536w, https:\/\/www.clesi.it\/wp-content\/uploads\/2024\/11\/Themelio-2-2.webp 1813w\" sizes=\"(max-width: 1024px) 100vw, 1024px\" \/><div class=\"eedee-background-div__overlay\" style=\"opacity:1;\"><\/div><\/div><div class=\"slide-content\">\n\n<p class=\"has-text-align-center gutenslider-content-initial has-larger-font-size\"><\/p>\n\n<\/div><\/div>\n\n<div class=\"swiper-slide wp-block-eedee-block-gutenslide is-position-center-center ed-bg-image\" style=\"--ed-vw:300;--ed-vh:159;\" data-hash=\"\"><div class=\"eedee-background-div bg-image\"><img loading=\"lazy\" width=\"1024\" height=\"542\" class=\"wp-image-80662\" src=\"https:\/\/www.clesi.it\/wp-content\/uploads\/2024\/11\/Themelio-3-2-1024x542.webp\" alt=\"\" decoding=\"async\" style=\"object-fit: cover; object-position: 50% 50%;\"  data-title=\"Themelio 3\" srcset=\"https:\/\/www.clesi.it\/wp-content\/uploads\/2024\/11\/Themelio-3-2-1024x542.webp 1024w, https:\/\/www.clesi.it\/wp-content\/uploads\/2024\/11\/Themelio-3-2-300x159.webp 300w, https:\/\/www.clesi.it\/wp-content\/uploads\/2024\/11\/Themelio-3-2-768x406.webp 768w, https:\/\/www.clesi.it\/wp-content\/uploads\/2024\/11\/Themelio-3-2-50x26.webp 50w, https:\/\/www.clesi.it\/wp-content\/uploads\/2024\/11\/Themelio-3-2-1600x846.webp 1600w, https:\/\/www.clesi.it\/wp-content\/uploads\/2024\/11\/Themelio-3-2-1536x812.webp 1536w, https:\/\/www.clesi.it\/wp-content\/uploads\/2024\/11\/Themelio-3-2.webp 1813w\" sizes=\"(max-width: 1024px) 100vw, 1024px\" \/><div class=\"eedee-background-div__overlay\" style=\"opacity:1;\"><\/div><\/div><div class=\"slide-content\">\n\n<p class=\"has-text-align-center gutenslider-content-initial has-larger-font-size\"><\/p>\n\n<\/div><\/div>\n<\/div><\/div><button class=\"eedee-gutenslider-nav eedee-gutenslider-prev\"><svg xmlns=\"http:\/\/www.w3.org\/2000\/svg\" viewBox=\"0 0 24 24\" width=\"24\" height=\"24\"><circle class=\"bg\" cx=\"13\" cy=\"12\" r=\"11\" \/><path fill=\"none\" d=\"M0 0h24v24H0z\"\/><path class=\"arrow\" d=\"M10.828 12l4.95 4.95-1.414 1.414L8 12l6.364-6.364 1.414 1.414z\"\/><\/svg><\/button><button class=\"eedee-gutenslider-nav eedee-gutenslider-next\"><svg xmlns=\"http:\/\/www.w3.org\/2000\/svg\" viewBox=\"0 0 24 24\" width=\"24\" height=\"24\"><circle class=\"bg\" cx=\"11\" cy=\"12\" r=\"11\" \/><path fill=\"none\" d=\"M0 0h24v24H0z\"\/><path class=\"arrow\" d=\"M13.172 12l-4.95-4.95 1.414-1.414L16 12l-6.364 6.364-1.414-1.414z\"\/><\/svg><\/button><div class=\"eedee-gutenslider-pagination\"><\/div><div class=\"gutenslider-divider-bottom \" style=\"color:#fff;\"><\/div><\/div><\/div>\n\n\n<div style=\"height:30px\" aria-hidden=\"true\" class=\"wp-block-spacer\"><\/div>\n\n\n\n<h2 class=\"h2-custom\">UNA SOLUCI\u00d3N T\u00c9CNICA INNOVADORA Y EFICAZ<\/h2>\n\n\n\n<p>Th\u00e8melio, fruto de d\u00e9cadas de experiencia de Clesi, es la primera cimentaci\u00f3n totalmente prefabricada de hormig\u00f3n armado pretensado (C.A.P.) o pretensado C.A.V . Themelio, es capaz de reducir los costes de la obra, garantizar la calidad y durabilidad de los materiales y acelerar el tiempo de construcci\u00f3n, con el fin de ofrecer al mercado una alternativa eficaz y segura a las cimentaciones tradicionales in situ. Nuestro innovador sistema permite cimentar 5.000 metros cuadrados de obra en 8 d\u00edas laborables.<\/p>\n\n\n\n<div class=\"wp-container-3 wp-block-columns\">\n<div class=\"wp-container-1 wp-block-column\">\n<div style=\"height:30px\" aria-hidden=\"true\" class=\"wp-block-spacer\"><\/div>\n\n\n\n<h2 class=\"h2-custom\">T\u00e9cnica<\/h2>\n\n\n\n<p>La cimentaci\u00f3n prefabricada Th\u00e8melio ofrece una soluci\u00f3n alternativa eficaz y segura a las cimentaciones tradicionales in situ. Se ha dise\u00f1ado cumpliendo plenamente la normativa antis\u00edsmica y de acuerdo con EUROC\u00d3DIGO y se fabrica exclusivamente con hormig\u00f3n de clase c40\/50.<\/p>\n\n\n\n<p>La cimentaci\u00f3n Th\u00e8melio garantiza:<\/p>\n\n\n\n<p>La cimentaci\u00f3n prefabricada consta de 4 elementos principales:La zapata prefabricada Tipo \u00abTh\u00e8melio \u00abEl sistema de conexi\u00f3n entre la zapata y el pilar (Synde)<\/p>\n\n\n\n<p> Las vigas de conexi\u00f3n. La zapata rompedor (si es necesario)<\/p>\n\n\n\n<ul><li>la zapata prefabricada Themelio <\/li><li>sistema de conexi\u00f3n entre la zapata y el pilar Synd &#8211; vigas de conexi\u00f3n <\/li><li>zapata aislada <\/li><li>resistencia mec\u00e1nica;<\/li><li>clase de resistencia en ambientes agresivos; <\/li><li>ausencia de puntos vulnerables a los agentes clim\u00e1ticos; <\/li><li>durabilidad;<\/li><li>precisi\u00f3n en el posicionamiento; <\/li><li>seguridad en la obra; <\/li><li>respeto al medio ambiente.<\/li><\/ul>\n<\/div>\n\n\n\n<div class=\"wp-container-2 wp-block-column\">\n<div style=\"height:30px\" aria-hidden=\"true\" class=\"wp-block-spacer\"><\/div>\n\n\n\n<h2 class=\"h2-custom\">Ventajas<\/h2>\n\n\n\n<h3>Costes determinados<\/h3>\n\n\n\n<p>Los elementos que componen la cimentaci\u00f3n prefabricada \u00abTh\u00e8melio\u00bb se producen \u00edntegramente en nuestra f\u00e1brica mediante un proceso industrial normalizado y certificado. Esto nos permite indicar, incluso antes del inicio de la producci\u00f3n, los costes exactos de cada cimiento. En comparaci\u00f3n con las cimentaciones in situ, en las que los imprevistos de la obra pueden afectar al coste final, nuestra cimentaci\u00f3n prefabricada patentada tiene ciertos costes ya previstos en la fase de dise\u00f1o<\/p>\n\n\n\n<h3>Costes de la obra<\/h3>\n\n\n\n<p>El uso de una cimentaci\u00f3n prefabricada de hormig\u00f3n pretensado reduce o incluso elimina todas las actividades inherentes a la construcci\u00f3n de una cimentaci\u00f3n con un sistema tradicional in situ.<\/p>\n\n\n\n<p>La colocaci\u00f3n de una zapata prefabricada requiere menos excavaci\u00f3n y, por tanto, menos relleno posterior.<\/p>\n\n\n\n<p>La colocaci\u00f3n del z\u00f3calo prefabricado requiere menos excavaci\u00f3n y, por tanto, menos relleno posterior, al igual que la ausencia de una estructura de contenci\u00f3n evita la necesidad de mano de obra especializada (carpinteros, ferrallistas, etc.) y reduce el uso de productos como el acero y el hormig\u00f3n.) y reduce el uso de productos afines (tablones, clavos, alambre, mortajadoras, cortadoras, electricidad, etc.).<\/p>\n\n\n\n<h3>Reducci\u00f3n de las cargas de seguridad<\/h3>\n\n\n\n<p>Las caracter\u00edsticas t\u00e9cnicas de nuestro z\u00f3calo prefabricado \u00abTh\u00e8melio\u00bb reducen la necesidad de excavaci\u00f3n y de otras estructuras de seguridad para el personal que trabaja en la obra. <\/p>\n\n\n\n<p>Muy pocos operarios intervienen en la colocaci\u00f3n de la zapata, lo que reduce el riesgo de accidentes.<\/p>\n\n\n\n<p>La excavaci\u00f3n para la instalaci\u00f3n de nuestra zapata prefabricada de hormig\u00f3n armado elimina casi por completo el riesgo de desprendimientos y corrimientos de tierra.<\/p>\n\n\n\n<h3>C\u00e1lculo de la cimentaci\u00f3n incluido en el alcance del suministro<\/h3>\n\n\n\n<p>El dise\u00f1o y el c\u00e1lculo de la cimentaci\u00f3n prefabricada est\u00e1n incluidos en el alcance del suministro, y son v\u00e1lidos a efectos de su presentaci\u00f3n ante el ingeniero civil.<\/p>\n<\/div>\n<\/div>\n\n\n\n<div class=\"wp-container-6 wp-block-columns\">\n<div class=\"wp-container-4 wp-block-column\">\n<div style=\"height:30px\" aria-hidden=\"true\" class=\"wp-block-spacer\"><\/div>\n\n\n\n<h2 class=\"h2-custom\">Proyecto<\/h2>\n\n\n<div id=\"gutenslider-tl7ngnksg\" class=\"wp-block-eedee-block-gutenslider gs-frontend content-change alignnone arrow-style-1 arrow-position-sides arrow-mb-none arrows-lg arrows-md arrows-sm dot-style-1 dots-lg-none dots-md-none dots-sm-none dot-position-bottom is-position-center-center mb-none wrap-auto-height\" data-parallax-direction=\"down\" data-parallax-amount=\"1.3\" data-lg-transition=\"lg-slide\" data-hash=\"\" ><div class=\"eedee-swiper-outer\" style=\"--gutenslider-min-height: 20vh;--gutenslider-arrow-size: 30px;--gutenslider-dot-size: 25px;--gutenslider-arrow-color: #ffffff;--gutenslider-dot-color: #ffffff;--gutenslider-padding-y-mobile: 40px;--gutenslider-padding-x-mobile: 40px;--gutenslider-padding-y-tablet: 40px;--gutenslider-padding-x-tablet: 40px;--gutenslider-padding-y-desktop: 40px;--gutenslider-padding-x-desktop: 40px;--gutenslider-bg-image: url();--gutenslider-min-height-md: 20vh;--gutenslider-min-height-sm: 20vh;--gutenslider-padding-x: 40px;--gutenslider-padding-x-md: 40px;--gutenslider-padding-x-sm: 20px;--gutenslider-padding-y: 40px;--gutenslider-padding-y-md: 40px;--gutenslider-padding-y-sm: 20px;--gutenslider-arrow-size-md: 30px;--gutenslider-arrow-size-sm: 30px;--gutenslider-dot-size-md: 25px;--gutenslider-dot-size-sm: 25px;--gutenslider-arrow-bg-color: transparent;--gutenslider-arrow-hover-color: #eeeeee;--gutenslider-arrow-bg-hover-color: transparent;--gutenslider-arrow-x-offset: 10px;--gutenslider-arrow-x-offset-md: 10px;--gutenslider-arrow-x-offset-sm: 10px;--gutenslider-arrow-y-offset: 0px;--gutenslider-arrow-y-offset-md: 0px;--gutenslider-arrow-y-offset-sm: 0px;--gutenslider-arrow-x-spacing: 0px;--gutenslider-dot-y-offset: 10px;--gutenslider-dot-y-offset-md: 10px;--gutenslider-dot-y-offset-sm: 10px;--gutenslider-margin-x: 0px;--gutenslider-margin-x-md: 0px;--gutenslider-margin-x-sm: 0px;--gutenslider-margin-y: 0px;--gutenslider-margin-y-md: 0px;--gutenslider-margin-y-sm: 0px;--gutenslider-divider-top: 60px;--gutenslider-divider-bottom: 60px;--gutenslider-lightgallery-bg: #ffffff;--gutenslider-lightgallery-font: #000000;--gs-first-pos: 50% 50%;--gs-gap-vertical: var( --wp--style--gallery-gap-default, var( --gallery-block--gutter-size, var( --wp--style--block-gap, 0.5em ) ) );--gs-gap-horizontal: var( --wp--style--gallery-gap-default, var( --gallery-block--gutter-size, var( --wp--style--block-gap, 0.5em ) ) );\"><div class=\"gutenslider-divider-top\" style=\"color:#fff;\"><\/div><div class=\"swiper\" data-settings='{\"autoplay\":{\"delay\":3000,\"pauseOnMouseEnter\":true,\"disableOnInteraction\":false},\"speed\":700,\"direction\":\"horizontal\",\"autoHeight\":\"\",\"loop\":true,\"centeredSlides\":true,\"spaceBetween\":0,\"slidesPerView\":1,\"slidesPerGroup\":1,\"effect\":\"slide\",\"coverflowEffect\":{\"rotate\":30,\"slideShadows\":false,\"depth\":100,\"stretch\":50,\"modifier\":1},\"fadeEffect\":{\"crossFade\":true},\"zoom\":\"\",\"navigation\":{\"nextEl\":\"#gutenslider-tl7ngnksg .eedee-gutenslider-next\",\"prevEl\":\"#gutenslider-tl7ngnksg .eedee-gutenslider-prev\"},\"pagination\":{\"type\":\"bullets\",\"clickable\":true,\"dynamicBullets\":false,\"el\":\"#gutenslider-tl7ngnksg .eedee-gutenslider-pagination\"},\"pauseOnHover\":\"1\",\"watchSlidesProgress\":true,\"watchSlidesVisibility\":true,\"settingsMd\":{\"autoHeight\":\"\",\"slidesPerView\":1,\"slidesPerGroup\":1,\"spaceBetween\":0,\"loop\":true},\"settingsLg\":{\"autoHeight\":\"\",\"slidesPerView\":1,\"slidesPerGroup\":1,\"spaceBetween\":0,\"loop\":true},\"hasLg\":false,\"hasLgCounter\":true,\"isFullScreen\":false,\"arrowsFollowMouse\":false,\"lgTitle\":\"none\",\"lgCaption\":\"none\",\"lgThumbnails\":true,\"lgZoomEnabled\":false,\"keyboard\":{\"keyboard\":{\"enabled\":true,\"onlyInViewport\":true}},\"hashNavigation\":false,\"dividers\":false}'><div class=\"swiper-wrapper\">\n<div class=\"swiper-slide wp-block-eedee-block-gutenslide is-position-center-center ed-bg-image\" style=\"--ed-vw:300;--ed-vh:159;\" data-hash=\"\"><div class=\"eedee-background-div bg-image\"><img loading=\"lazy\" width=\"870\" height=\"460\" class=\"wp-image-75974\" src=\"https:\/\/www.clesi.it\/wp-content\/uploads\/2019\/04\/2-870x460.jpg\" alt=\"\" decoding=\"async\" style=\"object-fit: cover; object-position: 50% 50%;\"  data-title=\"2-870x460\" srcset=\"https:\/\/www.clesi.it\/wp-content\/uploads\/2019\/04\/2-870x460.jpg 870w, https:\/\/www.clesi.it\/wp-content\/uploads\/2019\/04\/2-870x460-300x159.jpg 300w, https:\/\/www.clesi.it\/wp-content\/uploads\/2019\/04\/2-870x460-768x406.jpg 768w\" sizes=\"(max-width: 870px) 100vw, 870px\" \/><div class=\"eedee-background-div__overlay\" style=\"opacity:1;\"><\/div><\/div><div class=\"slide-content\">\n\n<p class=\"has-text-align-center gutenslider-content-initial has-larger-font-size\"><\/p>\n\n<\/div><\/div>\n\n<div class=\"swiper-slide wp-block-eedee-block-gutenslide is-position-center-center ed-bg-image\" style=\"--ed-vw:184;--ed-vh:300;\" data-hash=\"\"><div class=\"eedee-background-div bg-image\"><img loading=\"lazy\" width=\"627\" height=\"1024\" class=\"wp-image-75037\" src=\"https:\/\/www.clesi.it\/wp-content\/uploads\/2017\/01\/clesi-29-627x1024.jpg\" alt=\"\" decoding=\"async\" style=\"object-fit: cover; object-position: 50% 50%;\"  data-title=\"clesi-29\" srcset=\"https:\/\/www.clesi.it\/wp-content\/uploads\/2017\/01\/clesi-29-627x1024.jpg 627w, https:\/\/www.clesi.it\/wp-content\/uploads\/2017\/01\/clesi-29-184x300.jpg 184w, https:\/\/www.clesi.it\/wp-content\/uploads\/2017\/01\/clesi-29-768x1255.jpg 768w, https:\/\/www.clesi.it\/wp-content\/uploads\/2017\/01\/clesi-29.jpg 1175w\" sizes=\"(max-width: 627px) 100vw, 627px\" \/><div class=\"eedee-background-div__overlay\" style=\"opacity:1;\"><\/div><\/div><div class=\"slide-content\">\n\n<p class=\"has-text-align-center gutenslider-content-initial has-larger-font-size\"><\/p>\n\n<\/div><\/div>\n\n<div class=\"swiper-slide wp-block-eedee-block-gutenslide is-position-center-center ed-bg-image\" style=\"--ed-vw:300;--ed-vh:106;\" data-hash=\"\"><div class=\"eedee-background-div bg-image\"><img loading=\"lazy\" width=\"1024\" height=\"362\" class=\"wp-image-75022\" src=\"https:\/\/www.clesi.it\/wp-content\/uploads\/2017\/01\/pano_ottaviano-1024x362.jpg\" alt=\"Clinica Neapolisan Ottaviano\" decoding=\"async\" style=\"object-fit: cover; object-position: 50% 50%;\"  data-title=\"pano_ottaviano\" data-description=\"Clinica Neapolisan Ottaviano\" srcset=\"https:\/\/www.clesi.it\/wp-content\/uploads\/2017\/01\/pano_ottaviano-1024x362.jpg 1024w, https:\/\/www.clesi.it\/wp-content\/uploads\/2017\/01\/pano_ottaviano-300x106.jpg 300w, https:\/\/www.clesi.it\/wp-content\/uploads\/2017\/01\/pano_ottaviano-768x271.jpg 768w\" sizes=\"(max-width: 1024px) 100vw, 1024px\" \/><div class=\"eedee-background-div__overlay\" style=\"opacity:1;\"><\/div><\/div><div class=\"slide-content\">\n\n<p class=\"has-text-align-center gutenslider-content-initial has-larger-font-size\"><\/p>\n\n<\/div><\/div>\n<\/div><\/div><button class=\"eedee-gutenslider-nav eedee-gutenslider-prev\"><svg xmlns=\"http:\/\/www.w3.org\/2000\/svg\" viewBox=\"0 0 24 24\" width=\"24\" height=\"24\"><circle class=\"bg\" cx=\"13\" cy=\"12\" r=\"11\" \/><path fill=\"none\" d=\"M0 0h24v24H0z\"\/><path class=\"arrow\" d=\"M10.828 12l4.95 4.95-1.414 1.414L8 12l6.364-6.364 1.414 1.414z\"\/><\/svg><\/button><button class=\"eedee-gutenslider-nav eedee-gutenslider-next\"><svg xmlns=\"http:\/\/www.w3.org\/2000\/svg\" viewBox=\"0 0 24 24\" width=\"24\" height=\"24\"><circle class=\"bg\" cx=\"11\" cy=\"12\" r=\"11\" \/><path fill=\"none\" d=\"M0 0h24v24H0z\"\/><path class=\"arrow\" d=\"M13.172 12l-4.95-4.95 1.414-1.414L16 12l-6.364 6.364-1.414-1.414z\"\/><\/svg><\/button><div class=\"eedee-gutenslider-pagination\"><\/div><div class=\"gutenslider-divider-bottom \" style=\"color:#fff;\"><\/div><\/div><\/div><\/div>\n\n\n\n<div class=\"wp-container-5 wp-block-column\">\n<div style=\"height:30px\" aria-hidden=\"true\" class=\"wp-block-spacer\"><\/div>\n\n\n\n<h2 class=\"h2-custom\">Folleto<\/h2>\n\n\n\n<figure class=\"wp-block-image size-medium is-resized\"><img loading=\"lazy\" src=\"https:\/\/www.clesi.it\/wp-content\/uploads\/2019\/03\/brochure-fondazione-prefabbricata-2-300x141.jpg\" alt=\"\" class=\"wp-image-75863\" width=\"225\" height=\"106\" srcset=\"https:\/\/www.clesi.it\/wp-content\/uploads\/2019\/03\/brochure-fondazione-prefabbricata-2-300x141.jpg 300w, https:\/\/www.clesi.it\/wp-content\/uploads\/2019\/03\/brochure-fondazione-prefabbricata-2-768x362.jpg 768w, https:\/\/www.clesi.it\/wp-content\/uploads\/2019\/03\/brochure-fondazione-prefabbricata-2-1024x483.jpg 1024w\" sizes=\"(max-width: 225px) 100vw, 225px\" \/><\/figure>\n\n\n\n<div class=\"wp-block-button down\"><a class=\"wp-block-button__link\" href=\"https:\/\/www.clesi.it\/wp-content\/uploads\/2024\/11\/Themelio-Evo-Synde_es.pdf\" target=\"_blank\" rel=\"noreferrer noopener\">Download<\/a><\/div>\n<\/div>\n<\/div>\n","protected":false},"excerpt":{"rendered":"<p>la primera y \u00daNICA cimentaci\u00f3n totalmente prefabricada en C.A.P. o C.A.V hormig\u00f3n armado-pretensado u hormig\u00f3n armado-vibrado UNA SOLUCI\u00d3N T\u00c9CNICA INNOVADORA Y EFICAZ Th\u00e8melio, fruto de d\u00e9cadas de experiencia de Clesi, es la primera cimentaci\u00f3n totalmente prefabricada de hormig\u00f3n armado pretensado (C.A.P.) o pretensado C.A.V . Themelio, es capaz de reducir los costes de la obra, [&hellip;]<\/p>\n","protected":false},"author":1,"featured_media":79173,"parent":79202,"menu_order":0,"comment_status":"closed","ping_status":"closed","template":"","meta":[],"_links":{"self":[{"href":"https:\/\/www.clesi.it\/es\/wp-json\/wp\/v2\/pages\/79214"}],"collection":[{"href":"https:\/\/www.clesi.it\/es\/wp-json\/wp\/v2\/pages"}],"about":[{"href":"https:\/\/www.clesi.it\/es\/wp-json\/wp\/v2\/types\/page"}],"author":[{"embeddable":true,"href":"https:\/\/www.clesi.it\/es\/wp-json\/wp\/v2\/users\/1"}],"replies":[{"embeddable":true,"href":"https:\/\/www.clesi.it\/es\/wp-json\/wp\/v2\/comments?post=79214"}],"version-history":[{"count":2,"href":"https:\/\/www.clesi.it\/es\/wp-json\/wp\/v2\/pages\/79214\/revisions"}],"predecessor-version":[{"id":80681,"href":"https:\/\/www.clesi.it\/es\/wp-json\/wp\/v2\/pages\/79214\/revisions\/80681"}],"up":[{"embeddable":true,"href":"https:\/\/www.clesi.it\/es\/wp-json\/wp\/v2\/pages\/79202"}],"wp:featuredmedia":[{"embeddable":true,"href":"https:\/\/www.clesi.it\/es\/wp-json\/wp\/v2\/media\/79173"}],"wp:attachment":[{"href":"https:\/\/www.clesi.it\/es\/wp-json\/wp\/v2\/media?parent=79214"}],"curies":[{"name":"wp","href":"https:\/\/api.w.org\/{rel}","templated":true}]}}