{"id":79261,"date":"2017-01-19T23:44:10","date_gmt":"2017-01-19T22:44:10","guid":{"rendered":"https:\/\/www.clesi.it\/solai\/sofos\/"},"modified":"2024-11-19T18:05:41","modified_gmt":"2024-11-19T17:05:41","slug":"sofos","status":"publish","type":"page","link":"https:\/\/www.clesi.it\/es\/solai\/sofos\/","title":{"rendered":"Sofos"},"content":{"rendered":"\n<blockquote class=\"wp-block-quote\"><p><em>Sofos: una soluci\u00f3n para m\u00faltiples usos<\/em><\/p><\/blockquote>\n\n\n\n<figure class=\"wp-block-image size-large\"><img loading=\"lazy\" width=\"1024\" height=\"541\" src=\"https:\/\/www.clesi.it\/wp-content\/uploads\/2024\/11\/Sofos-1-1-1024x541.webp\" alt=\"\" class=\"wp-image-80843\" srcset=\"https:\/\/www.clesi.it\/wp-content\/uploads\/2024\/11\/Sofos-1-1-1024x541.webp 1024w, https:\/\/www.clesi.it\/wp-content\/uploads\/2024\/11\/Sofos-1-1-300x159.webp 300w, https:\/\/www.clesi.it\/wp-content\/uploads\/2024\/11\/Sofos-1-1-768x406.webp 768w, https:\/\/www.clesi.it\/wp-content\/uploads\/2024\/11\/Sofos-1-1-50x26.webp 50w, https:\/\/www.clesi.it\/wp-content\/uploads\/2024\/11\/Sofos-1-1.webp 1200w\" sizes=\"(max-width: 1024px) 100vw, 1024px\" \/><\/figure>\n\n\n\n<div style=\"height:40px\" aria-hidden=\"true\" class=\"wp-block-spacer\"><\/div>\n\n\n\n<h2 class=\"h2-custom\">UNA SOLUCI\u00d3N T\u00c9CNICA INNOVADORA Y EFICAZ<\/h2>\n\n\n\n<p>Sofos es la primera losa prefabricada de hormig\u00f3n pretensado con intrad\u00f3s plano. <\/p>\n\n\n\n<p>La estructura est\u00e1 aligerada por bloques de poliestireno expandido autoextinguible y provista de refuerzo lento en los apoyos. &#8211; Su utilizaci\u00f3n es vers\u00e1til y se presta a los m\u00e1s diversos usos en la construcci\u00f3n residencial, comercial y terciaria. <\/p>\n\n\n\n<p>Producido con soluciones t\u00e9cnicas \u00fanicas desarrolladas por Clesi, en espesores de 16, 20, 25 y 30 cm.<\/p>\n\n\n\n<p>El elemento que caracteriza a Sofos es, sin duda, su bajo peso, que lo diferencia de las soluciones tradicionales o alternativas presentes hoy en el mercado. <\/p>\n\n\n\n<p>Este sistema constructivo es: autoportante, ligero e inmediatamente transitable, vers\u00e1til y adaptable, dise\u00f1ado para el confort t\u00e9rmico de los ambientes, ideal en zonas s\u00edsmicas, sencillo y r\u00e1pido de instalar, con bajo impacto en las armaduras de acompa\u00f1amiento, certificado y garantizado.<\/p>\n\n\n\n<div class=\"wp-container-3 wp-block-columns\">\n<div class=\"wp-container-1 wp-block-column\">\n<div style=\"height:30px\" aria-hidden=\"true\" class=\"wp-block-spacer\"><\/div>\n\n\n\n<h2 class=\"h2-custom\">Innovacion y eficacia<\/h2>\n\n\n\n<p>Las losas prefabricadas SofoS son autoportantes y permiten una instalaci\u00f3n r\u00e1pida (unos 400 m2 al d\u00eda) y segura. <\/p>\n\n\n\n<p>Son adecuados para cubiertas en estructuras civiles o de gran tama\u00f1o, como tejados, dada la modularidad de las soluciones y permiten realizar incluso geometr\u00edas complejas, satisfaciendo cualquier requisito estructural.<\/p>\n<\/div>\n\n\n\n<div class=\"wp-container-2 wp-block-column\">\n<div style=\"height:30px\" aria-hidden=\"true\" class=\"wp-block-spacer\"><\/div>\n\n\n\n<h2 class=\"h2-custom\">Fiabilidad en el tempo<\/h2>\n\n\n\n<p>Los numerosos estudios y ensayos de laboratorio que se han sucedido durante las fases de estudio y dise\u00f1o del nuevo producto y las numerosas experiencias de aplicaci\u00f3n, tanto en t\u00e9rminos de amplitud como de compromiso est\u00e1tico, han demostrado que en una cubierta construida con SofoS con viguetas pretensadas de hormig\u00f3n armado, poliestireno y losa con colado in situ, a pesar de la diversidad de los elementos que lo componen, se obtienen soluciones estructurales monol\u00edticas de gran fiabilidad.<\/p>\n<\/div>\n<\/div>\n\n\n\n<div class=\"wp-container-6 wp-block-columns\">\n<div class=\"wp-container-4 wp-block-column\">\n<div style=\"height:30px\" aria-hidden=\"true\" class=\"wp-block-spacer\"><\/div>\n\n\n\n<h2 class=\"h2-custom\">Caracteristicas<\/h2>\n\n\n\n<h3>Actuar con seguridad<\/h3>\n\n\n\n<p>El forjado SofoS parte del enfoque de las prestaciones que tambi\u00e9n se reitera en la revisi\u00f3n de la Norma T\u00e9cnica de la Edificaci\u00f3n (NTC18), los objetivos del proyecto se clarifican en t\u00e9rminos de las \u00abprestaciones\u00bb que se exigir\u00e1n a la estructura (P.B.D. Performance-Based Design) que, a su vez, se calibran en funci\u00f3n de la probabilidad de que el evento s\u00edsmico sea m\u00e1s o menos frecuente y m\u00e1s o menos destructivo (M.L.P.D. Dise\u00f1o de rendimiento multinivel).<\/p>\n\n\n\n<h3>Antis\u00edsmico y aislante<\/h3>\n\n\n\n<p>SofoS es antis\u00edsmico y altamente aislante t\u00e9rmica y ac\u00fasticamente. Gracias a las viguetas pretensadas, las losas SofoS tambi\u00e9n tienen una considerable resistencia a la tracci\u00f3n. Con la presencia del material aislante tambi\u00e9n en la parte inferior de las viguetas pretensadas, los suelos SofoS eliminan los puentes t\u00e9rmicos y evitan la condensaci\u00f3n.<\/p>\n\n\n\n<p>SofoS se adapta en sus espesores y m\u00f3dulos a las m\u00e1s diversas exigencias antis\u00edsmicas y estructurales, y personaliza cada proyecto individual seg\u00fan sus especificaciones arquitect\u00f3nicas.<\/p>\n\n\n\n<h3>Ligero<\/h3>\n\n\n\n<p>SofoS es el primer forjado prefabricado de hormig\u00f3n armado pretensado transitable con terminaci\u00f3n de la capa de fraguado en obra y cubierta con o sin capa de fraguado en obra. Haci\u00e9ndolo a\u00fan m\u00e1s ligero. Sin parang\u00f3n.<\/p>\n\n\n\n<p>El forjado SofoS est\u00e1 formado por viguetas de hormig\u00f3n pretensado con una distancia entre ejes fija, \u00abembebidas\u00bb en el aislamiento de poliestireno por excelencia, que puede tener las caracter\u00edsticas de rendimiento m\u00e1s variables (tipo EPS en varias densidades y con grafito, EPS-T y XPS, este \u00faltimo tambi\u00e9n autoextinguible) en relaci\u00f3n con los requisitos de construcci\u00f3n m\u00e1s diversos.<\/p>\n\n\n\n<h3>Adaptable<\/h3>\n\n\n\n<p>La modularidad de las losas prefabricadas SofoS permite un gran ahorro en tiempo de construcci\u00f3n, transporte, manipulaci\u00f3n e instalaci\u00f3n de todo el forjado.<\/p>\n\n\n\n<p>La altura variable de las losas permite elegir los espesores m\u00e1s adecuados en funci\u00f3n de la longitud, as\u00ed como de la transmitancia t\u00e9rmica y el aislamiento ac\u00fastico.<\/p>\n<\/div>\n\n\n\n<div class=\"wp-container-5 wp-block-column\">\n<div style=\"height:30px\" aria-hidden=\"true\" class=\"wp-block-spacer\"><\/div>\n\n\n\n<h2 class=\"h2-custom\">Por qu\u00e9 elegir Sofos<\/h2>\n\n\n\n<ul><li>Porque es la losa m\u00e1s ligera del mercado; <\/li><li>Aumenta significativamente las caracter\u00edsticas de aislamiento t\u00e9rmico; <\/li><li>Es ideal para el aislamiento t\u00e9rmico de edificios debido a su insensibilidad a la humedad, la compacidad de las c\u00e9lulas, su alta resistencia a la compresi\u00f3n y su notable estabilidad dimensional; <\/li><li>Es r\u00e1pida y f\u00e1cil de aplicar, y permite mantener suelos, paredes y tejados calientes y secos, protegi\u00e9ndolos de la humedad tanto por capilaridad como por condensaci\u00f3n; <\/li><li>Se puede utilizar en condiciones clim\u00e1ticas extremas (temperaturas muy altas\/muy bajas). La resistencia a la intemperie est\u00e1 garantizada por la alta resistencia a la transici\u00f3n de la fase de helada a la de deshielo. Incluso situaciones de alta humedad no son un problema para SofoS <\/li><li>SofoS con Grafito tiene un excelente comportamiento frente al fuego;- Tiene un 100% de reciclabilidad del material;<\/li><li>Proporciona un \u00f3ptimo aislamiento ac\u00fastico;- Cumple los requisitos de la norma UNI 11532-1:2018 \u00abCaracter\u00edsticas ac\u00fasticas interiores de los espacios confinados &#8211; M\u00e9todos de dise\u00f1o y t\u00e9cnicas de evaluaci\u00f3n &#8211; Parte 1: Requisitos generales\u00bb;-Tiene resistencia al fuego certificada;-Es arquitect\u00f3nicamente vers\u00e1til.<\/li><\/ul>\n<\/div>\n<\/div>\n\n\n\n<div style=\"height:40px\" aria-hidden=\"true\" class=\"wp-block-spacer\"><\/div>\n\n\n\n<h2 class=\"h2-custom\">Tablero del rendimiento<\/h2>\n\n\n<div id=\"gutenslider-ec88az6p3\" class=\"wp-block-eedee-block-gutenslider gs-frontend content-change alignnone adaptive-height adaptive-height-md adaptive-height-sm arrow-style-1 arrow-position-sides arrow-mb-none arrows-lg-none arrows-md-none arrows-sm-none dot-style-1 dots-lg-none dots-md-none dots-sm-none dot-position-bottom is-position-center-center mb-none lg-zoom-icon wrap-auto-height\" data-parallax-direction=\"down\" data-parallax-amount=\"1.3\" data-lg-transition=\"lg-slide\" data-hash=\"\" ><div class=\"eedee-swiper-outer\" style=\"--gutenslider-min-height: 50vh;--gutenslider-arrow-size: 30px;--gutenslider-dot-size: 25px;--gutenslider-arrow-color: #ffffff;--gutenslider-dot-color: #ffffff;--gutenslider-padding-y-mobile: 40px;--gutenslider-padding-x-mobile: 40px;--gutenslider-padding-y-tablet: 40px;--gutenslider-padding-x-tablet: 40px;--gutenslider-padding-y-desktop: 40px;--gutenslider-padding-x-desktop: 40px;--gutenslider-bg-image: url();--gutenslider-min-height-md: 50vh;--gutenslider-min-height-sm: 50vh;--gutenslider-padding-x: 40px;--gutenslider-padding-x-md: 40px;--gutenslider-padding-x-sm: 20px;--gutenslider-padding-y: 40px;--gutenslider-padding-y-md: 40px;--gutenslider-padding-y-sm: 20px;--gutenslider-arrow-size-md: 30px;--gutenslider-arrow-size-sm: 30px;--gutenslider-dot-size-md: 25px;--gutenslider-dot-size-sm: 25px;--gutenslider-arrow-bg-color: transparent;--gutenslider-arrow-hover-color: #eeeeee;--gutenslider-arrow-bg-hover-color: transparent;--gutenslider-arrow-x-offset: 10px;--gutenslider-arrow-x-offset-md: 10px;--gutenslider-arrow-x-offset-sm: 10px;--gutenslider-arrow-y-offset: 0px;--gutenslider-arrow-y-offset-md: 0px;--gutenslider-arrow-y-offset-sm: 0px;--gutenslider-arrow-x-spacing: 0px;--gutenslider-dot-y-offset: 10px;--gutenslider-dot-y-offset-md: 10px;--gutenslider-dot-y-offset-sm: 10px;--gutenslider-margin-x: 0px;--gutenslider-margin-x-md: 0px;--gutenslider-margin-x-sm: 0px;--gutenslider-margin-y: 0px;--gutenslider-margin-y-md: 0px;--gutenslider-margin-y-sm: 0px;--gutenslider-divider-top: 60px;--gutenslider-divider-bottom: 60px;--gutenslider-lightgallery-bg: #ffffff;--gutenslider-lightgallery-font: #000000;--gs-first-pos: 50% 50%;--gs-gap-vertical: var( --wp--style--gallery-gap-default, var( --gallery-block--gutter-size, var( --wp--style--block-gap, 0.5em ) ) );--gs-gap-horizontal: var( --wp--style--gallery-gap-default, var( --gallery-block--gutter-size, var( --wp--style--block-gap, 0.5em ) ) );\"><div class=\"gutenslider-divider-top\" style=\"color:#fff;\"><\/div><div class=\"swiper\" data-settings='{\"autoplay\":{\"delay\":3000,\"pauseOnMouseEnter\":true,\"disableOnInteraction\":false},\"speed\":700,\"direction\":\"horizontal\",\"autoHeight\":\"1\",\"loop\":true,\"centeredSlides\":true,\"spaceBetween\":0,\"slidesPerView\":1,\"slidesPerGroup\":1,\"effect\":\"slide\",\"coverflowEffect\":{\"rotate\":30,\"slideShadows\":false,\"depth\":100,\"stretch\":50,\"modifier\":1},\"fadeEffect\":{\"crossFade\":true},\"zoom\":\"\",\"navigation\":{\"nextEl\":\"#gutenslider-ec88az6p3 .eedee-gutenslider-next\",\"prevEl\":\"#gutenslider-ec88az6p3 .eedee-gutenslider-prev\"},\"pagination\":{\"type\":\"bullets\",\"clickable\":true,\"dynamicBullets\":false,\"el\":\"#gutenslider-ec88az6p3 .eedee-gutenslider-pagination\"},\"pauseOnHover\":\"1\",\"watchSlidesProgress\":true,\"watchSlidesVisibility\":true,\"settingsMd\":{\"autoHeight\":\"1\",\"slidesPerView\":1,\"slidesPerGroup\":1,\"spaceBetween\":0,\"loop\":true},\"settingsLg\":{\"autoHeight\":\"1\",\"slidesPerView\":1,\"slidesPerGroup\":1,\"spaceBetween\":0,\"loop\":true},\"hasLg\":true,\"hasLgCounter\":true,\"isFullScreen\":false,\"arrowsFollowMouse\":false,\"lgTitle\":\"none\",\"lgCaption\":\"none\",\"lgThumbnails\":true,\"lgZoomEnabled\":false,\"keyboard\":{\"keyboard\":{\"enabled\":true,\"onlyInViewport\":true}},\"hashNavigation\":false,\"dividers\":false}'><div class=\"swiper-wrapper\">\n<div class=\"swiper-slide wp-block-eedee-block-gutenslide is-position-center-center ed-bg-image\" style=\"--ed-vw:300;--ed-vh:214;\" data-hash=\"\"><div class=\"eedee-background-div bg-image\"><img loading=\"lazy\" width=\"595\" height=\"425\" class=\"wp-image-75816\" src=\"https:\/\/www.clesi.it\/wp-content\/uploads\/2018\/11\/abaco4.jpg\" alt=\"\" decoding=\"async\" style=\"object-fit: cover; object-position: 50% 50%;\"  data-title=\"abaco4\" srcset=\"https:\/\/www.clesi.it\/wp-content\/uploads\/2018\/11\/abaco4.jpg 595w, https:\/\/www.clesi.it\/wp-content\/uploads\/2018\/11\/abaco4-300x214.jpg 300w\" sizes=\"(max-width: 595px) 100vw, 595px\" \/><div class=\"eedee-background-div__overlay\" style=\"opacity:1;\"><\/div><\/div><div class=\"slide-content\">\n\n<p class=\"has-text-align-center gutenslider-content-initial has-larger-font-size\"><\/p>\n\n<\/div><\/div>\n\n<div class=\"swiper-slide wp-block-eedee-block-gutenslide is-position-center-center ed-bg-image\" style=\"--ed-vw:300;--ed-vh:214;\" data-hash=\"\"><div class=\"eedee-background-div bg-image\"><img loading=\"lazy\" width=\"595\" height=\"425\" class=\"wp-image-75814\" src=\"https:\/\/www.clesi.it\/wp-content\/uploads\/2018\/11\/abaco6.jpg\" alt=\"\" decoding=\"async\" style=\"object-fit: cover; object-position: 50% 50%;\"  data-title=\"abaco6\" srcset=\"https:\/\/www.clesi.it\/wp-content\/uploads\/2018\/11\/abaco6.jpg 595w, https:\/\/www.clesi.it\/wp-content\/uploads\/2018\/11\/abaco6-300x214.jpg 300w\" sizes=\"(max-width: 595px) 100vw, 595px\" \/><div class=\"eedee-background-div__overlay\" style=\"opacity:1;\"><\/div><\/div><div class=\"slide-content\">\n\n<p class=\"has-text-align-center gutenslider-content-initial has-larger-font-size\"><\/p>\n\n<\/div><\/div>\n\n<div class=\"swiper-slide wp-block-eedee-block-gutenslide is-position-center-center ed-bg-image\" style=\"--ed-vw:300;--ed-vh:214;\" data-hash=\"\"><div class=\"eedee-background-div bg-image\"><img loading=\"lazy\" width=\"595\" height=\"425\" class=\"wp-image-75812\" src=\"https:\/\/www.clesi.it\/wp-content\/uploads\/2018\/11\/abaco2.jpg\" alt=\"\" decoding=\"async\" style=\"object-fit: cover; object-position: 50% 50%;\"  data-title=\"abaco2\" srcset=\"https:\/\/www.clesi.it\/wp-content\/uploads\/2018\/11\/abaco2.jpg 595w, https:\/\/www.clesi.it\/wp-content\/uploads\/2018\/11\/abaco2-300x214.jpg 300w\" sizes=\"(max-width: 595px) 100vw, 595px\" \/><div class=\"eedee-background-div__overlay\" style=\"opacity:1;\"><\/div><\/div><div class=\"slide-content\">\n\n<p class=\"has-text-align-center gutenslider-content-initial has-larger-font-size\"><\/p>\n\n<\/div><\/div>\n\n<div class=\"swiper-slide wp-block-eedee-block-gutenslide is-position-center-center ed-bg-image\" style=\"--ed-vw:300;--ed-vh:214;\" data-hash=\"\"><div class=\"eedee-background-div bg-image\"><img loading=\"lazy\" width=\"595\" height=\"425\" class=\"wp-image-75810\" src=\"https:\/\/www.clesi.it\/wp-content\/uploads\/2018\/11\/abaco7.jpg\" alt=\"\" decoding=\"async\" style=\"object-fit: cover; object-position: 50% 50%;\"  data-title=\"abaco7\" srcset=\"https:\/\/www.clesi.it\/wp-content\/uploads\/2018\/11\/abaco7.jpg 595w, https:\/\/www.clesi.it\/wp-content\/uploads\/2018\/11\/abaco7-300x214.jpg 300w\" sizes=\"(max-width: 595px) 100vw, 595px\" \/><div class=\"eedee-background-div__overlay\" style=\"opacity:1;\"><\/div><\/div><div class=\"slide-content\">\n\n<p class=\"has-text-align-center gutenslider-content-initial has-larger-font-size\"><\/p>\n\n<\/div><\/div>\n<\/div><\/div><button class=\"eedee-gutenslider-nav eedee-gutenslider-prev\"><svg xmlns=\"http:\/\/www.w3.org\/2000\/svg\" viewBox=\"0 0 24 24\" width=\"24\" height=\"24\"><circle class=\"bg\" cx=\"13\" cy=\"12\" r=\"11\" \/><path fill=\"none\" d=\"M0 0h24v24H0z\"\/><path class=\"arrow\" d=\"M10.828 12l4.95 4.95-1.414 1.414L8 12l6.364-6.364 1.414 1.414z\"\/><\/svg><\/button><button class=\"eedee-gutenslider-nav eedee-gutenslider-next\"><svg xmlns=\"http:\/\/www.w3.org\/2000\/svg\" viewBox=\"0 0 24 24\" width=\"24\" height=\"24\"><circle class=\"bg\" cx=\"11\" cy=\"12\" r=\"11\" \/><path fill=\"none\" d=\"M0 0h24v24H0z\"\/><path class=\"arrow\" d=\"M13.172 12l-4.95-4.95 1.414-1.414L16 12l-6.364 6.364-1.414-1.414z\"\/><\/svg><\/button><div class=\"eedee-gutenslider-pagination\"><\/div><div class=\"gutenslider-divider-bottom \" style=\"color:#fff;\"><\/div><\/div><\/div>\n\n\n<div style=\"height:40px\" aria-hidden=\"true\" class=\"wp-block-spacer\"><\/div>\n\n\n\n<ol><li>Material aislante como EPS o XPS* o EPS-T* u otro*.<\/li><li>Vigueta prefabricada CAP SofoS<\/li><li>N\u00facleo a fraguar<\/li><li>Armadura de amarre seg\u00fan el dise\u00f1o in situ<\/li><li>Malla electrosoldada<\/li><li>Colado de losa (forjado) 5 cm in situ<\/li><\/ol>\n\n\n\n<div style=\"height:40px\" aria-hidden=\"true\" class=\"wp-block-spacer\"><\/div>\n\n\n\n<div class=\"wp-container-10 wp-block-columns\">\n<div class=\"wp-container-8 wp-block-column\">\n<div style=\"height:30px\" aria-hidden=\"true\" class=\"wp-block-spacer\"><\/div>\n\n\n\n<h2 class=\"h2-custom\">Folleto<\/h2>\n\n\n\n<figure class=\"wp-block-image size-medium is-resized\"><img loading=\"lazy\" src=\"https:\/\/www.clesi.it\/wp-content\/uploads\/2019\/03\/brochure-sofos-1-300x106.jpg\" alt=\"\" class=\"wp-image-75870\" width=\"225\" height=\"80\" srcset=\"https:\/\/www.clesi.it\/wp-content\/uploads\/2019\/03\/brochure-sofos-1-300x106.jpg 300w, https:\/\/www.clesi.it\/wp-content\/uploads\/2019\/03\/brochure-sofos-1-768x272.jpg 768w, https:\/\/www.clesi.it\/wp-content\/uploads\/2019\/03\/brochure-sofos-1-1024x362.jpg 1024w\" sizes=\"(max-width: 225px) 100vw, 225px\" \/><\/figure>\n\n\n\n<div class=\"wp-block-button alignleft down\"><a class=\"wp-block-button__link\" href=\"https:\/\/www.clesi.it\/wp-content\/uploads\/2024\/11\/Brochure-Sofos_es.pdf\" target=\"_blank\" rel=\"noreferrer noopener\">Download<\/a><\/div>\n\n\n\n<div class=\"wp-container-7 is-content-justification-left wp-block-buttons\"><\/div>\n\n\n\n<p><\/p>\n<\/div>\n\n\n\n<div class=\"wp-container-9 wp-block-column\">\n<div style=\"height:30px\" aria-hidden=\"true\" class=\"wp-block-spacer\"><\/div>\n<\/div>\n<\/div>\n","protected":false},"excerpt":{"rendered":"<p>Sofos: una soluci\u00f3n para m\u00faltiples usos UNA SOLUCI\u00d3N T\u00c9CNICA INNOVADORA Y EFICAZ Sofos es la primera losa prefabricada de hormig\u00f3n pretensado con intrad\u00f3s plano. La estructura est\u00e1 aligerada por bloques de poliestireno expandido autoextinguible y provista de refuerzo lento en los apoyos. &#8211; Su utilizaci\u00f3n es vers\u00e1til y se presta a los m\u00e1s diversos usos [&hellip;]<\/p>\n","protected":false},"author":1,"featured_media":79177,"parent":79205,"menu_order":0,"comment_status":"closed","ping_status":"closed","template":"","meta":[],"_links":{"self":[{"href":"https:\/\/www.clesi.it\/es\/wp-json\/wp\/v2\/pages\/79261"}],"collection":[{"href":"https:\/\/www.clesi.it\/es\/wp-json\/wp\/v2\/pages"}],"about":[{"href":"https:\/\/www.clesi.it\/es\/wp-json\/wp\/v2\/types\/page"}],"author":[{"embeddable":true,"href":"https:\/\/www.clesi.it\/es\/wp-json\/wp\/v2\/users\/1"}],"replies":[{"embeddable":true,"href":"https:\/\/www.clesi.it\/es\/wp-json\/wp\/v2\/comments?post=79261"}],"version-history":[{"count":4,"href":"https:\/\/www.clesi.it\/es\/wp-json\/wp\/v2\/pages\/79261\/revisions"}],"predecessor-version":[{"id":80849,"href":"https:\/\/www.clesi.it\/es\/wp-json\/wp\/v2\/pages\/79261\/revisions\/80849"}],"up":[{"embeddable":true,"href":"https:\/\/www.clesi.it\/es\/wp-json\/wp\/v2\/pages\/79205"}],"wp:featuredmedia":[{"embeddable":true,"href":"https:\/\/www.clesi.it\/es\/wp-json\/wp\/v2\/media\/79177"}],"wp:attachment":[{"href":"https:\/\/www.clesi.it\/es\/wp-json\/wp\/v2\/media?parent=79261"}],"curies":[{"name":"wp","href":"https:\/\/api.w.org\/{rel}","templated":true}]}}