{"id":79275,"date":"2023-03-22T15:19:57","date_gmt":"2023-03-22T14:19:57","guid":{"rendered":"https:\/\/www.clesi.it\/solai\/diplo\/"},"modified":"2024-09-20T12:31:32","modified_gmt":"2024-09-20T10:31:32","slug":"diplo","status":"publish","type":"page","link":"https:\/\/www.clesi.it\/es\/solai\/diplo\/","title":{"rendered":"Diplo"},"content":{"rendered":"\n<h2>Losa DIPLO en doble T<\/h2>\n\n\n\n<div style=\"height:15px\" aria-hidden=\"true\" class=\"wp-block-spacer\"><\/div>\n\n\n<div id=\"gutenslider-f8herl8i8\" class=\"wp-block-eedee-block-gutenslider gs-frontend content-change alignnone adaptive-height adaptive-height-md adaptive-height-sm arrow-style-1 arrow-position-sides arrow-mb-none arrows-lg arrows-md arrows-sm dot-style-1 dots-lg-none dots-md-none dots-sm-none dot-position-bottom is-position-center-center mb-none wrap-auto-height\" data-parallax-direction=\"down\" data-parallax-amount=\"1.3\" data-lg-transition=\"lg-slide\" data-hash=\"\" ><div class=\"eedee-swiper-outer\" style=\"--gutenslider-min-height: 50vh;--gutenslider-arrow-size: 35px;--gutenslider-dot-size: 25px;--gutenslider-arrow-color: #000000;--gutenslider-dot-color: #000000;--gutenslider-padding-y-mobile: 40px;--gutenslider-padding-x-mobile: 40px;--gutenslider-padding-y-tablet: 40px;--gutenslider-padding-x-tablet: 40px;--gutenslider-padding-y-desktop: 40px;--gutenslider-padding-x-desktop: 40px;--gutenslider-bg-image: url();--gutenslider-min-height-md: 50vh;--gutenslider-min-height-sm: 50vh;--gutenslider-padding-x: 40px;--gutenslider-padding-x-md: 40px;--gutenslider-padding-x-sm: 20px;--gutenslider-padding-y: 40px;--gutenslider-padding-y-md: 40px;--gutenslider-padding-y-sm: 20px;--gutenslider-arrow-size-md: 35px;--gutenslider-arrow-size-sm: 35px;--gutenslider-dot-size-md: 25px;--gutenslider-dot-size-sm: 25px;--gutenslider-arrow-bg-color: transparent;--gutenslider-arrow-hover-color: #000000bb;--gutenslider-arrow-bg-hover-color: transparent;--gutenslider-arrow-x-offset: 10px;--gutenslider-arrow-x-offset-md: 10px;--gutenslider-arrow-x-offset-sm: 10px;--gutenslider-arrow-y-offset: 0px;--gutenslider-arrow-y-offset-md: 0px;--gutenslider-arrow-y-offset-sm: 0px;--gutenslider-arrow-x-spacing: 0px;--gutenslider-dot-y-offset: 10px;--gutenslider-dot-y-offset-md: 10px;--gutenslider-dot-y-offset-sm: 10px;--gutenslider-margin-x: 0px;--gutenslider-margin-x-md: 0px;--gutenslider-margin-x-sm: 0px;--gutenslider-margin-y: 0px;--gutenslider-margin-y-md: 0px;--gutenslider-margin-y-sm: 0px;--gutenslider-divider-top: 60px;--gutenslider-divider-bottom: 60px;--gutenslider-lightgallery-bg: #ffffff;--gutenslider-lightgallery-font: #000000;--gs-first-pos: 50% 50%;--gs-gap-vertical: var( --wp--style--gallery-gap-default, var( --gallery-block--gutter-size, var( --wp--style--block-gap, 0.5em ) ) );--gs-gap-horizontal: var( --wp--style--gallery-gap-default, var( --gallery-block--gutter-size, var( --wp--style--block-gap, 0.5em ) ) );\"><div class=\"gutenslider-divider-top\" style=\"color:#fff;\"><\/div><div class=\"swiper\" data-settings='{\"autoplay\":{\"delay\":3000,\"pauseOnMouseEnter\":true,\"disableOnInteraction\":false},\"speed\":700,\"direction\":\"horizontal\",\"autoHeight\":\"1\",\"loop\":true,\"centeredSlides\":true,\"spaceBetween\":0,\"slidesPerView\":1,\"slidesPerGroup\":1,\"effect\":\"slide\",\"coverflowEffect\":{\"rotate\":30,\"slideShadows\":false,\"depth\":100,\"stretch\":50,\"modifier\":1},\"fadeEffect\":{\"crossFade\":true},\"zoom\":\"\",\"navigation\":{\"nextEl\":\"#gutenslider-f8herl8i8 .eedee-gutenslider-next\",\"prevEl\":\"#gutenslider-f8herl8i8 .eedee-gutenslider-prev\"},\"pagination\":{\"type\":\"bullets\",\"clickable\":true,\"dynamicBullets\":false,\"el\":\"#gutenslider-f8herl8i8 .eedee-gutenslider-pagination\"},\"pauseOnHover\":\"1\",\"watchSlidesProgress\":true,\"watchSlidesVisibility\":true,\"settingsMd\":{\"autoHeight\":\"1\",\"slidesPerView\":1,\"slidesPerGroup\":1,\"spaceBetween\":0,\"loop\":true},\"settingsLg\":{\"autoHeight\":\"1\",\"slidesPerView\":1,\"slidesPerGroup\":1,\"spaceBetween\":0,\"loop\":true},\"hasLg\":false,\"hasLgCounter\":true,\"isFullScreen\":false,\"arrowsFollowMouse\":false,\"lgTitle\":\"none\",\"lgCaption\":\"none\",\"lgThumbnails\":true,\"lgZoomEnabled\":false,\"keyboard\":{\"keyboard\":{\"enabled\":true,\"onlyInViewport\":true}},\"hashNavigation\":false,\"dividers\":false}'><div class=\"swiper-wrapper\">\n<div class=\"swiper-slide wp-block-eedee-block-gutenslide is-position-center-center ed-bg-image\" style=\"--ed-vw:300;--ed-vh:159;\" data-hash=\"\"><div class=\"eedee-background-div bg-image\"><img loading=\"lazy\" width=\"871\" height=\"461\" class=\"wp-image-78281\" src=\"https:\/\/www.clesi.it\/wp-content\/uploads\/2023\/05\/Diplo-2.jpg\" alt=\"\" decoding=\"async\" style=\"object-fit: cover; object-position: 50% 50%;\"  data-title=\"Diplo-(2)\" srcset=\"https:\/\/www.clesi.it\/wp-content\/uploads\/2023\/05\/Diplo-2.jpg 871w, https:\/\/www.clesi.it\/wp-content\/uploads\/2023\/05\/Diplo-2-300x159.jpg 300w, https:\/\/www.clesi.it\/wp-content\/uploads\/2023\/05\/Diplo-2-768x406.jpg 768w\" sizes=\"(max-width: 871px) 100vw, 871px\" \/><div class=\"eedee-background-div__overlay\" style=\"opacity:1;\"><\/div><\/div><div class=\"slide-content\">\n\n<p class=\"has-text-align-center gutenslider-content-initial has-larger-font-size\"><\/p>\n\n<\/div><\/div>\n\n<div class=\"swiper-slide wp-block-eedee-block-gutenslide is-position-center-center ed-bg-image\" style=\"--ed-vw:300;--ed-vh:159;\" data-hash=\"\"><div class=\"eedee-background-div bg-image\"><img loading=\"lazy\" width=\"871\" height=\"461\" class=\"wp-image-78283\" src=\"https:\/\/www.clesi.it\/wp-content\/uploads\/2023\/05\/Diplo-3.jpg\" alt=\"\" decoding=\"async\" style=\"object-fit: cover; object-position: 50% 50%;\"  data-title=\"Diplo-(3)\" srcset=\"https:\/\/www.clesi.it\/wp-content\/uploads\/2023\/05\/Diplo-3.jpg 871w, https:\/\/www.clesi.it\/wp-content\/uploads\/2023\/05\/Diplo-3-300x159.jpg 300w, https:\/\/www.clesi.it\/wp-content\/uploads\/2023\/05\/Diplo-3-768x406.jpg 768w\" sizes=\"(max-width: 871px) 100vw, 871px\" \/><div class=\"eedee-background-div__overlay\" style=\"opacity:1;\"><\/div><\/div><div class=\"slide-content\">\n\n<p class=\"has-text-align-center gutenslider-content-initial has-larger-font-size\"><\/p>\n\n<\/div><\/div>\n\n<div class=\"swiper-slide wp-block-eedee-block-gutenslide is-position-center-center ed-bg-image\" style=\"--ed-vw:300;--ed-vh:159;\" data-hash=\"\"><div class=\"eedee-background-div bg-image\"><img loading=\"lazy\" width=\"871\" height=\"461\" class=\"wp-image-78285\" src=\"https:\/\/www.clesi.it\/wp-content\/uploads\/2023\/05\/Diplo-1.jpg\" alt=\"\" decoding=\"async\" style=\"object-fit: cover; object-position: 50% 50%;\"  data-title=\"Diplo-(1)\" srcset=\"https:\/\/www.clesi.it\/wp-content\/uploads\/2023\/05\/Diplo-1.jpg 871w, https:\/\/www.clesi.it\/wp-content\/uploads\/2023\/05\/Diplo-1-300x159.jpg 300w, https:\/\/www.clesi.it\/wp-content\/uploads\/2023\/05\/Diplo-1-768x406.jpg 768w\" sizes=\"(max-width: 871px) 100vw, 871px\" \/><div class=\"eedee-background-div__overlay\" style=\"opacity:1;\"><\/div><\/div><div class=\"slide-content\">\n\n<p class=\"has-text-align-center gutenslider-content-initial has-larger-font-size\"><\/p>\n\n<\/div><\/div>\n<\/div><\/div><button class=\"eedee-gutenslider-nav eedee-gutenslider-prev\"><svg xmlns=\"http:\/\/www.w3.org\/2000\/svg\" viewBox=\"0 0 24 24\" width=\"24\" height=\"24\"><circle class=\"bg\" cx=\"13\" cy=\"12\" r=\"11\" \/><path fill=\"none\" d=\"M0 0h24v24H0z\"\/><path class=\"arrow\" d=\"M10.828 12l4.95 4.95-1.414 1.414L8 12l6.364-6.364 1.414 1.414z\"\/><\/svg><\/button><button class=\"eedee-gutenslider-nav eedee-gutenslider-next\"><svg xmlns=\"http:\/\/www.w3.org\/2000\/svg\" viewBox=\"0 0 24 24\" width=\"24\" height=\"24\"><circle class=\"bg\" cx=\"11\" cy=\"12\" r=\"11\" \/><path fill=\"none\" d=\"M0 0h24v24H0z\"\/><path class=\"arrow\" d=\"M13.172 12l-4.95-4.95 1.414-1.414L16 12l-6.364 6.364-1.414-1.414z\"\/><\/svg><\/button><div class=\"eedee-gutenslider-pagination\"><\/div><div class=\"gutenslider-divider-bottom \" style=\"color:#fff;\"><\/div><\/div><\/div>\n\n\n<div style=\"height:60px\" aria-hidden=\"true\" class=\"wp-block-spacer\"><\/div>\n\n\n\n<h3 class=\"h2-custom\">La losa prefabricada versatil y ligera<\/h3>\n\n\n\n<p>El forjado DIPLO de \u00abdoble T\u00bb es el forjado prefabricado de hormig\u00f3n armado pretensado producido por Clesi prefabbricati, en 7 modelos con secciones de 30 a 100 cm. <\/p>\n\n\n\n<p>Gracias al especial proceso de producci\u00f3n, el forjado DIPLO doble T tiene un peso extremadamente ligero pero alcanza un excelente rendimiento est\u00e1tico.<\/p>\n\n\n\n<p>Esta caracter\u00edstica confiere a DIPLO una amplia flexibilidad de uso que lo hace especialmente adecuado para soluciones de construcci\u00f3n modernas e incluso t\u00e9cnicamente complejas para edificios comerciales e industriales.<\/p>\n\n\n\n<p>En particular, el elemento \u03c0 DIPLO es la soluci\u00f3n ideal para construcciones a gran escala, especialmente para los modelos STRATOS.<\/p>\n\n\n\n<div style=\"height:40px\" aria-hidden=\"true\" class=\"wp-block-spacer\"><\/div>\n\n\n\n<h3>7 multipisos y 4 fondos: m\u00e1xima versatilidad de uso<\/h3>\n\n\n\n<p>Los paneles de la serie TT se fabrican en 7 modelos con diferentes secciones transversales desde H=30cm hasta H=100cm y con nervios de grosor variable (fondo 14cm\/17cm). La anchura est\u00e1ndar de 250 cm es variable desde 180 cm hasta un m\u00e1ximo de 300 cm, adapt\u00e1ndose a todo tipo de requisitos de dise\u00f1o.<\/p>\n\n\n\n<p>La amplia gama de alturas y fondos permite satisfacer todos los requisitos, ya sea en relaci\u00f3n con la capacidad de carga, la luz de c\u00e1lculo o la resistencia al fuego.<\/p>\n\n\n\n<div style=\"height:40px\" aria-hidden=\"true\" class=\"wp-block-spacer\"><\/div>\n\n\n\n<h3>Instalaci\u00f3n r\u00e1pida y sencilla<\/h3>\n\n\n\n<p>Las losas prefabricadas DIPLO permiten una instalaci\u00f3n r\u00e1pida y sin costes, ya que no requieren obras provisionales como apuntalamientos durante el montaje.<\/p>\n\n\n\n<p>DIPLO se coloca sobre vigas en T y en I que, una vez ensambladas, generan con el extrad\u00f3s de las vigas del forjado un plano continuo listo para el colado colaborante<\/p>\n\n\n<div id=\"gutenslider-ti6rndm04\" class=\"wp-block-eedee-block-gutenslider gs-frontend content-change alignnone adaptive-height adaptive-height-md adaptive-height-sm arrow-style-1 arrow-position-sides arrow-mb-none arrows-lg arrows-md arrows-sm dot-style-1 dots-lg-none dots-md-none dots-sm-none dot-position-bottom is-position-center-center mb-none wrap-auto-height\" data-parallax-direction=\"down\" data-parallax-amount=\"1.3\" data-lg-transition=\"lg-slide\" data-hash=\"\" ><div class=\"eedee-swiper-outer\" style=\"--gutenslider-min-height: 50vh;--gutenslider-arrow-size: 35px;--gutenslider-dot-size: 25px;--gutenslider-arrow-color: #000000;--gutenslider-dot-color: #000000;--gutenslider-padding-y-mobile: 40px;--gutenslider-padding-x-mobile: 40px;--gutenslider-padding-y-tablet: 40px;--gutenslider-padding-x-tablet: 40px;--gutenslider-padding-y-desktop: 40px;--gutenslider-padding-x-desktop: 40px;--gutenslider-bg-image: url();--gutenslider-min-height-md: 50vh;--gutenslider-min-height-sm: 50vh;--gutenslider-padding-x: 40px;--gutenslider-padding-x-md: 40px;--gutenslider-padding-x-sm: 20px;--gutenslider-padding-y: 40px;--gutenslider-padding-y-md: 40px;--gutenslider-padding-y-sm: 20px;--gutenslider-arrow-size-md: 35px;--gutenslider-arrow-size-sm: 35px;--gutenslider-dot-size-md: 25px;--gutenslider-dot-size-sm: 25px;--gutenslider-arrow-bg-color: transparent;--gutenslider-arrow-hover-color: #000000bb;--gutenslider-arrow-bg-hover-color: transparent;--gutenslider-arrow-x-offset: 10px;--gutenslider-arrow-x-offset-md: 10px;--gutenslider-arrow-x-offset-sm: 10px;--gutenslider-arrow-y-offset: 0px;--gutenslider-arrow-y-offset-md: 0px;--gutenslider-arrow-y-offset-sm: 0px;--gutenslider-arrow-x-spacing: 0px;--gutenslider-dot-y-offset: 10px;--gutenslider-dot-y-offset-md: 10px;--gutenslider-dot-y-offset-sm: 10px;--gutenslider-margin-x: 0px;--gutenslider-margin-x-md: 0px;--gutenslider-margin-x-sm: 0px;--gutenslider-margin-y: 0px;--gutenslider-margin-y-md: 0px;--gutenslider-margin-y-sm: 0px;--gutenslider-divider-top: 60px;--gutenslider-divider-bottom: 60px;--gutenslider-lightgallery-bg: #ffffff;--gutenslider-lightgallery-font: #000000;--gs-first-pos: 50% 50%;--gs-gap-vertical: var( --wp--style--gallery-gap-default, var( --gallery-block--gutter-size, var( --wp--style--block-gap, 0.5em ) ) );--gs-gap-horizontal: var( --wp--style--gallery-gap-default, var( --gallery-block--gutter-size, var( --wp--style--block-gap, 0.5em ) ) );\"><div class=\"gutenslider-divider-top\" style=\"color:#fff;\"><\/div><div class=\"swiper\" data-settings='{\"autoplay\":{\"delay\":3000,\"pauseOnMouseEnter\":true,\"disableOnInteraction\":false},\"speed\":700,\"direction\":\"horizontal\",\"autoHeight\":\"1\",\"loop\":true,\"centeredSlides\":true,\"spaceBetween\":0,\"slidesPerView\":1,\"slidesPerGroup\":1,\"effect\":\"slide\",\"coverflowEffect\":{\"rotate\":30,\"slideShadows\":false,\"depth\":100,\"stretch\":50,\"modifier\":1},\"fadeEffect\":{\"crossFade\":true},\"zoom\":\"\",\"navigation\":{\"nextEl\":\"#gutenslider-ti6rndm04 .eedee-gutenslider-next\",\"prevEl\":\"#gutenslider-ti6rndm04 .eedee-gutenslider-prev\"},\"pagination\":{\"type\":\"bullets\",\"clickable\":true,\"dynamicBullets\":false,\"el\":\"#gutenslider-ti6rndm04 .eedee-gutenslider-pagination\"},\"pauseOnHover\":\"1\",\"watchSlidesProgress\":true,\"watchSlidesVisibility\":true,\"settingsMd\":{\"autoHeight\":\"1\",\"slidesPerView\":1,\"slidesPerGroup\":1,\"spaceBetween\":0,\"loop\":true},\"settingsLg\":{\"autoHeight\":\"1\",\"slidesPerView\":1,\"slidesPerGroup\":1,\"spaceBetween\":0,\"loop\":true},\"hasLg\":false,\"hasLgCounter\":true,\"isFullScreen\":false,\"arrowsFollowMouse\":false,\"lgTitle\":\"none\",\"lgCaption\":\"none\",\"lgThumbnails\":true,\"lgZoomEnabled\":false,\"keyboard\":{\"keyboard\":{\"enabled\":true,\"onlyInViewport\":true}},\"hashNavigation\":false,\"dividers\":false}'><div class=\"swiper-wrapper\">\n<div class=\"swiper-slide wp-block-eedee-block-gutenslide is-position-center-center ed-bg-image\" style=\"--ed-vw:300;--ed-vh:159;\" data-hash=\"\"><div class=\"eedee-background-div bg-image\"><img loading=\"lazy\" width=\"871\" height=\"461\" class=\"wp-image-78301\" src=\"https:\/\/www.clesi.it\/wp-content\/uploads\/2023\/05\/Slider_Diplo_Progetti-04.jpg\" alt=\"\" decoding=\"async\" style=\"object-fit: cover; object-position: 50% 50%;\"  data-title=\"Slider_Diplo_Progetti-04\" srcset=\"https:\/\/www.clesi.it\/wp-content\/uploads\/2023\/05\/Slider_Diplo_Progetti-04.jpg 871w, https:\/\/www.clesi.it\/wp-content\/uploads\/2023\/05\/Slider_Diplo_Progetti-04-300x159.jpg 300w, https:\/\/www.clesi.it\/wp-content\/uploads\/2023\/05\/Slider_Diplo_Progetti-04-768x406.jpg 768w\" sizes=\"(max-width: 871px) 100vw, 871px\" \/><div class=\"eedee-background-div__overlay\" style=\"opacity:1;\"><\/div><\/div><div class=\"slide-content\">\n\n<p class=\"has-text-align-center gutenslider-content-initial has-larger-font-size\"><\/p>\n\n<\/div><\/div>\n\n<div class=\"swiper-slide wp-block-eedee-block-gutenslide is-position-center-center ed-bg-image\" style=\"--ed-vw:300;--ed-vh:159;\" data-hash=\"\"><div class=\"eedee-background-div bg-image\"><img loading=\"lazy\" width=\"871\" height=\"461\" class=\"wp-image-78303\" src=\"https:\/\/www.clesi.it\/wp-content\/uploads\/2023\/05\/Slider_Diplo_Progetti-05.jpg\" alt=\"\" decoding=\"async\" style=\"object-fit: cover; object-position: 50% 50%;\"  data-title=\"Slider_Diplo_Progetti-05\" srcset=\"https:\/\/www.clesi.it\/wp-content\/uploads\/2023\/05\/Slider_Diplo_Progetti-05.jpg 871w, https:\/\/www.clesi.it\/wp-content\/uploads\/2023\/05\/Slider_Diplo_Progetti-05-300x159.jpg 300w, https:\/\/www.clesi.it\/wp-content\/uploads\/2023\/05\/Slider_Diplo_Progetti-05-768x406.jpg 768w\" sizes=\"(max-width: 871px) 100vw, 871px\" \/><div class=\"eedee-background-div__overlay\" style=\"opacity:1;\"><\/div><\/div><div class=\"slide-content\">\n\n<p class=\"has-text-align-center gutenslider-content-initial has-larger-font-size\"><\/p>\n\n<\/div><\/div>\n\n<div class=\"swiper-slide wp-block-eedee-block-gutenslide is-position-center-center ed-bg-image\" style=\"--ed-vw:300;--ed-vh:159;\" data-hash=\"\"><div class=\"eedee-background-div bg-image\"><img loading=\"lazy\" width=\"871\" height=\"461\" class=\"wp-image-78305\" src=\"https:\/\/www.clesi.it\/wp-content\/uploads\/2023\/05\/Slider_Diplo_Progetti-06.jpg\" alt=\"\" decoding=\"async\" style=\"object-fit: cover; object-position: 50% 50%;\"  data-title=\"Slider_Diplo_Progetti-06\" srcset=\"https:\/\/www.clesi.it\/wp-content\/uploads\/2023\/05\/Slider_Diplo_Progetti-06.jpg 871w, https:\/\/www.clesi.it\/wp-content\/uploads\/2023\/05\/Slider_Diplo_Progetti-06-300x159.jpg 300w, https:\/\/www.clesi.it\/wp-content\/uploads\/2023\/05\/Slider_Diplo_Progetti-06-768x406.jpg 768w\" sizes=\"(max-width: 871px) 100vw, 871px\" \/><div class=\"eedee-background-div__overlay\" style=\"opacity:1;\"><\/div><\/div><div class=\"slide-content\">\n\n<p class=\"has-text-align-center gutenslider-content-initial has-larger-font-size\"><\/p>\n\n<\/div><\/div>\n<\/div><\/div><button class=\"eedee-gutenslider-nav eedee-gutenslider-prev\"><svg xmlns=\"http:\/\/www.w3.org\/2000\/svg\" viewBox=\"0 0 24 24\" width=\"24\" height=\"24\"><circle class=\"bg\" cx=\"13\" cy=\"12\" r=\"11\" \/><path fill=\"none\" d=\"M0 0h24v24H0z\"\/><path class=\"arrow\" d=\"M10.828 12l4.95 4.95-1.414 1.414L8 12l6.364-6.364 1.414 1.414z\"\/><\/svg><\/button><button class=\"eedee-gutenslider-nav eedee-gutenslider-next\"><svg xmlns=\"http:\/\/www.w3.org\/2000\/svg\" viewBox=\"0 0 24 24\" width=\"24\" height=\"24\"><circle class=\"bg\" cx=\"11\" cy=\"12\" r=\"11\" \/><path fill=\"none\" d=\"M0 0h24v24H0z\"\/><path class=\"arrow\" d=\"M13.172 12l-4.95-4.95 1.414-1.414L16 12l-6.364 6.364-1.414-1.414z\"\/><\/svg><\/button><div class=\"eedee-gutenslider-pagination\"><\/div><div class=\"gutenslider-divider-bottom \" style=\"color:#fff;\"><\/div><\/div><\/div>","protected":false},"excerpt":{"rendered":"<p>Losa DIPLO en doble T La losa prefabricada versatil y ligera El forjado DIPLO de \u00abdoble T\u00bb es el forjado prefabricado de hormig\u00f3n armado pretensado producido por Clesi prefabbricati, en 7 modelos con secciones de 30 a 100 cm. Gracias al especial proceso de producci\u00f3n, el forjado DIPLO doble T tiene un peso extremadamente ligero [&hellip;]<\/p>\n","protected":false},"author":1,"featured_media":79197,"parent":79205,"menu_order":0,"comment_status":"closed","ping_status":"closed","template":"","meta":[],"_links":{"self":[{"href":"https:\/\/www.clesi.it\/es\/wp-json\/wp\/v2\/pages\/79275"}],"collection":[{"href":"https:\/\/www.clesi.it\/es\/wp-json\/wp\/v2\/pages"}],"about":[{"href":"https:\/\/www.clesi.it\/es\/wp-json\/wp\/v2\/types\/page"}],"author":[{"embeddable":true,"href":"https:\/\/www.clesi.it\/es\/wp-json\/wp\/v2\/users\/1"}],"replies":[{"embeddable":true,"href":"https:\/\/www.clesi.it\/es\/wp-json\/wp\/v2\/comments?post=79275"}],"version-history":[{"count":1,"href":"https:\/\/www.clesi.it\/es\/wp-json\/wp\/v2\/pages\/79275\/revisions"}],"predecessor-version":[{"id":79278,"href":"https:\/\/www.clesi.it\/es\/wp-json\/wp\/v2\/pages\/79275\/revisions\/79278"}],"up":[{"embeddable":true,"href":"https:\/\/www.clesi.it\/es\/wp-json\/wp\/v2\/pages\/79205"}],"wp:featuredmedia":[{"embeddable":true,"href":"https:\/\/www.clesi.it\/es\/wp-json\/wp\/v2\/media\/79197"}],"wp:attachment":[{"href":"https:\/\/www.clesi.it\/es\/wp-json\/wp\/v2\/media?parent=79275"}],"curies":[{"name":"wp","href":"https:\/\/api.w.org\/{rel}","templated":true}]}}