{"id":79290,"date":"2024-09-20T12:45:03","date_gmt":"2024-09-20T10:45:03","guid":{"rendered":"https:\/\/www.clesi.it\/?page_id=79290"},"modified":"2024-11-19T15:52:19","modified_gmt":"2024-11-19T14:52:19","slug":"prisma","status":"publish","type":"page","link":"https:\/\/www.clesi.it\/es\/sistemi-costruttivi\/prisma\/","title":{"rendered":"Prisma"},"content":{"rendered":"\n<blockquote class=\"wp-block-quote\"><p>Una soluci\u00f3n ligera y luminosa&#8230;<\/p><\/blockquote>\n\n\n<div id=\"gutenslider-09zi2o5ne\" class=\"wp-block-eedee-block-gutenslider gs-frontend content-fixed alignnone arrow-style-1 arrow-position-sides arrow-mb-none arrows-lg arrows-md arrows-sm dot-style-1 dots-lg-none dots-md-none dots-sm-none dot-position-bottom is-position-center-center mb-none wrap-auto-height\" style=\"--gutenslider-min-height: 40vh;--gutenslider-arrow-size: 30px;--gutenslider-dot-size: 25px;--gutenslider-arrow-color: #ffffff;--gutenslider-dot-color: #ffffff;--gutenslider-padding-y-mobile: 40px;--gutenslider-padding-x-mobile: 40px;--gutenslider-padding-y-tablet: 40px;--gutenslider-padding-x-tablet: 40px;--gutenslider-padding-y-desktop: 40px;--gutenslider-padding-x-desktop: 40px;--gutenslider-bg-image: url();--gutenslider-min-height-md: 50vh;--gutenslider-min-height-sm: 50vh;--gutenslider-padding-x: 40px;--gutenslider-padding-x-md: 40px;--gutenslider-padding-x-sm: 20px;--gutenslider-padding-y: 50px;--gutenslider-padding-y-md: 50px;--gutenslider-padding-y-sm: 50px;--gutenslider-arrow-size-md: 30px;--gutenslider-arrow-size-sm: 30px;--gutenslider-dot-size-md: 25px;--gutenslider-dot-size-sm: 25px;--gutenslider-arrow-bg-color: transparent;--gutenslider-arrow-hover-color: #eeeeee;--gutenslider-arrow-bg-hover-color: transparent;--gutenslider-arrow-x-offset: 10px;--gutenslider-arrow-x-offset-md: 10px;--gutenslider-arrow-x-offset-sm: 10px;--gutenslider-arrow-y-offset: 0px;--gutenslider-arrow-y-offset-md: 0px;--gutenslider-arrow-y-offset-sm: 0px;--gutenslider-arrow-x-spacing: 0px;--gutenslider-dot-y-offset: 10px;--gutenslider-dot-y-offset-md: 10px;--gutenslider-dot-y-offset-sm: 10px;--gutenslider-margin-x: 0px;--gutenslider-margin-x-md: 0px;--gutenslider-margin-x-sm: 0px;--gutenslider-margin-y: 0px;--gutenslider-margin-y-md: 0px;--gutenslider-margin-y-sm: 0px;--gutenslider-divider-top: 60px;--gutenslider-divider-bottom: 60px;--gutenslider-lightgallery-bg: #ffffff;--gutenslider-lightgallery-font: #000000;--gs-first-pos: 50% 50%;--gs-gap-vertical: var( --wp--style--gallery-gap-default, var( --gallery-block--gutter-size, var( --wp--style--block-gap, 0.5em ) ) );--gs-gap-horizontal: var( --wp--style--gallery-gap-default, var( --gallery-block--gutter-size, var( --wp--style--block-gap, 0.5em ) ) );\" data-parallax-direction=\"down\" data-parallax-amount=\"1.3\" data-lg-transition=\"lg-slide\" data-hash=\"\"><div class=\"eedee-swiper-outer\"><div class=\"gutenslider-divider-top\" style=\"color:#fff;\"><\/div><div class=\"swiper\" data-settings='{\"autoplay\":{\"delay\":3000,\"pauseOnMouseEnter\":true,\"disableOnInteraction\":false},\"speed\":700,\"direction\":\"horizontal\",\"autoHeight\":\"\",\"loop\":true,\"centeredSlides\":true,\"spaceBetween\":0,\"slidesPerView\":1,\"slidesPerGroup\":1,\"effect\":\"slide\",\"coverflowEffect\":{\"rotate\":30,\"slideShadows\":false,\"depth\":100,\"stretch\":50,\"modifier\":1},\"fadeEffect\":{\"crossFade\":true},\"zoom\":\"\",\"navigation\":{\"nextEl\":\"#gutenslider-09zi2o5ne .eedee-gutenslider-next\",\"prevEl\":\"#gutenslider-09zi2o5ne .eedee-gutenslider-prev\"},\"pagination\":{\"type\":\"bullets\",\"clickable\":true,\"dynamicBullets\":false,\"el\":\"#gutenslider-09zi2o5ne .eedee-gutenslider-pagination\"},\"pauseOnHover\":\"1\",\"watchSlidesProgress\":true,\"watchSlidesVisibility\":true,\"settingsMd\":{\"autoHeight\":\"\",\"slidesPerView\":1,\"slidesPerGroup\":1,\"spaceBetween\":0,\"loop\":true},\"settingsLg\":{\"autoHeight\":\"\",\"slidesPerView\":1,\"slidesPerGroup\":1,\"spaceBetween\":0,\"loop\":true},\"hasLg\":false,\"hasLgCounter\":true,\"isFullScreen\":false,\"arrowsFollowMouse\":false,\"lgTitle\":\"none\",\"lgCaption\":\"none\",\"lgThumbnails\":true,\"lgZoomEnabled\":false,\"keyboard\":{\"keyboard\":{\"enabled\":true,\"onlyInViewport\":true}},\"hashNavigation\":false,\"dividers\":false}'><div class=\"swiper-wrapper\">\n<div class=\"swiper-slide wp-block-eedee-block-gutenslide is-position-center-center ed-bg-image\" style=\"--ed-vw:300;--ed-vh:169;\" data-hash=\"\"><div class=\"eedee-background-div bg-image\"><img loading=\"lazy\" width=\"1024\" height=\"576\" class=\"wp-image-75618\" src=\"https:\/\/www.clesi.it\/wp-content\/uploads\/2017\/04\/prisma1-1024x576.jpeg\" alt=\"\" decoding=\"async\" style=\"object-fit: cover; object-position: 50% 50%;\"  data-title=\"prisma1\" srcset=\"https:\/\/www.clesi.it\/wp-content\/uploads\/2017\/04\/prisma1.jpeg 1024w, https:\/\/www.clesi.it\/wp-content\/uploads\/2017\/04\/prisma1-300x169.jpeg 300w, https:\/\/www.clesi.it\/wp-content\/uploads\/2017\/04\/prisma1-768x432.jpeg 768w\" sizes=\"(max-width: 1024px) 100vw, 1024px\" \/><div class=\"eedee-background-div__overlay\" style=\"opacity:1;\"><\/div><\/div><div class=\"slide-content\">\n\n<p class=\"has-text-align-center gutenslider-content-initial has-larger-font-size\"><\/p>\n\n<\/div><\/div>\n\n<div class=\"swiper-slide wp-block-eedee-block-gutenslide is-position-center-center ed-bg-image\" style=\"--ed-vw:300;--ed-vh:225;\" data-hash=\"\"><div class=\"eedee-background-div bg-image\"><img loading=\"lazy\" width=\"1024\" height=\"768\" class=\"wp-image-75611\" src=\"https:\/\/www.clesi.it\/wp-content\/uploads\/2017\/04\/prisma8-1024x768.jpeg\" alt=\"\" decoding=\"async\" style=\"object-fit: cover; object-position: 50% 50%;\"  data-title=\"prisma8\" srcset=\"https:\/\/www.clesi.it\/wp-content\/uploads\/2017\/04\/prisma8.jpeg 1024w, https:\/\/www.clesi.it\/wp-content\/uploads\/2017\/04\/prisma8-300x225.jpeg 300w, https:\/\/www.clesi.it\/wp-content\/uploads\/2017\/04\/prisma8-768x576.jpeg 768w\" sizes=\"(max-width: 1024px) 100vw, 1024px\" \/><div class=\"eedee-background-div__overlay\" style=\"opacity:1;\"><\/div><\/div><div class=\"slide-content\">\n\n<p class=\"has-text-align-center gutenslider-content-initial has-larger-font-size\"><\/p>\n\n<\/div><\/div>\n\n<div class=\"swiper-slide wp-block-eedee-block-gutenslide is-position-center-center ed-bg-image\" style=\"--ed-vw:300;--ed-vh:169;\" data-hash=\"\"><div class=\"eedee-background-div bg-image\"><img loading=\"lazy\" width=\"1024\" height=\"576\" class=\"wp-image-75614\" src=\"https:\/\/www.clesi.it\/wp-content\/uploads\/2017\/04\/prisma5-1024x576.jpeg\" alt=\"\" decoding=\"async\" style=\"object-fit: cover; object-position: 50% 50%;\"  data-title=\"prisma5\" srcset=\"https:\/\/www.clesi.it\/wp-content\/uploads\/2017\/04\/prisma5-1024x576.jpeg 1024w, https:\/\/www.clesi.it\/wp-content\/uploads\/2017\/04\/prisma5-300x169.jpeg 300w, https:\/\/www.clesi.it\/wp-content\/uploads\/2017\/04\/prisma5-768x432.jpeg 768w, https:\/\/www.clesi.it\/wp-content\/uploads\/2017\/04\/prisma5.jpeg 1280w\" sizes=\"(max-width: 1024px) 100vw, 1024px\" \/><div class=\"eedee-background-div__overlay\" style=\"opacity:1;\"><\/div><\/div><div class=\"slide-content\">\n\n<p class=\"has-text-align-center gutenslider-content-initial has-larger-font-size\"><\/p>\n\n<\/div><\/div>\n\n<div class=\"swiper-slide wp-block-eedee-block-gutenslide is-position-center-center ed-bg-image\" style=\"--ed-vw:300;--ed-vh:225;\" data-hash=\"\"><div class=\"eedee-background-div bg-image\"><img loading=\"lazy\" width=\"1024\" height=\"768\" class=\"wp-image-75603\" src=\"https:\/\/www.clesi.it\/wp-content\/uploads\/2017\/04\/prisma16-1024x768.jpeg\" alt=\"\" decoding=\"async\" style=\"object-fit: cover; object-position: 50% 50%;\"  data-title=\"prisma16\" srcset=\"https:\/\/www.clesi.it\/wp-content\/uploads\/2017\/04\/prisma16.jpeg 1024w, https:\/\/www.clesi.it\/wp-content\/uploads\/2017\/04\/prisma16-300x225.jpeg 300w, https:\/\/www.clesi.it\/wp-content\/uploads\/2017\/04\/prisma16-768x576.jpeg 768w\" sizes=\"(max-width: 1024px) 100vw, 1024px\" \/><div class=\"eedee-background-div__overlay\" style=\"opacity:1;\"><\/div><\/div><div class=\"slide-content\">\n\n<p class=\"has-text-align-center gutenslider-content-initial has-larger-font-size\"><\/p>\n\n<\/div><\/div>\n<\/div><\/div><div class=\"wp-block-eedee-gutenslider__content co-1\">\n<div class=\"swiper-slide wp-block-eedee-block-gutenslide is-position-center-center ed-bg-image\" style=\"--ed-vw:300;--ed-vh:169;\" data-hash=\"\"><div class=\"eedee-background-div bg-image\"><img loading=\"lazy\" width=\"1024\" height=\"576\" class=\"wp-image-75618\" src=\"https:\/\/www.clesi.it\/wp-content\/uploads\/2017\/04\/prisma1-1024x576.jpeg\" alt=\"\" decoding=\"async\" style=\"object-fit: cover; object-position: 50% 50%;\"  data-title=\"prisma1\" srcset=\"https:\/\/www.clesi.it\/wp-content\/uploads\/2017\/04\/prisma1.jpeg 1024w, https:\/\/www.clesi.it\/wp-content\/uploads\/2017\/04\/prisma1-300x169.jpeg 300w, https:\/\/www.clesi.it\/wp-content\/uploads\/2017\/04\/prisma1-768x432.jpeg 768w\" sizes=\"(max-width: 1024px) 100vw, 1024px\" \/><div class=\"eedee-background-div__overlay\" style=\"opacity:1;\"><\/div><\/div><div class=\"slide-content\">\n\n<p class=\"has-text-align-center gutenslider-content-initial has-larger-font-size\"><\/p>\n\n<\/div><\/div>\n\n<div class=\"swiper-slide wp-block-eedee-block-gutenslide is-position-center-center ed-bg-image\" style=\"--ed-vw:300;--ed-vh:225;\" data-hash=\"\"><div class=\"eedee-background-div bg-image\"><img loading=\"lazy\" width=\"1024\" height=\"768\" class=\"wp-image-75611\" src=\"https:\/\/www.clesi.it\/wp-content\/uploads\/2017\/04\/prisma8-1024x768.jpeg\" alt=\"\" decoding=\"async\" style=\"object-fit: cover; object-position: 50% 50%;\"  data-title=\"prisma8\" srcset=\"https:\/\/www.clesi.it\/wp-content\/uploads\/2017\/04\/prisma8.jpeg 1024w, https:\/\/www.clesi.it\/wp-content\/uploads\/2017\/04\/prisma8-300x225.jpeg 300w, https:\/\/www.clesi.it\/wp-content\/uploads\/2017\/04\/prisma8-768x576.jpeg 768w\" sizes=\"(max-width: 1024px) 100vw, 1024px\" \/><div class=\"eedee-background-div__overlay\" style=\"opacity:1;\"><\/div><\/div><div class=\"slide-content\">\n\n<p class=\"has-text-align-center gutenslider-content-initial has-larger-font-size\"><\/p>\n\n<\/div><\/div>\n\n<div class=\"swiper-slide wp-block-eedee-block-gutenslide is-position-center-center ed-bg-image\" style=\"--ed-vw:300;--ed-vh:169;\" data-hash=\"\"><div class=\"eedee-background-div bg-image\"><img loading=\"lazy\" width=\"1024\" height=\"576\" class=\"wp-image-75614\" src=\"https:\/\/www.clesi.it\/wp-content\/uploads\/2017\/04\/prisma5-1024x576.jpeg\" alt=\"\" decoding=\"async\" style=\"object-fit: cover; object-position: 50% 50%;\"  data-title=\"prisma5\" srcset=\"https:\/\/www.clesi.it\/wp-content\/uploads\/2017\/04\/prisma5-1024x576.jpeg 1024w, https:\/\/www.clesi.it\/wp-content\/uploads\/2017\/04\/prisma5-300x169.jpeg 300w, https:\/\/www.clesi.it\/wp-content\/uploads\/2017\/04\/prisma5-768x432.jpeg 768w, https:\/\/www.clesi.it\/wp-content\/uploads\/2017\/04\/prisma5.jpeg 1280w\" sizes=\"(max-width: 1024px) 100vw, 1024px\" \/><div class=\"eedee-background-div__overlay\" style=\"opacity:1;\"><\/div><\/div><div class=\"slide-content\">\n\n<p class=\"has-text-align-center gutenslider-content-initial has-larger-font-size\"><\/p>\n\n<\/div><\/div>\n\n<div class=\"swiper-slide wp-block-eedee-block-gutenslide is-position-center-center ed-bg-image\" style=\"--ed-vw:300;--ed-vh:225;\" data-hash=\"\"><div class=\"eedee-background-div bg-image\"><img loading=\"lazy\" width=\"1024\" height=\"768\" class=\"wp-image-75603\" src=\"https:\/\/www.clesi.it\/wp-content\/uploads\/2017\/04\/prisma16-1024x768.jpeg\" alt=\"\" decoding=\"async\" style=\"object-fit: cover; object-position: 50% 50%;\"  data-title=\"prisma16\" srcset=\"https:\/\/www.clesi.it\/wp-content\/uploads\/2017\/04\/prisma16.jpeg 1024w, https:\/\/www.clesi.it\/wp-content\/uploads\/2017\/04\/prisma16-300x225.jpeg 300w, https:\/\/www.clesi.it\/wp-content\/uploads\/2017\/04\/prisma16-768x576.jpeg 768w\" sizes=\"(max-width: 1024px) 100vw, 1024px\" \/><div class=\"eedee-background-div__overlay\" style=\"opacity:1;\"><\/div><\/div><div class=\"slide-content\">\n\n<p class=\"has-text-align-center gutenslider-content-initial has-larger-font-size\"><\/p>\n\n<\/div><\/div>\n<\/div><button class=\"eedee-gutenslider-nav eedee-gutenslider-prev\"><svg xmlns=\"http:\/\/www.w3.org\/2000\/svg\" viewBox=\"0 0 24 24\" width=\"24\" height=\"24\"><circle class=\"bg\" cx=\"13\" cy=\"12\" r=\"11\" \/><path fill=\"none\" d=\"M0 0h24v24H0z\"\/><path class=\"arrow\" d=\"M10.828 12l4.95 4.95-1.414 1.414L8 12l6.364-6.364 1.414 1.414z\"\/><\/svg><\/button><button class=\"eedee-gutenslider-nav eedee-gutenslider-next\"><svg xmlns=\"http:\/\/www.w3.org\/2000\/svg\" viewBox=\"0 0 24 24\" width=\"24\" height=\"24\"><circle class=\"bg\" cx=\"11\" cy=\"12\" r=\"11\" \/><path fill=\"none\" d=\"M0 0h24v24H0z\"\/><path class=\"arrow\" d=\"M13.172 12l-4.95-4.95 1.414-1.414L16 12l-6.364 6.364-1.414-1.414z\"\/><\/svg><\/button><div class=\"eedee-gutenslider-pagination\"><\/div><\/div><div class=\"gutenslider-divider-bottom \" style=\"color:#fff;\"><\/div><\/div>\n\n\n<div style=\"height:40px\" aria-hidden=\"true\" class=\"wp-block-spacer\"><\/div>\n\n\n\n<h2 class=\"h2-custom\"><strong>UNA SOLUCI\u00d3N T\u00c9CNICA LIGERA Y LUMINOSA<\/strong><\/h2>\n\n\n\n<p>Prisma es la elecci\u00f3n \u00f3ptima para gimnasios, espacios de exposici\u00f3n, hipermercados, peque\u00f1as y grandes tiendas y espacios log\u00edsticos. Se adapta a cualquier dimensi\u00f3n del plano del edificio, conservando siempre sus caracter\u00edsticas: versatilidad, adaptabilidad, resistencia al fuego, excelente recogida de aguas pluviales.<\/p>\n\n\n\n<p>Los materiales prefabricados utilizados en las cubiertas permiten obtener un resultado uniforme, est\u00e9ticamente agradable y \u00fanico.<\/p>\n\n\n\n<p>El sistema de construcci\u00f3n Prisma es la soluci\u00f3n ideal para proporcionar a nuestros clientes un excelente aislamiento, as\u00ed como una buena barrera a la transmisi\u00f3n de ruidos internos y externos, ofreciendo as\u00ed el m\u00e1ximo confort ac\u00fastico.<\/p>\n\n\n\n<div class=\"wp-container-3 wp-block-columns\">\n<div class=\"wp-container-1 wp-block-column\">\n<div style=\"height:30px\" aria-hidden=\"true\" class=\"wp-block-spacer\"><\/div>\n\n\n\n<h2 class=\"h2-custom\">T\u00e9cnica<\/h2>\n\n\n\n<p>El sistema Prisma consta de pilares, vigas ADI, elementos Prisma, copas y hastiales de hormig\u00f3n armado. Prisma se caracteriza por un sistema de cubierta modular arquitect\u00f3nicamente avanzado e innovador y se fabrica en tres soluciones diferentes: plana, macrosc\u00f3pica y microsc\u00f3pica.<\/p>\n\n\n\n<p>El sistema Prisma se complementa con una cubierta espec\u00edfica que proporciona una soluci\u00f3n \u00abventilada e impermeabilizada\u00bb. A petici\u00f3n del cliente, Clesi tambi\u00e9n puede suministrar la cubierta del tejado con una transmitancia t\u00e9rmica dentro de los l\u00edmites permitidos por el Decreto Legislativo N\u00b0 311.<\/p>\n<\/div>\n\n\n\n<div class=\"wp-container-2 wp-block-column\">\n<div style=\"height:30px\" aria-hidden=\"true\" class=\"wp-block-spacer\"><\/div>\n\n\n\n<h2 class=\"h2-custom\">Ventajas<\/h2>\n\n\n\n<p>La estructura Prisma tiene una garant\u00eda de 15 a\u00f1os. Todas las dem\u00e1s partes del sistema est\u00e1n garantizadas conforme a la ley. <\/p>\n\n\n\n<p>El transporte y el montaje de las naves prefabricadas con el sistema Prisma est\u00e1n incluidos en el coste final. El transporte corre a cargo de nuestros propios veh\u00edculos, por lo que la seguridad y los plazos de entrega cortos est\u00e1n garantizados.<\/p>\n\n\n\n<p>El sistema Prisma ya se suministra con una clasificaci\u00f3n de resistencia al fuego de R=90 ideal para todas las actividades comerciales y de producci\u00f3n normales. Para las empresas que necesitan una mayor resistencia al fuego, ofrecemos naves prefabricadas con una resistencia de hasta R=120 <\/p>\n\n\n\n<p>Adem\u00e1s, las naves prefabricadas de hormig\u00f3n fabricadas con el sistema Prisma cuentan con resistencia s\u00edsmica de Zona 1 a Zona 4 (S4 a S12).<\/p>\n\n\n\n<p>El acabado exterior de los paneles es gris cemento natural con un acabado de encofrado realizado sobre una pista de acero inoxidable. No obstante, bajo pedido, pueden personalizarse con diferentes granos de m\u00e1rmol, en diversas combinaciones de colores y formas, con matrices para reproducir acabados, entre otros:<\/p>\n\n\n\n<ul><li>Madera y piedra <\/li><li>Listones de terracota o piedra <\/li><li>Cemento coloreado en masa <\/li><li>Con oscurecimiento <\/li><li>Rayado con juntas de imitaci\u00f3n <\/li><li>Fundido vertical u horizontalmente <\/li><li>Con pinturas acr\u00edlicas para un mayor efecto est\u00e9tico <\/li><li>Panel con marco<\/li><\/ul>\n<\/div>\n<\/div>\n\n\n\n<div class=\"wp-container-6 wp-block-columns\">\n<div class=\"wp-container-4 wp-block-column\">\n<div style=\"height:30px\" aria-hidden=\"true\" class=\"wp-block-spacer\"><\/div>\n\n\n\n<h2 class=\"h2-custom\">Proyecto<\/h2>\n\n\n<div id=\"gutenslider-tl7ngnksg\" class=\"wp-block-eedee-block-gutenslider gs-frontend content-change alignnone arrow-style-1 arrow-position-sides arrow-mb-none arrows-lg arrows-md arrows-sm dot-style-1 dots-lg-none dots-md-none dots-sm-none dot-position-bottom is-position-center-center mb-none wrap-auto-height\" data-parallax-direction=\"down\" data-parallax-amount=\"1.3\" data-lg-transition=\"lg-slide\" data-hash=\"\" ><div class=\"eedee-swiper-outer\" style=\"--gutenslider-min-height: 20vh;--gutenslider-arrow-size: 30px;--gutenslider-dot-size: 25px;--gutenslider-arrow-color: #ffffff;--gutenslider-dot-color: #ffffff;--gutenslider-padding-y-mobile: 40px;--gutenslider-padding-x-mobile: 40px;--gutenslider-padding-y-tablet: 40px;--gutenslider-padding-x-tablet: 40px;--gutenslider-padding-y-desktop: 40px;--gutenslider-padding-x-desktop: 40px;--gutenslider-bg-image: url();--gutenslider-min-height-md: 20vh;--gutenslider-min-height-sm: 20vh;--gutenslider-padding-x: 40px;--gutenslider-padding-x-md: 40px;--gutenslider-padding-x-sm: 20px;--gutenslider-padding-y: 40px;--gutenslider-padding-y-md: 40px;--gutenslider-padding-y-sm: 20px;--gutenslider-arrow-size-md: 30px;--gutenslider-arrow-size-sm: 30px;--gutenslider-dot-size-md: 25px;--gutenslider-dot-size-sm: 25px;--gutenslider-arrow-bg-color: transparent;--gutenslider-arrow-hover-color: #eeeeee;--gutenslider-arrow-bg-hover-color: transparent;--gutenslider-arrow-x-offset: 10px;--gutenslider-arrow-x-offset-md: 10px;--gutenslider-arrow-x-offset-sm: 10px;--gutenslider-arrow-y-offset: 0px;--gutenslider-arrow-y-offset-md: 0px;--gutenslider-arrow-y-offset-sm: 0px;--gutenslider-arrow-x-spacing: 0px;--gutenslider-dot-y-offset: 10px;--gutenslider-dot-y-offset-md: 10px;--gutenslider-dot-y-offset-sm: 10px;--gutenslider-margin-x: 0px;--gutenslider-margin-x-md: 0px;--gutenslider-margin-x-sm: 0px;--gutenslider-margin-y: 0px;--gutenslider-margin-y-md: 0px;--gutenslider-margin-y-sm: 0px;--gutenslider-divider-top: 60px;--gutenslider-divider-bottom: 60px;--gutenslider-lightgallery-bg: #ffffff;--gutenslider-lightgallery-font: #000000;--gs-first-pos: 50% 50%;--gs-gap-vertical: var( --wp--style--gallery-gap-default, var( --gallery-block--gutter-size, var( --wp--style--block-gap, 0.5em ) ) );--gs-gap-horizontal: var( --wp--style--gallery-gap-default, var( --gallery-block--gutter-size, var( --wp--style--block-gap, 0.5em ) ) );\"><div class=\"gutenslider-divider-top\" style=\"color:#fff;\"><\/div><div class=\"swiper\" data-settings='{\"autoplay\":{\"delay\":3000,\"pauseOnMouseEnter\":true,\"disableOnInteraction\":false},\"speed\":700,\"direction\":\"horizontal\",\"autoHeight\":\"\",\"loop\":true,\"centeredSlides\":true,\"spaceBetween\":0,\"slidesPerView\":1,\"slidesPerGroup\":1,\"effect\":\"slide\",\"coverflowEffect\":{\"rotate\":30,\"slideShadows\":false,\"depth\":100,\"stretch\":50,\"modifier\":1},\"fadeEffect\":{\"crossFade\":true},\"zoom\":\"\",\"navigation\":{\"nextEl\":\"#gutenslider-tl7ngnksg .eedee-gutenslider-next\",\"prevEl\":\"#gutenslider-tl7ngnksg .eedee-gutenslider-prev\"},\"pagination\":{\"type\":\"bullets\",\"clickable\":true,\"dynamicBullets\":false,\"el\":\"#gutenslider-tl7ngnksg .eedee-gutenslider-pagination\"},\"pauseOnHover\":\"1\",\"watchSlidesProgress\":true,\"watchSlidesVisibility\":true,\"settingsMd\":{\"autoHeight\":\"\",\"slidesPerView\":1,\"slidesPerGroup\":1,\"spaceBetween\":0,\"loop\":true},\"settingsLg\":{\"autoHeight\":\"\",\"slidesPerView\":1,\"slidesPerGroup\":1,\"spaceBetween\":0,\"loop\":true},\"hasLg\":false,\"hasLgCounter\":true,\"isFullScreen\":false,\"arrowsFollowMouse\":false,\"lgTitle\":\"none\",\"lgCaption\":\"none\",\"lgThumbnails\":true,\"lgZoomEnabled\":false,\"keyboard\":{\"keyboard\":{\"enabled\":true,\"onlyInViewport\":true}},\"hashNavigation\":false,\"dividers\":false}'><div class=\"swiper-wrapper\">\n<div class=\"swiper-slide wp-block-eedee-block-gutenslide is-position-center-center ed-bg-image\" style=\"--ed-vw:300;--ed-vh:159;\" data-hash=\"\"><div class=\"eedee-background-div bg-image\"><img loading=\"lazy\" width=\"870\" height=\"460\" class=\"wp-image-75974\" src=\"https:\/\/www.clesi.it\/wp-content\/uploads\/2019\/04\/2-870x460.jpg\" alt=\"\" decoding=\"async\" style=\"object-fit: cover; object-position: 50% 50%;\"  data-title=\"2-870x460\" srcset=\"https:\/\/www.clesi.it\/wp-content\/uploads\/2019\/04\/2-870x460.jpg 870w, https:\/\/www.clesi.it\/wp-content\/uploads\/2019\/04\/2-870x460-300x159.jpg 300w, https:\/\/www.clesi.it\/wp-content\/uploads\/2019\/04\/2-870x460-768x406.jpg 768w\" sizes=\"(max-width: 870px) 100vw, 870px\" \/><div class=\"eedee-background-div__overlay\" style=\"opacity:1;\"><\/div><\/div><div class=\"slide-content\">\n\n<p class=\"has-text-align-center gutenslider-content-initial has-larger-font-size\"><\/p>\n\n<\/div><\/div>\n\n<div class=\"swiper-slide wp-block-eedee-block-gutenslide is-position-center-center ed-bg-image\" style=\"--ed-vw:184;--ed-vh:300;\" data-hash=\"\"><div class=\"eedee-background-div bg-image\"><img loading=\"lazy\" width=\"627\" height=\"1024\" class=\"wp-image-75037\" src=\"https:\/\/www.clesi.it\/wp-content\/uploads\/2017\/01\/clesi-29-627x1024.jpg\" alt=\"\" decoding=\"async\" style=\"object-fit: cover; object-position: 50% 50%;\"  data-title=\"clesi-29\" srcset=\"https:\/\/www.clesi.it\/wp-content\/uploads\/2017\/01\/clesi-29-627x1024.jpg 627w, https:\/\/www.clesi.it\/wp-content\/uploads\/2017\/01\/clesi-29-184x300.jpg 184w, https:\/\/www.clesi.it\/wp-content\/uploads\/2017\/01\/clesi-29-768x1255.jpg 768w, https:\/\/www.clesi.it\/wp-content\/uploads\/2017\/01\/clesi-29.jpg 1175w\" sizes=\"(max-width: 627px) 100vw, 627px\" \/><div class=\"eedee-background-div__overlay\" style=\"opacity:1;\"><\/div><\/div><div class=\"slide-content\">\n\n<p class=\"has-text-align-center gutenslider-content-initial has-larger-font-size\"><\/p>\n\n<\/div><\/div>\n\n<div class=\"swiper-slide wp-block-eedee-block-gutenslide is-position-center-center ed-bg-image\" style=\"--ed-vw:300;--ed-vh:106;\" data-hash=\"\"><div class=\"eedee-background-div bg-image\"><img loading=\"lazy\" width=\"1024\" height=\"362\" class=\"wp-image-75022\" src=\"https:\/\/www.clesi.it\/wp-content\/uploads\/2017\/01\/pano_ottaviano-1024x362.jpg\" alt=\"Clinica Neapolisan Ottaviano\" decoding=\"async\" style=\"object-fit: cover; object-position: 50% 50%;\"  data-title=\"pano_ottaviano\" data-description=\"Clinica Neapolisan Ottaviano\" srcset=\"https:\/\/www.clesi.it\/wp-content\/uploads\/2017\/01\/pano_ottaviano-1024x362.jpg 1024w, https:\/\/www.clesi.it\/wp-content\/uploads\/2017\/01\/pano_ottaviano-300x106.jpg 300w, https:\/\/www.clesi.it\/wp-content\/uploads\/2017\/01\/pano_ottaviano-768x271.jpg 768w\" sizes=\"(max-width: 1024px) 100vw, 1024px\" \/><div class=\"eedee-background-div__overlay\" style=\"opacity:1;\"><\/div><\/div><div class=\"slide-content\">\n\n<p class=\"has-text-align-center gutenslider-content-initial has-larger-font-size\"><\/p>\n\n<\/div><\/div>\n<\/div><\/div><button class=\"eedee-gutenslider-nav eedee-gutenslider-prev\"><svg xmlns=\"http:\/\/www.w3.org\/2000\/svg\" viewBox=\"0 0 24 24\" width=\"24\" height=\"24\"><circle class=\"bg\" cx=\"13\" cy=\"12\" r=\"11\" \/><path fill=\"none\" d=\"M0 0h24v24H0z\"\/><path class=\"arrow\" d=\"M10.828 12l4.95 4.95-1.414 1.414L8 12l6.364-6.364 1.414 1.414z\"\/><\/svg><\/button><button class=\"eedee-gutenslider-nav eedee-gutenslider-next\"><svg xmlns=\"http:\/\/www.w3.org\/2000\/svg\" viewBox=\"0 0 24 24\" width=\"24\" height=\"24\"><circle class=\"bg\" cx=\"11\" cy=\"12\" r=\"11\" \/><path fill=\"none\" d=\"M0 0h24v24H0z\"\/><path class=\"arrow\" d=\"M13.172 12l-4.95-4.95 1.414-1.414L16 12l-6.364 6.364-1.414-1.414z\"\/><\/svg><\/button><div class=\"eedee-gutenslider-pagination\"><\/div><div class=\"gutenslider-divider-bottom \" style=\"color:#fff;\"><\/div><\/div><\/div><\/div>\n\n\n\n<div class=\"wp-container-5 wp-block-column\">\n<div style=\"height:30px\" aria-hidden=\"true\" class=\"wp-block-spacer\"><\/div>\n\n\n\n<h2 class=\"h2-custom\">Folleto<\/h2>\n\n\n\n<figure class=\"wp-block-image size-medium is-resized\"><img loading=\"lazy\" src=\"https:\/\/www.clesi.it\/wp-content\/uploads\/2020\/10\/anteprima-brochure-300x141.png\" alt=\"\" class=\"wp-image-76319\" width=\"225\" height=\"106\" srcset=\"https:\/\/www.clesi.it\/wp-content\/uploads\/2020\/10\/anteprima-brochure-300x141.png 300w, https:\/\/www.clesi.it\/wp-content\/uploads\/2020\/10\/anteprima-brochure-768x360.png 768w, https:\/\/www.clesi.it\/wp-content\/uploads\/2020\/10\/anteprima-brochure-1024x480.png 1024w\" sizes=\"(max-width: 225px) 100vw, 225px\" \/><\/figure>\n\n\n\n<div class=\"wp-block-button down\"><a class=\"wp-block-button__link\" href=\"https:\/\/www.clesi.it\/wp-content\/uploads\/2024\/11\/Strutture-e-coperture_es.pdf\" target=\"_blank\" rel=\"noreferrer noopener\">Download<\/a><\/div>\n<\/div>\n<\/div>\n","protected":false},"excerpt":{"rendered":"<p>Una soluci\u00f3n ligera y luminosa&#8230; UNA SOLUCI\u00d3N T\u00c9CNICA LIGERA Y LUMINOSA Prisma es la elecci\u00f3n \u00f3ptima para gimnasios, espacios de exposici\u00f3n, hipermercados, peque\u00f1as y grandes tiendas y espacios log\u00edsticos. Se adapta a cualquier dimensi\u00f3n del plano del edificio, conservando siempre sus caracter\u00edsticas: versatilidad, adaptabilidad, resistencia al fuego, excelente recogida de aguas pluviales. Los materiales prefabricados [&hellip;]<\/p>\n","protected":false},"author":5,"featured_media":79176,"parent":79208,"menu_order":0,"comment_status":"closed","ping_status":"closed","template":"","meta":[],"_links":{"self":[{"href":"https:\/\/www.clesi.it\/es\/wp-json\/wp\/v2\/pages\/79290"}],"collection":[{"href":"https:\/\/www.clesi.it\/es\/wp-json\/wp\/v2\/pages"}],"about":[{"href":"https:\/\/www.clesi.it\/es\/wp-json\/wp\/v2\/types\/page"}],"author":[{"embeddable":true,"href":"https:\/\/www.clesi.it\/es\/wp-json\/wp\/v2\/users\/5"}],"replies":[{"embeddable":true,"href":"https:\/\/www.clesi.it\/es\/wp-json\/wp\/v2\/comments?post=79290"}],"version-history":[{"count":2,"href":"https:\/\/www.clesi.it\/es\/wp-json\/wp\/v2\/pages\/79290\/revisions"}],"predecessor-version":[{"id":80748,"href":"https:\/\/www.clesi.it\/es\/wp-json\/wp\/v2\/pages\/79290\/revisions\/80748"}],"up":[{"embeddable":true,"href":"https:\/\/www.clesi.it\/es\/wp-json\/wp\/v2\/pages\/79208"}],"wp:featuredmedia":[{"embeddable":true,"href":"https:\/\/www.clesi.it\/es\/wp-json\/wp\/v2\/media\/79176"}],"wp:attachment":[{"href":"https:\/\/www.clesi.it\/es\/wp-json\/wp\/v2\/media?parent=79290"}],"curies":[{"name":"wp","href":"https:\/\/api.w.org\/{rel}","templated":true}]}}