{"id":79295,"date":"2024-09-20T12:54:26","date_gmt":"2024-09-20T10:54:26","guid":{"rendered":"https:\/\/www.clesi.it\/?page_id=79295"},"modified":"2024-11-19T15:55:59","modified_gmt":"2024-11-19T14:55:59","slug":"president","status":"publish","type":"page","link":"https:\/\/www.clesi.it\/es\/sistemi-costruttivi\/president\/","title":{"rendered":"President"},"content":{"rendered":"\n<blockquote class=\"wp-block-quote\"><p>El perfil con mayor versatilidad de uso<\/p><\/blockquote>\n\n\n<div id=\"gutenslider-frdymn5ld\" class=\"wp-block-eedee-block-gutenslider gs-frontend content-change alignnone adaptive-height adaptive-height-md adaptive-height-sm arrow-style-1 arrow-position-sides arrow-mb-none arrows-lg arrows-md arrows-sm dot-style-1 dots-lg-none dots-md-none dots-sm-none dot-position-bottom is-position-center-center mb-none wrap-auto-height\" data-parallax-direction=\"down\" data-parallax-amount=\"1.3\" data-lg-transition=\"lg-slide\" data-hash=\"\" ><div class=\"eedee-swiper-outer\" style=\"--gutenslider-min-height: 50vh;--gutenslider-arrow-size: 30px;--gutenslider-dot-size: 25px;--gutenslider-arrow-color: #000000;--gutenslider-dot-color: #ffffff;--gutenslider-padding-y-mobile: 40px;--gutenslider-padding-x-mobile: 40px;--gutenslider-padding-y-tablet: 40px;--gutenslider-padding-x-tablet: 40px;--gutenslider-padding-y-desktop: 40px;--gutenslider-padding-x-desktop: 40px;--gutenslider-bg-image: url();--gutenslider-min-height-md: 50vh;--gutenslider-min-height-sm: 50vh;--gutenslider-padding-x: 40px;--gutenslider-padding-x-md: 40px;--gutenslider-padding-x-sm: 20px;--gutenslider-padding-y: 40px;--gutenslider-padding-y-md: 40px;--gutenslider-padding-y-sm: 20px;--gutenslider-arrow-size-md: 30px;--gutenslider-arrow-size-sm: 30px;--gutenslider-dot-size-md: 25px;--gutenslider-dot-size-sm: 25px;--gutenslider-arrow-bg-color: transparent;--gutenslider-arrow-hover-color: #000000bb;--gutenslider-arrow-bg-hover-color: transparent;--gutenslider-arrow-x-offset: 10px;--gutenslider-arrow-x-offset-md: 10px;--gutenslider-arrow-x-offset-sm: 10px;--gutenslider-arrow-y-offset: 0px;--gutenslider-arrow-y-offset-md: 0px;--gutenslider-arrow-y-offset-sm: 0px;--gutenslider-arrow-x-spacing: 0px;--gutenslider-dot-y-offset: 10px;--gutenslider-dot-y-offset-md: 10px;--gutenslider-dot-y-offset-sm: 10px;--gutenslider-margin-x: 0px;--gutenslider-margin-x-md: 0px;--gutenslider-margin-x-sm: 0px;--gutenslider-margin-y: 0px;--gutenslider-margin-y-md: 0px;--gutenslider-margin-y-sm: 0px;--gutenslider-divider-top: 60px;--gutenslider-divider-bottom: 60px;--gutenslider-lightgallery-bg: #ffffff;--gutenslider-lightgallery-font: #000000;--gs-first-pos: 50% 50%;--gs-gap-vertical: var( --wp--style--gallery-gap-default, var( --gallery-block--gutter-size, var( --wp--style--block-gap, 0.5em ) ) );--gs-gap-horizontal: var( --wp--style--gallery-gap-default, var( --gallery-block--gutter-size, var( --wp--style--block-gap, 0.5em ) ) );\"><div class=\"gutenslider-divider-top\" style=\"color:#fff;\"><\/div><div class=\"swiper\" data-settings='{\"autoplay\":{\"delay\":3000,\"pauseOnMouseEnter\":true,\"disableOnInteraction\":false},\"speed\":700,\"direction\":\"horizontal\",\"autoHeight\":\"1\",\"loop\":true,\"centeredSlides\":true,\"spaceBetween\":0,\"slidesPerView\":1,\"slidesPerGroup\":1,\"effect\":\"slide\",\"coverflowEffect\":{\"rotate\":30,\"slideShadows\":false,\"depth\":100,\"stretch\":50,\"modifier\":1},\"fadeEffect\":{\"crossFade\":true},\"zoom\":\"\",\"navigation\":{\"nextEl\":\"#gutenslider-frdymn5ld .eedee-gutenslider-next\",\"prevEl\":\"#gutenslider-frdymn5ld .eedee-gutenslider-prev\"},\"pagination\":{\"type\":\"bullets\",\"clickable\":true,\"dynamicBullets\":false,\"el\":\"#gutenslider-frdymn5ld .eedee-gutenslider-pagination\"},\"pauseOnHover\":\"1\",\"watchSlidesProgress\":true,\"watchSlidesVisibility\":true,\"settingsMd\":{\"autoHeight\":\"1\",\"slidesPerView\":1,\"slidesPerGroup\":1,\"spaceBetween\":0,\"loop\":true},\"settingsLg\":{\"autoHeight\":\"1\",\"slidesPerView\":1,\"slidesPerGroup\":1,\"spaceBetween\":0,\"loop\":true},\"hasLg\":false,\"hasLgCounter\":true,\"isFullScreen\":false,\"arrowsFollowMouse\":false,\"lgTitle\":\"none\",\"lgCaption\":\"none\",\"lgThumbnails\":true,\"lgZoomEnabled\":false,\"keyboard\":{\"keyboard\":{\"enabled\":true,\"onlyInViewport\":true}},\"hashNavigation\":false,\"dividers\":false}'><div class=\"swiper-wrapper\">\n<div class=\"swiper-slide wp-block-eedee-block-gutenslide is-position-center-center ed-bg-image\" style=\"--ed-vw:300;--ed-vh:159;\" data-hash=\"\"><div class=\"eedee-background-div bg-image\"><img loading=\"lazy\" width=\"1024\" height=\"542\" class=\"wp-image-80774\" src=\"https:\/\/www.clesi.it\/wp-content\/uploads\/2024\/11\/slider-president-01-3-1024x542.webp\" alt=\"\" decoding=\"async\" style=\"object-fit: cover; object-position: 50% 50%;\"  data-title=\"slider president-01\" srcset=\"https:\/\/www.clesi.it\/wp-content\/uploads\/2024\/11\/slider-president-01-3-1024x542.webp 1024w, https:\/\/www.clesi.it\/wp-content\/uploads\/2024\/11\/slider-president-01-3-300x159.webp 300w, https:\/\/www.clesi.it\/wp-content\/uploads\/2024\/11\/slider-president-01-3-768x406.webp 768w, https:\/\/www.clesi.it\/wp-content\/uploads\/2024\/11\/slider-president-01-3-50x26.webp 50w, https:\/\/www.clesi.it\/wp-content\/uploads\/2024\/11\/slider-president-01-3.webp 1200w\" sizes=\"(max-width: 1024px) 100vw, 1024px\" \/><div class=\"eedee-background-div__overlay\" style=\"opacity:1;\"><\/div><\/div><div class=\"slide-content\">\n\n<p class=\"has-text-align-center gutenslider-content-initial has-larger-font-size\"><\/p>\n\n<\/div><\/div>\n\n<div class=\"swiper-slide wp-block-eedee-block-gutenslide is-position-center-center ed-bg-image\" style=\"--ed-vw:300;--ed-vh:159;\" data-hash=\"\"><div class=\"eedee-background-div bg-image\"><img loading=\"lazy\" width=\"1024\" height=\"542\" class=\"wp-image-80768\" src=\"https:\/\/www.clesi.it\/wp-content\/uploads\/2024\/11\/slider-president-02-3-1024x542.webp\" alt=\"\" decoding=\"async\" style=\"object-fit: cover; object-position: 50% 50%;\"  data-title=\"slider president-02\" srcset=\"https:\/\/www.clesi.it\/wp-content\/uploads\/2024\/11\/slider-president-02-3-1024x542.webp 1024w, https:\/\/www.clesi.it\/wp-content\/uploads\/2024\/11\/slider-president-02-3-300x159.webp 300w, https:\/\/www.clesi.it\/wp-content\/uploads\/2024\/11\/slider-president-02-3-768x406.webp 768w, https:\/\/www.clesi.it\/wp-content\/uploads\/2024\/11\/slider-president-02-3-50x26.webp 50w, https:\/\/www.clesi.it\/wp-content\/uploads\/2024\/11\/slider-president-02-3.webp 1200w\" sizes=\"(max-width: 1024px) 100vw, 1024px\" \/><div class=\"eedee-background-div__overlay\" style=\"opacity:1;\"><\/div><\/div><div class=\"slide-content\">\n\n<p class=\"has-text-align-center gutenslider-content-initial has-larger-font-size\"><\/p>\n\n<\/div><\/div>\n\n<div class=\"swiper-slide wp-block-eedee-block-gutenslide is-position-center-center ed-bg-image\" style=\"--ed-vw:300;--ed-vh:159;\" data-hash=\"\"><div class=\"eedee-background-div bg-image\"><img loading=\"lazy\" width=\"1024\" height=\"542\" class=\"wp-image-80762\" src=\"https:\/\/www.clesi.it\/wp-content\/uploads\/2024\/11\/slider-president-03-3-1024x542.webp\" alt=\"\" decoding=\"async\" style=\"object-fit: cover; object-position: 50% 50%;\"  data-title=\"slider president-03\" srcset=\"https:\/\/www.clesi.it\/wp-content\/uploads\/2024\/11\/slider-president-03-3-1024x542.webp 1024w, https:\/\/www.clesi.it\/wp-content\/uploads\/2024\/11\/slider-president-03-3-300x159.webp 300w, https:\/\/www.clesi.it\/wp-content\/uploads\/2024\/11\/slider-president-03-3-768x406.webp 768w, https:\/\/www.clesi.it\/wp-content\/uploads\/2024\/11\/slider-president-03-3-50x26.webp 50w, https:\/\/www.clesi.it\/wp-content\/uploads\/2024\/11\/slider-president-03-3.webp 1200w\" sizes=\"(max-width: 1024px) 100vw, 1024px\" \/><div class=\"eedee-background-div__overlay\" style=\"opacity:1;\"><\/div><\/div><div class=\"slide-content\">\n\n<p class=\"has-text-align-center gutenslider-content-initial has-larger-font-size\"><\/p>\n\n<\/div><\/div>\n\n<div class=\"swiper-slide wp-block-eedee-block-gutenslide is-position-center-center ed-bg-image\" style=\"--ed-vw:300;--ed-vh:159;\" data-hash=\"\"><div class=\"eedee-background-div bg-image\"><img loading=\"lazy\" width=\"1024\" height=\"542\" class=\"wp-image-80756\" src=\"https:\/\/www.clesi.it\/wp-content\/uploads\/2024\/11\/slider-president-04-3-1024x542.webp\" alt=\"\" decoding=\"async\" style=\"object-fit: cover; object-position: 50% 50%;\"  data-title=\"slider president-04\" srcset=\"https:\/\/www.clesi.it\/wp-content\/uploads\/2024\/11\/slider-president-04-3-1024x542.webp 1024w, https:\/\/www.clesi.it\/wp-content\/uploads\/2024\/11\/slider-president-04-3-300x159.webp 300w, https:\/\/www.clesi.it\/wp-content\/uploads\/2024\/11\/slider-president-04-3-768x406.webp 768w, https:\/\/www.clesi.it\/wp-content\/uploads\/2024\/11\/slider-president-04-3-50x26.webp 50w, https:\/\/www.clesi.it\/wp-content\/uploads\/2024\/11\/slider-president-04-3.webp 1200w\" sizes=\"(max-width: 1024px) 100vw, 1024px\" \/><div class=\"eedee-background-div__overlay\" style=\"opacity:1;\"><\/div><\/div><div class=\"slide-content\">\n\n<p class=\"has-text-align-center gutenslider-content-initial has-larger-font-size\"><\/p>\n\n<\/div><\/div>\n\n<div class=\"swiper-slide wp-block-eedee-block-gutenslide is-position-center-center ed-bg-image\" style=\"--ed-vw:300;--ed-vh:159;\" data-hash=\"\"><div class=\"eedee-background-div bg-image\"><img loading=\"lazy\" width=\"1024\" height=\"542\" class=\"wp-image-80750\" src=\"https:\/\/www.clesi.it\/wp-content\/uploads\/2024\/11\/slider-president-05-3-1024x542.webp\" alt=\"\" decoding=\"async\" style=\"object-fit: cover; object-position: 50% 50%;\"  data-title=\"slider president-05\" srcset=\"https:\/\/www.clesi.it\/wp-content\/uploads\/2024\/11\/slider-president-05-3-1024x542.webp 1024w, https:\/\/www.clesi.it\/wp-content\/uploads\/2024\/11\/slider-president-05-3-300x159.webp 300w, https:\/\/www.clesi.it\/wp-content\/uploads\/2024\/11\/slider-president-05-3-768x406.webp 768w, https:\/\/www.clesi.it\/wp-content\/uploads\/2024\/11\/slider-president-05-3-50x26.webp 50w, https:\/\/www.clesi.it\/wp-content\/uploads\/2024\/11\/slider-president-05-3.webp 1200w\" sizes=\"(max-width: 1024px) 100vw, 1024px\" \/><div class=\"eedee-background-div__overlay\" style=\"opacity:1;\"><\/div><\/div><div class=\"slide-content\">\n\n<p class=\"has-text-align-center gutenslider-content-initial has-larger-font-size\"><\/p>\n\n<\/div><\/div>\n<\/div><\/div><button class=\"eedee-gutenslider-nav eedee-gutenslider-prev\"><svg xmlns=\"http:\/\/www.w3.org\/2000\/svg\" viewBox=\"0 0 24 24\" width=\"24\" height=\"24\"><circle class=\"bg\" cx=\"13\" cy=\"12\" r=\"11\" \/><path fill=\"none\" d=\"M0 0h24v24H0z\"\/><path class=\"arrow\" d=\"M10.828 12l4.95 4.95-1.414 1.414L8 12l6.364-6.364 1.414 1.414z\"\/><\/svg><\/button><button class=\"eedee-gutenslider-nav eedee-gutenslider-next\"><svg xmlns=\"http:\/\/www.w3.org\/2000\/svg\" viewBox=\"0 0 24 24\" width=\"24\" height=\"24\"><circle class=\"bg\" cx=\"11\" cy=\"12\" r=\"11\" \/><path fill=\"none\" d=\"M0 0h24v24H0z\"\/><path class=\"arrow\" d=\"M13.172 12l-4.95-4.95 1.414-1.414L16 12l-6.364 6.364-1.414-1.414z\"\/><\/svg><\/button><div class=\"eedee-gutenslider-pagination\"><\/div><div class=\"gutenslider-divider-bottom \" style=\"color:#fff;\"><\/div><\/div><\/div>\n\n\n<div style=\"height:50px\" aria-hidden=\"true\" class=\"wp-block-spacer\"><\/div>\n\n\n\n<p>El perfil President tiene una secci\u00f3n transversal \u00abomega\u00bb, en la que las paredes verticales emergen en el extrad\u00f3s de la losa plana para formar un enorme canal natural de recogida y evacuaci\u00f3n de aguas pluviales. El trazado en anillo de la secci\u00f3n en los extremos inferiores permite una distribuci\u00f3n \u00f3ptima de la armadura de pretensado, un soporte natural eficaz para cualquier elemento del techo, as\u00ed como un carril que no est\u00e1 a la vista para peque\u00f1os conductos de cables o fijaciones para cualquier cubierta que se coloque en el intrad\u00f3s del perfil.<\/p>\n\n\n\n<p>El acabado es una pintura blanca semilavable a base de una resina ani\u00f3nica en dispersi\u00f3n acuosa.<\/p>\n\n\n\n<p>El perfil se a\u00edsla por el extrad\u00f3s colocando un panel aislante sobre la losa, mientras que la impermeabilizaci\u00f3n se realiza mediante l\u00e1minas de aluzinc cosidas mediante una grapadora autom\u00e1tica que garantiza un cierre perfecto de los solapes. La considerable y est\u00e9tica amplitud de la zona plana ofrece grandes posibilidades desde el punto de vista de la viabilidad y la instalaci\u00f3n de sistemas y maquinaria.<\/p>\n\n\n\n<p>Entre perfil y perfil, se colocan placas de techo aislantes sobre l\u00e1minas de cubierta de aluzinc.<\/p>\n\n\n\n<p>La cavidad que se crea constituye una c\u00e1mara de ventilaci\u00f3n de efecto \u00abtecho fr\u00edo\u00bb con los consiguientes efectos beneficiosos sobre el confort t\u00e9rmico interior.<\/p>\n","protected":false},"excerpt":{"rendered":"<p>El perfil con mayor versatilidad de uso El perfil President tiene una secci\u00f3n transversal \u00abomega\u00bb, en la que las paredes verticales emergen en el extrad\u00f3s de la losa plana para formar un enorme canal natural de recogida y evacuaci\u00f3n de aguas pluviales. El trazado en anillo de la secci\u00f3n en los extremos inferiores permite una [&hellip;]<\/p>\n","protected":false},"author":5,"featured_media":79298,"parent":79208,"menu_order":0,"comment_status":"closed","ping_status":"closed","template":"","meta":[],"_links":{"self":[{"href":"https:\/\/www.clesi.it\/es\/wp-json\/wp\/v2\/pages\/79295"}],"collection":[{"href":"https:\/\/www.clesi.it\/es\/wp-json\/wp\/v2\/pages"}],"about":[{"href":"https:\/\/www.clesi.it\/es\/wp-json\/wp\/v2\/types\/page"}],"author":[{"embeddable":true,"href":"https:\/\/www.clesi.it\/es\/wp-json\/wp\/v2\/users\/5"}],"replies":[{"embeddable":true,"href":"https:\/\/www.clesi.it\/es\/wp-json\/wp\/v2\/comments?post=79295"}],"version-history":[{"count":4,"href":"https:\/\/www.clesi.it\/es\/wp-json\/wp\/v2\/pages\/79295\/revisions"}],"predecessor-version":[{"id":80780,"href":"https:\/\/www.clesi.it\/es\/wp-json\/wp\/v2\/pages\/79295\/revisions\/80780"}],"up":[{"embeddable":true,"href":"https:\/\/www.clesi.it\/es\/wp-json\/wp\/v2\/pages\/79208"}],"wp:featuredmedia":[{"embeddable":true,"href":"https:\/\/www.clesi.it\/es\/wp-json\/wp\/v2\/media\/79298"}],"wp:attachment":[{"href":"https:\/\/www.clesi.it\/es\/wp-json\/wp\/v2\/media?parent=79295"}],"curies":[{"name":"wp","href":"https:\/\/api.w.org\/{rel}","templated":true}]}}