{"id":79304,"date":"2017-01-20T00:01:37","date_gmt":"2017-01-19T23:01:37","guid":{"rendered":"https:\/\/www.clesi.it\/pannelli-prefabbricati\/"},"modified":"2024-11-19T16:00:37","modified_gmt":"2024-11-19T15:00:37","slug":"pannelli-prefabbricati","status":"publish","type":"page","link":"https:\/\/www.clesi.it\/es\/pannelli-prefabbricati\/","title":{"rendered":"Paneles de relleno"},"content":{"rendered":"<div id=\"gutenslider-7f1gzt2b1\" class=\"wp-block-eedee-block-gutenslider gs-frontend content-change alignnone adaptive-height arrow-style-1 arrow-position-sides arrow-mb-none arrows-lg arrows-md arrows-sm dot-style-1 dots-lg-none dots-md-none dots-sm-none dot-position-bottom is-position-center-center mb-none wrap-auto-height\" data-parallax-direction=\"down\" data-parallax-amount=\"1.3\" data-lg-transition=\"lg-slide\" data-hash=\"\" ><div class=\"eedee-swiper-outer\" style=\"--gutenslider-min-height: 50vh;--gutenslider-arrow-size: 30px;--gutenslider-dot-size: 25px;--gutenslider-arrow-color: #000000;--gutenslider-dot-color: #ffffff;--gutenslider-padding-y-mobile: 40px;--gutenslider-padding-x-mobile: 40px;--gutenslider-padding-y-tablet: 40px;--gutenslider-padding-x-tablet: 40px;--gutenslider-padding-y-desktop: 40px;--gutenslider-padding-x-desktop: 40px;--gutenslider-bg-image: url();--gutenslider-min-height-md: 50vh;--gutenslider-min-height-sm: 50vh;--gutenslider-padding-x: 40px;--gutenslider-padding-x-md: 40px;--gutenslider-padding-x-sm: 20px;--gutenslider-padding-y: 40px;--gutenslider-padding-y-md: 40px;--gutenslider-padding-y-sm: 20px;--gutenslider-arrow-size-md: 30px;--gutenslider-arrow-size-sm: 30px;--gutenslider-dot-size-md: 25px;--gutenslider-dot-size-sm: 25px;--gutenslider-arrow-bg-color: transparent;--gutenslider-arrow-hover-color: #000000bb;--gutenslider-arrow-bg-hover-color: transparent;--gutenslider-arrow-x-offset: 10px;--gutenslider-arrow-x-offset-md: 10px;--gutenslider-arrow-x-offset-sm: 10px;--gutenslider-arrow-y-offset: 0px;--gutenslider-arrow-y-offset-md: 0px;--gutenslider-arrow-y-offset-sm: 0px;--gutenslider-arrow-x-spacing: 0px;--gutenslider-dot-y-offset: 10px;--gutenslider-dot-y-offset-md: 10px;--gutenslider-dot-y-offset-sm: 10px;--gutenslider-margin-x: 0px;--gutenslider-margin-x-md: 0px;--gutenslider-margin-x-sm: 0px;--gutenslider-margin-y: 0px;--gutenslider-margin-y-md: 0px;--gutenslider-margin-y-sm: 0px;--gutenslider-divider-top: 60px;--gutenslider-divider-bottom: 60px;--gutenslider-lightgallery-bg: #ffffff;--gutenslider-lightgallery-font: #000000;--gs-first-pos: 50% 50%;--gs-gap-vertical: var( --wp--style--gallery-gap-default, var( --gallery-block--gutter-size, var( --wp--style--block-gap, 0.5em ) ) );--gs-gap-horizontal: var( --wp--style--gallery-gap-default, var( --gallery-block--gutter-size, var( --wp--style--block-gap, 0.5em ) ) );\"><div class=\"gutenslider-divider-top\" style=\"color:#fff;\"><\/div><div class=\"swiper\" data-settings='{\"autoplay\":{\"delay\":3000,\"pauseOnMouseEnter\":true,\"disableOnInteraction\":false},\"speed\":700,\"direction\":\"horizontal\",\"autoHeight\":\"\",\"loop\":true,\"centeredSlides\":true,\"spaceBetween\":0,\"slidesPerView\":1,\"slidesPerGroup\":1,\"effect\":\"slide\",\"coverflowEffect\":{\"rotate\":30,\"slideShadows\":false,\"depth\":100,\"stretch\":50,\"modifier\":1},\"fadeEffect\":{\"crossFade\":true},\"zoom\":\"\",\"navigation\":{\"nextEl\":\"#gutenslider-7f1gzt2b1 .eedee-gutenslider-next\",\"prevEl\":\"#gutenslider-7f1gzt2b1 .eedee-gutenslider-prev\"},\"pagination\":{\"type\":\"bullets\",\"clickable\":true,\"dynamicBullets\":false,\"el\":\"#gutenslider-7f1gzt2b1 .eedee-gutenslider-pagination\"},\"pauseOnHover\":\"1\",\"watchSlidesProgress\":true,\"watchSlidesVisibility\":true,\"settingsMd\":{\"autoHeight\":\"\",\"slidesPerView\":1,\"slidesPerGroup\":1,\"spaceBetween\":0,\"loop\":true},\"settingsLg\":{\"autoHeight\":\"1\",\"slidesPerView\":1,\"slidesPerGroup\":1,\"spaceBetween\":0,\"loop\":true},\"hasLg\":false,\"hasLgCounter\":true,\"isFullScreen\":false,\"arrowsFollowMouse\":false,\"lgTitle\":\"none\",\"lgCaption\":\"none\",\"lgThumbnails\":true,\"lgZoomEnabled\":false,\"keyboard\":{\"keyboard\":{\"enabled\":true,\"onlyInViewport\":true}},\"hashNavigation\":false,\"dividers\":false}'><div class=\"swiper-wrapper\">\n<div class=\"swiper-slide wp-block-eedee-block-gutenslide is-position-center-center ed-bg-image\" style=\"--ed-vw:300;--ed-vh:159;\" data-hash=\"\"><div class=\"eedee-background-div bg-image\"><img loading=\"lazy\" width=\"1024\" height=\"542\" class=\"wp-image-80781\" src=\"https:\/\/www.clesi.it\/wp-content\/uploads\/2024\/11\/pannelli-tamponamento-1-2-1024x542.webp\" alt=\"\" decoding=\"async\" style=\"object-fit: cover; object-position: 50% 50%;\"  data-title=\"pannelli-tamponamento-1\" srcset=\"https:\/\/www.clesi.it\/wp-content\/uploads\/2024\/11\/pannelli-tamponamento-1-2-1024x542.webp 1024w, https:\/\/www.clesi.it\/wp-content\/uploads\/2024\/11\/pannelli-tamponamento-1-2-300x159.webp 300w, https:\/\/www.clesi.it\/wp-content\/uploads\/2024\/11\/pannelli-tamponamento-1-2-768x406.webp 768w, https:\/\/www.clesi.it\/wp-content\/uploads\/2024\/11\/pannelli-tamponamento-1-2-50x26.webp 50w, https:\/\/www.clesi.it\/wp-content\/uploads\/2024\/11\/pannelli-tamponamento-1-2-1600x846.webp 1600w, https:\/\/www.clesi.it\/wp-content\/uploads\/2024\/11\/pannelli-tamponamento-1-2-1536x812.webp 1536w, https:\/\/www.clesi.it\/wp-content\/uploads\/2024\/11\/pannelli-tamponamento-1-2.webp 1813w\" sizes=\"(max-width: 1024px) 100vw, 1024px\" \/><div class=\"eedee-background-div__overlay\" style=\"opacity:1;\"><\/div><\/div><div class=\"slide-content\">\n\n<p class=\"has-text-align-center gutenslider-content-initial has-larger-font-size\"><\/p>\n\n<\/div><\/div>\n\n<div class=\"swiper-slide wp-block-eedee-block-gutenslide is-position-center-center ed-bg-image\" style=\"--ed-vw:300;--ed-vh:159;\" data-hash=\"\"><div class=\"eedee-background-div bg-image\"><img loading=\"lazy\" width=\"1024\" height=\"542\" class=\"wp-image-80787\" src=\"https:\/\/www.clesi.it\/wp-content\/uploads\/2024\/11\/pannelli-tamponamento2-2-1024x542.webp\" alt=\"\" decoding=\"async\" style=\"object-fit: cover; object-position: 50% 50%;\"  data-title=\"pannelli-tamponamento2\" srcset=\"https:\/\/www.clesi.it\/wp-content\/uploads\/2024\/11\/pannelli-tamponamento2-2-1024x542.webp 1024w, https:\/\/www.clesi.it\/wp-content\/uploads\/2024\/11\/pannelli-tamponamento2-2-300x159.webp 300w, https:\/\/www.clesi.it\/wp-content\/uploads\/2024\/11\/pannelli-tamponamento2-2-768x406.webp 768w, https:\/\/www.clesi.it\/wp-content\/uploads\/2024\/11\/pannelli-tamponamento2-2-50x26.webp 50w, https:\/\/www.clesi.it\/wp-content\/uploads\/2024\/11\/pannelli-tamponamento2-2-1600x846.webp 1600w, https:\/\/www.clesi.it\/wp-content\/uploads\/2024\/11\/pannelli-tamponamento2-2-1536x812.webp 1536w, https:\/\/www.clesi.it\/wp-content\/uploads\/2024\/11\/pannelli-tamponamento2-2.webp 1813w\" sizes=\"(max-width: 1024px) 100vw, 1024px\" \/><div class=\"eedee-background-div__overlay\" style=\"opacity:1;\"><\/div><\/div><div class=\"slide-content\">\n\n<p class=\"has-text-align-center gutenslider-content-initial has-larger-font-size\"><\/p>\n\n<\/div><\/div>\n<\/div><\/div><button class=\"eedee-gutenslider-nav eedee-gutenslider-prev\"><svg xmlns=\"http:\/\/www.w3.org\/2000\/svg\" viewBox=\"0 0 24 24\" width=\"24\" height=\"24\"><circle class=\"bg\" cx=\"13\" cy=\"12\" r=\"11\" \/><path fill=\"none\" d=\"M0 0h24v24H0z\"\/><path class=\"arrow\" d=\"M10.828 12l4.95 4.95-1.414 1.414L8 12l6.364-6.364 1.414 1.414z\"\/><\/svg><\/button><button class=\"eedee-gutenslider-nav eedee-gutenslider-next\"><svg xmlns=\"http:\/\/www.w3.org\/2000\/svg\" viewBox=\"0 0 24 24\" width=\"24\" height=\"24\"><circle class=\"bg\" cx=\"11\" cy=\"12\" r=\"11\" \/><path fill=\"none\" d=\"M0 0h24v24H0z\"\/><path class=\"arrow\" d=\"M13.172 12l-4.95-4.95 1.414-1.414L16 12l-6.364 6.364-1.414-1.414z\"\/><\/svg><\/button><div class=\"eedee-gutenslider-pagination\"><\/div><div class=\"gutenslider-divider-bottom \" style=\"color:#fff;\"><\/div><\/div><\/div>\n\n\n<div style=\"height:40px\" aria-hidden=\"true\" class=\"wp-block-spacer\"><\/div>\n\n\n\n<h2 class=\"h2-custom\"><strong>3 PANELES PREFABRICADOS PARA TODO TIPO DE ESTRUCTURAS<\/strong><\/h2>\n\n\n\n<p>Clesi Prefabbricati dise\u00f1a, fabrica y comercializa paneles prefabricados de relleno para la construcci\u00f3n comercial, residencial, industrial y social. Nuestros paneles prefabricados combinan practicidad, rapidez de ejecuci\u00f3n, plazos de instalaci\u00f3n seguros, ausencia de mantenimiento y alto valor est\u00e9tico gracias a las numerosas personalizaciones propuestas al cliente (granulados, matrices, etc.).<\/p>\n\n\n\n<p>Nuestros paneles prefabricados, dependiendo del tipo de estructura a la que se destinen, pueden suministrarse macizos, aligerados, con capa de aislamiento t\u00e9rmico intermedia, en cumplimiento de los requisitos de la Ley 311, que garantiza el cumplimiento de la eficiencia energ\u00e9tica del edificio.<\/p>\n\n\n\n<p>Los paneles de Clesi se fabrican tanto en vertical como en horizontal y pueden combinarse entre s\u00ed para dotar al edificio de una identidad arquitect\u00f3nica precisa. Es posible personalizar el acabado interior y exterior con distintos colores y materiales, en funci\u00f3n de los requisitos arquitect\u00f3nicos y de dise\u00f1o.<\/p>\n\n\n\n<p>Para m\u00e1s informaci\u00f3n, visite la p\u00e1gina de Acabados.<\/p>\n\n\n\n<p><strong>Acabados exteriores<\/strong><br>Nuestros paneles C.A.V.hormig\u00f3n armado-vibrado est\u00e1n disponibles con una amplia gama de acabados exteriores. Para obtener m\u00e1s informaci\u00f3n, visite la p\u00e1gina de acabados de este sitio.<\/p>\n\n\n\n<p><strong>Acabados interiores<\/strong><br>Nuestros paneles C.A.V. hormig\u00f3n armado-vibrado se acaban normalmente con hormig\u00f3n proyectado, sin embargo, bajo pedido pueden acabarse con hormig\u00f3n liso acabado con allanadora.<\/p>\n\n\n\n<p><strong>Resistencia al fuego y aislamiento ac\u00fastico<\/strong><br>Todos nuestros paneles se fabrican con distintas clases de resistencia al fuego en funci\u00f3n del dise\u00f1o del cliente. Los paneles pueden dise\u00f1arse y fabricarse para cumplir requisitos espec\u00edficos de aislamiento ac\u00fastico seg\u00fan el D.P.C.M. 15\/12\/1997 y valores de masa superficial seg\u00fan la normativa vigente.<\/p>\n\n\n\n<div style=\"height:60px\" aria-hidden=\"true\" class=\"wp-block-spacer\"><\/div>\n\n\n\n<h2 class=\"h2-custom\">PANELES PREFABRICADOS V.A.C. hormig\u00f3n armado-vibrado<\/h2>\n\n\n\n<figure class=\"wp-block-image size-large\"><img loading=\"lazy\" width=\"871\" height=\"461\" src=\"https:\/\/www.clesi.it\/wp-content\/uploads\/2019\/03\/pannelli-tamponamento4.png\" alt=\"\" class=\"wp-image-77427\" srcset=\"https:\/\/www.clesi.it\/wp-content\/uploads\/2019\/03\/pannelli-tamponamento4.png 871w, https:\/\/www.clesi.it\/wp-content\/uploads\/2019\/03\/pannelli-tamponamento4-300x159.png 300w, https:\/\/www.clesi.it\/wp-content\/uploads\/2019\/03\/pannelli-tamponamento4-768x406.png 768w\" sizes=\"(max-width: 871px) 100vw, 871px\" \/><\/figure>\n\n\n\n<p>Nuestros paneles pueden utilizarse eficazmente para fabricar:<\/p>\n\n\n\n<ul><li>Rellenos de estructuras prefabricadas de hormig\u00f3n armado y hormig\u00f3n pretensado;<\/li><li>Rellenos para estructuras de carpinter\u00eda met\u00e1lica;<\/li><li>Rellenos para estructuras in situ;<\/li><li>Tabiques o mamparas interiores.<\/li><\/ul>\n\n\n\n<div style=\"height:35px\" aria-hidden=\"true\" class=\"wp-block-spacer\"><\/div>\n\n\n\n<h2 class=\"h2-custom\" id=\"h2-custom\">PANELES ALIGERADOS DE C.A.V. hormig\u00f3n armado-vibrado<\/h2>\n\n\n\n<figure class=\"wp-block-image size-large\"><img loading=\"lazy\" width=\"871\" height=\"461\" src=\"https:\/\/www.clesi.it\/wp-content\/uploads\/2019\/03\/pannelli-tamponamento5.png\" alt=\"\" class=\"wp-image-77429\" srcset=\"https:\/\/www.clesi.it\/wp-content\/uploads\/2019\/03\/pannelli-tamponamento5.png 871w, https:\/\/www.clesi.it\/wp-content\/uploads\/2019\/03\/pannelli-tamponamento5-300x159.png 300w, https:\/\/www.clesi.it\/wp-content\/uploads\/2019\/03\/pannelli-tamponamento5-768x406.png 768w\" sizes=\"(max-width: 871px) 100vw, 871px\" \/><\/figure>\n\n\n\n<p>Clesi dise\u00f1a, fabrica y comercializa paneles prefabricados ligeros de relleno de C.A.V. hormig\u00f3n armado-vibrado. La capa aislante y aligerante est\u00e1 formada por tortas de poliestireno con una densidad de 8\/10 kg.\/m3, una anchura est\u00e1ndar de 2,50 metros y una altura m\u00e1xima de 13,00 metros.<\/p>\n\n\n\n<p>Nuestros paneles pueden utilizarse eficazmente para fabricar:<\/p>\n\n\n\n<ul><li>Rellenos de estructuras prefabricadas de hormig\u00f3n armado y hormig\u00f3n pretensado;<\/li><li>Rellenos para estructuras de carpinter\u00eda met\u00e1lica;<\/li><li>Rellenos para estructuras in situ;<\/li><li>Tabiques o mamparas interiores.<\/li><\/ul>\n\n\n\n<div style=\"height:40px\" aria-hidden=\"true\" class=\"wp-block-spacer\"><\/div>\n\n\n\n<h2 class=\"h2-custom\"><strong>PANELES PREFABRICADOS DE ROTURA DE PUENTE T\u00c9RMICO<\/strong><\/h2>\n\n\n\n<figure class=\"wp-block-image size-large\"><img loading=\"lazy\" width=\"871\" height=\"461\" src=\"https:\/\/www.clesi.it\/wp-content\/uploads\/2019\/03\/pannellitamponamento6.png\" alt=\"\" class=\"wp-image-77430\" srcset=\"https:\/\/www.clesi.it\/wp-content\/uploads\/2019\/03\/pannellitamponamento6.png 871w, https:\/\/www.clesi.it\/wp-content\/uploads\/2019\/03\/pannellitamponamento6-300x159.png 300w, https:\/\/www.clesi.it\/wp-content\/uploads\/2019\/03\/pannellitamponamento6-768x406.png 768w\" sizes=\"(max-width: 871px) 100vw, 871px\" \/><\/figure>\n\n\n\n<p>Clesi dise\u00f1a, fabrica y comercializa paneles prefabricados de relleno C.A.V. hormig\u00f3n armado-vibrado con una capa aislante y aligerante intermedia aptos para alcanzar los l\u00edmites de transmitancia t\u00e9rmica establecidos por el anexo \u00abC\u00bb del D. Legislativo N\u00ba 311\/2006, complementado por el Decreto Presidencial de{j}02 abril 2009 No. 59. Nuestros paneles de rotura de puente t\u00e9rmico se fabrican con una anchura est\u00e1ndar de 2,50 metros, una altura m\u00e1xima de 13,00 metros y espesores adecuados para garantizar los valores de transmitancia establecidos por el decreto n\u00ba 311\/2006.<\/p>\n\n\n\n<p>Nuestros paneles pueden utilizarse eficazmente para fabricar:<\/p>\n\n\n\n<ul><li>Rellenos de estructuras prefabricadas de hormig\u00f3n armado y hormig\u00f3n pretensado;<\/li><li>Rellenos para estructuras de carpinter\u00eda met\u00e1lica;<\/li><li>Rellenos para estructuras in situ;<\/li><li>Tabiques o mamparas interiores.<\/li><\/ul>\n","protected":false},"excerpt":{"rendered":"<p>3 PANELES PREFABRICADOS PARA TODO TIPO DE ESTRUCTURAS Clesi Prefabbricati dise\u00f1a, fabrica y comercializa paneles prefabricados de relleno para la construcci\u00f3n comercial, residencial, industrial y social. Nuestros paneles prefabricados combinan practicidad, rapidez de ejecuci\u00f3n, plazos de instalaci\u00f3n seguros, ausencia de mantenimiento y alto valor est\u00e9tico gracias a las numerosas personalizaciones propuestas al cliente (granulados, matrices, [&hellip;]<\/p>\n","protected":false},"author":1,"featured_media":0,"parent":0,"menu_order":0,"comment_status":"closed","ping_status":"closed","template":"","meta":[],"_links":{"self":[{"href":"https:\/\/www.clesi.it\/es\/wp-json\/wp\/v2\/pages\/79304"}],"collection":[{"href":"https:\/\/www.clesi.it\/es\/wp-json\/wp\/v2\/pages"}],"about":[{"href":"https:\/\/www.clesi.it\/es\/wp-json\/wp\/v2\/types\/page"}],"author":[{"embeddable":true,"href":"https:\/\/www.clesi.it\/es\/wp-json\/wp\/v2\/users\/1"}],"replies":[{"embeddable":true,"href":"https:\/\/www.clesi.it\/es\/wp-json\/wp\/v2\/comments?post=79304"}],"version-history":[{"count":3,"href":"https:\/\/www.clesi.it\/es\/wp-json\/wp\/v2\/pages\/79304\/revisions"}],"predecessor-version":[{"id":80794,"href":"https:\/\/www.clesi.it\/es\/wp-json\/wp\/v2\/pages\/79304\/revisions\/80794"}],"wp:attachment":[{"href":"https:\/\/www.clesi.it\/es\/wp-json\/wp\/v2\/media?parent=79304"}],"curies":[{"name":"wp","href":"https:\/\/api.w.org\/{rel}","templated":true}]}}