{"id":79328,"date":"2015-03-02T04:38:35","date_gmt":"2015-03-02T04:38:35","guid":{"rendered":"https:\/\/www.clesi.it\/services\/"},"modified":"2024-09-20T17:26:28","modified_gmt":"2024-09-20T15:26:28","slug":"services","status":"publish","type":"page","link":"https:\/\/www.clesi.it\/es\/services\/","title":{"rendered":"Servicios"},"content":{"rendered":"<p>[vc_row css=\u00bb.vc_custom_1433566046623{margin-top: 20px !important;}\u00bb][vc_column]<style type=\"text\/css\">a.eg-henryharrison-element-1,a.eg-henryharrison-element-2{-webkit-transition:all .4s linear;   -moz-transition:all .4s linear;   -o-transition:all .4s linear;   -ms-transition:all .4s linear;   transition:all .4s linear}.eg-jimmy-carter-element-11 i:before{margin-left:0px; margin-right:0px}.eg-harding-element-17{letter-spacing:1px}.eg-harding-wrapper .esg-entry-media{overflow:hidden; box-sizing:border-box;   -webkit-box-sizing:border-box;   -moz-box-sizing:border-box;   padding:30px 30px 0px 30px}.eg-harding-wrapper .esg-entry-media img{overflow:hidden; border-radius:50%;   -webkit-border-radius:50%;   -moz-border-radius:50%}.eg-ulysses-s-grant-wrapper .esg-entry-media{overflow:hidden; box-sizing:border-box;   -webkit-box-sizing:border-box;   -moz-box-sizing:border-box;   padding:30px 30px 0px 30px}.eg-ulysses-s-grant-wrapper .esg-entry-media img{overflow:hidden; border-radius:50%;   -webkit-border-radius:50%;   -moz-border-radius:50%}.eg-richard-nixon-wrapper .esg-entry-media{overflow:hidden; box-sizing:border-box;   -webkit-box-sizing:border-box;   -moz-box-sizing:border-box;   padding:30px 30px 0px 30px}.eg-richard-nixon-wrapper .esg-entry-media img{overflow:hidden; border-radius:50%;   -webkit-border-radius:50%;   -moz-border-radius:50%}.eg-herbert-hoover-wrapper .esg-entry-media img{filter:url(\"data:image\/svg+xml;utf8,<svg xmlns='http:\/\/www.w3.org\/2000\/svg'><filter id='grayscale'><feColorMatrix type='matrix' values='0.3333 0.3333 0.3333 0 0 0.3333 0.3333 0.3333 0 0 0.3333 0.3333 0.3333 0 0 0 0 0 1 0'\/><\/filter><\/svg>#grayscale\");   filter:gray;   -webkit-filter:grayscale(100%)}.eg-herbert-hoover-wrapper:hover .esg-entry-media img{filter:url(\"data:image\/svg+xml;utf8,<svg xmlns='http:\/\/www.w3.org\/2000\/svg'><filter id='grayscale'><feColorMatrix type='matrix' values='1 0 0 0 0,0 1 0 0 0,0 0 1 0 0,0 0 0 1 0'\/><\/filter><\/svg>#grayscale\");  -webkit-filter:grayscale(0%)}.eg-lyndon-johnson-wrapper .esg-entry-media img{filter:url(\"data:image\/svg+xml;utf8,<svg xmlns='http:\/\/www.w3.org\/2000\/svg'><filter id='grayscale'><feColorMatrix type='matrix' values='0.3333 0.3333 0.3333 0 0 0.3333 0.3333 0.3333 0 0 0.3333 0.3333 0.3333 0 0 0 0 0 1 0'\/><\/filter><\/svg>#grayscale\");   filter:gray;   -webkit-filter:grayscale(100%)}.eg-lyndon-johnson-wrapper:hover .esg-entry-media img{filter:url(\"data:image\/svg+xml;utf8,<svg xmlns='http:\/\/www.w3.org\/2000\/svg'><filter id='grayscale'><feColorMatrix type='matrix' values='1 0 0 0 0,0 1 0 0 0,0 0 1 0 0,0 0 0 1 0'\/><\/filter><\/svg>#grayscale\");  -webkit-filter:grayscale(0%)}.esg-overlay.eg-ronald-reagan-container{background:-moz-linear-gradient(top,rgba(0,0,0,0) 50%,rgba(0,0,0,0.83) 99%,rgba(0,0,0,0.85) 100%); background:-webkit-gradient(linear,left top,left bottom,color-stop(50%,rgba(0,0,0,0)),color-stop(99%,rgba(0,0,0,0.83)),color-stop(100%,rgba(0,0,0,0.85))); background:-webkit-linear-gradient(top,rgba(0,0,0,0) 50%,rgba(0,0,0,0.83) 99%,rgba(0,0,0,0.85) 100%); background:-o-linear-gradient(top,rgba(0,0,0,0) 50%,rgba(0,0,0,0.83) 99%,rgba(0,0,0,0.85) 100%); background:-ms-linear-gradient(top,rgba(0,0,0,0) 50%,rgba(0,0,0,0.83) 99%,rgba(0,0,0,0.85) 100%); background:linear-gradient(to bottom,rgba(0,0,0,0) 50%,rgba(0,0,0,0.83) 99%,rgba(0,0,0,0.85) 100%); filter:progid:DXImageTransform.Microsoft.gradient( startColorstr='#00000000',endColorstr='#d9000000',GradientType=0 )}.eg-georgebush-wrapper .esg-entry-cover{background:-moz-linear-gradient(top,rgba(0,0,0,0) 50%,rgba(0,0,0,0.83) 99%,rgba(0,0,0,0.85) 100%); background:-webkit-gradient(linear,left top,left bottom,color-stop(50%,rgba(0,0,0,0)),color-stop(99%,rgba(0,0,0,0.83)),color-stop(100%,rgba(0,0,0,0.85))); background:-webkit-linear-gradient(top,rgba(0,0,0,0) 50%,rgba(0,0,0,0.83) 99%,rgba(0,0,0,0.85) 100%); background:-o-linear-gradient(top,rgba(0,0,0,0) 50%,rgba(0,0,0,0.83) 99%,rgba(0,0,0,0.85) 100%); background:-ms-linear-gradient(top,rgba(0,0,0,0) 50%,rgba(0,0,0,0.83) 99%,rgba(0,0,0,0.85) 100%); background:linear-gradient(to bottom,rgba(0,0,0,0) 50%,rgba(0,0,0,0.83) 99%,rgba(0,0,0,0.85) 100%); filter:progid:DXImageTransform.Microsoft.gradient( startColorstr='#00000000',endColorstr='#d9000000',GradientType=0 )}.eg-jefferson-wrapper{-webkit-border-radius:5px !important; -moz-border-radius:5px !important; border-radius:5px !important; -webkit-mask-image:url(data:image\/png;base64,iVBORw0KGgoAAAANSUhEUgAAAAEAAAABCAIAAACQd1PeAAAAGXRFWHRTb2Z0d2FyZQBBZG9iZSBJbWFnZVJlYWR5ccllPAAAAA5JREFUeNpiYGBgAAgwAAAEAAGbA+oJAAAAAElFTkSuQmCC) !important}.eg-monroe-element-1{text-shadow:0px 1px 3px rgba(0,0,0,0.1)}.eg-lyndon-johnson-wrapper .esg-entry-cover{background:-moz-radial-gradient(center,ellipse cover,rgba(0,0,0,0.35) 0%,rgba(18,18,18,0) 96%,rgba(19,19,19,0) 100%); background:-webkit-gradient(radial,center center,0px,center center,100%,color-stop(0%,rgba(0,0,0,0.35)),color-stop(96%,rgba(18,18,18,0)),color-stop(100%,rgba(19,19,19,0))); background:-webkit-radial-gradient(center,ellipse cover,rgba(0,0,0,0.35) 0%,rgba(18,18,18,0) 96%,rgba(19,19,19,0) 100%); background:-o-radial-gradient(center,ellipse cover,rgba(0,0,0,0.35) 0%,rgba(18,18,18,0) 96%,rgba(19,19,19,0) 100%); background:-ms-radial-gradient(center,ellipse cover,rgba(0,0,0,0.35) 0%,rgba(18,18,18,0) 96%,rgba(19,19,19,0) 100%); background:radial-gradient(ellipse at center,rgba(0,0,0,0.35) 0%,rgba(18,18,18,0) 96%,rgba(19,19,19,0) 100%); filter:progid:DXImageTransform.Microsoft.gradient( startColorstr='#59000000',endColorstr='#00131313',GradientType=1 )}.eg-wilbert-wrapper .esg-entry-cover{background:-moz-radial-gradient(center,ellipse cover,rgba(0,0,0,0.35) 0%,rgba(18,18,18,0) 96%,rgba(19,19,19,0) 100%); background:-webkit-gradient(radial,center center,0px,center center,100%,color-stop(0%,rgba(0,0,0,0.35)),color-stop(96%,rgba(18,18,18,0)),color-stop(100%,rgba(19,19,19,0))); background:-webkit-radial-gradient(center,ellipse cover,rgba(0,0,0,0.35) 0%,rgba(18,18,18,0) 96%,rgba(19,19,19,0) 100%); background:-o-radial-gradient(center,ellipse cover,rgba(0,0,0,0.35) 0%,rgba(18,18,18,0) 96%,rgba(19,19,19,0) 100%); background:-ms-radial-gradient(center,ellipse cover,rgba(0,0,0,0.35) 0%,rgba(18,18,18,0) 96%,rgba(19,19,19,0) 100%); background:radial-gradient(ellipse at center,rgba(0,0,0,0.35) 0%,rgba(18,18,18,0) 96%,rgba(19,19,19,0) 100%); filter:progid:DXImageTransform.Microsoft.gradient( startColorstr='#59000000',endColorstr='#00131313',GradientType=1 )}.eg-wilbert-wrapper .esg-entry-media img{-webkit-transition:0.4s ease-in-out;  -moz-transition:0.4s ease-in-out;  -o-transition:0.4s ease-in-out;  transition:0.4s ease-in-out;  filter:url(\"data:image\/svg+xml;utf8,<svg xmlns='http:\/\/www.w3.org\/2000\/svg'><filter id='grayscale'><feColorMatrix type='matrix' values='0.3333 0.3333 0.3333 0 0 0.3333 0.3333 0.3333 0 0 0.3333 0.3333 0.3333 0 0 0 0 0 1 0'\/><\/filter><\/svg>#grayscale\");   filter:gray;   -webkit-filter:grayscale(100%)}.eg-wilbert-wrapper:hover .esg-entry-media img{filter:url(\"data:image\/svg+xml;utf8,<svg xmlns='http:\/\/www.w3.org\/2000\/svg'><filter id='grayscale'><feColorMatrix type='matrix' values='1 0 0 0 0,0 1 0 0 0,0 0 1 0 0,0 0 0 1 0'\/><\/filter><\/svg>#grayscale\");  -webkit-filter:grayscale(0%)}.eg-phillie-element-3:after{content:\" \";width:0px;height:0px;border-style:solid;border-width:5px 5px 0 5px;border-color:#000 transparent transparent transparent;left:50%;margin-left:-5px; bottom:-5px; position:absolute}.eg-howardtaft-wrapper .esg-entry-media img,.eg-howardtaft-wrapper .esg-media-poster{filter:url(\"data:image\/svg+xml;utf8,<svg xmlns='http:\/\/www.w3.org\/2000\/svg'><filter id='grayscale'><feColorMatrix type='matrix' values='1 0 0 0 0,0 1 0 0 0,0 0 1 0 0,0 0 0 1 0'\/><\/filter><\/svg>#grayscale\");  -webkit-filter:grayscale(0%)}.eg-howardtaft-wrapper:hover .esg-entry-media img,.eg-howardtaft-wrapper:hover .esg-media-poster{filter:url(\"data:image\/svg+xml;utf8,<svg xmlns='http:\/\/www.w3.org\/2000\/svg'><filter id='grayscale'><feColorMatrix type='matrix' values='0.3333 0.3333 0.3333 0 0 0.3333 0.3333 0.3333 0 0 0.3333 0.3333 0.3333 0 0 0 0 0 1 0'\/><\/filter><\/svg>#grayscale\");   filter:gray;   -webkit-filter:grayscale(100%)}.myportfolio-container .added_to_cart.wc-forward{font-family:\"Open Sans\"; font-size:13px; color:#fff; margin-top:10px}.esgbox-title.esgbox-title-outside-wrap{font-size:15px; font-weight:700; text-align:center}.esgbox-title.esgbox-title-inside-wrap{padding-bottom:10px; font-size:15px; font-weight:700; text-align:center}.esg-content.eg-twitterstream-element-33-a{display:inline-block}.eg-twitterstream-element-35{word-break:break-all}.esg-overlay.eg-twitterstream-container{background:-moz-linear-gradient(top,rgba(0,0,0,0) 50%,rgba(0,0,0,0.83) 99%,rgba(0,0,0,0.85) 100%); background:-webkit-gradient(linear,left top,left bottom,color-stop(50%,rgba(0,0,0,0)),color-stop(99%,rgba(0,0,0,0.83)),color-stop(100%,rgba(0,0,0,0.85))); background:-webkit-linear-gradient(top,rgba(0,0,0,0) 50%,rgba(0,0,0,0.83) 99%,rgba(0,0,0,0.85) 100%); background:-o-linear-gradient(top,rgba(0,0,0,0) 50%,rgba(0,0,0,0.83) 99%,rgba(0,0,0,0.85) 100%); background:-ms-linear-gradient(top,rgba(0,0,0,0) 50%,rgba(0,0,0,0.83) 99%,rgba(0,0,0,0.85) 100%); background:linear-gradient(to bottom,rgba(0,0,0,0) 50%,rgba(0,0,0,0.83) 99%,rgba(0,0,0,0.85) 100%); filter:progid:DXImageTransform.Microsoft.gradient( startColorstr='#00000000',endColorstr='#d9000000',GradientType=0 )}.esg-content.eg-facebookstream-element-33-a{display:inline-block}.eg-facebookstream-element-0{word-break:break-all}.esg-overlay.eg-flickrstream-container{background:-moz-linear-gradient(top,rgba(0,0,0,0) 50%,rgba(0,0,0,0.83) 99%,rgba(0,0,0,0.85) 100%); background:-webkit-gradient(linear,left top,left bottom,color-stop(50%,rgba(0,0,0,0)),color-stop(99%,rgba(0,0,0,0.83)),color-stop(100%,rgba(0,0,0,0.85))); background:-webkit-linear-gradient(top,rgba(0,0,0,0) 50%,rgba(0,0,0,0.83) 99%,rgba(0,0,0,0.85) 100%); background:-o-linear-gradient(top,rgba(0,0,0,0) 50%,rgba(0,0,0,0.83) 99%,rgba(0,0,0,0.85) 100%); background:-ms-linear-gradient(top,rgba(0,0,0,0) 50%,rgba(0,0,0,0.83) 99%,rgba(0,0,0,0.85) 100%); background:linear-gradient(to bottom,rgba(0,0,0,0) 50%,rgba(0,0,0,0.83) 99%,rgba(0,0,0,0.85) 100%); filter:progid:DXImageTransform.Microsoft.gradient( startColorstr='#00000000',endColorstr='#d9000000',GradientType=0 )}<\/style>\n<!-- CACHE CREATED FOR: 25 -->[\/vc_column][\/vc_row][vc_row][vc_column][vc_progress_bar values=\u00bb%5B%7B%22label%22%3A%22Diseno%22%2C%22value%22%3A%2290%22%2C%22color%22%3A%22bar_red%22%7D%2C%7B%22label%22%3A%22certificacion%22%2C%22value%22%3A%2295%22%2C%22color%22%3A%22bar_green%22%7D%2C%7B%22label%22%3A%22asistencia%22%2C%22value%22%3A%2296%22%2C%22color%22%3A%22bar_orange%22%7D%5D\u00bb][\/vc_column][\/vc_row][vc_row][vc_column][vc_empty_space height=\u00bb50px\u00bb][\/vc_column][\/vc_row][vc_row][vc_column width=\u00bb1\/3&#8243;][vc_column_text css_animation=\u00bbappear\u00bb]Dise\u00f1os arquitect\u00f3nicos personalizados;<br \/>\nC\u00e1lculos est\u00e1ticos y estructurales;<br \/>\nC\u00e1lculos termohigrom\u00e9tricos;[\/vc_column_text][\/vc_column][vc_column width=\u00bb1\/3&#8243;][vc_column_text css_animation=\u00bbappear\u00bb]Controles de calidad de los productos;<br \/>\nCertificaciones espec\u00edficas;<br \/>\nC\u00e1lculos seg\u00fan UNI 9502 sobre la resistencia al fuego;[\/vc_column_text][\/vc_column][vc_column width=\u00bb1\/3&#8243;][vc_column_text css_animation=\u00bbappear\u00bb]Asistencia en la obra;<br \/>\nSuministro e instalaci\u00f3n de todos los componentes t\u00e9cnicos;<br \/>\nPruebas de laboratorio;<br \/>\nC\u00e1lculo del IAE conforme al D. Legislativo 311\/06[\/vc_column_text][\/vc_column][\/vc_row][vc_row][vc_column][vc_column_text]<\/p>\n<p>&nbsp;<\/p>\n<p>[\/vc_column_text][vc_separator][vc_empty_space height=\u00bb50px\u00bb][vc_row_inner el_class=\u00bbalign-center certifications-block\u00bb css=\u00bb.vc_custom_1432893891358{margin-bottom: 50px !important;}\u00bb][vc_column_inner width=\u00bb1\/3&#8243;][vc_column_text]<img loading=\"lazy\" class=\"alignnone size-full wp-image-73970\" src=\"http:\/\/www.clesi.it\/wp-content\/uploads\/2015\/05\/icon01.png\" alt=\"icon01\" width=\"82\" height=\"69\" \/><\/p>\n<h4 style=\"text-align: left;\">VEH\u00cdCULOS<\/h4>\n<p style=\"text-align: left;\">Veh\u00edculos siempre actualizados y perfectamente mantenidos dan la seguridad de un trabajo hecho a la perfecci\u00f3n, pero sobre todo a tiempo con una reducci\u00f3n de imprevistos del m\u00e1s alto nivel.<\/p>\n<p>[\/vc_column_text][\/vc_column_inner][vc_column_inner width=\u00bb1\/3&#8243;][vc_column_text]<img loading=\"lazy\" class=\"alignnone size-full wp-image-73971\" src=\"http:\/\/www.clesi.it\/wp-content\/uploads\/2015\/05\/icon02.png\" alt=\"icon02\" width=\"86\" height=\"69\" \/><\/p>\n<h4 style=\"text-align: left;\">SEGURIDAD<\/h4>\n<p style=\"text-align: left;\">La seguridad en las obras es una de nuestras prerrogativas, nuestros equipos est\u00e1n siempre perfectamente equipados y trabajan dentro de los par\u00e1metros legales m\u00e1s estrictos, protegiendo as\u00ed a nuestro personal y a nuestros clientes.<\/p>\n<p>[\/vc_column_text][\/vc_column_inner][vc_column_inner width=\u00bb1\/3&#8243;][vc_column_text]<img loading=\"lazy\" class=\"alignnone size-full wp-image-73972\" src=\"http:\/\/www.clesi.it\/wp-content\/uploads\/2015\/05\/icon03.png\" alt=\"icon03\" width=\"67\" height=\"69\" \/><\/p>\n<h4 style=\"text-align: left;\">SOSTENIBILIDAD<\/h4>\n<p style=\"text-align: left;\">Operar en un r\u00e9gimen sostenible es uno de nuestros nuevos objetivos, nos esforzamos por lograr resultados cada vez mejores en t\u00e9rminos de impacto ambiental, empezando por la optimizaci\u00f3n del flujo de trabajo hasta la elecci\u00f3n de materiales de bajo impacto.<\/p>\n<p>[\/vc_column_text][\/vc_column_inner][\/vc_row_inner][\/vc_column][\/vc_row][vc_row][vc_column][vc_custom_heading text=\u00bbCERTIFICACIONES\u00bb font_container=\u00bbtag:h1|text_align:left|color:%23954739|line_height:heading-title-3&#8243; el_class=\u00bbheading-title-3&#8243;][vc_custom_heading text=\u00bbNuestros productos se fabrican, califican y certifican de acuerdo con el Reglamento n\u00ba 305\/2011.<br \/>\nLa certificaci\u00f3n CE de tipo del producto de construcci\u00f3n certifica su conformidad con las prestaciones declaradas en relaci\u00f3n con el cumplimiento de los requisitos esenciales:\u00bb font_container=\u00bbtag:h3|text_align:left|line_height:heading-title-3&#8243;][vc_empty_space el_class=\u00bbheading-title-3&#8243;][\/vc_column][\/vc_row]<\/p>\n","protected":false},"excerpt":{"rendered":"<p>[vc_row css=\u00bb.vc_custom_1433566046623{margin-top: 20px !important;}\u00bb][vc_column][\/vc_column][\/vc_row][vc_row][vc_column][vc_progress_bar values=\u00bb%5B%7B%22label%22%3A%22Diseno%22%2C%22value%22%3A%2290%22%2C%22color%22%3A%22bar_red%22%7D%2C%7B%22label%22%3A%22certificacion%22%2C%22value%22%3A%2295%22%2C%22color%22%3A%22bar_green%22%7D%2C%7B%22label%22%3A%22asistencia%22%2C%22value%22%3A%2296%22%2C%22color%22%3A%22bar_orange%22%7D%5D\u00bb][\/vc_column][\/vc_row][vc_row][vc_column][vc_empty_space height=\u00bb50px\u00bb][\/vc_column][\/vc_row][vc_row][vc_column width=\u00bb1\/3&#8243;][vc_column_text css_animation=\u00bbappear\u00bb]Dise\u00f1os arquitect\u00f3nicos personalizados; C\u00e1lculos est\u00e1ticos y estructurales; C\u00e1lculos termohigrom\u00e9tricos;[\/vc_column_text][\/vc_column][vc_column width=\u00bb1\/3&#8243;][vc_column_text css_animation=\u00bbappear\u00bb]Controles de calidad de los productos; Certificaciones espec\u00edficas; C\u00e1lculos seg\u00fan UNI 9502 sobre la resistencia al fuego;[\/vc_column_text][\/vc_column][vc_column width=\u00bb1\/3&#8243;][vc_column_text css_animation=\u00bbappear\u00bb]Asistencia en la obra; Suministro e instalaci\u00f3n de todos los componentes t\u00e9cnicos; Pruebas de laboratorio; C\u00e1lculo del IAE conforme al [&hellip;]<\/p>\n","protected":false},"author":1,"featured_media":0,"parent":0,"menu_order":0,"comment_status":"closed","ping_status":"closed","template":"","meta":[],"_links":{"self":[{"href":"https:\/\/www.clesi.it\/es\/wp-json\/wp\/v2\/pages\/79328"}],"collection":[{"href":"https:\/\/www.clesi.it\/es\/wp-json\/wp\/v2\/pages"}],"about":[{"href":"https:\/\/www.clesi.it\/es\/wp-json\/wp\/v2\/types\/page"}],"author":[{"embeddable":true,"href":"https:\/\/www.clesi.it\/es\/wp-json\/wp\/v2\/users\/1"}],"replies":[{"embeddable":true,"href":"https:\/\/www.clesi.it\/es\/wp-json\/wp\/v2\/comments?post=79328"}],"version-history":[{"count":2,"href":"https:\/\/www.clesi.it\/es\/wp-json\/wp\/v2\/pages\/79328\/revisions"}],"predecessor-version":[{"id":79331,"href":"https:\/\/www.clesi.it\/es\/wp-json\/wp\/v2\/pages\/79328\/revisions\/79331"}],"wp:attachment":[{"href":"https:\/\/www.clesi.it\/es\/wp-json\/wp\/v2\/media?parent=79328"}],"curies":[{"name":"wp","href":"https:\/\/api.w.org\/{rel}","templated":true}]}}