{"id":79457,"date":"2017-04-08T03:19:25","date_gmt":"2017-04-08T01:19:25","guid":{"rendered":"https:\/\/www.clesi.it\/contact\/lavora-con-noi\/"},"modified":"2024-10-25T12:11:26","modified_gmt":"2024-10-25T10:11:26","slug":"lavora-con-noi","status":"publish","type":"page","link":"https:\/\/www.clesi.it\/es\/contact\/lavora-con-noi\/","title":{"rendered":"Trabaje con nosotros"},"content":{"rendered":"<p>[vc_row][vc_column][vc_empty_space height=\u00bb30&#8243;][\/vc_column][\/vc_row][vc_row][vc_column width=\u00bb1\/2&#8243;][vc_custom_heading text=\u00bbPUESTOS VACANTES\u00bb font_container=\u00bbtag:h2|font_size:20|text_align:left\u00bb el_class=\u00bbheading-title-3&#8243;][vc_tta_accordion style=\u00bbflat\u00bb c_icon=\u00bbtriangle\u00bb active_section=\u00bb6&#8243;][vc_tta_section i_icon_fontawesome=\u00bb\u00bb add_icon=\u00bbtrue\u00bb title=\u00bbIngeniero de Caminos, Canales y Puertos\u00bb tab_id=\u00bb1635243173211-9976935e-7b93c2c4-d947&#8243;][vc_column_text]El candidato ideal debe ser licenciado en ingenier\u00eda civil con un m\u00e1ster, preferiblemente centrado en estructuras.<\/p>\n<p>La figura ser\u00e1 responsable de:<\/p>\n<ul>\n<li>dise\u00f1o de estructuras prefabricadas.<\/li>\n<\/ul>\n<p>Conocimientos necesarios:<\/p>\n<ul>\n<li>Software de c\u00e1lculo;<\/li>\n<li>AutoCAD<\/li>\n<li>Paquete Office.<\/li>\n<\/ul>\n<p>Los interesados pueden enviar su CV detallado a: <a href=\"mailto:risorseumane@clesi.it\">risorseumane@clesi.it<\/a>[\/vc_column_text][\/vc_tta_section][vc_tta_section i_icon_fontawesome=\u00bb\u00bb add_icon=\u00bbtrue\u00bb title=\u00bbAparejador\u00bb tab_id=\u00bb1635243439594-3a9acb28-d91fc2c4-d947&#8243;][vc_column_text]El candidato ideal debe tener un t\u00edtulo de Aparejador.<\/p>\n<p>La figura ser\u00e1 responsable de:<\/p>\n<p>redacci\u00f3n de planos de estructuras prefabricadas.<\/p>\n<p>Conocimientos necesarios:<\/p>\n<ul>\n<li>AutoCAD<\/li>\n<li>Paquete Office.<\/li>\n<\/ul>\n<p>[\/vc_column_text][\/vc_tta_section][vc_tta_section title=\u00bbAgente de ventas como agente \u00fanico\u00bb tab_id=\u00bb1635243047032-838b5345-5e6ac2c4-d947&#8243;][vc_column_text]El candidato ideal es un agente comercial con experiencia consolidada en ventas y, preferiblemente, que ya trabaje en el sector de referencia, a saber, la prefabricaci\u00f3n de sistemas y estructuras de construcci\u00f3n industrializados.<\/p>\n<p>La b\u00fasqueda se dirige a ambos sexos y sobre todo a personas motivadas por las ventas y capaces de trabajar por objetivos, con capacidad aut\u00f3noma para organizar su jornada laboral, con aptitudes comerciales, interpersonales y de negociaci\u00f3n, excelentes capacidades de comunicaci\u00f3n y organizaci\u00f3n, determinaci\u00f3n y resiliencia.<\/p>\n<p>Pedimos un n\u00famero de IVA, el registro en la C\u00e1mara de Comercio, el registro Enasarco o, en cualquier caso, la voluntad de abrir uno (si el origen es la venta por cuenta ajena).<\/p>\n<p>Como \u00faltimo recurso, tambi\u00e9n se evaluar\u00e1n los agentes multigesti\u00f3n con experiencia en productos relevantes para el sector, pero no competidores, como los accesorios industriales, el cemento, la chapa, etc.<\/p>\n<p>Se ofrece:<\/p>\n<p>Contrato de agente \u00fanico;<\/p>\n<ul>\n<li>Exclusividad de territorio con coordinaci\u00f3n direccional;<\/li>\n<li>Comisiones e incentivos;<\/li>\n<li>Oportunidades concretas de crecimiento.<\/li>\n<li>Posibles beneficios.<\/li>\n<\/ul>\n<p>Los interesados pueden enviar su CV detallado a: <a href=\"mailto:risorseumane@clesi.it\">risorseumane@clesi.it<\/a>[\/vc_column_text][\/vc_tta_section][vc_tta_section title=\u00bbDelineante para la oficina de presupuestos\u00bb tab_id=\u00bb1635243047163-56e16959-c4cbc2c4-d947&#8243;][vc_column_text]El candidato ideal deber\u00e1 ser aut\u00f3nomo en la elaboraci\u00f3n de los planos t\u00e9cnicos para los preliminares de estructura requeridos, y apoyar\u00e1 al responsable de la oficina de presupuestos.<\/p>\n<p>Tendr\u00e1 que elaborar ofertas con los planos correspondientes, interconect\u00e1ndose con los responsables t\u00e9cnicos para el an\u00e1lisis de costes y criticidad.<\/p>\n<p>Se requiere experiencia previa en el puesto de al menos un par de a\u00f1os o experiencia equivalente en contabilidad de obras.<\/p>\n<p>La b\u00fasqueda se dirige a ambos sexos y, sobre todo, a personas motivadas y capaces de trabajar por objetivos,<\/p>\n<p>Se ofrece:<\/p>\n<ul>\n<li>Contrato de suministro con posibilidad de ingreso directo en la empresa.<\/li>\n<\/ul>\n<p>Contrato de trabajo:<\/p>\n<ul>\n<li>Jornada completa, de Duraci\u00f3n determinada<\/li>\n<li>Es necesario:<\/li>\n<li>Disponibilidad inmediata.<\/li>\n<li>Excelentes conocimientos de dibujo en Autocad:\u00a03 a\u00f1os (obligatorio)<\/li>\n<li>Disposici\u00f3n para trabajar en equipo.<\/li>\n<li>T\u00edtulo de bachillerato o estudios equivalentes (obligatorio)<\/li>\n<\/ul>\n<p>Los interesados pueden enviar su CV detallado a: <a href=\"mailto:risorseumane@clesi.it\">risorseumane@clesi.it<\/a>[\/vc_column_text][\/vc_tta_section][\/vc_tta_accordion][\/vc_column][vc_column width=\u00bb1\/2&#8243;][vc_custom_heading text=\u00bbENVIAR LA SOLICITUD\u00bb font_container=\u00bbtag:h2|font_size:20|text_align:left\u00bb el_class=\u00bbheading-title-3&#8243;][vc_column_text]Rellene el formulario, elija el puesto que desea ocupar y adjunte su CV.[\/vc_column_text][vc_empty_space height=\u00bb30&#8243;]\n<div class=\"wpcf7 no-js\" id=\"wpcf7-f79464-o1\" lang=\"es-ES\" dir=\"ltr\">\n<div class=\"screen-reader-response\"><p role=\"status\" aria-live=\"polite\" aria-atomic=\"true\"><\/p> <ul><\/ul><\/div>\n<form action=\"\/es\/wp-json\/wp\/v2\/pages\/79457#wpcf7-f79464-o1\" method=\"post\" class=\"wpcf7-form init\" aria-label=\"Formulario de contacto\" enctype=\"multipart\/form-data\" novalidate=\"novalidate\" data-status=\"init\">\n<div style=\"display: none;\">\n<input type=\"hidden\" name=\"_wpcf7\" value=\"79464\" \/>\n<input type=\"hidden\" name=\"_wpcf7_version\" value=\"5.7.7\" \/>\n<input type=\"hidden\" name=\"_wpcf7_locale\" value=\"es_ES\" \/>\n<input type=\"hidden\" name=\"_wpcf7_unit_tag\" value=\"wpcf7-f79464-o1\" \/>\n<input type=\"hidden\" name=\"_wpcf7_container_post\" value=\"0\" \/>\n<input type=\"hidden\" name=\"_wpcf7_posted_data_hash\" value=\"\" \/>\n<input type=\"hidden\" name=\"_wpcf7dtx_version\" value=\"5.0.5\" \/>\n<input type=\"hidden\" name=\"_wpcf7_recaptcha_response\" value=\"\" \/>\n<\/div>\n<p><label> Nombre*<br \/>\n<span class=\"wpcf7-form-control-wrap\" data-name=\"your-name\"><input size=\"40\" class=\"wpcf7-form-control wpcf7-text wpcf7-validates-as-required\" aria-required=\"true\" aria-invalid=\"false\" value=\"\" type=\"text\" name=\"your-name\" \/><\/span> <\/label>\n<\/p>\n<p><label> Correo electr\u00f3nico*<br \/>\n<span class=\"wpcf7-form-control-wrap\" data-name=\"your-email\"><input size=\"40\" class=\"wpcf7-form-control wpcf7-text wpcf7-email wpcf7-validates-as-required wpcf7-validates-as-email\" aria-required=\"true\" aria-invalid=\"false\" value=\"\" type=\"email\" name=\"your-email\" \/><\/span> <\/label>\n<\/p>\n<p><label> Puesto*<br \/>\n<span class=\"wpcf7-form-control-wrap\" data-name=\"position\"><select class=\"wpcf7-form-control wpcf7-select wpcf7-validates-as-required\" aria-required=\"true\" aria-invalid=\"false\" name=\"position\"><option value=\"\">&#8212;Por favor, elige una opci\u00f3n&#8212;<\/option><option value=\"Ingeniero Civil\">Ingeniero Civil<\/option><option value=\"Aparejador\">Aparejador<\/option><option value=\"Agente Comercial\">Agente Comercial<\/option><option value=\"Delineante\">Delineante<\/option><\/select><\/span><\/label>\n<\/p>\n<p><label> Breve presentaci\u00f3n<br \/>\n<span class=\"wpcf7-form-control-wrap\" data-name=\"your-message\"><textarea cols=\"40\" rows=\"10\" class=\"wpcf7-form-control wpcf7-textarea wpcf7-validates-as-required\" aria-required=\"true\" aria-invalid=\"false\" name=\"your-message\"><\/textarea><\/span> <\/label>\n<\/p>\n<p><label> Adjuntar CV<br \/>\n<span class=\"wpcf7-form-control-wrap\" data-name=\"allegato\"><input size=\"40\" class=\"wpcf7-form-control wpcf7-file wpcf7-validates-as-required\" accept=\"audio\/*,video\/*,image\/*\" aria-required=\"true\" aria-invalid=\"false\" type=\"file\" name=\"allegato\" \/><\/span><\/label>\n<\/p>\n<p><input class=\"wpcf7-form-control has-spinner wpcf7-submit\" type=\"submit\" value=\"ENVIAR SOLICITUD\" \/>\n<\/p>\n<input class=\"wpcf7-form-control wpcf7-hidden\" value=\"\" type=\"hidden\" name=\"utm_campaign\" \/>\n<input class=\"wpcf7-form-control wpcf7-hidden\" value=\"\" type=\"hidden\" name=\"utm_medium\" \/>\n<input class=\"wpcf7-form-control wpcf7-hidden\" value=\"\" type=\"hidden\" name=\"u_focus\" \/>\n<input class=\"wpcf7-form-control wpcf7-hidden\" value=\"\" type=\"hidden\" name=\"utm_source\" \/>\n<input class=\"wpcf7-form-control wpcf7-hidden\" value=\"\" type=\"hidden\" name=\"u_net\" \/>\n<input class=\"wpcf7-form-control wpcf7-hidden\" value=\"\" type=\"hidden\" name=\"u_dev\" \/>\n<input class=\"wpcf7-form-control wpcf7-hidden\" value=\"\" type=\"hidden\" name=\"u_devm\" \/>\n<input class=\"wpcf7-form-control wpcf7-hidden\" value=\"\" type=\"hidden\" name=\"u_cid\" \/>\n<input class=\"wpcf7-form-control wpcf7-hidden\" value=\"\" type=\"hidden\" name=\"u_agid\" \/>\n<input class=\"wpcf7-form-control wpcf7-hidden\" value=\"\" type=\"hidden\" name=\"u_creative\" \/>\n<input class=\"wpcf7-form-control wpcf7-hidden\" value=\"\" type=\"hidden\" name=\"u_adp\" \/>\n<input class=\"wpcf7-form-control wpcf7-hidden\" value=\"\" type=\"hidden\" name=\"u_eid\" \/>\n<input class=\"wpcf7-form-control wpcf7-hidden\" value=\"\" type=\"hidden\" name=\"u_placement\" \/>\n<input class=\"wpcf7-form-control wpcf7-hidden\" value=\"\" type=\"hidden\" name=\"u_loci\" \/>\n<input class=\"wpcf7-form-control wpcf7-hidden\" value=\"\" type=\"hidden\" name=\"u_locp\" \/>\n<input class=\"wpcf7-form-control wpcf7-hidden\" value=\"\" type=\"hidden\" name=\"u_matchtype\" \/>\n<input class=\"wpcf7-form-control wpcf7-hidden\" value=\"\" type=\"hidden\" name=\"utm_term\" \/>\n<input class=\"wpcf7-form-control wpcf7-hidden\" value=\"\" type=\"hidden\" name=\"gclid\" \/><input type='hidden' class='wpcf7-pum' value='{\"closepopup\":false,\"closedelay\":0,\"openpopup\":false,\"openpopup_id\":0}' \/><div class=\"wpcf7-response-output\" aria-hidden=\"true\"><\/div>\n<\/form>\n<\/div>\n[\/vc_column][\/vc_row][vc_row][vc_column width=\u00bb2\/3&#8243;][\/vc_column][vc_column width=\u00bb1\/3&#8243;][\/vc_column][\/vc_row][vc_row][vc_column][vc_empty_space][\/vc_column][\/vc_row]<\/p>\n","protected":false},"excerpt":{"rendered":"<p>[vc_row][vc_column][vc_empty_space height=\u00bb30&#8243;][\/vc_column][\/vc_row][vc_row][vc_column width=\u00bb1\/2&#8243;][vc_custom_heading text=\u00bbPUESTOS VACANTES\u00bb font_container=\u00bbtag:h2|font_size:20|text_align:left\u00bb el_class=\u00bbheading-title-3&#8243;][vc_tta_accordion style=\u00bbflat\u00bb c_icon=\u00bbtriangle\u00bb active_section=\u00bb6&#8243;][vc_tta_section i_icon_fontawesome=\u00bb\u00bb add_icon=\u00bbtrue\u00bb title=\u00bbIngeniero de Caminos, Canales y Puertos\u00bb tab_id=\u00bb1635243173211-9976935e-7b93c2c4-d947&#8243;][vc_column_text]El candidato ideal debe ser licenciado en ingenier\u00eda civil con un m\u00e1ster, preferiblemente centrado en estructuras. La figura ser\u00e1 responsable de: dise\u00f1o de estructuras prefabricadas. Conocimientos necesarios: Software de c\u00e1lculo; AutoCAD Paquete Office. Los interesados pueden enviar [&hellip;]<\/p>\n","protected":false},"author":1,"featured_media":0,"parent":79350,"menu_order":0,"comment_status":"closed","ping_status":"closed","template":"","meta":[],"_links":{"self":[{"href":"https:\/\/www.clesi.it\/es\/wp-json\/wp\/v2\/pages\/79457"}],"collection":[{"href":"https:\/\/www.clesi.it\/es\/wp-json\/wp\/v2\/pages"}],"about":[{"href":"https:\/\/www.clesi.it\/es\/wp-json\/wp\/v2\/types\/page"}],"author":[{"embeddable":true,"href":"https:\/\/www.clesi.it\/es\/wp-json\/wp\/v2\/users\/1"}],"replies":[{"embeddable":true,"href":"https:\/\/www.clesi.it\/es\/wp-json\/wp\/v2\/comments?post=79457"}],"version-history":[{"count":2,"href":"https:\/\/www.clesi.it\/es\/wp-json\/wp\/v2\/pages\/79457\/revisions"}],"predecessor-version":[{"id":79459,"href":"https:\/\/www.clesi.it\/es\/wp-json\/wp\/v2\/pages\/79457\/revisions\/79459"}],"up":[{"embeddable":true,"href":"https:\/\/www.clesi.it\/es\/wp-json\/wp\/v2\/pages\/79350"}],"wp:attachment":[{"href":"https:\/\/www.clesi.it\/es\/wp-json\/wp\/v2\/media?parent=79457"}],"curies":[{"name":"wp","href":"https:\/\/api.w.org\/{rel}","templated":true}]}}