{"id":78636,"date":"2017-01-15T14:54:07","date_gmt":"2017-01-15T13:54:07","guid":{"rendered":"https:\/\/www.clesi.it\/profile\/"},"modified":"2024-09-16T11:58:46","modified_gmt":"2024-09-16T09:58:46","slug":"profile","status":"publish","type":"page","link":"https:\/\/www.clesi.it\/fr\/profile\/","title":{"rendered":"Profil"},"content":{"rendered":"<p>[vc_row][vc_column width=\u00a0\u00bb1\/3&Prime;][vc_widget_sidebar sidebar_id=\u00a0\u00bbsidebar\u00a0\u00bb][\/vc_column][vc_column width=\u00a0\u00bb1\/3&Prime;][vc_custom_heading text=\u00a0\u00bbProfil\u00a0\u00bb el_class=\u00a0\u00bbheading-title-3&Prime;][vc_column_text css_animation=\u00a0\u00bbbottom-to-top\u00a0\u00bb]<\/p>\n<p class=\"p1\"><img loading=\"lazy\" class=\"alignnone wp-image-75414 size-full\" src=\"https:\/\/www.clesi.it\/wp-content\/uploads\/2017\/01\/citta-del-futuro.jpg\" alt=\"citta del futuro\" width=\"408\" height=\"272\" srcset=\"https:\/\/www.clesi.it\/wp-content\/uploads\/2017\/01\/citta-del-futuro.jpg 408w, https:\/\/www.clesi.it\/wp-content\/uploads\/2017\/01\/citta-del-futuro-300x200.jpg 300w\" sizes=\"(max-width: 408px) 100vw, 408px\" \/><\/p>\n<p>Clesi est un leader dans le secteur des pr\u00e9fabriqu\u00e9s en b\u00e9ton arm\u00e9 pour la construction industrielle, commerciale, civile et logistique, gr\u00e2ce \u00e0 une histoire entrepreneuriale qui a commenc\u00e9 en 1959. Avec une surface de production de 50 000 m\u00e8tres carr\u00e9s, dont 20 000 couverts, et des technologies avanc\u00e9es, elle figure parmi les entreprises les plus dynamiques et comp\u00e9titives du secteur en Italie.<\/p>\n<p>Le savoir-faire, d\u00e9velopp\u00e9 au fil des ans, lui a permis de r\u00e9aliser plus de 8,5 millions de m\u00e8tres carr\u00e9s de structures pr\u00e9fabriqu\u00e9es et de lancer sur le march\u00e9 des syst\u00e8mes de construction \u00e0 l&rsquo;avant-garde en termes de ductilit\u00e9 d&rsquo;application, de s\u00e9curit\u00e9 et d&rsquo;esth\u00e9tisme. Clesi propose des solutions qui allient \u00e9l\u00e9gance esth\u00e9tique, fonctionnalit\u00e9, co\u00fbts fiables et respect de l&rsquo;environnement.\u00a0De nombreuses solutions de Clesi sont couvertes par des brevets, ce qui place l&rsquo;entreprise parmi les plus dynamiques et les plus d\u00e9termin\u00e9es en termes d&rsquo;investissement dans la recherche et le d\u00e9veloppement.[\/vc_column_text][vc_empty_space][vc_custom_heading text=\u00a0\u00bbMission\u00a0\u00bb el_class=\u00a0\u00bbheading-title-3&Prime;][vc_column_text css_animation=\u00a0\u00bbbottom-to-top\u00a0\u00bb]<img loading=\"lazy\" class=\"alignnone wp-image-76745 size-full\" src=\"https:\/\/www.clesi.it\/wp-content\/uploads\/2021\/12\/clesi-trasp-eccezionale.jpg\" alt=\"\" width=\"408\" height=\"263\" srcset=\"https:\/\/www.clesi.it\/wp-content\/uploads\/2021\/12\/clesi-trasp-eccezionale.jpg 408w, https:\/\/www.clesi.it\/wp-content\/uploads\/2021\/12\/clesi-trasp-eccezionale-300x193.jpg 300w\" sizes=\"(max-width: 408px) 100vw, 408px\" \/><\/p>\n<p>La mission de Clesi Prefabbricati est la satisfaction du client, \u00e0 qui elle offre des conseils de conception sp\u00e9cifiques, une s\u00e9lection attentive des produits et une gestion efficace du chantier.<\/p>\n<p>Clesi valorise les ressources humaines et promeut le d\u00e9veloppement de logiciels techniques et de gestion hautement qualifi\u00e9s qui favorisent l&rsquo;optimisation des processus de production, l&rsquo;\u00e9volution des syst\u00e8mes m\u00e9caniques et \u00e9lectroniques pour la production, le test et l&rsquo;assemblage pr\u00e9cis des produits.[\/vc_column_text][\/vc_column][vc_column width=\u00a0\u00bb1\/3&Prime;][vc_custom_heading text=\u00a0\u00bbO\u00d9 ON VA\u00a0\u00bb el_class=\u00a0\u00bbheading-title-3&Prime;][vc_column_text css_animation=\u00a0\u00bbbottom-to-top\u00a0\u00bb]<\/p>\n<p class=\"p1\"><img loading=\"lazy\" class=\"alignnone wp-image-74933 size-full\" src=\"https:\/\/www.clesi.it\/wp-content\/uploads\/2017\/01\/doveandiamo.jpg\" alt=\"doveandiamo\" width=\"408\" height=\"272\" srcset=\"https:\/\/www.clesi.it\/wp-content\/uploads\/2017\/01\/doveandiamo.jpg 408w, https:\/\/www.clesi.it\/wp-content\/uploads\/2017\/01\/doveandiamo-300x200.jpg 300w\" sizes=\"(max-width: 408px) 100vw, 408px\" \/><\/p>\n<p>Nous nous orientons vers la construction de structures ayant un faible impact sur l&rsquo;environnement et en totale harmonie avec les r\u00e9glementations paysag\u00e8res.\u00a0C&rsquo;est pourquoi nous menons une s\u00e9rie d&rsquo;activit\u00e9s visant \u00e0 satisfaire pleinement nos clients sans nuire \u00e0 l&rsquo;environnement.<\/p>\n<p>Nous sommes fiers de proposer des produits innovants et nous nous engageons \u00e0 prot\u00e9ger quotidiennement nos produits tout au long de leur cycle de vie. Notre travail est le r\u00e9sultat d&rsquo;une attention minutieuse et r\u00e9fl\u00e9chie \u00e0 chaque d\u00e9tail : de la gestion \u00e0 la conception, en passant par les processus de production, les lieux de travail, les communaut\u00e9s \u00e9cologiques et les produits.\u00a0Notre politique de gestion \u00e9cologique soutient et encourage la pr\u00e9servation d&rsquo;environnements plus verts et plus sains.<\/p>\n<p>En effet, notre objectif principal est de veiller \u00e0 ce que toutes nos activit\u00e9s n&rsquo;affectent en rien notre environnement. L&rsquo;engagement de Clesi dans la sph\u00e8re sociale englobe de nombreux domaines de la vie quotidienne : aide sociale, culture et arts, b\u00e9n\u00e9volat, formation universitaire et \u00e9ducation, protection de l&rsquo;environnement et des travailleurs.\u00a0Cette contribution active vise \u00e0 am\u00e9liorer la soci\u00e9t\u00e9, ce qui est une constante parmi les valeurs de Clesi Prefabbricati.[\/vc_column_text][vc_empty_space][vc_custom_heading text=\u00a0\u00bbVision\u00a0\u00bb el_class=\u00a0\u00bbheading-title-3&Prime;][vc_column_text css_animation=\u00a0\u00bbbottom-to-top\u00a0\u00bb]<\/p>\n<p class=\"p1\"><img loading=\"lazy\" class=\"alignnone wp-image-75424 size-full\" src=\"https:\/\/www.clesi.it\/wp-content\/uploads\/2017\/01\/grunight-1.jpg\" alt=\"grunight\" width=\"408\" height=\"272\" srcset=\"https:\/\/www.clesi.it\/wp-content\/uploads\/2017\/01\/grunight-1.jpg 408w, https:\/\/www.clesi.it\/wp-content\/uploads\/2017\/01\/grunight-1-300x200.jpg 300w\" sizes=\"(max-width: 408px) 100vw, 408px\" \/><\/p>\n<p>Dans la phase de production, Clesi fait appel \u00e0 du personnel sp\u00e9cialis\u00e9 qui travaille avec les technologies les plus r\u00e9centes dans des cycles de production automatis\u00e9s.\u00a0Elle dispose \u00e9galement de laboratoires qui garantissent la qualit\u00e9 des mat\u00e9riaux et la performance de chaque artefact.<\/p>\n<p>L&rsquo;engagement primordial de Clesi a toujours \u00e9t\u00e9 d&rsquo;assurer une livraison dans les d\u00e9lais et dans le respect du budget, avec une s\u00e9curit\u00e9 op\u00e9rationnelle totale.\u00a0En t\u00e9moignent les nombreuses certifications obtenues, mais surtout la confiance et la cr\u00e9dibilit\u00e9 reconnues par nos clients.[\/vc_column_text][\/vc_column][\/vc_row][vc_row][vc_column][vc_column_text]<\/p>\n<p>&nbsp;<\/p>\n<p>[\/vc_column_text][\/vc_column][\/vc_row]<\/p>\n","protected":false},"excerpt":{"rendered":"<p>[vc_row][vc_column width=\u00a0\u00bb1\/3&Prime;][vc_widget_sidebar sidebar_id=\u00a0\u00bbsidebar\u00a0\u00bb][\/vc_column][vc_column width=\u00a0\u00bb1\/3&Prime;][vc_custom_heading text=\u00a0\u00bbProfil\u00a0\u00bb el_class=\u00a0\u00bbheading-title-3&Prime;][vc_column_text css_animation=\u00a0\u00bbbottom-to-top\u00a0\u00bb] Clesi est un leader dans le secteur des pr\u00e9fabriqu\u00e9s en b\u00e9ton arm\u00e9 pour la construction industrielle, commerciale, civile et logistique, gr\u00e2ce \u00e0 une histoire entrepreneuriale qui a commenc\u00e9 en 1959. Avec une surface de production de 50 000 m\u00e8tres carr\u00e9s, dont 20 000 couverts, et des technologies avanc\u00e9es, [&hellip;]<\/p>\n","protected":false},"author":1,"featured_media":0,"parent":0,"menu_order":0,"comment_status":"closed","ping_status":"closed","template":"","meta":[],"_links":{"self":[{"href":"https:\/\/www.clesi.it\/fr\/wp-json\/wp\/v2\/pages\/78636"}],"collection":[{"href":"https:\/\/www.clesi.it\/fr\/wp-json\/wp\/v2\/pages"}],"about":[{"href":"https:\/\/www.clesi.it\/fr\/wp-json\/wp\/v2\/types\/page"}],"author":[{"embeddable":true,"href":"https:\/\/www.clesi.it\/fr\/wp-json\/wp\/v2\/users\/1"}],"replies":[{"embeddable":true,"href":"https:\/\/www.clesi.it\/fr\/wp-json\/wp\/v2\/comments?post=78636"}],"version-history":[{"count":2,"href":"https:\/\/www.clesi.it\/fr\/wp-json\/wp\/v2\/pages\/78636\/revisions"}],"predecessor-version":[{"id":78639,"href":"https:\/\/www.clesi.it\/fr\/wp-json\/wp\/v2\/pages\/78636\/revisions\/78639"}],"wp:attachment":[{"href":"https:\/\/www.clesi.it\/fr\/wp-json\/wp\/v2\/media?parent=78636"}],"curies":[{"name":"wp","href":"https:\/\/api.w.org\/{rel}","templated":true}]}}