{"id":78780,"date":"2017-01-19T23:43:06","date_gmt":"2017-01-19T22:43:06","guid":{"rendered":"https:\/\/www.clesi.it\/themelio\/"},"modified":"2024-11-19T15:40:34","modified_gmt":"2024-11-19T14:40:34","slug":"themelio","status":"publish","type":"page","link":"https:\/\/www.clesi.it\/fr\/fondazione-prefabbricata\/themelio\/","title":{"rendered":"Themelio"},"content":{"rendered":"\n<blockquote class=\"wp-block-quote\"><p>la premi\u00e8re et SEULE Fondation enti\u00e8rement pr\u00e9fabriqu\u00e9e en b\u00e9ton arm\u00e9 pr\u00e9contraint ou en b\u00e9ton arm\u00e9 vibr\u00e9.<\/p><\/blockquote>\n\n\n\n<div style=\"height:40px\" aria-hidden=\"true\" class=\"wp-block-spacer\"><\/div>\n\n\n<div id=\"gutenslider-phpya3toh\" class=\"wp-block-eedee-block-gutenslider gs-frontend content-change alignnone adaptive-height adaptive-height-md adaptive-height-sm arrow-style-1 arrow-position-sides arrow-mb-none arrows-lg arrows-md arrows-sm dot-style-1 dots-lg-none dots-md-none dots-sm-none dot-position-bottom is-position-center-center mb-none wrap-auto-height\" data-parallax-direction=\"down\" data-parallax-amount=\"1.3\" data-lg-transition=\"lg-slide\" data-hash=\"\" ><div class=\"eedee-swiper-outer\" style=\"--gutenslider-min-height: 50vh;--gutenslider-arrow-size: 30px;--gutenslider-dot-size: 25px;--gutenslider-arrow-color: #000000;--gutenslider-dot-color: #ffffff;--gutenslider-padding-y-mobile: 40px;--gutenslider-padding-x-mobile: 40px;--gutenslider-padding-y-tablet: 40px;--gutenslider-padding-x-tablet: 40px;--gutenslider-padding-y-desktop: 40px;--gutenslider-padding-x-desktop: 40px;--gutenslider-bg-image: url();--gutenslider-min-height-md: 50vh;--gutenslider-min-height-sm: 50vh;--gutenslider-padding-x: 40px;--gutenslider-padding-x-md: 40px;--gutenslider-padding-x-sm: 20px;--gutenslider-padding-y: 40px;--gutenslider-padding-y-md: 40px;--gutenslider-padding-y-sm: 20px;--gutenslider-arrow-size-md: 30px;--gutenslider-arrow-size-sm: 30px;--gutenslider-dot-size-md: 25px;--gutenslider-dot-size-sm: 25px;--gutenslider-arrow-bg-color: transparent;--gutenslider-arrow-hover-color: #000000bb;--gutenslider-arrow-bg-hover-color: transparent;--gutenslider-arrow-x-offset: 10px;--gutenslider-arrow-x-offset-md: 10px;--gutenslider-arrow-x-offset-sm: 10px;--gutenslider-arrow-y-offset: 0px;--gutenslider-arrow-y-offset-md: 0px;--gutenslider-arrow-y-offset-sm: 0px;--gutenslider-arrow-x-spacing: 0px;--gutenslider-dot-y-offset: 10px;--gutenslider-dot-y-offset-md: 10px;--gutenslider-dot-y-offset-sm: 10px;--gutenslider-margin-x: 0px;--gutenslider-margin-x-md: 0px;--gutenslider-margin-x-sm: 0px;--gutenslider-margin-y: 0px;--gutenslider-margin-y-md: 0px;--gutenslider-margin-y-sm: 0px;--gutenslider-divider-top: 60px;--gutenslider-divider-bottom: 60px;--gutenslider-lightgallery-bg: #ffffff;--gutenslider-lightgallery-font: #000000;--gs-first-pos: 50% 50%;--gs-gap-vertical: var( --wp--style--gallery-gap-default, var( --gallery-block--gutter-size, var( --wp--style--block-gap, 0.5em ) ) );--gs-gap-horizontal: var( --wp--style--gallery-gap-default, var( --gallery-block--gutter-size, var( --wp--style--block-gap, 0.5em ) ) );\"><div class=\"gutenslider-divider-top\" style=\"color:#fff;\"><\/div><div class=\"swiper\" data-settings='{\"autoplay\":{\"delay\":3000,\"pauseOnMouseEnter\":true,\"disableOnInteraction\":false},\"speed\":700,\"direction\":\"horizontal\",\"autoHeight\":\"1\",\"loop\":true,\"centeredSlides\":true,\"spaceBetween\":0,\"slidesPerView\":1,\"slidesPerGroup\":1,\"effect\":\"slide\",\"coverflowEffect\":{\"rotate\":30,\"slideShadows\":false,\"depth\":100,\"stretch\":50,\"modifier\":1},\"fadeEffect\":{\"crossFade\":true},\"zoom\":\"\",\"navigation\":{\"nextEl\":\"#gutenslider-phpya3toh .eedee-gutenslider-next\",\"prevEl\":\"#gutenslider-phpya3toh .eedee-gutenslider-prev\"},\"pagination\":{\"type\":\"bullets\",\"clickable\":true,\"dynamicBullets\":false,\"el\":\"#gutenslider-phpya3toh .eedee-gutenslider-pagination\"},\"pauseOnHover\":\"1\",\"watchSlidesProgress\":true,\"watchSlidesVisibility\":true,\"settingsMd\":{\"autoHeight\":\"1\",\"slidesPerView\":1,\"slidesPerGroup\":1,\"spaceBetween\":0,\"loop\":true},\"settingsLg\":{\"autoHeight\":\"1\",\"slidesPerView\":1,\"slidesPerGroup\":1,\"spaceBetween\":0,\"loop\":true},\"hasLg\":false,\"hasLgCounter\":true,\"isFullScreen\":false,\"arrowsFollowMouse\":false,\"lgTitle\":\"none\",\"lgCaption\":\"none\",\"lgThumbnails\":true,\"lgZoomEnabled\":false,\"keyboard\":{\"keyboard\":{\"enabled\":true,\"onlyInViewport\":true}},\"hashNavigation\":false,\"dividers\":false}'><div class=\"swiper-wrapper\">\n<div class=\"swiper-slide wp-block-eedee-block-gutenslide is-position-center-center ed-bg-image\" style=\"--ed-vw:300;--ed-vh:159;\" data-hash=\"\"><div class=\"eedee-background-div bg-image\"><img loading=\"lazy\" width=\"1024\" height=\"542\" class=\"wp-image-80613\" src=\"https:\/\/www.clesi.it\/wp-content\/uploads\/2024\/11\/Themelio-3-1-1024x542.webp\" alt=\"\" decoding=\"async\" style=\"object-fit: cover; object-position: 50% 50%;\"  data-title=\"Themelio 3\" srcset=\"https:\/\/www.clesi.it\/wp-content\/uploads\/2024\/11\/Themelio-3-1-1024x542.webp 1024w, https:\/\/www.clesi.it\/wp-content\/uploads\/2024\/11\/Themelio-3-1-300x159.webp 300w, https:\/\/www.clesi.it\/wp-content\/uploads\/2024\/11\/Themelio-3-1-768x406.webp 768w, https:\/\/www.clesi.it\/wp-content\/uploads\/2024\/11\/Themelio-3-1-50x26.webp 50w, https:\/\/www.clesi.it\/wp-content\/uploads\/2024\/11\/Themelio-3-1-1600x846.webp 1600w, https:\/\/www.clesi.it\/wp-content\/uploads\/2024\/11\/Themelio-3-1-1536x812.webp 1536w, https:\/\/www.clesi.it\/wp-content\/uploads\/2024\/11\/Themelio-3-1.webp 1813w\" sizes=\"(max-width: 1024px) 100vw, 1024px\" \/><div class=\"eedee-background-div__overlay\" style=\"opacity:1;\"><\/div><\/div><div class=\"slide-content\">\n\n<p class=\"has-text-align-center gutenslider-content-initial has-larger-font-size\"><\/p>\n\n<\/div><\/div>\n\n<div class=\"swiper-slide wp-block-eedee-block-gutenslide is-position-center-center ed-bg-image\" style=\"--ed-vw:300;--ed-vh:159;\" data-hash=\"\"><div class=\"eedee-background-div bg-image\"><img loading=\"lazy\" width=\"1024\" height=\"542\" class=\"wp-image-80619\" src=\"https:\/\/www.clesi.it\/wp-content\/uploads\/2024\/11\/Themelio-2-1-1024x542.webp\" alt=\"\" decoding=\"async\" style=\"object-fit: cover; object-position: 50% 50%;\"  data-title=\"Themelio 2\" srcset=\"https:\/\/www.clesi.it\/wp-content\/uploads\/2024\/11\/Themelio-2-1-1024x542.webp 1024w, https:\/\/www.clesi.it\/wp-content\/uploads\/2024\/11\/Themelio-2-1-300x159.webp 300w, https:\/\/www.clesi.it\/wp-content\/uploads\/2024\/11\/Themelio-2-1-768x406.webp 768w, https:\/\/www.clesi.it\/wp-content\/uploads\/2024\/11\/Themelio-2-1-50x26.webp 50w, https:\/\/www.clesi.it\/wp-content\/uploads\/2024\/11\/Themelio-2-1-1600x846.webp 1600w, https:\/\/www.clesi.it\/wp-content\/uploads\/2024\/11\/Themelio-2-1-1536x812.webp 1536w, https:\/\/www.clesi.it\/wp-content\/uploads\/2024\/11\/Themelio-2-1.webp 1813w\" sizes=\"(max-width: 1024px) 100vw, 1024px\" \/><div class=\"eedee-background-div__overlay\" style=\"opacity:1;\"><\/div><\/div><div class=\"slide-content\">\n\n<p class=\"has-text-align-center gutenslider-content-initial has-larger-font-size\"><\/p>\n\n<\/div><\/div>\n\n<div class=\"swiper-slide wp-block-eedee-block-gutenslide is-position-center-center ed-bg-image\" style=\"--ed-vw:300;--ed-vh:159;\" data-hash=\"\"><div class=\"eedee-background-div bg-image\"><img loading=\"lazy\" width=\"1024\" height=\"542\" class=\"wp-image-80625\" src=\"https:\/\/www.clesi.it\/wp-content\/uploads\/2024\/11\/Themelio-1-1-1024x542.webp\" alt=\"\" decoding=\"async\" style=\"object-fit: cover; object-position: 50% 50%;\"  data-title=\"Themelio 1\" srcset=\"https:\/\/www.clesi.it\/wp-content\/uploads\/2024\/11\/Themelio-1-1-1024x542.webp 1024w, https:\/\/www.clesi.it\/wp-content\/uploads\/2024\/11\/Themelio-1-1-300x159.webp 300w, https:\/\/www.clesi.it\/wp-content\/uploads\/2024\/11\/Themelio-1-1-768x407.webp 768w, https:\/\/www.clesi.it\/wp-content\/uploads\/2024\/11\/Themelio-1-1-50x26.webp 50w, https:\/\/www.clesi.it\/wp-content\/uploads\/2024\/11\/Themelio-1-1-1600x847.webp 1600w, https:\/\/www.clesi.it\/wp-content\/uploads\/2024\/11\/Themelio-1-1-1536x813.webp 1536w, https:\/\/www.clesi.it\/wp-content\/uploads\/2024\/11\/Themelio-1-1.webp 1813w\" sizes=\"(max-width: 1024px) 100vw, 1024px\" \/><div class=\"eedee-background-div__overlay\" style=\"opacity:1;\"><\/div><\/div><div class=\"slide-content\">\n\n<p class=\"has-text-align-center gutenslider-content-initial has-larger-font-size\"><\/p>\n\n<\/div><\/div>\n<\/div><\/div><button class=\"eedee-gutenslider-nav eedee-gutenslider-prev\"><svg xmlns=\"http:\/\/www.w3.org\/2000\/svg\" viewBox=\"0 0 24 24\" width=\"24\" height=\"24\"><circle class=\"bg\" cx=\"13\" cy=\"12\" r=\"11\" \/><path fill=\"none\" d=\"M0 0h24v24H0z\"\/><path class=\"arrow\" d=\"M10.828 12l4.95 4.95-1.414 1.414L8 12l6.364-6.364 1.414 1.414z\"\/><\/svg><\/button><button class=\"eedee-gutenslider-nav eedee-gutenslider-next\"><svg xmlns=\"http:\/\/www.w3.org\/2000\/svg\" viewBox=\"0 0 24 24\" width=\"24\" height=\"24\"><circle class=\"bg\" cx=\"11\" cy=\"12\" r=\"11\" \/><path fill=\"none\" d=\"M0 0h24v24H0z\"\/><path class=\"arrow\" d=\"M13.172 12l-4.95-4.95 1.414-1.414L16 12l-6.364 6.364-1.414-1.414z\"\/><\/svg><\/button><div class=\"eedee-gutenslider-pagination\"><\/div><div class=\"gutenslider-divider-bottom \" style=\"color:#fff;\"><\/div><\/div><\/div>\n\n\n<div style=\"height:30px\" aria-hidden=\"true\" class=\"wp-block-spacer\"><\/div>\n\n\n\n<h2 class=\"h2-custom\">UNE SOLUTION TECHNIQUE INNOVANTE ET EFFICACE<\/h2>\n\n\n\n<p>Th\u00e8melio, le fruit des d\u00e9cennies d&rsquo;exp\u00e9rience de Clesi, est la premi\u00e8re fondation enti\u00e8rement pr\u00e9fabriqu\u00e9e en b\u00e9ton arm\u00e9 pr\u00e9contraint (b\u00e9ton arm\u00e9 pr\u00e9contraint) ou en b\u00e9ton arm\u00e9 vibr\u00e9. Themelio est en mesure de r\u00e9duire les co\u00fbts de chantier, de garantir la qualit\u00e9 et la dur\u00e9e des mat\u00e9riaux et d&rsquo;acc\u00e9l\u00e9rer les d\u00e9lais de construction, afin d&rsquo;offrir au march\u00e9 une alternative efficace et s\u00fbre aux fondations traditionnelles in situ. Notre syst\u00e8me innovant permet de r\u00e9aliser 5 000 m\u00e8tres carr\u00e9s de fondations en cantilever en 8 jours ouvrables.<\/p>\n\n\n\n<div class=\"wp-container-3 wp-block-columns\">\n<div class=\"wp-container-1 wp-block-column\">\n<div style=\"height:30px\" aria-hidden=\"true\" class=\"wp-block-spacer\"><\/div>\n\n\n\n<h2 class=\"h2-custom\">Technique<\/h2>\n\n\n\n<p>La fondation pr\u00e9fabriqu\u00e9e Th\u00e8melio offre une solution alternative efficace et s\u00fbre aux fondations traditionnelles in situ. Elle est con\u00e7ue en totale conformit\u00e9 avec les r\u00e8gles parasismiques et selon EUROCODICE et est fabriqu\u00e9e exclusivement avec du b\u00e9ton de classe c40\/50.<\/p>\n\n\n\n<p>La fondation Th\u00e8melio assure :<\/p>\n\n\n\n<p>La fondation pr\u00e9fabriqu\u00e9e se compose de 4 \u00e9l\u00e9ments principaux: le socle pr\u00e9fabriqu\u00e9 type \u00ab Th\u00e8melio \u00bb Le syst\u00e8me de liaison entre le socle et le pilier (Synde) Les poutres de liaison Le socle de rupture (si n\u00e9cessaire)<\/p>\n\n\n\n<ul><li>Le socle pr\u00e9fabriqu\u00e9 Th\u00e8melio <\/li><li>syst\u00e8me de liaison entre le socle et le pilier Synd <\/li><li>poutres de liaison <\/li><li>socle de rupture <\/li><li>r\u00e9sistance m\u00e9canique;<\/li><li>classe de r\u00e9sistance en milieu agressif; <\/li><li>absence de points vuln\u00e9rables aux agents climatiques ;<\/li><li>durabilit\u00e9; <\/li><li>pr\u00e9cision dans le positionnement; <\/li><li>s\u00e9curit\u00e9 sur le chantier; <\/li><li>respect de l&rsquo;environnement.<\/li><\/ul>\n<\/div>\n\n\n\n<div class=\"wp-container-2 wp-block-column\">\n<div style=\"height:30px\" aria-hidden=\"true\" class=\"wp-block-spacer\"><\/div>\n\n\n\n<h2 class=\"h2-custom\">Avantages<\/h2>\n\n\n\n<h3>Des co\u00fbts ma\u00eetris\u00e9s<\/h3>\n\n\n\n<p>Les \u00e9l\u00e9ments qui composent la Fondation pr\u00e9fabriqu\u00e9e \u00ab Th\u00e8melio \u00bb sont enti\u00e8rement <strong>produits dans notre usine selon un processus industriel standardis\u00e9 et certifi\u00e9<\/strong>. Cela nous permet d&rsquo;indiquer, m\u00eame, avant le d\u00e9marrage de la production, les co\u00fbts exacts pour chaque fondation. Par rapport aux fondations in-situ, o\u00f9 les impr\u00e9vus du chantier peuvent affecter le co\u00fbt final, notre fondation pr\u00e9fabriqu\u00e9e brevet\u00e9e a certains co\u00fbts d\u00e9j\u00e0 pr\u00e9vus au stade de la conception.<\/p>\n\n\n\n<h3>Co\u00fbts du chantier<\/h3>\n\n\n\n<p>L&rsquo;utilisation d&rsquo;une fondation pr\u00e9fabriqu\u00e9e en b\u00e9ton pr\u00e9contraint r\u00e9duit, voire \u00e9limine, toutes les activit\u00e9s inh\u00e9rentes \u00e0 la construction d&rsquo;une fondation avec un syst\u00e8me in-situ traditionnel.<\/p>\n\n\n\n<p>La mise en place d&rsquo;un socle pr\u00e9fabriqu\u00e9 n\u00e9cessite moins d&rsquo;excavation et donc moins de remblayage. La mise en place d&rsquo;un socle pr\u00e9fabriqu\u00e9 n\u00e9cessite moins d&rsquo;excavation et donc moins de remblayage ult\u00e9rieur, de m\u00eame que l&rsquo;absence de structure de sout\u00e8nement \u00e9vite le recours \u00e0 une main-d&rsquo;\u0153uvre sp\u00e9cialis\u00e9e (charpentiers, ferrailleurs, etc.) et r\u00e9duit l&rsquo;utilisation de produits tels que l&rsquo;acier et le b\u00e9ton.) et r\u00e9duit l&rsquo;utilisation de produits connexes (planches, clous, fils de fer, fa\u00e7onneuses, cutters, \u00e9lectricit\u00e9, etc.).<\/p>\n\n\n\n<h3>R\u00e9duction des charges de s\u00e9curit\u00e9<\/h3>\n\n\n\n<p>Les caract\u00e9ristiques techniques de notre socle pr\u00e9fabriqu\u00e9 \u00ab Th\u00e8melio \u00bb r\u00e9duisent le besoin d&rsquo;excavation et d&rsquo;autres structures de s\u00e9curit\u00e9 pour le personnel qui travaille sur le chantier. <\/p>\n\n\n\n<p>La mise en place de la plinthe n\u00e9cessite tr\u00e8s peu d&rsquo;op\u00e9rateurs, ce qui r\u00e9duit le risque d&rsquo;accidents. L&rsquo;excavation pour l&rsquo;installation de notre socle pr\u00e9fabriqu\u00e9 en b\u00e9ton arm\u00e9 pr\u00e9contraint \u00e9limine presque compl\u00e8tement le risque de glissements de terrain et de coul\u00e9es de boue.<\/p>\n\n\n\n<h3>Calcul de la fondation inclus dans la fourniture<\/h3>\n\n\n\n<p>La conception et le calcul de la fondation pr\u00e9fabriqu\u00e9e sont inclus dans la fourniture et sont valables pour le d\u00e9p\u00f4t d&rsquo;un dossier aupr\u00e8s de l&rsquo;ing\u00e9nieur civil.<\/p>\n<\/div>\n<\/div>\n\n\n\n<div class=\"wp-container-6 wp-block-columns\">\n<div class=\"wp-container-4 wp-block-column\">\n<div style=\"height:30px\" aria-hidden=\"true\" class=\"wp-block-spacer\"><\/div>\n\n\n\n<h2 class=\"h2-custom\">Project<\/h2>\n\n\n<div id=\"gutenslider-tl7ngnksg\" class=\"wp-block-eedee-block-gutenslider gs-frontend content-change alignnone arrow-style-1 arrow-position-sides arrow-mb-none arrows-lg arrows-md arrows-sm dot-style-1 dots-lg-none dots-md-none dots-sm-none dot-position-bottom is-position-center-center mb-none wrap-auto-height\" data-parallax-direction=\"down\" data-parallax-amount=\"1.3\" data-lg-transition=\"lg-slide\" data-hash=\"\" ><div class=\"eedee-swiper-outer\" style=\"--gutenslider-min-height: 20vh;--gutenslider-arrow-size: 30px;--gutenslider-dot-size: 25px;--gutenslider-arrow-color: #ffffff;--gutenslider-dot-color: #ffffff;--gutenslider-padding-y-mobile: 40px;--gutenslider-padding-x-mobile: 40px;--gutenslider-padding-y-tablet: 40px;--gutenslider-padding-x-tablet: 40px;--gutenslider-padding-y-desktop: 40px;--gutenslider-padding-x-desktop: 40px;--gutenslider-bg-image: url();--gutenslider-min-height-md: 20vh;--gutenslider-min-height-sm: 20vh;--gutenslider-padding-x: 40px;--gutenslider-padding-x-md: 40px;--gutenslider-padding-x-sm: 20px;--gutenslider-padding-y: 40px;--gutenslider-padding-y-md: 40px;--gutenslider-padding-y-sm: 20px;--gutenslider-arrow-size-md: 30px;--gutenslider-arrow-size-sm: 30px;--gutenslider-dot-size-md: 25px;--gutenslider-dot-size-sm: 25px;--gutenslider-arrow-bg-color: transparent;--gutenslider-arrow-hover-color: #eeeeee;--gutenslider-arrow-bg-hover-color: transparent;--gutenslider-arrow-x-offset: 10px;--gutenslider-arrow-x-offset-md: 10px;--gutenslider-arrow-x-offset-sm: 10px;--gutenslider-arrow-y-offset: 0px;--gutenslider-arrow-y-offset-md: 0px;--gutenslider-arrow-y-offset-sm: 0px;--gutenslider-arrow-x-spacing: 0px;--gutenslider-dot-y-offset: 10px;--gutenslider-dot-y-offset-md: 10px;--gutenslider-dot-y-offset-sm: 10px;--gutenslider-margin-x: 0px;--gutenslider-margin-x-md: 0px;--gutenslider-margin-x-sm: 0px;--gutenslider-margin-y: 0px;--gutenslider-margin-y-md: 0px;--gutenslider-margin-y-sm: 0px;--gutenslider-divider-top: 60px;--gutenslider-divider-bottom: 60px;--gutenslider-lightgallery-bg: #ffffff;--gutenslider-lightgallery-font: #000000;--gs-first-pos: 50% 50%;--gs-gap-vertical: var( --wp--style--gallery-gap-default, var( --gallery-block--gutter-size, var( --wp--style--block-gap, 0.5em ) ) );--gs-gap-horizontal: var( --wp--style--gallery-gap-default, var( --gallery-block--gutter-size, var( --wp--style--block-gap, 0.5em ) ) );\"><div class=\"gutenslider-divider-top\" style=\"color:#fff;\"><\/div><div class=\"swiper\" data-settings='{\"autoplay\":{\"delay\":3000,\"pauseOnMouseEnter\":true,\"disableOnInteraction\":false},\"speed\":700,\"direction\":\"horizontal\",\"autoHeight\":\"\",\"loop\":true,\"centeredSlides\":true,\"spaceBetween\":0,\"slidesPerView\":1,\"slidesPerGroup\":1,\"effect\":\"slide\",\"coverflowEffect\":{\"rotate\":30,\"slideShadows\":false,\"depth\":100,\"stretch\":50,\"modifier\":1},\"fadeEffect\":{\"crossFade\":true},\"zoom\":\"\",\"navigation\":{\"nextEl\":\"#gutenslider-tl7ngnksg .eedee-gutenslider-next\",\"prevEl\":\"#gutenslider-tl7ngnksg .eedee-gutenslider-prev\"},\"pagination\":{\"type\":\"bullets\",\"clickable\":true,\"dynamicBullets\":false,\"el\":\"#gutenslider-tl7ngnksg .eedee-gutenslider-pagination\"},\"pauseOnHover\":\"1\",\"watchSlidesProgress\":true,\"watchSlidesVisibility\":true,\"settingsMd\":{\"autoHeight\":\"\",\"slidesPerView\":1,\"slidesPerGroup\":1,\"spaceBetween\":0,\"loop\":true},\"settingsLg\":{\"autoHeight\":\"\",\"slidesPerView\":1,\"slidesPerGroup\":1,\"spaceBetween\":0,\"loop\":true},\"hasLg\":false,\"hasLgCounter\":true,\"isFullScreen\":false,\"arrowsFollowMouse\":false,\"lgTitle\":\"none\",\"lgCaption\":\"none\",\"lgThumbnails\":true,\"lgZoomEnabled\":false,\"keyboard\":{\"keyboard\":{\"enabled\":true,\"onlyInViewport\":true}},\"hashNavigation\":false,\"dividers\":false}'><div class=\"swiper-wrapper\">\n<div class=\"swiper-slide wp-block-eedee-block-gutenslide is-position-center-center ed-bg-image\" style=\"--ed-vw:300;--ed-vh:159;\" data-hash=\"\"><div class=\"eedee-background-div bg-image\"><img loading=\"lazy\" width=\"870\" height=\"460\" class=\"wp-image-75974\" src=\"https:\/\/www.clesi.it\/wp-content\/uploads\/2019\/04\/2-870x460.jpg\" alt=\"\" decoding=\"async\" style=\"object-fit: cover; object-position: 50% 50%;\"  data-title=\"2-870x460\" srcset=\"https:\/\/www.clesi.it\/wp-content\/uploads\/2019\/04\/2-870x460.jpg 870w, https:\/\/www.clesi.it\/wp-content\/uploads\/2019\/04\/2-870x460-300x159.jpg 300w, https:\/\/www.clesi.it\/wp-content\/uploads\/2019\/04\/2-870x460-768x406.jpg 768w\" sizes=\"(max-width: 870px) 100vw, 870px\" \/><div class=\"eedee-background-div__overlay\" style=\"opacity:1;\"><\/div><\/div><div class=\"slide-content\">\n\n<p class=\"has-text-align-center gutenslider-content-initial has-larger-font-size\"><\/p>\n\n<\/div><\/div>\n\n<div class=\"swiper-slide wp-block-eedee-block-gutenslide is-position-center-center ed-bg-image\" style=\"--ed-vw:184;--ed-vh:300;\" data-hash=\"\"><div class=\"eedee-background-div bg-image\"><img loading=\"lazy\" width=\"627\" height=\"1024\" class=\"wp-image-75037\" src=\"https:\/\/www.clesi.it\/wp-content\/uploads\/2017\/01\/clesi-29-627x1024.jpg\" alt=\"\" decoding=\"async\" style=\"object-fit: cover; object-position: 50% 50%;\"  data-title=\"clesi-29\" srcset=\"https:\/\/www.clesi.it\/wp-content\/uploads\/2017\/01\/clesi-29-627x1024.jpg 627w, https:\/\/www.clesi.it\/wp-content\/uploads\/2017\/01\/clesi-29-184x300.jpg 184w, https:\/\/www.clesi.it\/wp-content\/uploads\/2017\/01\/clesi-29-768x1255.jpg 768w, https:\/\/www.clesi.it\/wp-content\/uploads\/2017\/01\/clesi-29.jpg 1175w\" sizes=\"(max-width: 627px) 100vw, 627px\" \/><div class=\"eedee-background-div__overlay\" style=\"opacity:1;\"><\/div><\/div><div class=\"slide-content\">\n\n<p class=\"has-text-align-center gutenslider-content-initial has-larger-font-size\"><\/p>\n\n<\/div><\/div>\n\n<div class=\"swiper-slide wp-block-eedee-block-gutenslide is-position-center-center ed-bg-image\" style=\"--ed-vw:300;--ed-vh:106;\" data-hash=\"\"><div class=\"eedee-background-div bg-image\"><img loading=\"lazy\" width=\"1024\" height=\"362\" class=\"wp-image-75022\" src=\"https:\/\/www.clesi.it\/wp-content\/uploads\/2017\/01\/pano_ottaviano-1024x362.jpg\" alt=\"Clinica Neapolisan Ottaviano\" decoding=\"async\" style=\"object-fit: cover; object-position: 50% 50%;\"  data-title=\"pano_ottaviano\" data-description=\"Clinica Neapolisan Ottaviano\" srcset=\"https:\/\/www.clesi.it\/wp-content\/uploads\/2017\/01\/pano_ottaviano-1024x362.jpg 1024w, https:\/\/www.clesi.it\/wp-content\/uploads\/2017\/01\/pano_ottaviano-300x106.jpg 300w, https:\/\/www.clesi.it\/wp-content\/uploads\/2017\/01\/pano_ottaviano-768x271.jpg 768w\" sizes=\"(max-width: 1024px) 100vw, 1024px\" \/><div class=\"eedee-background-div__overlay\" style=\"opacity:1;\"><\/div><\/div><div class=\"slide-content\">\n\n<p class=\"has-text-align-center gutenslider-content-initial has-larger-font-size\"><\/p>\n\n<\/div><\/div>\n<\/div><\/div><button class=\"eedee-gutenslider-nav eedee-gutenslider-prev\"><svg xmlns=\"http:\/\/www.w3.org\/2000\/svg\" viewBox=\"0 0 24 24\" width=\"24\" height=\"24\"><circle class=\"bg\" cx=\"13\" cy=\"12\" r=\"11\" \/><path fill=\"none\" d=\"M0 0h24v24H0z\"\/><path class=\"arrow\" d=\"M10.828 12l4.95 4.95-1.414 1.414L8 12l6.364-6.364 1.414 1.414z\"\/><\/svg><\/button><button class=\"eedee-gutenslider-nav eedee-gutenslider-next\"><svg xmlns=\"http:\/\/www.w3.org\/2000\/svg\" viewBox=\"0 0 24 24\" width=\"24\" height=\"24\"><circle class=\"bg\" cx=\"11\" cy=\"12\" r=\"11\" \/><path fill=\"none\" d=\"M0 0h24v24H0z\"\/><path class=\"arrow\" d=\"M13.172 12l-4.95-4.95 1.414-1.414L16 12l-6.364 6.364-1.414-1.414z\"\/><\/svg><\/button><div class=\"eedee-gutenslider-pagination\"><\/div><div class=\"gutenslider-divider-bottom \" style=\"color:#fff;\"><\/div><\/div><\/div><\/div>\n\n\n\n<div class=\"wp-container-5 wp-block-column\">\n<div style=\"height:30px\" aria-hidden=\"true\" class=\"wp-block-spacer\"><\/div>\n\n\n\n<h2 class=\"h2-custom\">Brochure<\/h2>\n\n\n\n<figure class=\"wp-block-image size-medium is-resized\"><img loading=\"lazy\" src=\"https:\/\/www.clesi.it\/wp-content\/uploads\/2019\/03\/brochure-fondazione-prefabbricata-2-300x141.jpg\" alt=\"\" class=\"wp-image-75863\" width=\"225\" height=\"106\" srcset=\"https:\/\/www.clesi.it\/wp-content\/uploads\/2019\/03\/brochure-fondazione-prefabbricata-2-300x141.jpg 300w, https:\/\/www.clesi.it\/wp-content\/uploads\/2019\/03\/brochure-fondazione-prefabbricata-2-768x362.jpg 768w, https:\/\/www.clesi.it\/wp-content\/uploads\/2019\/03\/brochure-fondazione-prefabbricata-2-1024x483.jpg 1024w\" sizes=\"(max-width: 225px) 100vw, 225px\" \/><\/figure>\n\n\n\n<div class=\"wp-block-button down\"><a class=\"wp-block-button__link\" href=\"https:\/\/www.clesi.it\/wp-content\/uploads\/2024\/11\/Themelio-Evo-Synde_fr.pdf\" target=\"_blank\" rel=\"noreferrer noopener\">Download<\/a><\/div>\n<\/div>\n<\/div>\n","protected":false},"excerpt":{"rendered":"<p>la premi\u00e8re et SEULE Fondation enti\u00e8rement pr\u00e9fabriqu\u00e9e en b\u00e9ton arm\u00e9 pr\u00e9contraint ou en b\u00e9ton arm\u00e9 vibr\u00e9. UNE SOLUTION TECHNIQUE INNOVANTE ET EFFICACE Th\u00e8melio, le fruit des d\u00e9cennies d&rsquo;exp\u00e9rience de Clesi, est la premi\u00e8re fondation enti\u00e8rement pr\u00e9fabriqu\u00e9e en b\u00e9ton arm\u00e9 pr\u00e9contraint (b\u00e9ton arm\u00e9 pr\u00e9contraint) ou en b\u00e9ton arm\u00e9 vibr\u00e9. Themelio est en mesure de r\u00e9duire les [&hellip;]<\/p>\n","protected":false},"author":1,"featured_media":78714,"parent":78828,"menu_order":0,"comment_status":"closed","ping_status":"closed","template":"","meta":[],"_links":{"self":[{"href":"https:\/\/www.clesi.it\/fr\/wp-json\/wp\/v2\/pages\/78780"}],"collection":[{"href":"https:\/\/www.clesi.it\/fr\/wp-json\/wp\/v2\/pages"}],"about":[{"href":"https:\/\/www.clesi.it\/fr\/wp-json\/wp\/v2\/types\/page"}],"author":[{"embeddable":true,"href":"https:\/\/www.clesi.it\/fr\/wp-json\/wp\/v2\/users\/1"}],"replies":[{"embeddable":true,"href":"https:\/\/www.clesi.it\/fr\/wp-json\/wp\/v2\/comments?post=78780"}],"version-history":[{"count":5,"href":"https:\/\/www.clesi.it\/fr\/wp-json\/wp\/v2\/pages\/78780\/revisions"}],"predecessor-version":[{"id":80631,"href":"https:\/\/www.clesi.it\/fr\/wp-json\/wp\/v2\/pages\/78780\/revisions\/80631"}],"up":[{"embeddable":true,"href":"https:\/\/www.clesi.it\/fr\/wp-json\/wp\/v2\/pages\/78828"}],"wp:featuredmedia":[{"embeddable":true,"href":"https:\/\/www.clesi.it\/fr\/wp-json\/wp\/v2\/media\/78714"}],"wp:attachment":[{"href":"https:\/\/www.clesi.it\/fr\/wp-json\/wp\/v2\/media?parent=78780"}],"curies":[{"name":"wp","href":"https:\/\/api.w.org\/{rel}","templated":true}]}}