{"id":78894,"date":"2017-01-19T23:44:10","date_gmt":"2017-01-19T22:44:10","guid":{"rendered":"https:\/\/www.clesi.it\/solai\/sofos\/"},"modified":"2024-11-19T12:32:13","modified_gmt":"2024-11-19T11:32:13","slug":"sofos","status":"publish","type":"page","link":"https:\/\/www.clesi.it\/fr\/solai\/sofos\/","title":{"rendered":"Sofos"},"content":{"rendered":"\n<blockquote class=\"wp-block-quote\"><p><em>Sofos : une seule solution pour des usages multiples<\/em><\/p><\/blockquote>\n\n\n\n<figure class=\"wp-block-image size-large\"><img loading=\"lazy\" width=\"1024\" height=\"541\" src=\"https:\/\/www.clesi.it\/wp-content\/uploads\/2024\/09\/Sofos-1-1024x541.webp\" alt=\"\" class=\"wp-image-79397\" srcset=\"https:\/\/www.clesi.it\/wp-content\/uploads\/2024\/09\/Sofos-1-1024x541.webp 1024w, https:\/\/www.clesi.it\/wp-content\/uploads\/2024\/09\/Sofos-1-300x159.webp 300w, https:\/\/www.clesi.it\/wp-content\/uploads\/2024\/09\/Sofos-1-768x406.webp 768w, https:\/\/www.clesi.it\/wp-content\/uploads\/2024\/09\/Sofos-1-50x26.webp 50w, https:\/\/www.clesi.it\/wp-content\/uploads\/2024\/09\/Sofos-1-1600x846.webp 1600w, https:\/\/www.clesi.it\/wp-content\/uploads\/2024\/09\/Sofos-1-1536x812.webp 1536w, https:\/\/www.clesi.it\/wp-content\/uploads\/2024\/09\/Sofos-1.webp 1920w\" sizes=\"(max-width: 1024px) 100vw, 1024px\" \/><\/figure>\n\n\n\n<div style=\"height:40px\" aria-hidden=\"true\" class=\"wp-block-spacer\"><\/div>\n\n\n\n<h2 class=\"h2-custom\">UNE SOLUTION TECHNIQUE INNOVANTE ET EFFICACE<\/h2>\n\n\n\n<p>Sofos est le premier plancher pr\u00e9fabriqu\u00e9 en b\u00e9ton pr\u00e9contraint avec un soffite plat. La structure est all\u00e9g\u00e9e par des blocs de polystyr\u00e8ne expans\u00e9 auto-extinguible et pourvue d&rsquo;une armature lente au niveau des supports. <\/p>\n\n\n\n<p>Son utilisation est polyvalente et se pr\u00eate aux usages les plus divers dans la construction r\u00e9sidentielle, commerciale et tertiaire.<\/p>\n\n\n\n<p>Produit avec des solutions techniques uniques d\u00e9velopp\u00e9es par Clesi, dans les \u00e9paisseurs de 16, 20, 25 et 30 cm. L&rsquo;\u00e9l\u00e9ment qui caract\u00e9rise Sofos est certainement son faible poids, qui le diff\u00e9rencie des solutions traditionnelles ou alternatives pr\u00e9sentes sur le march\u00e9 aujourd&rsquo;hui. <\/p>\n\n\n\n<p>Ce syst\u00e8me de construction est : autoportant, l\u00e9ger et imm\u00e9diatement praticable, polyvalent et adaptable, con\u00e7u pour le confort thermique des environnements, id\u00e9al dans les zones sismiques, simple et rapide \u00e0 installer, avec un faible impact sur les renforts d&rsquo;accompagnement, certifi\u00e9 et garanti.<\/p>\n\n\n\n<div class=\"wp-container-3 wp-block-columns\">\n<div class=\"wp-container-1 wp-block-column\">\n<div style=\"height:30px\" aria-hidden=\"true\" class=\"wp-block-spacer\"><\/div>\n\n\n\n<h2 class=\"h2-custom\">Innovation et efficacit\u00e9<\/h2>\n\n\n\n<p>Les planchers pr\u00e9fabriqu\u00e9s SofoS sont autoportants et permettent une installation rapide (environ 400 m\u00b2 par jour) et s\u00fbre. <\/p>\n\n\n\n<p>Elles sont adapt\u00e9es aux \u00e9chafaudages dans les structures civiles ou \u00e0 grande \u00e9chelle telles que les toits, \u00e9tant donn\u00e9 la modularit\u00e9 des solutions et permettent la r\u00e9alisation de g\u00e9om\u00e9tries m\u00eame complexes, satisfaisant \u00e0 toute exigence structurelle.<\/p>\n<\/div>\n\n\n\n<div class=\"wp-container-2 wp-block-column\">\n<div style=\"height:30px\" aria-hidden=\"true\" class=\"wp-block-spacer\"><\/div>\n\n\n\n<h2 class=\"h2-custom\">Fiabilit\u00e9 dans le temps<\/h2>\n\n\n\n<p>Les nombreuses \u00e9tudes et essais en laboratoire qui ont suivi pendant les phases d&rsquo;\u00e9tude et de conception du nouveau produit et les nombreuses exp\u00e9riences d&rsquo;application, tant en termes d&rsquo;ampleur que d&rsquo;engagement statique, ont montr\u00e9 que dans un tablier construit avec SofoS avec des poutrelles en b\u00e9ton arm\u00e9 pr\u00e9contraint, du polystyr\u00e8ne et une dalle coul\u00e9e sur place, malgr\u00e9 la diversit\u00e9 des \u00e9l\u00e9ments qui composent le plancher, on obtient des solutions structurales monolithiques d&rsquo;une grande fiabilit\u00e9.<\/p>\n<\/div>\n<\/div>\n\n\n\n<div class=\"wp-container-6 wp-block-columns\">\n<div class=\"wp-container-4 wp-block-column\">\n<div style=\"height:30px\" aria-hidden=\"true\" class=\"wp-block-spacer\"><\/div>\n\n\n\n<h2 class=\"h2-custom\">Caract\u00e9ristiques<\/h2>\n\n\n\n<h3>Des performances en toute s\u00e9curit\u00e9<\/h3>\n\n\n\n<p>Des performances en toute s\u00e9curit\u00e9 &#8211; Le plancher SofoS d\u00e9coule de l&rsquo;approche de la performance \u00e9galement r\u00e9it\u00e9r\u00e9e dans la r\u00e9vision des normes techniques sur les constructions (NTC18), les objectifs du projet sont clarifi\u00e9s en termes de \u00ab performances \u00bb \u00e0 exiger de la structure (P.B.D. Performance-Based Design) qui, \u00e0 leur tour, sont calibr\u00e9s en fonction de la probabilit\u00e9 que l&rsquo;\u00e9v\u00e9nement sismique soit plus ou moins fr\u00e9quent et plus ou moins destructeur (M.L.P.D. Multi-Level Performance Design).<\/p>\n\n\n\n<h3>R\u00e9sistant aux tremblements de terre et isolant<\/h3>\n\n\n\n<p>SofoS est r\u00e9sistant aux tremblements de terre et tr\u00e8s isolant sur le plan thermique et acoustique. Gr\u00e2ce aux poutrelles pr\u00e9contraintes, les planchers SofoS pr\u00e9sentent \u00e9galement une r\u00e9sistance \u00e0 la traction consid\u00e9rable. Gr\u00e2ce \u00e0 la pr\u00e9sence du mat\u00e9riau isolant \u00e9galement dans la partie inf\u00e9rieure des solives pr\u00e9contraintes, les planchers SofoS \u00e9liminent les ponts thermiques et pr\u00e9viennent la condensation. SofoS s&rsquo;adapte dans ses \u00e9paisseurs et ses modules aux exigences antisismiques et structurelles les plus diverses, et personnalise chaque projet individuel en fonction de ses sp\u00e9cifications architecturales. <\/p>\n\n\n\n<h3>L\u00e9ger<\/h3>\n\n\n\n<p>SofoS est le premier plancher pr\u00e9fabriqu\u00e9 en b\u00e9ton arm\u00e9 pr\u00e9contraint pour la marche avec ach\u00e8vement de la dalle en b\u00e9ton coul\u00e9 sur place et pour la toiture avec ou sans dalle en b\u00e9ton coul\u00e9 sur place. SofoS est le premier plancher pr\u00e9fabriqu\u00e9 en b\u00e9ton arm\u00e9 pr\u00e9contraint pour la marche avec ach\u00e8vement de la dalle en b\u00e9ton coul\u00e9 sur place et pour la toiture avec ou sans dalle en b\u00e9ton coul\u00e9 sur place. Sans \u00e9quivalent. La dalle de plancher SofoS est constitu\u00e9e de poutrelles en b\u00e9ton pr\u00e9contraint \u00e0 entraxe fixe, \u00ab noy\u00e9es \u00bb dans l&rsquo;isolation en polystyr\u00e8ne par excellence, qui peut avoir les caract\u00e9ristiques de performance les plus variables (type EPS en diff\u00e9rentes densit\u00e9s et avec graffite, EPS-T et XPS, ce dernier \u00e9tant \u00e9galement auto-extinguible) en fonction des exigences de construction les plus diverses.<\/p>\n\n\n\n<h3>Adaptabilit\u00e9<\/h3>\n\n\n\n<p>La modularit\u00e9 des planchers pr\u00e9fabriqu\u00e9s SofoS permet de r\u00e9aliser de grandes \u00e9conomies en termes de temps de construction, de transport, de manutention et d&rsquo;installation de l&rsquo;ensemble du plancher. La hauteur variable des dalles permet de choisir les \u00e9paisseurs les plus appropri\u00e9es en fonction de la longueur, de la transmission thermique et de l&rsquo;isolation acoustique.<\/p>\n<\/div>\n\n\n\n<div class=\"wp-container-5 wp-block-column\">\n<div style=\"height:30px\" aria-hidden=\"true\" class=\"wp-block-spacer\"><\/div>\n\n\n\n<h2 class=\"h2-custom\">Pourquoi choisir Sofos<\/h2>\n\n\n\n<p>Parce que c&rsquo;est le plancher le plus l\u00e9ger du march\u00e9 ; <\/p>\n\n\n\n<ul><li>Il augmente consid\u00e9rablement les caract\u00e9ristiques d&rsquo;isolation thermique;<\/li><li>Il est id\u00e9al pour l&rsquo;isolation thermique des b\u00e2timents en raison de son insensibilit\u00e9 \u00e0 l&rsquo;humidit\u00e9, de la compacit\u00e9 des cellules, de sa r\u00e9sistance \u00e9lev\u00e9e \u00e0 la compression et de sa remarquable stabilit\u00e9 dimensionnelle; <\/li><li>Il est rapide et facile \u00e0 appliquer et permet de maintenir les sols, les murs et les toits chauds et secs, en les prot\u00e9geant de l&rsquo;humidit\u00e9 par capillarit\u00e9 et de la condensation; <\/li><li>Il peut \u00eatre utilis\u00e9 dans des conditions climatiques extr\u00eames (temp\u00e9ratures tr\u00e8s \u00e9lev\u00e9es\/tr\u00e8s basses). La r\u00e9sistance aux intemp\u00e9ries est assur\u00e9e par une r\u00e9sistance \u00e9lev\u00e9e au passage de la phase de gel \u00e0 la phase de d\u00e9gel.<\/li><li>M\u00eame les situations de forte humidit\u00e9 ne posent aucun probl\u00e8me \u00e0 SofoS <\/li><li>SofoS avec Graffite a un excellent comportement au feu;<\/li><li>est recyclable \u00e0 100%;<\/li><li>offre une isolation acoustique optimale;- r\u00e9pond aux exigences de la norme UNI 11532-1:2018 \u00ab Caract\u00e9ristiques acoustiques int\u00e9rieures des espaces clos:  M\u00e9thodes de conception et techniques d&rsquo;\u00e9valuation &#8211; Partie 1 : Exigences g\u00e9n\u00e9rales \u00bb;<\/li><li>Elle pr\u00e9sente une r\u00e9sistance au feu certifi\u00e9e; <\/li><li>Elle est polyvalente sur le plan architectural.<\/li><\/ul>\n<\/div>\n<\/div>\n\n\n\n<div style=\"height:40px\" aria-hidden=\"true\" class=\"wp-block-spacer\"><\/div>\n\n\n\n<h2 class=\"h2-custom\">Abaco des performances<\/h2>\n\n\n<div id=\"gutenslider-ec88az6p3\" class=\"wp-block-eedee-block-gutenslider gs-frontend content-change alignnone adaptive-height adaptive-height-md adaptive-height-sm arrow-style-1 arrow-position-sides arrow-mb-none arrows-lg-none arrows-md-none arrows-sm-none dot-style-1 dots-lg-none dots-md-none dots-sm-none dot-position-bottom is-position-center-center mb-none lg-zoom-icon wrap-auto-height\" data-parallax-direction=\"down\" data-parallax-amount=\"1.3\" data-lg-transition=\"lg-slide\" data-hash=\"\" ><div class=\"eedee-swiper-outer\" style=\"--gutenslider-min-height: 50vh;--gutenslider-arrow-size: 30px;--gutenslider-dot-size: 25px;--gutenslider-arrow-color: #ffffff;--gutenslider-dot-color: #ffffff;--gutenslider-padding-y-mobile: 40px;--gutenslider-padding-x-mobile: 40px;--gutenslider-padding-y-tablet: 40px;--gutenslider-padding-x-tablet: 40px;--gutenslider-padding-y-desktop: 40px;--gutenslider-padding-x-desktop: 40px;--gutenslider-bg-image: url();--gutenslider-min-height-md: 50vh;--gutenslider-min-height-sm: 50vh;--gutenslider-padding-x: 40px;--gutenslider-padding-x-md: 40px;--gutenslider-padding-x-sm: 20px;--gutenslider-padding-y: 40px;--gutenslider-padding-y-md: 40px;--gutenslider-padding-y-sm: 20px;--gutenslider-arrow-size-md: 30px;--gutenslider-arrow-size-sm: 30px;--gutenslider-dot-size-md: 25px;--gutenslider-dot-size-sm: 25px;--gutenslider-arrow-bg-color: transparent;--gutenslider-arrow-hover-color: #eeeeee;--gutenslider-arrow-bg-hover-color: transparent;--gutenslider-arrow-x-offset: 10px;--gutenslider-arrow-x-offset-md: 10px;--gutenslider-arrow-x-offset-sm: 10px;--gutenslider-arrow-y-offset: 0px;--gutenslider-arrow-y-offset-md: 0px;--gutenslider-arrow-y-offset-sm: 0px;--gutenslider-arrow-x-spacing: 0px;--gutenslider-dot-y-offset: 10px;--gutenslider-dot-y-offset-md: 10px;--gutenslider-dot-y-offset-sm: 10px;--gutenslider-margin-x: 0px;--gutenslider-margin-x-md: 0px;--gutenslider-margin-x-sm: 0px;--gutenslider-margin-y: 0px;--gutenslider-margin-y-md: 0px;--gutenslider-margin-y-sm: 0px;--gutenslider-divider-top: 60px;--gutenslider-divider-bottom: 60px;--gutenslider-lightgallery-bg: #ffffff;--gutenslider-lightgallery-font: #000000;--gs-first-pos: 50% 50%;--gs-gap-vertical: var( --wp--style--gallery-gap-default, var( --gallery-block--gutter-size, var( --wp--style--block-gap, 0.5em ) ) );--gs-gap-horizontal: var( --wp--style--gallery-gap-default, var( --gallery-block--gutter-size, var( --wp--style--block-gap, 0.5em ) ) );\"><div class=\"gutenslider-divider-top\" style=\"color:#fff;\"><\/div><div class=\"swiper\" data-settings='{\"autoplay\":{\"delay\":3000,\"pauseOnMouseEnter\":true,\"disableOnInteraction\":false},\"speed\":700,\"direction\":\"horizontal\",\"autoHeight\":\"1\",\"loop\":true,\"centeredSlides\":true,\"spaceBetween\":0,\"slidesPerView\":1,\"slidesPerGroup\":1,\"effect\":\"slide\",\"coverflowEffect\":{\"rotate\":30,\"slideShadows\":false,\"depth\":100,\"stretch\":50,\"modifier\":1},\"fadeEffect\":{\"crossFade\":true},\"zoom\":\"\",\"navigation\":{\"nextEl\":\"#gutenslider-ec88az6p3 .eedee-gutenslider-next\",\"prevEl\":\"#gutenslider-ec88az6p3 .eedee-gutenslider-prev\"},\"pagination\":{\"type\":\"bullets\",\"clickable\":true,\"dynamicBullets\":false,\"el\":\"#gutenslider-ec88az6p3 .eedee-gutenslider-pagination\"},\"pauseOnHover\":\"1\",\"watchSlidesProgress\":true,\"watchSlidesVisibility\":true,\"settingsMd\":{\"autoHeight\":\"1\",\"slidesPerView\":1,\"slidesPerGroup\":1,\"spaceBetween\":0,\"loop\":true},\"settingsLg\":{\"autoHeight\":\"1\",\"slidesPerView\":1,\"slidesPerGroup\":1,\"spaceBetween\":0,\"loop\":true},\"hasLg\":true,\"hasLgCounter\":true,\"isFullScreen\":false,\"arrowsFollowMouse\":false,\"lgTitle\":\"none\",\"lgCaption\":\"none\",\"lgThumbnails\":true,\"lgZoomEnabled\":false,\"keyboard\":{\"keyboard\":{\"enabled\":true,\"onlyInViewport\":true}},\"hashNavigation\":false,\"dividers\":false}'><div class=\"swiper-wrapper\">\n<div class=\"swiper-slide wp-block-eedee-block-gutenslide is-position-center-center ed-bg-image\" style=\"--ed-vw:300;--ed-vh:214;\" data-hash=\"\"><div class=\"eedee-background-div bg-image\"><img loading=\"lazy\" width=\"595\" height=\"425\" class=\"wp-image-75816\" src=\"https:\/\/www.clesi.it\/wp-content\/uploads\/2018\/11\/abaco4.jpg\" alt=\"\" decoding=\"async\" style=\"object-fit: cover; object-position: 50% 50%;\"  data-title=\"abaco4\" srcset=\"https:\/\/www.clesi.it\/wp-content\/uploads\/2018\/11\/abaco4.jpg 595w, https:\/\/www.clesi.it\/wp-content\/uploads\/2018\/11\/abaco4-300x214.jpg 300w\" sizes=\"(max-width: 595px) 100vw, 595px\" \/><div class=\"eedee-background-div__overlay\" style=\"opacity:1;\"><\/div><\/div><div class=\"slide-content\">\n\n<p class=\"has-text-align-center gutenslider-content-initial has-larger-font-size\"><\/p>\n\n<\/div><\/div>\n\n<div class=\"swiper-slide wp-block-eedee-block-gutenslide is-position-center-center ed-bg-image\" style=\"--ed-vw:300;--ed-vh:214;\" data-hash=\"\"><div class=\"eedee-background-div bg-image\"><img loading=\"lazy\" width=\"595\" height=\"425\" class=\"wp-image-75814\" src=\"https:\/\/www.clesi.it\/wp-content\/uploads\/2018\/11\/abaco6.jpg\" alt=\"\" decoding=\"async\" style=\"object-fit: cover; object-position: 50% 50%;\"  data-title=\"abaco6\" srcset=\"https:\/\/www.clesi.it\/wp-content\/uploads\/2018\/11\/abaco6.jpg 595w, https:\/\/www.clesi.it\/wp-content\/uploads\/2018\/11\/abaco6-300x214.jpg 300w\" sizes=\"(max-width: 595px) 100vw, 595px\" \/><div class=\"eedee-background-div__overlay\" style=\"opacity:1;\"><\/div><\/div><div class=\"slide-content\">\n\n<p class=\"has-text-align-center gutenslider-content-initial has-larger-font-size\"><\/p>\n\n<\/div><\/div>\n\n<div class=\"swiper-slide wp-block-eedee-block-gutenslide is-position-center-center ed-bg-image\" style=\"--ed-vw:300;--ed-vh:214;\" data-hash=\"\"><div class=\"eedee-background-div bg-image\"><img loading=\"lazy\" width=\"595\" height=\"425\" class=\"wp-image-75812\" src=\"https:\/\/www.clesi.it\/wp-content\/uploads\/2018\/11\/abaco2.jpg\" alt=\"\" decoding=\"async\" style=\"object-fit: cover; object-position: 50% 50%;\"  data-title=\"abaco2\" srcset=\"https:\/\/www.clesi.it\/wp-content\/uploads\/2018\/11\/abaco2.jpg 595w, https:\/\/www.clesi.it\/wp-content\/uploads\/2018\/11\/abaco2-300x214.jpg 300w\" sizes=\"(max-width: 595px) 100vw, 595px\" \/><div class=\"eedee-background-div__overlay\" style=\"opacity:1;\"><\/div><\/div><div class=\"slide-content\">\n\n<p class=\"has-text-align-center gutenslider-content-initial has-larger-font-size\"><\/p>\n\n<\/div><\/div>\n\n<div class=\"swiper-slide wp-block-eedee-block-gutenslide is-position-center-center ed-bg-image\" style=\"--ed-vw:300;--ed-vh:214;\" data-hash=\"\"><div class=\"eedee-background-div bg-image\"><img loading=\"lazy\" width=\"595\" height=\"425\" class=\"wp-image-75810\" src=\"https:\/\/www.clesi.it\/wp-content\/uploads\/2018\/11\/abaco7.jpg\" alt=\"\" decoding=\"async\" style=\"object-fit: cover; object-position: 50% 50%;\"  data-title=\"abaco7\" srcset=\"https:\/\/www.clesi.it\/wp-content\/uploads\/2018\/11\/abaco7.jpg 595w, https:\/\/www.clesi.it\/wp-content\/uploads\/2018\/11\/abaco7-300x214.jpg 300w\" sizes=\"(max-width: 595px) 100vw, 595px\" \/><div class=\"eedee-background-div__overlay\" style=\"opacity:1;\"><\/div><\/div><div class=\"slide-content\">\n\n<p class=\"has-text-align-center gutenslider-content-initial has-larger-font-size\"><\/p>\n\n<\/div><\/div>\n<\/div><\/div><button class=\"eedee-gutenslider-nav eedee-gutenslider-prev\"><svg xmlns=\"http:\/\/www.w3.org\/2000\/svg\" viewBox=\"0 0 24 24\" width=\"24\" height=\"24\"><circle class=\"bg\" cx=\"13\" cy=\"12\" r=\"11\" \/><path fill=\"none\" d=\"M0 0h24v24H0z\"\/><path class=\"arrow\" d=\"M10.828 12l4.95 4.95-1.414 1.414L8 12l6.364-6.364 1.414 1.414z\"\/><\/svg><\/button><button class=\"eedee-gutenslider-nav eedee-gutenslider-next\"><svg xmlns=\"http:\/\/www.w3.org\/2000\/svg\" viewBox=\"0 0 24 24\" width=\"24\" height=\"24\"><circle class=\"bg\" cx=\"11\" cy=\"12\" r=\"11\" \/><path fill=\"none\" d=\"M0 0h24v24H0z\"\/><path class=\"arrow\" d=\"M13.172 12l-4.95-4.95 1.414-1.414L16 12l-6.364 6.364-1.414-1.414z\"\/><\/svg><\/button><div class=\"eedee-gutenslider-pagination\"><\/div><div class=\"gutenslider-divider-bottom \" style=\"color:#fff;\"><\/div><\/div><\/div>\n\n\n<div style=\"height:40px\" aria-hidden=\"true\" class=\"wp-block-spacer\"><\/div>\n\n\n\n<ol><li>Mat\u00e9riau d&rsquo;isolation tel que PS ou XPS* ou EPS-T* ou autre*<\/li><li>Solive pr\u00e9fabriqu\u00e9e SofoS en b\u00e9ton arm\u00e9 pr\u00e9contraint<\/li><li>Noyau \u00e0 couler<\/li><li>Armatures selon la conception en place<\/li><li>Treillis \u00e9lectro-soud\u00e9<\/li><li>Dalle de coul\u00e9e (dalle) 5 cm in situ<\/li><\/ol>\n\n\n\n<div style=\"height:40px\" aria-hidden=\"true\" class=\"wp-block-spacer\"><\/div>\n\n\n\n<div class=\"wp-container-10 wp-block-columns\">\n<div class=\"wp-container-8 wp-block-column\">\n<div style=\"height:30px\" aria-hidden=\"true\" class=\"wp-block-spacer\"><\/div>\n\n\n\n<h2 class=\"h2-custom\">Brochures<\/h2>\n\n\n\n<figure class=\"wp-block-image size-medium is-resized\"><img loading=\"lazy\" src=\"https:\/\/www.clesi.it\/wp-content\/uploads\/2019\/03\/brochure-sofos-1-300x106.jpg\" alt=\"\" class=\"wp-image-75870\" width=\"225\" height=\"80\" srcset=\"https:\/\/www.clesi.it\/wp-content\/uploads\/2019\/03\/brochure-sofos-1-300x106.jpg 300w, https:\/\/www.clesi.it\/wp-content\/uploads\/2019\/03\/brochure-sofos-1-768x272.jpg 768w, https:\/\/www.clesi.it\/wp-content\/uploads\/2019\/03\/brochure-sofos-1-1024x362.jpg 1024w\" sizes=\"(max-width: 225px) 100vw, 225px\" \/><\/figure>\n\n\n\n<div class=\"wp-block-button alignleft down\"><a class=\"wp-block-button__link\" href=\"https:\/\/www.clesi.it\/wp-content\/uploads\/2024\/11\/Brochure-Sofos_fr.pdf\" target=\"_blank\" rel=\"noreferrer noopener\">Download<\/a><\/div>\n\n\n\n<div class=\"wp-container-7 is-content-justification-left wp-block-buttons\"><\/div>\n<\/div>\n\n\n\n<div class=\"wp-container-9 wp-block-column\">\n<div style=\"height:30px\" aria-hidden=\"true\" class=\"wp-block-spacer\"><\/div>\n<\/div>\n<\/div>\n","protected":false},"excerpt":{"rendered":"<p>Sofos : une seule solution pour des usages multiples UNE SOLUTION TECHNIQUE INNOVANTE ET EFFICACE Sofos est le premier plancher pr\u00e9fabriqu\u00e9 en b\u00e9ton pr\u00e9contraint avec un soffite plat. La structure est all\u00e9g\u00e9e par des blocs de polystyr\u00e8ne expans\u00e9 auto-extinguible et pourvue d&rsquo;une armature lente au niveau des supports. Son utilisation est polyvalente et se pr\u00eate [&hellip;]<\/p>\n","protected":false},"author":1,"featured_media":78718,"parent":78865,"menu_order":0,"comment_status":"closed","ping_status":"closed","template":"","meta":[],"_links":{"self":[{"href":"https:\/\/www.clesi.it\/fr\/wp-json\/wp\/v2\/pages\/78894"}],"collection":[{"href":"https:\/\/www.clesi.it\/fr\/wp-json\/wp\/v2\/pages"}],"about":[{"href":"https:\/\/www.clesi.it\/fr\/wp-json\/wp\/v2\/types\/page"}],"author":[{"embeddable":true,"href":"https:\/\/www.clesi.it\/fr\/wp-json\/wp\/v2\/users\/1"}],"replies":[{"embeddable":true,"href":"https:\/\/www.clesi.it\/fr\/wp-json\/wp\/v2\/comments?post=78894"}],"version-history":[{"count":4,"href":"https:\/\/www.clesi.it\/fr\/wp-json\/wp\/v2\/pages\/78894\/revisions"}],"predecessor-version":[{"id":80501,"href":"https:\/\/www.clesi.it\/fr\/wp-json\/wp\/v2\/pages\/78894\/revisions\/80501"}],"up":[{"embeddable":true,"href":"https:\/\/www.clesi.it\/fr\/wp-json\/wp\/v2\/pages\/78865"}],"wp:featuredmedia":[{"embeddable":true,"href":"https:\/\/www.clesi.it\/fr\/wp-json\/wp\/v2\/media\/78718"}],"wp:attachment":[{"href":"https:\/\/www.clesi.it\/fr\/wp-json\/wp\/v2\/media?parent=78894"}],"curies":[{"name":"wp","href":"https:\/\/api.w.org\/{rel}","templated":true}]}}