{"id":78936,"date":"2023-03-22T15:19:57","date_gmt":"2023-03-22T14:19:57","guid":{"rendered":"https:\/\/www.clesi.it\/solai\/diplo\/"},"modified":"2024-09-23T17:43:18","modified_gmt":"2024-09-23T15:43:18","slug":"diplo","status":"publish","type":"page","link":"https:\/\/www.clesi.it\/fr\/solai\/diplo\/","title":{"rendered":"Diplo"},"content":{"rendered":"\n<h2>Plancher DIPLO en double T<\/h2>\n\n\n\n<div style=\"height:15px\" aria-hidden=\"true\" class=\"wp-block-spacer\"><\/div>\n\n\n<div id=\"gutenslider-f8herl8i8\" class=\"wp-block-eedee-block-gutenslider gs-frontend content-change alignnone adaptive-height adaptive-height-md adaptive-height-sm arrow-style-1 arrow-position-sides arrow-mb-none arrows-lg arrows-md arrows-sm dot-style-1 dots-lg-none dots-md-none dots-sm-none dot-position-bottom is-position-center-center mb-none wrap-auto-height\" data-parallax-direction=\"down\" data-parallax-amount=\"1.3\" data-lg-transition=\"lg-slide\" data-hash=\"\" ><div class=\"eedee-swiper-outer\" style=\"--gutenslider-min-height: 50vh;--gutenslider-arrow-size: 35px;--gutenslider-dot-size: 25px;--gutenslider-arrow-color: #000000;--gutenslider-dot-color: #000000;--gutenslider-padding-y-mobile: 40px;--gutenslider-padding-x-mobile: 40px;--gutenslider-padding-y-tablet: 40px;--gutenslider-padding-x-tablet: 40px;--gutenslider-padding-y-desktop: 40px;--gutenslider-padding-x-desktop: 40px;--gutenslider-bg-image: url();--gutenslider-min-height-md: 50vh;--gutenslider-min-height-sm: 50vh;--gutenslider-padding-x: 40px;--gutenslider-padding-x-md: 40px;--gutenslider-padding-x-sm: 20px;--gutenslider-padding-y: 40px;--gutenslider-padding-y-md: 40px;--gutenslider-padding-y-sm: 20px;--gutenslider-arrow-size-md: 35px;--gutenslider-arrow-size-sm: 35px;--gutenslider-dot-size-md: 25px;--gutenslider-dot-size-sm: 25px;--gutenslider-arrow-bg-color: transparent;--gutenslider-arrow-hover-color: #000000bb;--gutenslider-arrow-bg-hover-color: transparent;--gutenslider-arrow-x-offset: 10px;--gutenslider-arrow-x-offset-md: 10px;--gutenslider-arrow-x-offset-sm: 10px;--gutenslider-arrow-y-offset: 0px;--gutenslider-arrow-y-offset-md: 0px;--gutenslider-arrow-y-offset-sm: 0px;--gutenslider-arrow-x-spacing: 0px;--gutenslider-dot-y-offset: 10px;--gutenslider-dot-y-offset-md: 10px;--gutenslider-dot-y-offset-sm: 10px;--gutenslider-margin-x: 0px;--gutenslider-margin-x-md: 0px;--gutenslider-margin-x-sm: 0px;--gutenslider-margin-y: 0px;--gutenslider-margin-y-md: 0px;--gutenslider-margin-y-sm: 0px;--gutenslider-divider-top: 60px;--gutenslider-divider-bottom: 60px;--gutenslider-lightgallery-bg: #ffffff;--gutenslider-lightgallery-font: #000000;--gs-first-pos: 50% 50%;--gs-gap-vertical: var( --wp--style--gallery-gap-default, var( --gallery-block--gutter-size, var( --wp--style--block-gap, 0.5em ) ) );--gs-gap-horizontal: var( --wp--style--gallery-gap-default, var( --gallery-block--gutter-size, var( --wp--style--block-gap, 0.5em ) ) );\"><div class=\"gutenslider-divider-top\" style=\"color:#fff;\"><\/div><div class=\"swiper\" data-settings='{\"autoplay\":{\"delay\":3000,\"pauseOnMouseEnter\":true,\"disableOnInteraction\":false},\"speed\":700,\"direction\":\"horizontal\",\"autoHeight\":\"1\",\"loop\":true,\"centeredSlides\":true,\"spaceBetween\":0,\"slidesPerView\":1,\"slidesPerGroup\":1,\"effect\":\"slide\",\"coverflowEffect\":{\"rotate\":30,\"slideShadows\":false,\"depth\":100,\"stretch\":50,\"modifier\":1},\"fadeEffect\":{\"crossFade\":true},\"zoom\":\"\",\"navigation\":{\"nextEl\":\"#gutenslider-f8herl8i8 .eedee-gutenslider-next\",\"prevEl\":\"#gutenslider-f8herl8i8 .eedee-gutenslider-prev\"},\"pagination\":{\"type\":\"bullets\",\"clickable\":true,\"dynamicBullets\":false,\"el\":\"#gutenslider-f8herl8i8 .eedee-gutenslider-pagination\"},\"pauseOnHover\":\"1\",\"watchSlidesProgress\":true,\"watchSlidesVisibility\":true,\"settingsMd\":{\"autoHeight\":\"1\",\"slidesPerView\":1,\"slidesPerGroup\":1,\"spaceBetween\":0,\"loop\":true},\"settingsLg\":{\"autoHeight\":\"1\",\"slidesPerView\":1,\"slidesPerGroup\":1,\"spaceBetween\":0,\"loop\":true},\"hasLg\":false,\"hasLgCounter\":true,\"isFullScreen\":false,\"arrowsFollowMouse\":false,\"lgTitle\":\"none\",\"lgCaption\":\"none\",\"lgThumbnails\":true,\"lgZoomEnabled\":false,\"keyboard\":{\"keyboard\":{\"enabled\":true,\"onlyInViewport\":true}},\"hashNavigation\":false,\"dividers\":false}'><div class=\"swiper-wrapper\">\n<div class=\"swiper-slide wp-block-eedee-block-gutenslide is-position-center-center ed-bg-image\" style=\"--ed-vw:300;--ed-vh:159;\" data-hash=\"\"><div class=\"eedee-background-div bg-image\"><img loading=\"lazy\" width=\"1024\" height=\"542\" class=\"wp-image-79414\" src=\"https:\/\/www.clesi.it\/wp-content\/uploads\/2024\/09\/Diplo-1-FR-1024x542.webp\" alt=\"\" decoding=\"async\" style=\"object-fit: cover; object-position: 50% 50%;\"  data-title=\"Diplo 1 FR\" srcset=\"https:\/\/www.clesi.it\/wp-content\/uploads\/2024\/09\/Diplo-1-FR-1024x542.webp 1024w, https:\/\/www.clesi.it\/wp-content\/uploads\/2024\/09\/Diplo-1-FR-300x159.webp 300w, https:\/\/www.clesi.it\/wp-content\/uploads\/2024\/09\/Diplo-1-FR-768x406.webp 768w, https:\/\/www.clesi.it\/wp-content\/uploads\/2024\/09\/Diplo-1-FR-50x26.webp 50w, https:\/\/www.clesi.it\/wp-content\/uploads\/2024\/09\/Diplo-1-FR-1600x847.webp 1600w, https:\/\/www.clesi.it\/wp-content\/uploads\/2024\/09\/Diplo-1-FR-1536x813.webp 1536w, https:\/\/www.clesi.it\/wp-content\/uploads\/2024\/09\/Diplo-1-FR.webp 1920w\" sizes=\"(max-width: 1024px) 100vw, 1024px\" \/><div class=\"eedee-background-div__overlay\" style=\"opacity:1;\"><\/div><\/div><div class=\"slide-content\">\n\n<p class=\"has-text-align-center gutenslider-content-initial has-larger-font-size\"><\/p>\n\n<\/div><\/div>\n\n<div class=\"swiper-slide wp-block-eedee-block-gutenslide is-position-center-center ed-bg-image\" style=\"--ed-vw:300;--ed-vh:159;\" data-hash=\"\"><div class=\"eedee-background-div bg-image\"><img loading=\"lazy\" width=\"1024\" height=\"542\" class=\"wp-image-79409\" src=\"https:\/\/www.clesi.it\/wp-content\/uploads\/2024\/09\/Diplo-2-FR-1024x542.webp\" alt=\"\" decoding=\"async\" style=\"object-fit: cover; object-position: 50% 50%;\"  data-title=\"Diplo 2 FR\" srcset=\"https:\/\/www.clesi.it\/wp-content\/uploads\/2024\/09\/Diplo-2-FR-1024x542.webp 1024w, https:\/\/www.clesi.it\/wp-content\/uploads\/2024\/09\/Diplo-2-FR-300x159.webp 300w, https:\/\/www.clesi.it\/wp-content\/uploads\/2024\/09\/Diplo-2-FR-768x406.webp 768w, https:\/\/www.clesi.it\/wp-content\/uploads\/2024\/09\/Diplo-2-FR-50x26.webp 50w, https:\/\/www.clesi.it\/wp-content\/uploads\/2024\/09\/Diplo-2-FR-1600x847.webp 1600w, https:\/\/www.clesi.it\/wp-content\/uploads\/2024\/09\/Diplo-2-FR-1536x813.webp 1536w, https:\/\/www.clesi.it\/wp-content\/uploads\/2024\/09\/Diplo-2-FR.webp 1920w\" sizes=\"(max-width: 1024px) 100vw, 1024px\" \/><div class=\"eedee-background-div__overlay\" style=\"opacity:1;\"><\/div><\/div><div class=\"slide-content\">\n\n<p class=\"has-text-align-center gutenslider-content-initial has-larger-font-size\"><\/p>\n\n<\/div><\/div>\n\n<div class=\"swiper-slide wp-block-eedee-block-gutenslide is-position-center-center ed-bg-image\" style=\"--ed-vw:300;--ed-vh:159;\" data-hash=\"\"><div class=\"eedee-background-div bg-image\"><img loading=\"lazy\" width=\"1024\" height=\"542\" class=\"wp-image-79404\" src=\"https:\/\/www.clesi.it\/wp-content\/uploads\/2024\/09\/Diplo-3-FR-1024x542.webp\" alt=\"\" decoding=\"async\" style=\"object-fit: cover; object-position: 50% 50%;\"  data-title=\"Diplo 3 FR\" srcset=\"https:\/\/www.clesi.it\/wp-content\/uploads\/2024\/09\/Diplo-3-FR-1024x542.webp 1024w, https:\/\/www.clesi.it\/wp-content\/uploads\/2024\/09\/Diplo-3-FR-300x159.webp 300w, https:\/\/www.clesi.it\/wp-content\/uploads\/2024\/09\/Diplo-3-FR-768x406.webp 768w, https:\/\/www.clesi.it\/wp-content\/uploads\/2024\/09\/Diplo-3-FR-50x26.webp 50w, https:\/\/www.clesi.it\/wp-content\/uploads\/2024\/09\/Diplo-3-FR-1600x847.webp 1600w, https:\/\/www.clesi.it\/wp-content\/uploads\/2024\/09\/Diplo-3-FR-1536x813.webp 1536w, https:\/\/www.clesi.it\/wp-content\/uploads\/2024\/09\/Diplo-3-FR.webp 1920w\" sizes=\"(max-width: 1024px) 100vw, 1024px\" \/><div class=\"eedee-background-div__overlay\" style=\"opacity:1;\"><\/div><\/div><div class=\"slide-content\">\n\n<p class=\"has-text-align-center gutenslider-content-initial has-larger-font-size\"><\/p>\n\n<\/div><\/div>\n<\/div><\/div><button class=\"eedee-gutenslider-nav eedee-gutenslider-prev\"><svg xmlns=\"http:\/\/www.w3.org\/2000\/svg\" viewBox=\"0 0 24 24\" width=\"24\" height=\"24\"><circle class=\"bg\" cx=\"13\" cy=\"12\" r=\"11\" \/><path fill=\"none\" d=\"M0 0h24v24H0z\"\/><path class=\"arrow\" d=\"M10.828 12l4.95 4.95-1.414 1.414L8 12l6.364-6.364 1.414 1.414z\"\/><\/svg><\/button><button class=\"eedee-gutenslider-nav eedee-gutenslider-next\"><svg xmlns=\"http:\/\/www.w3.org\/2000\/svg\" viewBox=\"0 0 24 24\" width=\"24\" height=\"24\"><circle class=\"bg\" cx=\"11\" cy=\"12\" r=\"11\" \/><path fill=\"none\" d=\"M0 0h24v24H0z\"\/><path class=\"arrow\" d=\"M13.172 12l-4.95-4.95 1.414-1.414L16 12l-6.364 6.364-1.414-1.414z\"\/><\/svg><\/button><div class=\"eedee-gutenslider-pagination\"><\/div><div class=\"gutenslider-divider-bottom \" style=\"color:#fff;\"><\/div><\/div><\/div>\n\n\n<div style=\"height:60px\" aria-hidden=\"true\" class=\"wp-block-spacer\"><\/div>\n\n\n\n<h3 class=\"h2-custom\">Les planchers pr\u00e9fabriqu\u00e9s polyvalents et l\u00e9gers<\/h3>\n\n\n\n<p>Le plancher DIPLO \u00ab double-T \u00bb est le plancher pr\u00e9fabriqu\u00e9 en b\u00e9ton arm\u00e9 pr\u00e9contraint produit par Clesi prefabricati en 7 mod\u00e8les avec des sections de 30 \u00e0 100 cm <\/p>\n\n\n\n<p>Gr\u00e2ce au processus de production sp\u00e9cial, le DIPLO en double T a un poids extr\u00eamement l\u00e9ger tout en atteignant d&rsquo;excellentes performances statiques.<\/p>\n\n\n\n<p>Cette caract\u00e9ristique conf\u00e8re \u00e0 DIPLO une grande souplesse d&rsquo;utilisation qui le rend particuli\u00e8rement adapt\u00e9 aux solutions de construction modernes et m\u00eame techniquement complexes pour les b\u00e2timents commerciaux et industriels.<\/p>\n\n\n\n<p>En particulier, le DIPLO double t est la solution id\u00e9ale pour les constructions de grande envergure, notamment pour les STRATOS \u00e0 plusieurs \u00e9tages.<\/p>\n\n\n\n<div style=\"height:40px\" aria-hidden=\"true\" class=\"wp-block-spacer\"><\/div>\n\n\n\n<h3>7 mod\u00e8les et 4 fonds : une polyvalence d&rsquo;utilisation maximale<\/h3>\n\n\n\n<p>Les tuiles de la s\u00e9rie TT sont fabriqu\u00e9es en 7 mod\u00e8les avec diff\u00e9rentes sections de H=30 cm \u00e0 H=100 cm et avec des nervures d&rsquo;\u00e9paisseur variable (fond 14 cm\/17 cm). <\/p>\n\n\n\n<p>La largeur standard de 250 cm est variable de 180 cm \u00e0 un maximum de 300 cm, s&rsquo;adaptant ainsi \u00e0 toutes sortes d&rsquo;exigences en mati\u00e8re de conception.<\/p>\n\n\n\n<p>La large gamme de hauteurs et de fonds permet de r\u00e9pondre \u00e0 toutes les exigences, qu&rsquo;il s&rsquo;agisse de la capacit\u00e9 portante, de la port\u00e9e de calcul ou de la r\u00e9sistance au feu.<\/p>\n\n\n\n<div style=\"height:40px\" aria-hidden=\"true\" class=\"wp-block-spacer\"><\/div>\n\n\n\n<h3>Pose rapide et facile<\/h3>\n\n\n\n<p>Les planchers pr\u00e9fabriqu\u00e9s DIPLO permettent une installation rapide et sans frais, car ils ne n\u00e9cessitent pas de travaux provisoires tels que l&rsquo;\u00e9tayage lors du montage.<\/p>\n\n\n\n<p>DIPLO est pos\u00e9 sur des poutres en T et en I qui, une fois assembl\u00e9es, g\u00e9n\u00e8rent avec l&rsquo;extrados des poutres du plancher un plan continu pr\u00eat pour le coulage collaboratif<\/p>\n\n\n<div id=\"gutenslider-ti6rndm04\" class=\"wp-block-eedee-block-gutenslider gs-frontend content-change alignnone adaptive-height adaptive-height-md adaptive-height-sm arrow-style-1 arrow-position-sides arrow-mb-none arrows-lg arrows-md arrows-sm dot-style-1 dots-lg-none dots-md-none dots-sm-none dot-position-bottom is-position-center-center mb-none wrap-auto-height\" data-parallax-direction=\"down\" data-parallax-amount=\"1.3\" data-lg-transition=\"lg-slide\" data-hash=\"\" ><div class=\"eedee-swiper-outer\" style=\"--gutenslider-min-height: 50vh;--gutenslider-arrow-size: 35px;--gutenslider-dot-size: 25px;--gutenslider-arrow-color: #000000;--gutenslider-dot-color: #000000;--gutenslider-padding-y-mobile: 40px;--gutenslider-padding-x-mobile: 40px;--gutenslider-padding-y-tablet: 40px;--gutenslider-padding-x-tablet: 40px;--gutenslider-padding-y-desktop: 40px;--gutenslider-padding-x-desktop: 40px;--gutenslider-bg-image: url();--gutenslider-min-height-md: 50vh;--gutenslider-min-height-sm: 50vh;--gutenslider-padding-x: 40px;--gutenslider-padding-x-md: 40px;--gutenslider-padding-x-sm: 20px;--gutenslider-padding-y: 40px;--gutenslider-padding-y-md: 40px;--gutenslider-padding-y-sm: 20px;--gutenslider-arrow-size-md: 35px;--gutenslider-arrow-size-sm: 35px;--gutenslider-dot-size-md: 25px;--gutenslider-dot-size-sm: 25px;--gutenslider-arrow-bg-color: transparent;--gutenslider-arrow-hover-color: #000000bb;--gutenslider-arrow-bg-hover-color: transparent;--gutenslider-arrow-x-offset: 10px;--gutenslider-arrow-x-offset-md: 10px;--gutenslider-arrow-x-offset-sm: 10px;--gutenslider-arrow-y-offset: 0px;--gutenslider-arrow-y-offset-md: 0px;--gutenslider-arrow-y-offset-sm: 0px;--gutenslider-arrow-x-spacing: 0px;--gutenslider-dot-y-offset: 10px;--gutenslider-dot-y-offset-md: 10px;--gutenslider-dot-y-offset-sm: 10px;--gutenslider-margin-x: 0px;--gutenslider-margin-x-md: 0px;--gutenslider-margin-x-sm: 0px;--gutenslider-margin-y: 0px;--gutenslider-margin-y-md: 0px;--gutenslider-margin-y-sm: 0px;--gutenslider-divider-top: 60px;--gutenslider-divider-bottom: 60px;--gutenslider-lightgallery-bg: #ffffff;--gutenslider-lightgallery-font: #000000;--gs-first-pos: 50% 50%;--gs-gap-vertical: var( --wp--style--gallery-gap-default, var( --gallery-block--gutter-size, var( --wp--style--block-gap, 0.5em ) ) );--gs-gap-horizontal: var( --wp--style--gallery-gap-default, var( --gallery-block--gutter-size, var( --wp--style--block-gap, 0.5em ) ) );\"><div class=\"gutenslider-divider-top\" style=\"color:#fff;\"><\/div><div class=\"swiper\" data-settings='{\"autoplay\":{\"delay\":3000,\"pauseOnMouseEnter\":true,\"disableOnInteraction\":false},\"speed\":700,\"direction\":\"horizontal\",\"autoHeight\":\"1\",\"loop\":true,\"centeredSlides\":true,\"spaceBetween\":0,\"slidesPerView\":1,\"slidesPerGroup\":1,\"effect\":\"slide\",\"coverflowEffect\":{\"rotate\":30,\"slideShadows\":false,\"depth\":100,\"stretch\":50,\"modifier\":1},\"fadeEffect\":{\"crossFade\":true},\"zoom\":\"\",\"navigation\":{\"nextEl\":\"#gutenslider-ti6rndm04 .eedee-gutenslider-next\",\"prevEl\":\"#gutenslider-ti6rndm04 .eedee-gutenslider-prev\"},\"pagination\":{\"type\":\"bullets\",\"clickable\":true,\"dynamicBullets\":false,\"el\":\"#gutenslider-ti6rndm04 .eedee-gutenslider-pagination\"},\"pauseOnHover\":\"1\",\"watchSlidesProgress\":true,\"watchSlidesVisibility\":true,\"settingsMd\":{\"autoHeight\":\"1\",\"slidesPerView\":1,\"slidesPerGroup\":1,\"spaceBetween\":0,\"loop\":true},\"settingsLg\":{\"autoHeight\":\"1\",\"slidesPerView\":1,\"slidesPerGroup\":1,\"spaceBetween\":0,\"loop\":true},\"hasLg\":false,\"hasLgCounter\":true,\"isFullScreen\":false,\"arrowsFollowMouse\":false,\"lgTitle\":\"none\",\"lgCaption\":\"none\",\"lgThumbnails\":true,\"lgZoomEnabled\":false,\"keyboard\":{\"keyboard\":{\"enabled\":true,\"onlyInViewport\":true}},\"hashNavigation\":false,\"dividers\":false}'><div class=\"swiper-wrapper\">\n<div class=\"swiper-slide wp-block-eedee-block-gutenslide is-position-center-center ed-bg-image\" style=\"--ed-vw:300;--ed-vh:159;\" data-hash=\"\"><div class=\"eedee-background-div bg-image\"><img loading=\"lazy\" width=\"871\" height=\"461\" class=\"wp-image-78301\" src=\"https:\/\/www.clesi.it\/wp-content\/uploads\/2023\/05\/Slider_Diplo_Progetti-04.jpg\" alt=\"\" decoding=\"async\" style=\"object-fit: cover; object-position: 50% 50%;\"  data-title=\"Slider_Diplo_Progetti-04\" srcset=\"https:\/\/www.clesi.it\/wp-content\/uploads\/2023\/05\/Slider_Diplo_Progetti-04.jpg 871w, https:\/\/www.clesi.it\/wp-content\/uploads\/2023\/05\/Slider_Diplo_Progetti-04-300x159.jpg 300w, https:\/\/www.clesi.it\/wp-content\/uploads\/2023\/05\/Slider_Diplo_Progetti-04-768x406.jpg 768w\" sizes=\"(max-width: 871px) 100vw, 871px\" \/><div class=\"eedee-background-div__overlay\" style=\"opacity:1;\"><\/div><\/div><div class=\"slide-content\">\n\n<p class=\"has-text-align-center gutenslider-content-initial has-larger-font-size\"><\/p>\n\n<\/div><\/div>\n\n<div class=\"swiper-slide wp-block-eedee-block-gutenslide is-position-center-center ed-bg-image\" style=\"--ed-vw:300;--ed-vh:159;\" data-hash=\"\"><div class=\"eedee-background-div bg-image\"><img loading=\"lazy\" width=\"871\" height=\"461\" class=\"wp-image-78303\" src=\"https:\/\/www.clesi.it\/wp-content\/uploads\/2023\/05\/Slider_Diplo_Progetti-05.jpg\" alt=\"\" decoding=\"async\" style=\"object-fit: cover; object-position: 50% 50%;\"  data-title=\"Slider_Diplo_Progetti-05\" srcset=\"https:\/\/www.clesi.it\/wp-content\/uploads\/2023\/05\/Slider_Diplo_Progetti-05.jpg 871w, https:\/\/www.clesi.it\/wp-content\/uploads\/2023\/05\/Slider_Diplo_Progetti-05-300x159.jpg 300w, https:\/\/www.clesi.it\/wp-content\/uploads\/2023\/05\/Slider_Diplo_Progetti-05-768x406.jpg 768w\" sizes=\"(max-width: 871px) 100vw, 871px\" \/><div class=\"eedee-background-div__overlay\" style=\"opacity:1;\"><\/div><\/div><div class=\"slide-content\">\n\n<p class=\"has-text-align-center gutenslider-content-initial has-larger-font-size\"><\/p>\n\n<\/div><\/div>\n\n<div class=\"swiper-slide wp-block-eedee-block-gutenslide is-position-center-center ed-bg-image\" style=\"--ed-vw:300;--ed-vh:159;\" data-hash=\"\"><div class=\"eedee-background-div bg-image\"><img loading=\"lazy\" width=\"871\" height=\"461\" class=\"wp-image-78305\" src=\"https:\/\/www.clesi.it\/wp-content\/uploads\/2023\/05\/Slider_Diplo_Progetti-06.jpg\" alt=\"\" decoding=\"async\" style=\"object-fit: cover; object-position: 50% 50%;\"  data-title=\"Slider_Diplo_Progetti-06\" srcset=\"https:\/\/www.clesi.it\/wp-content\/uploads\/2023\/05\/Slider_Diplo_Progetti-06.jpg 871w, https:\/\/www.clesi.it\/wp-content\/uploads\/2023\/05\/Slider_Diplo_Progetti-06-300x159.jpg 300w, https:\/\/www.clesi.it\/wp-content\/uploads\/2023\/05\/Slider_Diplo_Progetti-06-768x406.jpg 768w\" sizes=\"(max-width: 871px) 100vw, 871px\" \/><div class=\"eedee-background-div__overlay\" style=\"opacity:1;\"><\/div><\/div><div class=\"slide-content\">\n\n<p class=\"has-text-align-center gutenslider-content-initial has-larger-font-size\"><\/p>\n\n<\/div><\/div>\n<\/div><\/div><button class=\"eedee-gutenslider-nav eedee-gutenslider-prev\"><svg xmlns=\"http:\/\/www.w3.org\/2000\/svg\" viewBox=\"0 0 24 24\" width=\"24\" height=\"24\"><circle class=\"bg\" cx=\"13\" cy=\"12\" r=\"11\" \/><path fill=\"none\" d=\"M0 0h24v24H0z\"\/><path class=\"arrow\" d=\"M10.828 12l4.95 4.95-1.414 1.414L8 12l6.364-6.364 1.414 1.414z\"\/><\/svg><\/button><button class=\"eedee-gutenslider-nav eedee-gutenslider-next\"><svg xmlns=\"http:\/\/www.w3.org\/2000\/svg\" viewBox=\"0 0 24 24\" width=\"24\" height=\"24\"><circle class=\"bg\" cx=\"11\" cy=\"12\" r=\"11\" \/><path fill=\"none\" d=\"M0 0h24v24H0z\"\/><path class=\"arrow\" d=\"M13.172 12l-4.95-4.95 1.414-1.414L16 12l-6.364 6.364-1.414-1.414z\"\/><\/svg><\/button><div class=\"eedee-gutenslider-pagination\"><\/div><div class=\"gutenslider-divider-bottom \" style=\"color:#fff;\"><\/div><\/div><\/div>","protected":false},"excerpt":{"rendered":"<p>Plancher DIPLO en double T Les planchers pr\u00e9fabriqu\u00e9s polyvalents et l\u00e9gers Le plancher DIPLO \u00ab double-T \u00bb est le plancher pr\u00e9fabriqu\u00e9 en b\u00e9ton arm\u00e9 pr\u00e9contraint produit par Clesi prefabricati en 7 mod\u00e8les avec des sections de 30 \u00e0 100 cm Gr\u00e2ce au processus de production sp\u00e9cial, le DIPLO en double T a un poids extr\u00eamement [&hellip;]<\/p>\n","protected":false},"author":1,"featured_media":78738,"parent":78865,"menu_order":0,"comment_status":"closed","ping_status":"closed","template":"","meta":[],"_links":{"self":[{"href":"https:\/\/www.clesi.it\/fr\/wp-json\/wp\/v2\/pages\/78936"}],"collection":[{"href":"https:\/\/www.clesi.it\/fr\/wp-json\/wp\/v2\/pages"}],"about":[{"href":"https:\/\/www.clesi.it\/fr\/wp-json\/wp\/v2\/types\/page"}],"author":[{"embeddable":true,"href":"https:\/\/www.clesi.it\/fr\/wp-json\/wp\/v2\/users\/1"}],"replies":[{"embeddable":true,"href":"https:\/\/www.clesi.it\/fr\/wp-json\/wp\/v2\/comments?post=78936"}],"version-history":[{"count":3,"href":"https:\/\/www.clesi.it\/fr\/wp-json\/wp\/v2\/pages\/78936\/revisions"}],"predecessor-version":[{"id":79420,"href":"https:\/\/www.clesi.it\/fr\/wp-json\/wp\/v2\/pages\/78936\/revisions\/79420"}],"up":[{"embeddable":true,"href":"https:\/\/www.clesi.it\/fr\/wp-json\/wp\/v2\/pages\/78865"}],"wp:featuredmedia":[{"embeddable":true,"href":"https:\/\/www.clesi.it\/fr\/wp-json\/wp\/v2\/media\/78738"}],"wp:attachment":[{"href":"https:\/\/www.clesi.it\/fr\/wp-json\/wp\/v2\/media?parent=78936"}],"curies":[{"name":"wp","href":"https:\/\/api.w.org\/{rel}","templated":true}]}}