{"id":78968,"date":"2017-01-30T17:34:34","date_gmt":"2017-01-30T16:34:34","guid":{"rendered":"https:\/\/www.clesi.it\/sistemi-costruttivi\/delta\/"},"modified":"2024-11-19T12:33:34","modified_gmt":"2024-11-19T11:33:34","slug":"delta","status":"publish","type":"page","link":"https:\/\/www.clesi.it\/fr\/sistemi-costruttivi\/delta\/","title":{"rendered":"Delta &#8211; double pente"},"content":{"rendered":"\n<blockquote class=\"wp-block-quote\"><p><em>Le syst\u00e8me \u00e0 double pente : une solution dynamique pour les entreprises en croissance<\/em><\/p><\/blockquote>\n\n\n<div id=\"gutenslider-09zi2o5ne\" class=\"wp-block-eedee-block-gutenslider gs-frontend content-fixed alignnone arrow-style-1 arrow-position-sides arrow-mb-none arrows-lg arrows-md arrows-sm dot-style-1 dots-lg-none dots-md-none dots-sm-none dot-position-bottom is-position-center-center mb-none wrap-auto-height\" style=\"--gutenslider-min-height: 40vh;--gutenslider-arrow-size: 30px;--gutenslider-dot-size: 25px;--gutenslider-arrow-color: #ffffff;--gutenslider-dot-color: #ffffff;--gutenslider-padding-y-mobile: 40px;--gutenslider-padding-x-mobile: 40px;--gutenslider-padding-y-tablet: 40px;--gutenslider-padding-x-tablet: 40px;--gutenslider-padding-y-desktop: 40px;--gutenslider-padding-x-desktop: 40px;--gutenslider-bg-image: url();--gutenslider-min-height-md: 50vh;--gutenslider-min-height-sm: 50vh;--gutenslider-padding-x: 40px;--gutenslider-padding-x-md: 40px;--gutenslider-padding-x-sm: 20px;--gutenslider-padding-y: 50px;--gutenslider-padding-y-md: 50px;--gutenslider-padding-y-sm: 50px;--gutenslider-arrow-size-md: 30px;--gutenslider-arrow-size-sm: 30px;--gutenslider-dot-size-md: 25px;--gutenslider-dot-size-sm: 25px;--gutenslider-arrow-bg-color: transparent;--gutenslider-arrow-hover-color: #eeeeee;--gutenslider-arrow-bg-hover-color: transparent;--gutenslider-arrow-x-offset: 10px;--gutenslider-arrow-x-offset-md: 10px;--gutenslider-arrow-x-offset-sm: 10px;--gutenslider-arrow-y-offset: 0px;--gutenslider-arrow-y-offset-md: 0px;--gutenslider-arrow-y-offset-sm: 0px;--gutenslider-arrow-x-spacing: 0px;--gutenslider-dot-y-offset: 10px;--gutenslider-dot-y-offset-md: 10px;--gutenslider-dot-y-offset-sm: 10px;--gutenslider-margin-x: 0px;--gutenslider-margin-x-md: 0px;--gutenslider-margin-x-sm: 0px;--gutenslider-margin-y: 0px;--gutenslider-margin-y-md: 0px;--gutenslider-margin-y-sm: 0px;--gutenslider-divider-top: 60px;--gutenslider-divider-bottom: 60px;--gutenslider-lightgallery-bg: #ffffff;--gutenslider-lightgallery-font: #000000;--gs-first-pos: 50% 50%;--gs-gap-vertical: var( --wp--style--gallery-gap-default, var( --gallery-block--gutter-size, var( --wp--style--block-gap, 0.5em ) ) );--gs-gap-horizontal: var( --wp--style--gallery-gap-default, var( --gallery-block--gutter-size, var( --wp--style--block-gap, 0.5em ) ) );\" data-parallax-direction=\"down\" data-parallax-amount=\"1.3\" data-lg-transition=\"lg-slide\" data-hash=\"\"><div class=\"eedee-swiper-outer\"><div class=\"gutenslider-divider-top\" style=\"color:#fff;\"><\/div><div class=\"swiper\" data-settings='{\"autoplay\":{\"delay\":3000,\"pauseOnMouseEnter\":true,\"disableOnInteraction\":false},\"speed\":700,\"direction\":\"horizontal\",\"autoHeight\":\"\",\"loop\":true,\"centeredSlides\":true,\"spaceBetween\":0,\"slidesPerView\":1,\"slidesPerGroup\":1,\"effect\":\"slide\",\"coverflowEffect\":{\"rotate\":30,\"slideShadows\":false,\"depth\":100,\"stretch\":50,\"modifier\":1},\"fadeEffect\":{\"crossFade\":true},\"zoom\":\"\",\"navigation\":{\"nextEl\":\"#gutenslider-09zi2o5ne .eedee-gutenslider-next\",\"prevEl\":\"#gutenslider-09zi2o5ne .eedee-gutenslider-prev\"},\"pagination\":{\"type\":\"bullets\",\"clickable\":true,\"dynamicBullets\":false,\"el\":\"#gutenslider-09zi2o5ne .eedee-gutenslider-pagination\"},\"pauseOnHover\":\"1\",\"watchSlidesProgress\":true,\"watchSlidesVisibility\":true,\"settingsMd\":{\"autoHeight\":\"\",\"slidesPerView\":1,\"slidesPerGroup\":1,\"spaceBetween\":0,\"loop\":true},\"settingsLg\":{\"autoHeight\":\"\",\"slidesPerView\":1,\"slidesPerGroup\":1,\"spaceBetween\":0,\"loop\":true},\"hasLg\":false,\"hasLgCounter\":true,\"isFullScreen\":false,\"arrowsFollowMouse\":false,\"lgTitle\":\"none\",\"lgCaption\":\"none\",\"lgThumbnails\":true,\"lgZoomEnabled\":false,\"keyboard\":{\"keyboard\":{\"enabled\":true,\"onlyInViewport\":true}},\"hashNavigation\":false,\"dividers\":false}'><div class=\"swiper-wrapper\">\n<div class=\"swiper-slide wp-block-eedee-block-gutenslide is-position-center-center ed-bg-image\" style=\"--ed-vw:300;--ed-vh:169;\" data-hash=\"\"><div class=\"eedee-background-div bg-image\"><img loading=\"lazy\" width=\"1024\" height=\"576\" class=\"wp-image-76332\" src=\"https:\/\/www.clesi.it\/wp-content\/uploads\/2020\/10\/capriata2-1024x576.png\" alt=\"\" decoding=\"async\" style=\"object-fit: cover; object-position: 50% 50%;\"  data-title=\"capriata2\" srcset=\"https:\/\/www.clesi.it\/wp-content\/uploads\/2020\/10\/capriata2.png 1024w, https:\/\/www.clesi.it\/wp-content\/uploads\/2020\/10\/capriata2-300x169.png 300w, https:\/\/www.clesi.it\/wp-content\/uploads\/2020\/10\/capriata2-768x432.png 768w\" sizes=\"(max-width: 1024px) 100vw, 1024px\" \/><div class=\"eedee-background-div__overlay\" style=\"opacity:1;\"><\/div><\/div><div class=\"slide-content\">\n\n<p class=\"has-text-align-center gutenslider-content-initial has-larger-font-size\"><\/p>\n\n<\/div><\/div>\n\n<div class=\"swiper-slide wp-block-eedee-block-gutenslide is-position-center-center ed-bg-image\" style=\"--ed-vw:300;--ed-vh:169;\" data-hash=\"\"><div class=\"eedee-background-div bg-image\"><img loading=\"lazy\" width=\"1024\" height=\"576\" class=\"wp-image-76331\" src=\"https:\/\/www.clesi.it\/wp-content\/uploads\/2020\/10\/capriata1-1024x576.png\" alt=\"\" decoding=\"async\" style=\"object-fit: cover; object-position: 50% 50%;\"  data-title=\"capriata1\" srcset=\"https:\/\/www.clesi.it\/wp-content\/uploads\/2020\/10\/capriata1.png 1024w, https:\/\/www.clesi.it\/wp-content\/uploads\/2020\/10\/capriata1-300x169.png 300w, https:\/\/www.clesi.it\/wp-content\/uploads\/2020\/10\/capriata1-768x432.png 768w\" sizes=\"(max-width: 1024px) 100vw, 1024px\" \/><div class=\"eedee-background-div__overlay\" style=\"opacity:1;\"><\/div><\/div><div class=\"slide-content\">\n\n<p class=\"has-text-align-center gutenslider-content-initial has-larger-font-size\"><\/p>\n\n<\/div><\/div>\n<\/div><\/div><div class=\"wp-block-eedee-gutenslider__content co-1\">\n<div class=\"swiper-slide wp-block-eedee-block-gutenslide is-position-center-center ed-bg-image\" style=\"--ed-vw:300;--ed-vh:169;\" data-hash=\"\"><div class=\"eedee-background-div bg-image\"><img loading=\"lazy\" width=\"1024\" height=\"576\" class=\"wp-image-76332\" src=\"https:\/\/www.clesi.it\/wp-content\/uploads\/2020\/10\/capriata2-1024x576.png\" alt=\"\" decoding=\"async\" style=\"object-fit: cover; object-position: 50% 50%;\"  data-title=\"capriata2\" srcset=\"https:\/\/www.clesi.it\/wp-content\/uploads\/2020\/10\/capriata2.png 1024w, https:\/\/www.clesi.it\/wp-content\/uploads\/2020\/10\/capriata2-300x169.png 300w, https:\/\/www.clesi.it\/wp-content\/uploads\/2020\/10\/capriata2-768x432.png 768w\" sizes=\"(max-width: 1024px) 100vw, 1024px\" \/><div class=\"eedee-background-div__overlay\" style=\"opacity:1;\"><\/div><\/div><div class=\"slide-content\">\n\n<p class=\"has-text-align-center gutenslider-content-initial has-larger-font-size\"><\/p>\n\n<\/div><\/div>\n\n<div class=\"swiper-slide wp-block-eedee-block-gutenslide is-position-center-center ed-bg-image\" style=\"--ed-vw:300;--ed-vh:169;\" data-hash=\"\"><div class=\"eedee-background-div bg-image\"><img loading=\"lazy\" width=\"1024\" height=\"576\" class=\"wp-image-76331\" src=\"https:\/\/www.clesi.it\/wp-content\/uploads\/2020\/10\/capriata1-1024x576.png\" alt=\"\" decoding=\"async\" style=\"object-fit: cover; object-position: 50% 50%;\"  data-title=\"capriata1\" srcset=\"https:\/\/www.clesi.it\/wp-content\/uploads\/2020\/10\/capriata1.png 1024w, https:\/\/www.clesi.it\/wp-content\/uploads\/2020\/10\/capriata1-300x169.png 300w, https:\/\/www.clesi.it\/wp-content\/uploads\/2020\/10\/capriata1-768x432.png 768w\" sizes=\"(max-width: 1024px) 100vw, 1024px\" \/><div class=\"eedee-background-div__overlay\" style=\"opacity:1;\"><\/div><\/div><div class=\"slide-content\">\n\n<p class=\"has-text-align-center gutenslider-content-initial has-larger-font-size\"><\/p>\n\n<\/div><\/div>\n<\/div><button class=\"eedee-gutenslider-nav eedee-gutenslider-prev\"><svg xmlns=\"http:\/\/www.w3.org\/2000\/svg\" viewBox=\"0 0 24 24\" width=\"24\" height=\"24\"><circle class=\"bg\" cx=\"13\" cy=\"12\" r=\"11\" \/><path fill=\"none\" d=\"M0 0h24v24H0z\"\/><path class=\"arrow\" d=\"M10.828 12l4.95 4.95-1.414 1.414L8 12l6.364-6.364 1.414 1.414z\"\/><\/svg><\/button><button class=\"eedee-gutenslider-nav eedee-gutenslider-next\"><svg xmlns=\"http:\/\/www.w3.org\/2000\/svg\" viewBox=\"0 0 24 24\" width=\"24\" height=\"24\"><circle class=\"bg\" cx=\"11\" cy=\"12\" r=\"11\" \/><path fill=\"none\" d=\"M0 0h24v24H0z\"\/><path class=\"arrow\" d=\"M13.172 12l-4.95-4.95 1.414-1.414L16 12l-6.364 6.364-1.414-1.414z\"\/><\/svg><\/button><div class=\"eedee-gutenslider-pagination\"><\/div><\/div><div class=\"gutenslider-divider-bottom \" style=\"color:#fff;\"><\/div><\/div>\n\n\n<div style=\"height:40px\" aria-hidden=\"true\" class=\"wp-block-spacer\"><\/div>\n\n\n\n<h2 class=\"h2-custom\"><strong>UNE SOLUTION TECHNIQUE INNOVANTE ET EFFICACE<\/strong><\/h2>\n\n\n\n<p>Delta est un syst\u00e8me pr\u00e9fabriqu\u00e9 en b\u00e9ton arm\u00e9 id\u00e9al pour les hangars industriels, commerciaux, agricoles ou d&rsquo;exposition.  Delta a une hauteur utile interne qui varie en fonction des besoins de l&rsquo;entreprise. En effet, des port\u00e9es allant jusqu&rsquo;\u00e0 45 m peuvent \u00eatre atteintes sans l&rsquo;encombrement de piliers. Le hangar pr\u00e9fabriqu\u00e9 en b\u00e9ton Delta est donc id\u00e9al pour les activit\u00e9s qui n\u00e9cessitent de grands espaces de mouvement \u00e0 l&rsquo;int\u00e9rieur. Le panneau de toit \u00e0 double pente de 9 % assure un drainage parfait de l&rsquo;eau de pluie.<\/p>\n\n\n\n<div class=\"wp-container-3 wp-block-columns\">\n<div class=\"wp-container-1 wp-block-column\">\n<div style=\"height:30px\" aria-hidden=\"true\" class=\"wp-block-spacer\"><\/div>\n\n\n\n<h2 class=\"h2-custom\">Technique<\/h2>\n\n\n\n<p>Le syst\u00e8me Delta comporte une poutre \u00e0 double pente sur laquelle repose l&rsquo;\u00e9l\u00e9ment tubulaire Delta.<\/p>\n\n\n\n<p>Il est r\u00e9alis\u00e9 en b\u00e9ton arm\u00e9 pr\u00e9contraint avec des port\u00e9es de 12 m \u00e0 45 m, et comprend une section variable allant de 45 cm \u00e0 65 cm en fonction des charges \u00e0 couvrir. L&rsquo;\u00e9l\u00e9ment Delta est pos\u00e9 sur la poutre \u00e0 double pente. <\/p>\n\n\n\n<p>La hauteur int\u00e9rieure utile du pr\u00e9fabriqu\u00e9 en b\u00e9ton Delta varie en fonction des besoins de l&rsquo;entreprise et des port\u00e9es allant jusqu&rsquo;\u00e0 45 m\u00e8tres peuvent \u00eatre atteintes sans qu&rsquo;il soit n\u00e9cessaire de recourir \u00e0 des piliers.<\/p>\n\n\n\n<p>Le syst\u00e8me Delta est compl\u00e9t\u00e9 par une membrane de toiture sp\u00e9cifique avec une solution de panneaux sandwichs fix\u00e9s \u00e0 l&rsquo;aide d&rsquo;attaches sp\u00e9ciales. Sur demande du client, Clesi Prefabbricati peut \u00e9galement fournir la couverture du toit avec un coefficient de transmission thermique dans les limites autoris\u00e9es par le D\u00e9cret l\u00e9gislatif.<\/p>\n<\/div>\n\n\n\n<div class=\"wp-container-2 wp-block-column\">\n<div style=\"height:30px\" aria-hidden=\"true\" class=\"wp-block-spacer\"><\/div>\n\n\n\n<h2 class=\"h2-custom\">Avantages<\/h2>\n\n\n\n<p>La structure de Delta est garantie 15 ans. Tous les autres \u00e9l\u00e9ments du hangar pr\u00e9fabriqu\u00e9 Delta sont toutefois garantis conform\u00e9ment aux dispositions l\u00e9gales. Le transport et le montage des hangars pr\u00e9fabriqu\u00e9s Delta sont inclus dans le co\u00fbt final.<\/p>\n\n\n\n<p>Le transport est assur\u00e9 par nos propres v\u00e9hicules, ce qui garantit la s\u00e9curit\u00e9 et des d\u00e9lais de livraison courts.<\/p>\n\n\n\n<p>Le b\u00e2timent pr\u00e9fabriqu\u00e9 Delta est d\u00e9j\u00e0 fourni avec un indice de r\u00e9sistance au feu de R=90, id\u00e9al pour toutes les activit\u00e9s commerciales et de production normales. Pour les entreprises qui ont besoin d&rsquo;une r\u00e9sistance au feu plus \u00e9lev\u00e9e, Clesi fournit des pr\u00e9fabriqu\u00e9s Delta avec une r\u00e9sistance jusqu&rsquo;\u00e0 R=120<\/p>\n\n\n\n<p>Les hangars pr\u00e9fabriqu\u00e9s en b\u00e9ton Delta sont fournis avec une r\u00e9sistance sismique allant de la zone 1 \u00e0 la zone 4 (S4 \u00e0 S12). <\/p>\n\n\n\n<p>En outre, le mur de remplissage ext\u00e9rieur est constitu\u00e9 de panneaux pr\u00e9fabriqu\u00e9s qui, \u00e0 la demande du client, peuvent \u00eatre pleins, all\u00e9g\u00e9s, binerv\u00e9s ou isol\u00e9s thermiquement.<\/p>\n\n\n\n<p>Les joints des goutti\u00e8res sont imperm\u00e9abilis\u00e9s avec une membrane. Cette solution permet un excellent \u00e9coulement des eaux de pluie tout en assurant une bonne isolation de la structure.<\/p>\n<\/div>\n<\/div>\n\n\n\n<div class=\"wp-container-6 wp-block-columns\">\n<div class=\"wp-container-4 wp-block-column\">\n<div style=\"height:30px\" aria-hidden=\"true\" class=\"wp-block-spacer\"><\/div>\n\n\n\n<h2 class=\"h2-custom\">Projects<\/h2>\n\n\n<div id=\"gutenslider-tl7ngnksg\" class=\"wp-block-eedee-block-gutenslider gs-frontend content-change alignnone arrow-style-1 arrow-position-sides arrow-mb-none arrows-lg arrows-md arrows-sm dot-style-1 dots-lg-none dots-md-none dots-sm-none dot-position-bottom is-position-center-center mb-none wrap-auto-height\" data-parallax-direction=\"down\" data-parallax-amount=\"1.3\" data-lg-transition=\"lg-slide\" data-hash=\"\" ><div class=\"eedee-swiper-outer\" style=\"--gutenslider-min-height: 20vh;--gutenslider-arrow-size: 30px;--gutenslider-dot-size: 25px;--gutenslider-arrow-color: #ffffff;--gutenslider-dot-color: #ffffff;--gutenslider-padding-y-mobile: 40px;--gutenslider-padding-x-mobile: 40px;--gutenslider-padding-y-tablet: 40px;--gutenslider-padding-x-tablet: 40px;--gutenslider-padding-y-desktop: 40px;--gutenslider-padding-x-desktop: 40px;--gutenslider-bg-image: url();--gutenslider-min-height-md: 20vh;--gutenslider-min-height-sm: 20vh;--gutenslider-padding-x: 40px;--gutenslider-padding-x-md: 40px;--gutenslider-padding-x-sm: 20px;--gutenslider-padding-y: 40px;--gutenslider-padding-y-md: 40px;--gutenslider-padding-y-sm: 20px;--gutenslider-arrow-size-md: 30px;--gutenslider-arrow-size-sm: 30px;--gutenslider-dot-size-md: 25px;--gutenslider-dot-size-sm: 25px;--gutenslider-arrow-bg-color: transparent;--gutenslider-arrow-hover-color: #eeeeee;--gutenslider-arrow-bg-hover-color: transparent;--gutenslider-arrow-x-offset: 10px;--gutenslider-arrow-x-offset-md: 10px;--gutenslider-arrow-x-offset-sm: 10px;--gutenslider-arrow-y-offset: 0px;--gutenslider-arrow-y-offset-md: 0px;--gutenslider-arrow-y-offset-sm: 0px;--gutenslider-arrow-x-spacing: 0px;--gutenslider-dot-y-offset: 10px;--gutenslider-dot-y-offset-md: 10px;--gutenslider-dot-y-offset-sm: 10px;--gutenslider-margin-x: 0px;--gutenslider-margin-x-md: 0px;--gutenslider-margin-x-sm: 0px;--gutenslider-margin-y: 0px;--gutenslider-margin-y-md: 0px;--gutenslider-margin-y-sm: 0px;--gutenslider-divider-top: 60px;--gutenslider-divider-bottom: 60px;--gutenslider-lightgallery-bg: #ffffff;--gutenslider-lightgallery-font: #000000;--gs-first-pos: 50% 50%;--gs-gap-vertical: var( --wp--style--gallery-gap-default, var( --gallery-block--gutter-size, var( --wp--style--block-gap, 0.5em ) ) );--gs-gap-horizontal: var( --wp--style--gallery-gap-default, var( --gallery-block--gutter-size, var( --wp--style--block-gap, 0.5em ) ) );\"><div class=\"gutenslider-divider-top\" style=\"color:#fff;\"><\/div><div class=\"swiper\" data-settings='{\"autoplay\":{\"delay\":3000,\"pauseOnMouseEnter\":true,\"disableOnInteraction\":false},\"speed\":700,\"direction\":\"horizontal\",\"autoHeight\":\"\",\"loop\":true,\"centeredSlides\":true,\"spaceBetween\":0,\"slidesPerView\":1,\"slidesPerGroup\":1,\"effect\":\"slide\",\"coverflowEffect\":{\"rotate\":30,\"slideShadows\":false,\"depth\":100,\"stretch\":50,\"modifier\":1},\"fadeEffect\":{\"crossFade\":true},\"zoom\":\"\",\"navigation\":{\"nextEl\":\"#gutenslider-tl7ngnksg .eedee-gutenslider-next\",\"prevEl\":\"#gutenslider-tl7ngnksg .eedee-gutenslider-prev\"},\"pagination\":{\"type\":\"bullets\",\"clickable\":true,\"dynamicBullets\":false,\"el\":\"#gutenslider-tl7ngnksg .eedee-gutenslider-pagination\"},\"pauseOnHover\":\"1\",\"watchSlidesProgress\":true,\"watchSlidesVisibility\":true,\"settingsMd\":{\"autoHeight\":\"\",\"slidesPerView\":1,\"slidesPerGroup\":1,\"spaceBetween\":0,\"loop\":true},\"settingsLg\":{\"autoHeight\":\"\",\"slidesPerView\":1,\"slidesPerGroup\":1,\"spaceBetween\":0,\"loop\":true},\"hasLg\":false,\"hasLgCounter\":true,\"isFullScreen\":false,\"arrowsFollowMouse\":false,\"lgTitle\":\"none\",\"lgCaption\":\"none\",\"lgThumbnails\":true,\"lgZoomEnabled\":false,\"keyboard\":{\"keyboard\":{\"enabled\":true,\"onlyInViewport\":true}},\"hashNavigation\":false,\"dividers\":false}'><div class=\"swiper-wrapper\">\n<div class=\"swiper-slide wp-block-eedee-block-gutenslide is-position-center-center ed-bg-image\" style=\"--ed-vw:300;--ed-vh:169;\" data-hash=\"\"><div class=\"eedee-background-div bg-image\"><img loading=\"lazy\" width=\"1024\" height=\"576\" class=\"wp-image-76176\" src=\"https:\/\/www.clesi.it\/wp-content\/uploads\/2019\/10\/SAF-MZ-1-1024x576.jpg\" alt=\"\" decoding=\"async\" style=\"object-fit: cover; object-position: 50% 50%;\"  data-title=\"SAF---MZ\" srcset=\"https:\/\/www.clesi.it\/wp-content\/uploads\/2019\/10\/SAF-MZ-1.jpg 1024w, https:\/\/www.clesi.it\/wp-content\/uploads\/2019\/10\/SAF-MZ-1-300x169.jpg 300w, https:\/\/www.clesi.it\/wp-content\/uploads\/2019\/10\/SAF-MZ-1-768x432.jpg 768w\" sizes=\"(max-width: 1024px) 100vw, 1024px\" \/><div class=\"eedee-background-div__overlay\" style=\"opacity:1;\"><\/div><\/div><div class=\"slide-content\">\n\n<p class=\"has-text-align-center gutenslider-content-initial has-larger-font-size\"><\/p>\n\n<\/div><\/div>\n\n<div class=\"swiper-slide wp-block-eedee-block-gutenslide is-position-center-center ed-bg-image\" style=\"--ed-vw:300;--ed-vh:244;\" data-hash=\"\"><div class=\"eedee-background-div bg-image\"><img loading=\"lazy\" width=\"1024\" height=\"833\" class=\"wp-image-76173\" src=\"https:\/\/www.clesi.it\/wp-content\/uploads\/2019\/10\/SAF-S.R.L-1-1024x833.jpg\" alt=\"\" decoding=\"async\" style=\"object-fit: cover; object-position: 50% 50%;\"  data-title=\"SAF---S.R.L\" srcset=\"https:\/\/www.clesi.it\/wp-content\/uploads\/2019\/10\/SAF-S.R.L-1.jpg 1024w, https:\/\/www.clesi.it\/wp-content\/uploads\/2019\/10\/SAF-S.R.L-1-300x244.jpg 300w, https:\/\/www.clesi.it\/wp-content\/uploads\/2019\/10\/SAF-S.R.L-1-768x625.jpg 768w\" sizes=\"(max-width: 1024px) 100vw, 1024px\" \/><div class=\"eedee-background-div__overlay\" style=\"opacity:1;\"><\/div><\/div><div class=\"slide-content\">\n\n<p class=\"has-text-align-center gutenslider-content-initial has-larger-font-size\"><\/p>\n\n<\/div><\/div>\n\n<div class=\"swiper-slide wp-block-eedee-block-gutenslide is-position-center-center ed-bg-image\" style=\"--ed-vw:300;--ed-vh:224;\" data-hash=\"\"><div class=\"eedee-background-div bg-image\"><img loading=\"lazy\" width=\"1024\" height=\"765\" class=\"wp-image-76172\" src=\"https:\/\/www.clesi.it\/wp-content\/uploads\/2019\/10\/SAF-SRL-MZ-IMMOBILIARE-SRL-2-1-1024x765.jpg\" alt=\"\" decoding=\"async\" style=\"object-fit: cover; object-position: 50% 50%;\"  data-title=\"SAF-SRL---MZ-IMMOBILIARE-SRL-2\" srcset=\"https:\/\/www.clesi.it\/wp-content\/uploads\/2019\/10\/SAF-SRL-MZ-IMMOBILIARE-SRL-2-1.jpg 1024w, https:\/\/www.clesi.it\/wp-content\/uploads\/2019\/10\/SAF-SRL-MZ-IMMOBILIARE-SRL-2-1-300x224.jpg 300w, https:\/\/www.clesi.it\/wp-content\/uploads\/2019\/10\/SAF-SRL-MZ-IMMOBILIARE-SRL-2-1-768x574.jpg 768w\" sizes=\"(max-width: 1024px) 100vw, 1024px\" \/><div class=\"eedee-background-div__overlay\" style=\"opacity:1;\"><\/div><\/div><div class=\"slide-content\">\n\n<p class=\"has-text-align-center gutenslider-content-initial has-larger-font-size\"><\/p>\n\n<\/div><\/div>\n<\/div><\/div><button class=\"eedee-gutenslider-nav eedee-gutenslider-prev\"><svg xmlns=\"http:\/\/www.w3.org\/2000\/svg\" viewBox=\"0 0 24 24\" width=\"24\" height=\"24\"><circle class=\"bg\" cx=\"13\" cy=\"12\" r=\"11\" \/><path fill=\"none\" d=\"M0 0h24v24H0z\"\/><path class=\"arrow\" d=\"M10.828 12l4.95 4.95-1.414 1.414L8 12l6.364-6.364 1.414 1.414z\"\/><\/svg><\/button><button class=\"eedee-gutenslider-nav eedee-gutenslider-next\"><svg xmlns=\"http:\/\/www.w3.org\/2000\/svg\" viewBox=\"0 0 24 24\" width=\"24\" height=\"24\"><circle class=\"bg\" cx=\"11\" cy=\"12\" r=\"11\" \/><path fill=\"none\" d=\"M0 0h24v24H0z\"\/><path class=\"arrow\" d=\"M13.172 12l-4.95-4.95 1.414-1.414L16 12l-6.364 6.364-1.414-1.414z\"\/><\/svg><\/button><div class=\"eedee-gutenslider-pagination\"><\/div><div class=\"gutenslider-divider-bottom \" style=\"color:#fff;\"><\/div><\/div><\/div><\/div>\n\n\n\n<div class=\"wp-container-5 wp-block-column\">\n<div style=\"height:30px\" aria-hidden=\"true\" class=\"wp-block-spacer\"><\/div>\n\n\n\n<h2 class=\"h2-custom\">Brochures<\/h2>\n\n\n\n<figure class=\"wp-block-image size-medium is-resized\"><img loading=\"lazy\" src=\"https:\/\/www.clesi.it\/wp-content\/uploads\/2020\/10\/anteprima-brochure-300x141.png\" alt=\"\" class=\"wp-image-76319\" width=\"225\" height=\"106\" srcset=\"https:\/\/www.clesi.it\/wp-content\/uploads\/2020\/10\/anteprima-brochure-300x141.png 300w, https:\/\/www.clesi.it\/wp-content\/uploads\/2020\/10\/anteprima-brochure-768x360.png 768w, https:\/\/www.clesi.it\/wp-content\/uploads\/2020\/10\/anteprima-brochure-1024x480.png 1024w\" sizes=\"(max-width: 225px) 100vw, 225px\" \/><\/figure>\n\n\n\n<div class=\"wp-block-button down\"><a class=\"wp-block-button__link\" href=\"https:\/\/www.clesi.it\/wp-content\/uploads\/2024\/11\/Strutture-e-coperture_fr.pdf\" target=\"_blank\" rel=\"noreferrer noopener\">Download<\/a><\/div>\n<\/div>\n<\/div>\n","protected":false},"excerpt":{"rendered":"<p>Le syst\u00e8me \u00e0 double pente : une solution dynamique pour les entreprises en croissance UNE SOLUTION TECHNIQUE INNOVANTE ET EFFICACE Delta est un syst\u00e8me pr\u00e9fabriqu\u00e9 en b\u00e9ton arm\u00e9 id\u00e9al pour les hangars industriels, commerciaux, agricoles ou d&rsquo;exposition. Delta a une hauteur utile interne qui varie en fonction des besoins de l&rsquo;entreprise. En effet, des port\u00e9es [&hellip;]<\/p>\n","protected":false},"author":1,"featured_media":78715,"parent":78945,"menu_order":0,"comment_status":"closed","ping_status":"closed","template":"","meta":[],"_links":{"self":[{"href":"https:\/\/www.clesi.it\/fr\/wp-json\/wp\/v2\/pages\/78968"}],"collection":[{"href":"https:\/\/www.clesi.it\/fr\/wp-json\/wp\/v2\/pages"}],"about":[{"href":"https:\/\/www.clesi.it\/fr\/wp-json\/wp\/v2\/types\/page"}],"author":[{"embeddable":true,"href":"https:\/\/www.clesi.it\/fr\/wp-json\/wp\/v2\/users\/1"}],"replies":[{"embeddable":true,"href":"https:\/\/www.clesi.it\/fr\/wp-json\/wp\/v2\/comments?post=78968"}],"version-history":[{"count":2,"href":"https:\/\/www.clesi.it\/fr\/wp-json\/wp\/v2\/pages\/78968\/revisions"}],"predecessor-version":[{"id":80504,"href":"https:\/\/www.clesi.it\/fr\/wp-json\/wp\/v2\/pages\/78968\/revisions\/80504"}],"up":[{"embeddable":true,"href":"https:\/\/www.clesi.it\/fr\/wp-json\/wp\/v2\/pages\/78945"}],"wp:featuredmedia":[{"embeddable":true,"href":"https:\/\/www.clesi.it\/fr\/wp-json\/wp\/v2\/media\/78715"}],"wp:attachment":[{"href":"https:\/\/www.clesi.it\/fr\/wp-json\/wp\/v2\/media?parent=78968"}],"curies":[{"name":"wp","href":"https:\/\/api.w.org\/{rel}","templated":true}]}}