{"id":79007,"date":"2017-01-20T00:01:37","date_gmt":"2017-01-19T23:01:37","guid":{"rendered":"https:\/\/www.clesi.it\/pannelli-prefabbricati\/"},"modified":"2024-11-19T12:59:36","modified_gmt":"2024-11-19T11:59:36","slug":"pannelli-prefabbricati","status":"publish","type":"page","link":"https:\/\/www.clesi.it\/fr\/pannelli-prefabbricati\/","title":{"rendered":"Panneaux de remplissage"},"content":{"rendered":"<div id=\"gutenslider-ds7cm00o5\" class=\"wp-block-eedee-block-gutenslider gs-frontend content-change alignnone adaptive-height arrow-style-1 arrow-position-sides arrow-mb-none arrows-lg arrows-md arrows-sm dot-style-1 dots-lg-none dots-md-none dots-sm-none dot-position-bottom is-position-center-center mb-none wrap-auto-height\" data-parallax-direction=\"down\" data-parallax-amount=\"1.3\" data-lg-transition=\"lg-slide\" data-hash=\"\" ><div class=\"eedee-swiper-outer\" style=\"--gutenslider-min-height: 50vh;--gutenslider-arrow-size: 30px;--gutenslider-dot-size: 25px;--gutenslider-arrow-color: #000000;--gutenslider-dot-color: #ffffff;--gutenslider-padding-y-mobile: 40px;--gutenslider-padding-x-mobile: 40px;--gutenslider-padding-y-tablet: 40px;--gutenslider-padding-x-tablet: 40px;--gutenslider-padding-y-desktop: 40px;--gutenslider-padding-x-desktop: 40px;--gutenslider-bg-image: url();--gutenslider-min-height-md: 50vh;--gutenslider-min-height-sm: 50vh;--gutenslider-padding-x: 40px;--gutenslider-padding-x-md: 40px;--gutenslider-padding-x-sm: 20px;--gutenslider-padding-y: 40px;--gutenslider-padding-y-md: 40px;--gutenslider-padding-y-sm: 20px;--gutenslider-arrow-size-md: 30px;--gutenslider-arrow-size-sm: 30px;--gutenslider-dot-size-md: 25px;--gutenslider-dot-size-sm: 25px;--gutenslider-arrow-bg-color: transparent;--gutenslider-arrow-hover-color: #000000bb;--gutenslider-arrow-bg-hover-color: transparent;--gutenslider-arrow-x-offset: 10px;--gutenslider-arrow-x-offset-md: 10px;--gutenslider-arrow-x-offset-sm: 10px;--gutenslider-arrow-y-offset: 0px;--gutenslider-arrow-y-offset-md: 0px;--gutenslider-arrow-y-offset-sm: 0px;--gutenslider-arrow-x-spacing: 0px;--gutenslider-dot-y-offset: 10px;--gutenslider-dot-y-offset-md: 10px;--gutenslider-dot-y-offset-sm: 10px;--gutenslider-margin-x: 0px;--gutenslider-margin-x-md: 0px;--gutenslider-margin-x-sm: 0px;--gutenslider-margin-y: 0px;--gutenslider-margin-y-md: 0px;--gutenslider-margin-y-sm: 0px;--gutenslider-divider-top: 60px;--gutenslider-divider-bottom: 60px;--gutenslider-lightgallery-bg: #ffffff;--gutenslider-lightgallery-font: #000000;--gs-first-pos: 50% 50%;--gs-gap-vertical: var( --wp--style--gallery-gap-default, var( --gallery-block--gutter-size, var( --wp--style--block-gap, 0.5em ) ) );--gs-gap-horizontal: var( --wp--style--gallery-gap-default, var( --gallery-block--gutter-size, var( --wp--style--block-gap, 0.5em ) ) );\"><div class=\"gutenslider-divider-top\" style=\"color:#fff;\"><\/div><div class=\"swiper\" data-settings='{\"autoplay\":{\"delay\":3000,\"pauseOnMouseEnter\":true,\"disableOnInteraction\":false},\"speed\":700,\"direction\":\"horizontal\",\"autoHeight\":\"\",\"loop\":true,\"centeredSlides\":true,\"spaceBetween\":0,\"slidesPerView\":1,\"slidesPerGroup\":1,\"effect\":\"slide\",\"coverflowEffect\":{\"rotate\":30,\"slideShadows\":false,\"depth\":100,\"stretch\":50,\"modifier\":1},\"fadeEffect\":{\"crossFade\":true},\"zoom\":\"\",\"navigation\":{\"nextEl\":\"#gutenslider-ds7cm00o5 .eedee-gutenslider-next\",\"prevEl\":\"#gutenslider-ds7cm00o5 .eedee-gutenslider-prev\"},\"pagination\":{\"type\":\"bullets\",\"clickable\":true,\"dynamicBullets\":false,\"el\":\"#gutenslider-ds7cm00o5 .eedee-gutenslider-pagination\"},\"pauseOnHover\":\"1\",\"watchSlidesProgress\":true,\"watchSlidesVisibility\":true,\"settingsMd\":{\"autoHeight\":\"\",\"slidesPerView\":1,\"slidesPerGroup\":1,\"spaceBetween\":0,\"loop\":true},\"settingsLg\":{\"autoHeight\":\"1\",\"slidesPerView\":1,\"slidesPerGroup\":1,\"spaceBetween\":0,\"loop\":true},\"hasLg\":false,\"hasLgCounter\":true,\"isFullScreen\":false,\"arrowsFollowMouse\":false,\"lgTitle\":\"none\",\"lgCaption\":\"none\",\"lgThumbnails\":true,\"lgZoomEnabled\":false,\"keyboard\":{\"keyboard\":{\"enabled\":true,\"onlyInViewport\":true}},\"hashNavigation\":false,\"dividers\":false}'><div class=\"swiper-wrapper\">\n<div class=\"swiper-slide wp-block-eedee-block-gutenslide is-position-center-center ed-bg-image\" style=\"--ed-vw:300;--ed-vh:159;\" data-hash=\"\"><div class=\"eedee-background-div bg-image\"><img loading=\"lazy\" width=\"1024\" height=\"542\" class=\"wp-image-80536\" src=\"https:\/\/www.clesi.it\/wp-content\/uploads\/2024\/11\/pannelli-tamponamento-1-1024x542.webp\" alt=\"\" decoding=\"async\" style=\"object-fit: cover; object-position: 50% 50%;\"  data-title=\"pannelli-tamponamento-1\" srcset=\"https:\/\/www.clesi.it\/wp-content\/uploads\/2024\/11\/pannelli-tamponamento-1-1024x542.webp 1024w, https:\/\/www.clesi.it\/wp-content\/uploads\/2024\/11\/pannelli-tamponamento-1-300x159.webp 300w, https:\/\/www.clesi.it\/wp-content\/uploads\/2024\/11\/pannelli-tamponamento-1-768x406.webp 768w, https:\/\/www.clesi.it\/wp-content\/uploads\/2024\/11\/pannelli-tamponamento-1-50x26.webp 50w, https:\/\/www.clesi.it\/wp-content\/uploads\/2024\/11\/pannelli-tamponamento-1-1600x846.webp 1600w, https:\/\/www.clesi.it\/wp-content\/uploads\/2024\/11\/pannelli-tamponamento-1-1536x812.webp 1536w, https:\/\/www.clesi.it\/wp-content\/uploads\/2024\/11\/pannelli-tamponamento-1.webp 1813w\" sizes=\"(max-width: 1024px) 100vw, 1024px\" \/><div class=\"eedee-background-div__overlay\" style=\"opacity:1;\"><\/div><\/div><div class=\"slide-content\">\n\n<p class=\"has-text-align-center gutenslider-content-initial has-larger-font-size\"><\/p>\n\n<\/div><\/div>\n\n<div class=\"swiper-slide wp-block-eedee-block-gutenslide is-position-center-center ed-bg-image\" style=\"--ed-vw:300;--ed-vh:159;\" data-hash=\"\"><div class=\"eedee-background-div bg-image\"><img loading=\"lazy\" width=\"1024\" height=\"542\" class=\"wp-image-80542\" src=\"https:\/\/www.clesi.it\/wp-content\/uploads\/2024\/11\/pannelli-tamponamento2-1024x542.webp\" alt=\"\" decoding=\"async\" style=\"object-fit: cover; object-position: 50% 50%;\"  data-title=\"pannelli-tamponamento2\" srcset=\"https:\/\/www.clesi.it\/wp-content\/uploads\/2024\/11\/pannelli-tamponamento2-1024x542.webp 1024w, https:\/\/www.clesi.it\/wp-content\/uploads\/2024\/11\/pannelli-tamponamento2-300x159.webp 300w, https:\/\/www.clesi.it\/wp-content\/uploads\/2024\/11\/pannelli-tamponamento2-768x406.webp 768w, https:\/\/www.clesi.it\/wp-content\/uploads\/2024\/11\/pannelli-tamponamento2-50x26.webp 50w, https:\/\/www.clesi.it\/wp-content\/uploads\/2024\/11\/pannelli-tamponamento2-1600x846.webp 1600w, https:\/\/www.clesi.it\/wp-content\/uploads\/2024\/11\/pannelli-tamponamento2-1536x812.webp 1536w, https:\/\/www.clesi.it\/wp-content\/uploads\/2024\/11\/pannelli-tamponamento2.webp 1813w\" sizes=\"(max-width: 1024px) 100vw, 1024px\" \/><div class=\"eedee-background-div__overlay\" style=\"opacity:1;\"><\/div><\/div><div class=\"slide-content\">\n\n<p class=\"has-text-align-center gutenslider-content-initial has-larger-font-size\"><\/p>\n\n<\/div><\/div>\n<\/div><\/div><button class=\"eedee-gutenslider-nav eedee-gutenslider-prev\"><svg xmlns=\"http:\/\/www.w3.org\/2000\/svg\" viewBox=\"0 0 24 24\" width=\"24\" height=\"24\"><circle class=\"bg\" cx=\"13\" cy=\"12\" r=\"11\" \/><path fill=\"none\" d=\"M0 0h24v24H0z\"\/><path class=\"arrow\" d=\"M10.828 12l4.95 4.95-1.414 1.414L8 12l6.364-6.364 1.414 1.414z\"\/><\/svg><\/button><button class=\"eedee-gutenslider-nav eedee-gutenslider-next\"><svg xmlns=\"http:\/\/www.w3.org\/2000\/svg\" viewBox=\"0 0 24 24\" width=\"24\" height=\"24\"><circle class=\"bg\" cx=\"11\" cy=\"12\" r=\"11\" \/><path fill=\"none\" d=\"M0 0h24v24H0z\"\/><path class=\"arrow\" d=\"M13.172 12l-4.95-4.95 1.414-1.414L16 12l-6.364 6.364-1.414-1.414z\"\/><\/svg><\/button><div class=\"eedee-gutenslider-pagination\"><\/div><div class=\"gutenslider-divider-bottom \" style=\"color:#fff;\"><\/div><\/div><\/div>\n\n\n<div style=\"height:40px\" aria-hidden=\"true\" class=\"wp-block-spacer\"><\/div>\n\n\n\n<h2 class=\"h2-custom\"><strong>3 PANNEAUX PR\u00c9FABRIQU\u00c9S POUR TOUS TYPES DE STRUCTURES<\/strong><\/h2>\n\n\n\n<p>Clesi Prefabbricati con\u00e7oit, fabrique et commercialise des panneaux de remplissage pr\u00e9fabriqu\u00e9s pour la construction commerciale, r\u00e9sidentielle, industrielle et sociale. Nos panneaux pr\u00e9fabriqu\u00e9s allient praticit\u00e9, rapidit\u00e9 d&rsquo;ex\u00e9cution, temps de pose r\u00e9duits, absence d&rsquo;entretien et haute valeur esth\u00e9tique gr\u00e2ce aux nombreuses personnalisations propos\u00e9es au client (grains, matrices, etc.)<\/p>\n\n\n\n<p>Nos panneaux pr\u00e9fabriqu\u00e9s, selon le type de structure auquel ils sont destin\u00e9s, peuvent \u00eatre fournis pleins, all\u00e9g\u00e9s, avec une couche d&rsquo;isolation thermique entre les deux, conform\u00e9ment aux exigences de la loi 311, qui garantit le respect de la performance \u00e9nerg\u00e9tique du b\u00e2timent.<\/p>\n\n\n\n<p>Les panneaux de Clesi sont produits \u00e0 la fois verticalement et horizontalement et peuvent \u00eatre combin\u00e9s entre eux pour donner au b\u00e2timent une identit\u00e9 architecturale pr\u00e9cise.<\/p>\n\n\n\n<p>Il est possible de personnaliser les finitions int\u00e9rieures et ext\u00e9rieures avec des couleurs et des mat\u00e9riaux diff\u00e9rents, en fonction des exigences architecturales et de conception.<\/p>\n\n\n\n<p>Pour plus d&rsquo;informations, veuillez consulter la page Finitions.<\/p>\n\n\n\n<p><strong>Finitions ext\u00e9rieures<\/strong><br>Nos panneaux en b\u00e9ton arm\u00e9 vibr\u00e9 sont disponibles avec une large gamme de finitions ext\u00e9rieures.<\/p>\n\n\n\n<p>Pour plus d&rsquo;informations, visitez la page des finitions de ce site.<\/p>\n\n\n\n<p><strong>Finitions int\u00e9rieures<\/strong><br>Nos panneaux en b\u00e9ton arm\u00e9 vibr\u00e9 sont normalement finis avec du b\u00e9ton projet\u00e9, mais sur demande, ils peuvent \u00eatre finis avec du b\u00e9ton lisse fini \u00e0 la truelle.<\/p>\n\n\n\n<p><strong>R\u00e9sistance au feu et isolation acoustique<\/strong><\/p>\n\n\n\n<p>Tous nos panneaux sont produits avec diff\u00e9rentes classes de r\u00e9sistance au feu, en fonction de la conception du client. Les panneaux peuvent \u00eatre con\u00e7us et fabriqu\u00e9s pour r\u00e9pondre \u00e0 des exigences sp\u00e9cifiques en mati\u00e8re d&rsquo;isolation acoustique, conform\u00e9ment au D.P.C.M. 15\/12\/1997 et les valeurs de masse surfacique selon la r\u00e9glementation en vigueur.<\/p>\n\n\n\n<div style=\"height:60px\" aria-hidden=\"true\" class=\"wp-block-spacer\"><\/div>\n\n\n\n<h2 class=\"h2-custom\">PANNEAUX PR\u00c9FABRIQU\u00c9S EN B\u00c9TON ARM\u00c9 VIBR\u00c9<\/h2>\n\n\n\n<figure class=\"wp-block-image size-large\"><img loading=\"lazy\" width=\"871\" height=\"461\" src=\"https:\/\/www.clesi.it\/wp-content\/uploads\/2019\/03\/pannelli-tamponamento4.png\" alt=\"\" class=\"wp-image-77427\" srcset=\"https:\/\/www.clesi.it\/wp-content\/uploads\/2019\/03\/pannelli-tamponamento4.png 871w, https:\/\/www.clesi.it\/wp-content\/uploads\/2019\/03\/pannelli-tamponamento4-300x159.png 300w, https:\/\/www.clesi.it\/wp-content\/uploads\/2019\/03\/pannelli-tamponamento4-768x406.png 768w\" sizes=\"(max-width: 871px) 100vw, 871px\" \/><\/figure>\n\n\n\n<p>Nos panneaux peuvent \u00eatre utilis\u00e9s efficacement pour fabriquer les \u00e9l\u00e9ments suivants :<\/p>\n\n\n\n<ul><li>Remplissage des structures pr\u00e9fabriqu\u00e9es en b\u00e9ton arm\u00e9 pr\u00e9contraint ou en b\u00e9ton arm\u00e9 vibr\u00e9 ;<\/li><li>Remplissage pour les structures en charpenterie m\u00e9tallique ;<\/li><li>Remplissage pour les structures in situ ;<\/li><li>Cloisons int\u00e9rieures de s\u00e9paration ou de compartimentage.<\/li><\/ul>\n\n\n\n<div style=\"height:35px\" aria-hidden=\"true\" class=\"wp-block-spacer\"><\/div>\n\n\n\n<h2 class=\"h2-custom\" id=\"h2-custom\">PANNEAUX ALL\u00c9G\u00c9S EN B\u00c9TON ARM\u00c9 VIBR\u00c9<\/h2>\n\n\n\n<figure class=\"wp-block-image size-large\"><img loading=\"lazy\" width=\"871\" height=\"461\" src=\"https:\/\/www.clesi.it\/wp-content\/uploads\/2019\/03\/pannelli-tamponamento5.png\" alt=\"\" class=\"wp-image-77429\" srcset=\"https:\/\/www.clesi.it\/wp-content\/uploads\/2019\/03\/pannelli-tamponamento5.png 871w, https:\/\/www.clesi.it\/wp-content\/uploads\/2019\/03\/pannelli-tamponamento5-300x159.png 300w, https:\/\/www.clesi.it\/wp-content\/uploads\/2019\/03\/pannelli-tamponamento5-768x406.png 768w\" sizes=\"(max-width: 871px) 100vw, 871px\" \/><\/figure>\n\n\n\n<p>Clesi con\u00e7oit, fabrique et vend des panneaux de remplissage pr\u00e9fabriqu\u00e9s all\u00e9g\u00e9s en b\u00e9ton arm\u00e9 vibr\u00e9. La couche d&rsquo;isolation et d&rsquo;all\u00e8gement est constitu\u00e9e de galettes de polystyr\u00e8ne d&rsquo;une densit\u00e9 de 8\/10 kg\/m3, d&rsquo;une largeur standard de 2,50 m\u00e8tres et d&rsquo;une hauteur maximale de 13,00 m\u00e8tres.<\/p>\n\n\n\n<p>Nos panneaux peuvent \u00eatre utilis\u00e9s efficacement pour r\u00e9aliser des :<\/p>\n\n\n\n<ul><li>Remplissage des structures pr\u00e9fabriqu\u00e9es en b\u00e9ton arm\u00e9 pr\u00e9contraint ou en b\u00e9ton arm\u00e9 vibr\u00e9 ;<\/li><li>Remplissage pour les structures en charpenterie m\u00e9tallique ;<\/li><li>Remplissage pour les structures in situ ;<\/li><li>Cloisons int\u00e9rieures de s\u00e9paration ou de compartimentage.<\/li><\/ul>\n\n\n\n<div style=\"height:40px\" aria-hidden=\"true\" class=\"wp-block-spacer\"><\/div>\n\n\n\n<h2 class=\"h2-custom\"><strong>PANNEAUX PR\u00c9FABRIQU\u00c9S \u00c0 RUPTURE DE PONT THERMIQUE<\/strong><\/h2>\n\n\n\n<figure class=\"wp-block-image size-large\"><img loading=\"lazy\" width=\"871\" height=\"461\" src=\"https:\/\/www.clesi.it\/wp-content\/uploads\/2019\/03\/pannellitamponamento6.png\" alt=\"\" class=\"wp-image-77430\" srcset=\"https:\/\/www.clesi.it\/wp-content\/uploads\/2019\/03\/pannellitamponamento6.png 871w, https:\/\/www.clesi.it\/wp-content\/uploads\/2019\/03\/pannellitamponamento6-300x159.png 300w, https:\/\/www.clesi.it\/wp-content\/uploads\/2019\/03\/pannellitamponamento6-768x406.png 768w\" sizes=\"(max-width: 871px) 100vw, 871px\" \/><\/figure>\n\n\n\n<p>Clesi con\u00e7oit, fabrique et commercialise des panneaux de remplissage pr\u00e9fabriqu\u00e9s en b\u00e9ton arm\u00e9 vibr\u00e9 avec une couche d&rsquo;isolation et d&rsquo;all\u00e8gement entre les deux, qui permettent d&rsquo;atteindre les limites de transmission thermique fix\u00e9es par l&rsquo;annexe \u00ab C \u00bb du D\u00e9cret de loi. N\u00b0 311\/2006, compl\u00e9t\u00e9 par le D\u00e9cret pr\u00e9sidentiel. 02 avril 2009 n\u00b0 59. Nos panneaux \u00e0 rupture thermique sont produits avec une largeur standard de 2,50 m\u00e8tres, une hauteur maximale de 13,00 m\u00e8tres et des \u00e9paisseurs permettant de garantir les valeurs de transmittance \u00e9tablies par le d\u00e9cret n\u00b0 311\/2006.<\/p>\n\n\n\n<p>Nos panneaux peuvent \u00eatre utilis\u00e9s efficacement pour r\u00e9aliser des :<\/p>\n\n\n\n<ul><li>Remplissage des structures pr\u00e9fabriqu\u00e9es en b\u00e9ton arm\u00e9 pr\u00e9contraint ou en b\u00e9ton arm\u00e9 vibr\u00e9;<\/li><li>Remplissage pour les structures en charpenterie m\u00e9tallique;<\/li><li>Remplissage pour les structures in situ;<\/li><li>Cloisons int\u00e9rieures de s\u00e9paration ou de compartimentage.<\/li><\/ul>\n","protected":false},"excerpt":{"rendered":"<p>3 PANNEAUX PR\u00c9FABRIQU\u00c9S POUR TOUS TYPES DE STRUCTURES Clesi Prefabbricati con\u00e7oit, fabrique et commercialise des panneaux de remplissage pr\u00e9fabriqu\u00e9s pour la construction commerciale, r\u00e9sidentielle, industrielle et sociale. Nos panneaux pr\u00e9fabriqu\u00e9s allient praticit\u00e9, rapidit\u00e9 d&rsquo;ex\u00e9cution, temps de pose r\u00e9duits, absence d&rsquo;entretien et haute valeur esth\u00e9tique gr\u00e2ce aux nombreuses personnalisations propos\u00e9es au client (grains, matrices, etc.) Nos [&hellip;]<\/p>\n","protected":false},"author":1,"featured_media":0,"parent":0,"menu_order":0,"comment_status":"closed","ping_status":"closed","template":"","meta":[],"_links":{"self":[{"href":"https:\/\/www.clesi.it\/fr\/wp-json\/wp\/v2\/pages\/79007"}],"collection":[{"href":"https:\/\/www.clesi.it\/fr\/wp-json\/wp\/v2\/pages"}],"about":[{"href":"https:\/\/www.clesi.it\/fr\/wp-json\/wp\/v2\/types\/page"}],"author":[{"embeddable":true,"href":"https:\/\/www.clesi.it\/fr\/wp-json\/wp\/v2\/users\/1"}],"replies":[{"embeddable":true,"href":"https:\/\/www.clesi.it\/fr\/wp-json\/wp\/v2\/comments?post=79007"}],"version-history":[{"count":2,"href":"https:\/\/www.clesi.it\/fr\/wp-json\/wp\/v2\/pages\/79007\/revisions"}],"predecessor-version":[{"id":80548,"href":"https:\/\/www.clesi.it\/fr\/wp-json\/wp\/v2\/pages\/79007\/revisions\/80548"}],"wp:attachment":[{"href":"https:\/\/www.clesi.it\/fr\/wp-json\/wp\/v2\/media?parent=79007"}],"curies":[{"name":"wp","href":"https:\/\/api.w.org\/{rel}","templated":true}]}}