{"id":79079,"date":"2017-01-12T17:42:31","date_gmt":"2017-01-12T16:42:31","guid":{"rendered":"https:\/\/www.clesi.it\/homepage\/"},"modified":"2024-11-06T15:02:40","modified_gmt":"2024-11-06T14:02:40","slug":"homepage","status":"publish","type":"page","link":"https:\/\/www.clesi.it\/fr\/","title":{"rendered":"Pr\u00e9fabriqu\u00e9s Clesi"},"content":{"rendered":"<p>[vc_row type=\u00a0\u00bbfull_width\u00a0\u00bb full_width=\u00a0\u00bbstretch_row\u00a0\u00bb][vc_column][rev_slider_vc alias=\u00a0\u00bbhome-en-1&Prime;][\/vc_column][\/vc_row][vc_row el_class=\u00a0\u00bbintro4 align-center\u00a0\u00bb full_width=\u00a0\u00bbstretch_row_content\u00a0\u00bb css=\u00a0\u00bb.vc_custom_1432632676284{background-color: #fdc502 !important;}\u00a0\u00bb][vc_column width=\u00a0\u00bb2\/3&Prime;][vc_custom_heading text=\u00a0\u00bb\u00c0 la recherche d&rsquo;un constructeur de qualit\u00e9 pour vos projets ?\u00a0\u00bb font_container=\u00a0\u00bbtag:h3|font_size:22|text_align:center|color:%23ffffff\u00a0\u00bb][\/vc_column][vc_column width=\u00a0\u00bb1\/3&Prime;][vc_btn title=\u00a0\u00bbProfil de l&rsquo;entreprise\u00a0\u00bb style=\u00a0\u00bbflat\u00a0\u00bb shape=\u00a0\u00bbsquare\u00a0\u00bb color=\u00a0\u00bborange\u00a0\u00bb size=\u00a0\u00bbsm\u00a0\u00bb css_animation=\u00a0\u00bbappear\u00a0\u00bb css=\u00a0\u00bb.vc_custom_1726760976925{background-color: rgba(0,0,0,0.01) !important;*background-color: rgb(0,0,0) !important;}\u00a0\u00bb link=\u00a0\u00bburl:https%3A%2F%2Fwww.clesi.it%2Fcompany%2Fprofile%2F|||\u00a0\u00bb][\/vc_column][\/vc_row][vc_row background_color=\u00a0\u00bb#ffffff\u00a0\u00bb el_class=\u00a0\u00bbfeatures-2&Prime; css=\u00a0\u00bb.vc_custom_1429696703812{padding-top: 70px !important;padding-bottom: 40px !important;}\u00a0\u00bb][vc_column width=\u00a0\u00bb1\/3&Prime;][vc_single_image image=\u00a0\u00bb73931&Prime; img_size=\u00a0\u00bb360&#215;240&Prime; alignment=\u00a0\u00bbcenter\u00a0\u00bb onclick=\u00a0\u00bbcustom_link\u00a0\u00bb link=\u00a0\u00bbhttps:\/\/www.clesi.it\/services\/\u00a0\u00bb][vc_column_text css=\u00a0\u00bb.vc_custom_1726761008497{margin-top: -40px !important;padding-right: 15px !important;padding-left: 15px !important;background-color: #ffffff !important;}\u00a0\u00bb]<\/p>\n<div style=\"background: White; position: relative; padding: 20px;\">\n<h3><a style=\"text-decoration: none; font-size: 16px; color: #333333; font-weight: bold;\" href=\"https:\/\/www.clesi.it\/fr\/services\/\">Services<\/a><\/h3>\n<p><span style=\"color: #999999;\">Un savoir-faire issu de plus de 30 ans de leadership, des brevets uniques capables de r\u00e9duire les co\u00fbts et d&rsquo;optimiser les d\u00e9lais, des comp\u00e9tences techniques et de conception ainsi qu&rsquo;une assistance sur site font de Clesi un partenaire important.<\/span><\/p>\n<\/div>\n<p>[\/vc_column_text][\/vc_column][vc_column width=\u00a0\u00bb1\/3&Prime;][vc_single_image image=\u00a0\u00bb75830&Prime; img_size=\u00a0\u00bb360&#215;240&Prime; alignment=\u00a0\u00bbcenter\u00a0\u00bb onclick=\u00a0\u00bbcustom_link\u00a0\u00bb link=\u00a0\u00bbhttps:\/\/www.clesi.it\/profile\/\u00a0\u00bb][vc_column_text css=\u00a0\u00bb.vc_custom_1726761027408{margin-top: -40px !important;padding-right: 15px !important;padding-left: 15px !important;background-color: #ffffff !important;}\u00a0\u00bb]<\/p>\n<div style=\"background: White; position: relative; padding: 20px;\">\n<h3><a style=\"text-decoration: none; font-size: 16px; color: #333333; font-weight: bold;\" href=\"https:\/\/www.clesi.it\/fr\/profile\/\">Production<\/a><\/h3>\n<p><span style=\"color: #999999;\"> En production avec l&rsquo;usine de Frosinone (FR) et avec de nouvelles et importantes usines afin de r\u00e9partir ult\u00e9rieurement sa pr\u00e9sence sur le territoire pour r\u00e9pondre efficacement aux demandes des clients.<\/span><\/p>\n<\/div>\n<p>[\/vc_column_text][\/vc_column][vc_column width=\u00a0\u00bb1\/3&Prime;][vc_single_image image=\u00a0\u00bb75930&Prime; img_size=\u00a0\u00bb360&#215;240&Prime; alignment=\u00a0\u00bbcenter\u00a0\u00bb onclick=\u00a0\u00bbcustom_link\u00a0\u00bb link=\u00a0\u00bbhttps:\/\/www.clesi.it\/profile\/\u00a0\u00bb][vc_column_text css=\u00a0\u00bb.vc_custom_1726761047059{margin-top: -40px !important;padding-right: 15px !important;padding-left: 15px !important;background-color: #ffffff !important;}\u00a0\u00bb]<\/p>\n<div style=\"background: White; position: relative; padding: 20px;\">\n<h3><a style=\"text-decoration: none; font-size: 16px; color: #333333; font-weight: bold;\" href=\"https:\/\/www.clesi.it\/fr\/profile\/\">Produits pr\u00e9fabriqu\u00e9s<\/a><\/h3>\n<p><span style=\"color: #999999;\">Nous sommes une r\u00e9f\u00e9rence sur le march\u00e9 des produits pr\u00e9fabriqu\u00e9s en termes de qualit\u00e9, d&rsquo;innovation et de recherche dans les domaines de l&rsquo;industrie, du commerce, des services et des infrastructures.Nous cr\u00e9ons le d\u00e9veloppement et l&rsquo;innovation pour confirmer Clesi en tant que partenaire du d\u00e9veloppement de toute entreprise souhaitant devenir un leader dans son domaine. {22}(bo\u00eete avec image)<\/span><\/p>\n<\/div>\n<p>[\/vc_column_text][\/vc_column][\/vc_row][vc_row background_color=\u00a0\u00bb#ffffff\u00a0\u00bb el_class=\u00a0\u00bbalign-center\u00a0\u00bb css=\u00a0\u00bb.vc_custom_1683020008983{padding-top: 70px !important;padding-bottom: 20px !important;}\u00a0\u00bb][vc_column][vc_custom_heading text=\u00a0\u00bbNOS ACTIVIT\u00c9S\u00a0\u00bb font_container=\u00a0\u00bbtag:h2|text_align:left|color:%23111111&Prime; el_class=\u00a0\u00bbheading-title-3&Prime;][\/vc_column][\/vc_row][vc_row background_color=\u00a0\u00bb#ffffff\u00a0\u00bb el_class=\u00a0\u00bbfeatures-2&Prime; css=\u00a0\u00bb.vc_custom_1429696703812{padding-top: 70px !important;padding-bottom: 40px !important;}\u00a0\u00bb][vc_column width=\u00a0\u00bb1\/3&Prime;][vc_single_image source=\u00a0\u00bbexternal_link\u00a0\u00bb alignment=\u00a0\u00bbcenter\u00a0\u00bb onclick=\u00a0\u00bbcustom_link\u00a0\u00bb link=\u00a0\u00bbhttps:\/\/www.clesi.it\/services\/\u00a0\u00bb custom_src=\u00a0\u00bbhttps:\/\/clesi.it\/wp-content\/uploads\/2023\/07\/costi-di-cantiere.jpg\u00a0\u00bb][vc_column_text css=\u00a0\u00bb.vc_custom_1726761118767{margin-top: -40px !important;padding-right: 15px !important;padding-left: 15px !important;background-color: #ffffff !important;}\u00a0\u00bb]<\/p>\n<div style=\"background: White; position: relative; padding: 20px;\">\n<h3><strong><span style=\"font-size: 16px; font-weight: bold;\">Co\u00fbts de chantier<\/span><\/strong><\/h3>\n<p class=\"p1\"><span class=\"s1\" style=\"color: #999999;\">L&rsquo;utilisation d&rsquo;une fondation pr\u00e9fabriqu\u00e9e en b\u00e9ton pr\u00e9contraint r\u00e9duit au point d&rsquo;\u00e9liminer toutes les activit\u00e9s inh\u00e9rentes \u00e0 la construction d&rsquo;une fondation avec un syst\u00e8me traditionnel in-situ.<\/span><\/p>\n<p class=\"p1\"><span class=\"s1\" style=\"color: #999999;\">La mise en place du socle pr\u00e9fabriqu\u00e9 n\u00e9cessite moins d&rsquo;excavation et donc moins de remblayage ult\u00e9rieur, de m\u00eame que l&rsquo;absence de structure de sout\u00e8nement \u00e9vite le recours \u00e0 une main-d&rsquo;\u0153uvre sp\u00e9cialis\u00e9e (charpentiers, ferronniers) et r\u00e9duit l&rsquo;utilisation de produits connexes (planches, clous, fils, toupies, cutters, \u00e9lectricit\u00e9&#8230;).<\/span><\/p>\n<\/div>\n<p>[\/vc_column_text][\/vc_column][vc_column width=\u00a0\u00bb1\/3&Prime;][vc_single_image source=\u00a0\u00bbexternal_link\u00a0\u00bb alignment=\u00a0\u00bbcenter\u00a0\u00bb onclick=\u00a0\u00bbcustom_link\u00a0\u00bb link=\u00a0\u00bbhttps:\/\/www.clesi.it\/profile\/\u00a0\u00bb custom_src=\u00a0\u00bbhttps:\/\/clesi.it\/wp-content\/uploads\/2023\/07\/produzione.jpg\u00a0\u00bb][vc_column_text css=\u00a0\u00bb.vc_custom_1726761147524{margin-top: -40px !important;padding-right: 15px !important;padding-left: 15px !important;background-color: #ffffff !important;}\u00a0\u00bb]<\/p>\n<div style=\"background: White; position: relative; padding: 20px;\">\n<h3><a style=\"text-decoration: none; font-size: 16px; color: #333333; font-weight: bold;\" href=\"#\">Une fondation aux co\u00fbts d\u00e9finis<\/a><\/h3>\n<p><span style=\"color: #999999;\">Les \u00e9l\u00e9ments de la fondation pr\u00e9fabriqu\u00e9e \u00ab Themelio \u00bb sont enti\u00e8rement produits dans notre usine selon un processus industriel standardis\u00e9 qui nous permet de fournir des co\u00fbts pr\u00e9cis et d\u00e9finis, d\u00e8s la phase de conception. L&rsquo;utilisation d&rsquo;une fondation pr\u00e9fabriqu\u00e9e en b\u00e9ton pr\u00e9contraint permet de r\u00e9duire les co\u00fbts du chantier jusqu&rsquo;\u00e0 90 %, car elle n\u00e9cessite moins de travaux d&rsquo;excavation et de remblayage, ce qui \u00e9vite le recours \u00e0 une main-d&rsquo;\u0153uvre sp\u00e9cialis\u00e9e et r\u00e9duit les frais de s\u00e9curit\u00e9. <\/span><\/p>\n<\/div>\n<p>[\/vc_column_text][\/vc_column][vc_column width=\u00a0\u00bb1\/3&Prime;][vc_single_image image=\u00a0\u00bb74167&Prime; img_size=\u00a0\u00bb360&#215;240&Prime; alignment=\u00a0\u00bbcenter\u00a0\u00bb onclick=\u00a0\u00bbcustom_link\u00a0\u00bb link=\u00a0\u00bbhttps:\/\/www.clesi.it\/profile\/\u00a0\u00bb][vc_column_text css=\u00a0\u00bb.vc_custom_1726761165928{margin-top: -40px !important;padding-right: 15px !important;padding-left: 15px !important;background-color: #ffffff !important;}\u00a0\u00bb]<\/p>\n<div style=\"background: White; position: relative; padding: 20px;\">\n<h3><a style=\"text-decoration: none; font-size: 16px; color: #333333; font-weight: bold;\" href=\"https:\/\/www.clesi.it\/fr\/profile\/\">Calcul de la fondation inclus dans la fourniture<\/a><\/h3>\n<p><span style=\"color: #999999;\">La conception et le calcul de la fondation pr\u00e9fabriqu\u00e9e sont inclus dans la fourniture et sont valables pour le d\u00e9p\u00f4t d&rsquo;une demande aupr\u00e8s de l&rsquo;ing\u00e9nieur civil.<\/span><\/p>\n<\/div>\n<p>[\/vc_column_text][\/vc_column][\/vc_row][vc_row background_color=\u00a0\u00bb#ffffff\u00a0\u00bb el_class=\u00a0\u00bbcertifications align-center\u00a0\u00bb css=\u00a0\u00bb.vc_custom_1432544733427{padding-top: 60px !important;padding-bottom: 60px !important;background-color: #f8f8f8 !important;}\u00a0\u00bb][vc_column][vc_custom_heading text=\u00a0\u00bbCERTIFICATIONS\u00a0\u00bb font_container=\u00a0\u00bbtag:h2|text_align:left|color:%23111111&Prime; el_class=\u00a0\u00bbheading-title-3&Prime;][vc_row_inner el_class=\u00a0\u00bbalign-center\u00a0\u00bb][vc_column_inner width=\u00a0\u00bb1\/4&Prime;][vc_column_text]<img src=\"https:\/\/clesi.it\/wp-content\/uploads\/2023\/07\/autogru.png\" alt=\"Mezzi Clesi\" \/><\/p>\n<h3>MOYENS<\/h3>\n<p style=\"text-align: left;\">Des v\u00e9hicules toujours \u00e0 jour et parfaitement entretenus donnent la s\u00e9curit\u00e9 d&rsquo;un travail fait \u00e0 la perfection, mais surtout dans les d\u00e9lais, avec une r\u00e9duction des impr\u00e9vus de premier ordre.<\/p>\n<p>[\/vc_column_text][\/vc_column_inner][vc_column_inner width=\u00a0\u00bb1\/4&Prime;][vc_column_text]<img src=\"http:\/\/structure.thememove.com\/data\/homev2\/big02.png\" alt=\"\" \/><\/p>\n<h3>S\u00c9CURIT\u00c9<\/h3>\n<p style=\"text-align: left;\">La s\u00e9curit\u00e9 sur les chantiers de construction est l&rsquo;une de nos pr\u00e9rogatives. Nos \u00e9quipes sont toujours parfaitement \u00e9quip\u00e9es et travaillent dans le respect des param\u00e8tres l\u00e9gaux les plus stricts, prot\u00e9geant ainsi notre personnel et nos clients<\/p>\n<p>[\/vc_column_text][\/vc_column_inner][vc_column_inner width=\u00a0\u00bb1\/4&Prime;][vc_column_text]<img src=\"http:\/\/structure.thememove.com\/data\/homev2\/big03.png\" alt=\"\" \/><\/p>\n<h3>D\u00c9VELOPPEMENT DURABLE<\/h3>\n<p style=\"text-align: left;\">Op\u00e9rer de mani\u00e8re durable est l&rsquo;un de nos nouveaux objectifs. Nous nous effor\u00e7ons d&rsquo;obtenir des r\u00e9sultats toujours meilleurs en termes d&rsquo;impact sur l&rsquo;environnement, en commen\u00e7ant par optimiser le flux de travail et en choisissant des mat\u00e9riaux \u00e0 faible impact.<\/p>\n<p>[\/vc_column_text][\/vc_column_inner][vc_column_inner width=\u00a0\u00bb1\/4&Prime;][vc_column_text]<img src=\"http:\/\/structure.thememove.com\/data\/homev2\/big04.png\" alt=\"\" \/><\/p>\n<h3>INT\u00c9GRIT\u00c9<\/h3>\n<p style=\"text-align: left;\">Nous validons notre travail en concluant des pactes d&rsquo;int\u00e9grit\u00e9, en respectant les principes de loyaut\u00e9, de transparence et d&rsquo;\u00e9quit\u00e9, et en activant les proc\u00e9dures disciplinaires afin d&rsquo;offrir \u00e0 tout moment une relation sereine et d\u00e9tendue.<\/p>\n<p>[\/vc_column_text][\/vc_column_inner][\/vc_row_inner][\/vc_column][\/vc_row][vc_row css=\u00a0\u00bb.vc_custom_1655278376859{margin: 50px !important;}\u00a0\u00bb][vc_column width=\u00a0\u00bb2\/3&Prime;][vc_column_text css=\u00a0\u00bb.vc_custom_1726761296009{padding-top: 25px !important;padding-right: 0px !important;padding-bottom: 25px !important;padding-left: 0px !important;}\u00a0\u00bb]<\/p>\n<div style=\"height: 145px; display: flex; flex-direction: column; justify-content: center;\">\n<h2 style=\"color: #009843;\">CLESI PREFABBRICATI<\/h2>\n<h3>PRIX DE L&rsquo;EXCELLENCE ITALIENNE 2024<\/h3>\n<\/div>\n<p>[\/vc_column_text][\/vc_column][vc_column width=\u00a0\u00bb1\/3&Prime;][vc_raw_html]JTNDZGl2JTIwc3R5bGUlM0QlMjJiYWNrZ3JvdW5kJTNBd2hpdGUlM0J0ZXh0LWFsaWduJTNBY2VudGVyJTNCZm9udCUzQTE4cHglMjB0aW1lcyUyQ3NhbnMtc2VyaWYlM0Jjb2xvciUzQSUyMzAwQTc0QyUzQndpZHRoJTNBMjUwcHglM0JtYXJnaW4tbGVmdCUzQWF1dG8lM0JtYXJnaW4tcmlnaHQlM0FhdXRvJTNCJTIyJTNFJTNDYSUyMHRhcmdldCUzRCUyMl9ibGFuayUyMiUyMGhyZWYlM0QlMjJodHRwJTNBJTJGJTJGd3d3LmVjY2VsbGVuemVpdGFsaWFuZS5jb20lMjIlMjB0aXRsZSUzRCUyMkVudHJhJTIwbmVsJTIwc2l0byUyMGRpJTIwRWNjZWxsZW56ZSUyMEl0YWxpYW5lJTIyJTNFJTNDaW1nJTIwaGVpZ2h0JTNEJTIyMjAwJTIyJTIwd2lkdGglM0QlMjIyMDAlMjIlMjBzcmMlM0QlMjJodHRwcyUzQSUyRiUyRnd3dy5lY2NlbGxlbnplaXRhbGlhbmUuY29tJTJGU3RhdGljJTJGaW1hZ2VzJTJGbG9nby1jb250cmFmZmF6aW9uZS5wbmclMjIlMjBhbHQlM0QlMjJFbnRyYSUyMG5lbCUyMHNpdG8lMjBkaSUyMEVjY2VsbGVuemUlMjBJdGFsaWFuZSUyMiUzRSUzQyUyRmElM0UlM0MlMkZkaXYlM0U=[\/vc_raw_html][\/vc_column][\/vc_row][vc_row row_type=\u00a0\u00bbparallax\u00a0\u00bb background_image=\u00a0\u00bbhttp:\/\/structure.thememove.com\/data\/homev2\/parallax-2.jpg\u00a0\u00bb parallax_speed=\u00a0\u00bb0.5&Prime; el_class=\u00a0\u00bbcounting align-center\u00a0\u00bb css=\u00a0\u00bb.vc_custom_1433392647671{padding-top: 100px !important;padding-bottom: 100px !important;}\u00a0\u00bb][vc_column width=\u00a0\u00bb1\/2&Prime;][vc_custom_heading text=\u00a0\u00bbNos chiffres\u00a0\u00bb font_container=\u00a0\u00bbtag:h2|font_size:32|text_align:left|color:%23ffffff|line_height:1.3&Prime; el_class=\u00a0\u00bbheading\u00a0\u00bb][\/vc_column][vc_column width=\u00a0\u00bb1\/2&Prime;][vc_row_inner el_class=\u00a0\u00bbalign-center\u00a0\u00bb][vc_column_inner width=\u00a0\u00bb1\/3&Prime;][\/vc_column_inner][vc_column_inner width=\u00a0\u00bb1\/3&Prime;][vc_column_text]<img loading=\"lazy\" width=\"300\" height=\"300\" class=\"alignnone size-medium wp-image-79427\" style=\"height: 80px; margin-bottom: 15px;\" src=\"https:\/\/www.clesi.it\/wp-content\/uploads\/2024\/10\/Tower-crane-300x300.webp\" alt=\"\" srcset=\"https:\/\/www.clesi.it\/wp-content\/uploads\/2024\/10\/Tower-crane-300x300.webp 300w, https:\/\/www.clesi.it\/wp-content\/uploads\/2024\/10\/Tower-crane-150x150.webp 150w, https:\/\/www.clesi.it\/wp-content\/uploads\/2024\/10\/Tower-crane-50x50.webp 50w, https:\/\/www.clesi.it\/wp-content\/uploads\/2024\/10\/Tower-crane-100x100.webp 100w, https:\/\/www.clesi.it\/wp-content\/uploads\/2024\/10\/Tower-crane.webp 512w\" sizes=\"(max-width: 300px) 100vw, 300px\" \/>[\/vc_column_text][vc_custom_heading text=\u00a0\u00bb8&Prime; font_container=\u00a0\u00bbtag:h2|font_size:36|text_align:center|color:%23ffffff|line_height:1&Prime;][vc_custom_heading text=\u00a0\u00bbmillions de m\u00e8tres carr\u00e9s construits\u00a0\u00bb font_container=\u00a0\u00bbtag:h4|font_size:16|text_align:center|color:%23bbbbbb|line_height:1&Prime;][\/vc_column_inner][vc_column_inner width=\u00a0\u00bb1\/3&Prime;][vc_column_text]<\/p>\n<h3><img loading=\"lazy\" width=\"300\" height=\"300\" class=\"alignnone wp-image-79472 size-medium\" style=\"height: 60px; margin: 20px 0; margin-bottom: 15px;\" src=\"https:\/\/www.clesi.it\/wp-content\/uploads\/2024\/10\/Users-300x300.webp\" alt=\"\" srcset=\"https:\/\/www.clesi.it\/wp-content\/uploads\/2024\/10\/Users-300x300.webp 300w, https:\/\/www.clesi.it\/wp-content\/uploads\/2024\/10\/Users-150x150.webp 150w, https:\/\/www.clesi.it\/wp-content\/uploads\/2024\/10\/Users-50x50.webp 50w, https:\/\/www.clesi.it\/wp-content\/uploads\/2024\/10\/Users-100x100.webp 100w, https:\/\/www.clesi.it\/wp-content\/uploads\/2024\/10\/Users.webp 512w\" sizes=\"(max-width: 300px) 100vw, 300px\" \/><\/h3>\n<p>[\/vc_column_text][vc_custom_heading text=\u00a0\u00bb5000&Prime; font_container=\u00a0\u00bbtag:h2|font_size:36|text_align:center|color:%23ffffff|line_height:1&Prime;][vc_custom_heading text=\u00a0\u00bbclients\u00a0\u00bb font_container=\u00a0\u00bbtag:h4|font_size:16|text_align:center|color:%23bbbbbb|line_height:1&Prime;][\/vc_column_inner][\/vc_row_inner][\/vc_column][\/vc_row][vc_row css=\u00a0\u00bb.vc_custom_1679477398078{margin-top: 30px !important;margin-right: 15px !important;margin-bottom: 30px !important;margin-left: 15px !important;}\u00a0\u00bb][vc_column css=\u00a0\u00bb.vc_custom_1679477368114{margin-top: 20px !important;margin-bottom: 20px !important;}\u00a0\u00bb][vc_column_text]<\/p>\n<h3 style=\"text-align: center;\"><em>Fiers de faire partie<\/em><\/h3>\n<p>[\/vc_column_text][\/vc_column][vc_column width=\u00a0\u00bb1\/3&Prime;][vc_single_image image=\u00a0\u00bb78211&Prime; img_size=\u00a0\u00bb147&#215;80&Prime; alignment=\u00a0\u00bbcenter\u00a0\u00bb][\/vc_column][vc_column width=\u00a0\u00bb1\/3&Prime;][vc_single_image image=\u00a0\u00bb78215&Prime; img_size=\u00a0\u00bb252&#215;80&Prime; alignment=\u00a0\u00bbcenter\u00a0\u00bb][\/vc_column][vc_column width=\u00a0\u00bb1\/3&Prime;][vc_single_image image=\u00a0\u00bb78213&Prime; img_size=\u00a0\u00bb252&#215;80&Prime; alignment=\u00a0\u00bbcenter\u00a0\u00bb][\/vc_column][\/vc_row]<\/p>\n","protected":false},"excerpt":{"rendered":"<p>[vc_row type=\u00a0\u00bbfull_width\u00a0\u00bb full_width=\u00a0\u00bbstretch_row\u00a0\u00bb][vc_column][rev_slider_vc alias=\u00a0\u00bbhome-en-1&Prime;][\/vc_column][\/vc_row][vc_row el_class=\u00a0\u00bbintro4 align-center\u00a0\u00bb full_width=\u00a0\u00bbstretch_row_content\u00a0\u00bb css=\u00a0\u00bb.vc_custom_1432632676284{background-color: #fdc502 !important;}\u00a0\u00bb][vc_column width=\u00a0\u00bb2\/3&Prime;][vc_custom_heading text=\u00a0\u00bb\u00c0 la recherche d&rsquo;un constructeur de qualit\u00e9 pour vos projets ?\u00a0\u00bb font_container=\u00a0\u00bbtag:h3|font_size:22|text_align:center|color:%23ffffff\u00a0\u00bb][\/vc_column][vc_column width=\u00a0\u00bb1\/3&Prime;][vc_btn title=\u00a0\u00bbProfil de l&rsquo;entreprise\u00a0\u00bb style=\u00a0\u00bbflat\u00a0\u00bb shape=\u00a0\u00bbsquare\u00a0\u00bb color=\u00a0\u00bborange\u00a0\u00bb size=\u00a0\u00bbsm\u00a0\u00bb css_animation=\u00a0\u00bbappear\u00a0\u00bb css=\u00a0\u00bb.vc_custom_1726760976925{background-color: rgba(0,0,0,0.01) !important;*background-color: rgb(0,0,0) !important;}\u00a0\u00bb link=\u00a0\u00bburl:https%3A%2F%2Fwww.clesi.it%2Fcompany%2Fprofile%2F|||\u00a0\u00bb][\/vc_column][\/vc_row][vc_row background_color=\u00a0\u00bb#ffffff\u00a0\u00bb el_class=\u00a0\u00bbfeatures-2&Prime; css=\u00a0\u00bb.vc_custom_1429696703812{padding-top: 70px !important;padding-bottom: 40px !important;}\u00a0\u00bb][vc_column width=\u00a0\u00bb1\/3&Prime;][vc_single_image image=\u00a0\u00bb73931&Prime; img_size=\u00a0\u00bb360&#215;240&Prime; alignment=\u00a0\u00bbcenter\u00a0\u00bb onclick=\u00a0\u00bbcustom_link\u00a0\u00bb link=\u00a0\u00bbhttps:\/\/www.clesi.it\/services\/\u00a0\u00bb][vc_column_text css=\u00a0\u00bb.vc_custom_1726761008497{margin-top: -40px !important;padding-right: 15px [&hellip;]<\/p>\n","protected":false},"author":1,"featured_media":79081,"parent":0,"menu_order":0,"comment_status":"closed","ping_status":"closed","template":"","meta":[],"_links":{"self":[{"href":"https:\/\/www.clesi.it\/fr\/wp-json\/wp\/v2\/pages\/79079"}],"collection":[{"href":"https:\/\/www.clesi.it\/fr\/wp-json\/wp\/v2\/pages"}],"about":[{"href":"https:\/\/www.clesi.it\/fr\/wp-json\/wp\/v2\/types\/page"}],"author":[{"embeddable":true,"href":"https:\/\/www.clesi.it\/fr\/wp-json\/wp\/v2\/users\/1"}],"replies":[{"embeddable":true,"href":"https:\/\/www.clesi.it\/fr\/wp-json\/wp\/v2\/comments?post=79079"}],"version-history":[{"count":4,"href":"https:\/\/www.clesi.it\/fr\/wp-json\/wp\/v2\/pages\/79079\/revisions"}],"predecessor-version":[{"id":79837,"href":"https:\/\/www.clesi.it\/fr\/wp-json\/wp\/v2\/pages\/79079\/revisions\/79837"}],"wp:featuredmedia":[{"embeddable":true,"href":"https:\/\/www.clesi.it\/fr\/wp-json\/wp\/v2\/media\/79081"}],"wp:attachment":[{"href":"https:\/\/www.clesi.it\/fr\/wp-json\/wp\/v2\/media?parent=79079"}],"curies":[{"name":"wp","href":"https:\/\/api.w.org\/{rel}","templated":true}]}}