{"id":79437,"date":"2018-08-31T13:08:01","date_gmt":"2018-08-31T11:08:01","guid":{"rendered":"https:\/\/www.clesi.it\/contact\/help-desk\/"},"modified":"2024-10-25T11:00:32","modified_gmt":"2024-10-25T09:00:32","slug":"help-desk","status":"publish","type":"page","link":"https:\/\/www.clesi.it\/fr\/contact\/help-desk\/","title":{"rendered":"Help Desk"},"content":{"rendered":"<p>[vc_row][vc_column][vc_column_text]Notre bureau d\u2019\u00e9tudes est \u00e0 votre disposition pour vous assister dans la phase de conception.<\/p>\n<p>Envoyez-nous le plan d&rsquo;\u00e9chafaudage praticable et\/ou du toit au format dwg ou dxf \u00e0 l&rsquo;adresse \u00e9lectronique suivante : <a href=\"mailto:tecnico@clesi.it\">tecnico@clesi.it<\/a>.<\/p>\n<p>Nos techniciens vous donneront les conseils n\u00e9cessaires pour un dimensionnement correct[\/vc_column_text][vc_empty_space][\/vc_column][\/vc_row][vc_row][vc_column]\n<div class=\"wpcf7 no-js\" id=\"wpcf7-f79445-o1\" lang=\"fr-FR\" dir=\"ltr\">\n<div class=\"screen-reader-response\"><p role=\"status\" aria-live=\"polite\" aria-atomic=\"true\"><\/p> <ul><\/ul><\/div>\n<form action=\"\/fr\/wp-json\/wp\/v2\/pages\/79437#wpcf7-f79445-o1\" method=\"post\" class=\"wpcf7-form init\" aria-label=\"Formulaire de contact\" enctype=\"multipart\/form-data\" novalidate=\"novalidate\" data-status=\"init\">\n<div style=\"display: none;\">\n<input type=\"hidden\" name=\"_wpcf7\" value=\"79445\" \/>\n<input type=\"hidden\" name=\"_wpcf7_version\" value=\"5.7.7\" \/>\n<input type=\"hidden\" name=\"_wpcf7_locale\" value=\"fr_FR\" \/>\n<input type=\"hidden\" name=\"_wpcf7_unit_tag\" value=\"wpcf7-f79445-o1\" \/>\n<input type=\"hidden\" name=\"_wpcf7_container_post\" value=\"0\" \/>\n<input type=\"hidden\" name=\"_wpcf7_posted_data_hash\" value=\"\" \/>\n<input type=\"hidden\" name=\"_wpcf7dtx_version\" value=\"5.0.5\" \/>\n<input type=\"hidden\" name=\"_wpcf7_recaptcha_response\" value=\"\" \/>\n<\/div>\n<p><span class=\"wpcf7-form-control-wrap\" data-name=\"Nome\"><input size=\"40\" class=\"wpcf7-form-control wpcf7-text wpcf7-validates-as-required\" aria-required=\"true\" aria-invalid=\"false\" placeholder=\"Nom\" value=\"\" type=\"text\" name=\"Nome\" \/><\/span><br \/>\n<span class=\"wpcf7-form-control-wrap\" data-name=\"Oggetto\"><input size=\"40\" class=\"wpcf7-form-control wpcf7-text wpcf7-validates-as-required\" aria-required=\"true\" aria-invalid=\"false\" placeholder=\"Objet de la demande\" value=\"\" type=\"text\" name=\"Oggetto\" \/><\/span><br \/>\n<span class=\"wpcf7-form-control-wrap\" data-name=\"Email\"><input size=\"40\" class=\"wpcf7-form-control wpcf7-text wpcf7-email wpcf7-validates-as-required wpcf7-validates-as-email\" aria-required=\"true\" aria-invalid=\"false\" placeholder=\"E-mail\" value=\"\" type=\"email\" name=\"Email\" \/><\/span><br \/>\n<span class=\"wpcf7-form-control-wrap\" data-name=\"menu-382\"><select class=\"wpcf7-form-control wpcf7-select wpcf7-validates-as-required\" aria-required=\"true\" aria-invalid=\"false\" name=\"menu-382\"><option value=\"\">&#8212;Veuillez choisir une option&#8212;<\/option><option value=\"Temelio\">Temelio<\/option><option value=\"Temelio evo\">Temelio evo<\/option><option value=\"Synde\">Synde<\/option><option value=\"Stratos\">Stratos<\/option><option value=\"Sofos\">Sofos<\/option><option value=\"Prisma\">Prisma<\/option><option value=\"Kypse\">Kypse<\/option><option value=\"Delta\">Delta<\/option><\/select><\/span><br \/>\n<span class=\"wpcf7-form-control-wrap\" data-name=\"File\"><input size=\"40\" class=\"wpcf7-form-control wpcf7-file wpcf7-validates-as-required\" accept=\"audio\/*,video\/*,image\/*\" aria-required=\"true\" aria-invalid=\"false\" type=\"file\" name=\"File\" \/><\/span><br \/>\n<input class=\"wpcf7-form-control has-spinner wpcf7-submit\" type=\"submit\" value=\"Envoyer un message\" \/>\n<\/p>\n<input class=\"wpcf7-form-control wpcf7-hidden\" value=\"\" type=\"hidden\" name=\"utm_campaign\" \/>\n<input class=\"wpcf7-form-control wpcf7-hidden\" value=\"\" type=\"hidden\" name=\"utm_medium\" \/>\n<input class=\"wpcf7-form-control wpcf7-hidden\" value=\"\" type=\"hidden\" name=\"u_focus\" \/>\n<input class=\"wpcf7-form-control wpcf7-hidden\" value=\"\" type=\"hidden\" name=\"utm_source\" \/>\n<input class=\"wpcf7-form-control wpcf7-hidden\" value=\"\" type=\"hidden\" name=\"u_net\" \/>\n<input class=\"wpcf7-form-control wpcf7-hidden\" value=\"\" type=\"hidden\" name=\"u_dev\" \/>\n<input class=\"wpcf7-form-control wpcf7-hidden\" value=\"\" type=\"hidden\" name=\"u_devm\" \/>\n<input class=\"wpcf7-form-control wpcf7-hidden\" value=\"\" type=\"hidden\" name=\"u_cid\" \/>\n<input class=\"wpcf7-form-control wpcf7-hidden\" value=\"\" type=\"hidden\" name=\"u_agid\" \/>\n<input class=\"wpcf7-form-control wpcf7-hidden\" value=\"\" type=\"hidden\" name=\"u_creative\" \/>\n<input class=\"wpcf7-form-control wpcf7-hidden\" value=\"\" type=\"hidden\" name=\"u_adp\" \/>\n<input class=\"wpcf7-form-control wpcf7-hidden\" value=\"\" type=\"hidden\" name=\"u_eid\" \/>\n<input class=\"wpcf7-form-control wpcf7-hidden\" value=\"\" type=\"hidden\" name=\"u_placement\" \/>\n<input class=\"wpcf7-form-control wpcf7-hidden\" value=\"\" type=\"hidden\" name=\"u_loci\" \/>\n<input class=\"wpcf7-form-control wpcf7-hidden\" value=\"\" type=\"hidden\" name=\"u_locp\" \/>\n<input class=\"wpcf7-form-control wpcf7-hidden\" value=\"\" type=\"hidden\" name=\"u_matchtype\" \/>\n<input class=\"wpcf7-form-control wpcf7-hidden\" value=\"\" type=\"hidden\" name=\"utm_term\" \/>\n<input class=\"wpcf7-form-control wpcf7-hidden\" value=\"\" type=\"hidden\" name=\"gclid\" \/><input type='hidden' class='wpcf7-pum' value='{\"closepopup\":false,\"closedelay\":0,\"openpopup\":false,\"openpopup_id\":0}' \/><div class=\"wpcf7-response-output\" aria-hidden=\"true\"><\/div>\n<\/form>\n<\/div>\n[\/vc_column][\/vc_row]<\/p>\n","protected":false},"excerpt":{"rendered":"<p>[vc_row][vc_column][vc_column_text]Notre bureau d\u2019\u00e9tudes est \u00e0 votre disposition pour vous assister dans la phase de conception. Envoyez-nous le plan d&rsquo;\u00e9chafaudage praticable et\/ou du toit au format dwg ou dxf \u00e0 l&rsquo;adresse \u00e9lectronique suivante : tecnico@clesi.it. Nos techniciens vous donneront les conseils n\u00e9cessaires pour un dimensionnement correct[\/vc_column_text][vc_empty_space][\/vc_column][\/vc_row][vc_row][vc_column][\/vc_column][\/vc_row]<\/p>\n","protected":false},"author":1,"featured_media":0,"parent":79092,"menu_order":0,"comment_status":"closed","ping_status":"closed","template":"","meta":[],"_links":{"self":[{"href":"https:\/\/www.clesi.it\/fr\/wp-json\/wp\/v2\/pages\/79437"}],"collection":[{"href":"https:\/\/www.clesi.it\/fr\/wp-json\/wp\/v2\/pages"}],"about":[{"href":"https:\/\/www.clesi.it\/fr\/wp-json\/wp\/v2\/types\/page"}],"author":[{"embeddable":true,"href":"https:\/\/www.clesi.it\/fr\/wp-json\/wp\/v2\/users\/1"}],"replies":[{"embeddable":true,"href":"https:\/\/www.clesi.it\/fr\/wp-json\/wp\/v2\/comments?post=79437"}],"version-history":[{"count":2,"href":"https:\/\/www.clesi.it\/fr\/wp-json\/wp\/v2\/pages\/79437\/revisions"}],"predecessor-version":[{"id":79438,"href":"https:\/\/www.clesi.it\/fr\/wp-json\/wp\/v2\/pages\/79437\/revisions\/79438"}],"up":[{"embeddable":true,"href":"https:\/\/www.clesi.it\/fr\/wp-json\/wp\/v2\/pages\/79092"}],"wp:attachment":[{"href":"https:\/\/www.clesi.it\/fr\/wp-json\/wp\/v2\/media?parent=79437"}],"curies":[{"name":"wp","href":"https:\/\/api.w.org\/{rel}","templated":true}]}}