{"id":79440,"date":"2017-04-08T03:19:25","date_gmt":"2017-04-08T01:19:25","guid":{"rendered":"https:\/\/www.clesi.it\/contact\/lavora-con-noi\/"},"modified":"2024-10-25T11:08:43","modified_gmt":"2024-10-25T09:08:43","slug":"lavora-con-noi","status":"publish","type":"page","link":"https:\/\/www.clesi.it\/fr\/contact\/lavora-con-noi\/","title":{"rendered":"Travailler avec nous"},"content":{"rendered":"<p>[vc_row][vc_column][vc_empty_space height=\u00a0\u00bb30&Prime;][\/vc_column][\/vc_row][vc_row][vc_column width=\u00a0\u00bb1\/2&Prime;][vc_custom_heading text=\u00a0\u00bbEMPLOIS \u00c0 POURVOIR\u00a0\u00bb font_container=\u00a0\u00bbtag:h2|font_size:20|text_align:left\u00a0\u00bb el_class=\u00a0\u00bbheading-title-3&Prime;][vc_tta_accordion style=\u00a0\u00bbflat\u00a0\u00bb c_icon=\u00a0\u00bbtriangle\u00a0\u00bb active_section=\u00a0\u00bb6&Prime;][vc_tta_section i_icon_fontawesome=\u00a0\u00bb\u00a0\u00bb add_icon=\u00a0\u00bbtrue\u00a0\u00bb title=\u00a0\u00bbIng\u00e9nieur civil\u00a0\u00bb tab_id=\u00a0\u00bb1635243173211-9976935e-7b93&Prime;][vc_column_text]Le candidat id\u00e9al doit \u00eatre titulaire d&rsquo;un dipl\u00f4me en g\u00e9nie civil et d&rsquo;un master, de pr\u00e9f\u00e9rence avec une sp\u00e9cialisation dans les structures.<\/p>\n<p>La personne sera charg\u00e9e de :<\/p>\n<ul>\n<li>la conception de structures pr\u00e9fabriqu\u00e9es.<\/li>\n<\/ul>\n<p>Connaissances requises:<\/p>\n<ul>\n<li>Logiciels de calcul;<\/li>\n<li>AutoCAD<\/li>\n<li>Office.<\/li>\n<\/ul>\n<p>Les personnes int\u00e9ress\u00e9es peuvent envoyer leur CV d\u00e9taill\u00e9 \u00e0 l&rsquo;adresse suivante : <a href=\"mailto:risorseumane@clesi.it\">risorseumane@clesi.it<\/a><\/p>\n<p>[\/vc_column_text][\/vc_tta_section][vc_tta_section i_icon_fontawesome=\u00a0\u00bb\u00a0\u00bb add_icon=\u00a0\u00bbtrue\u00a0\u00bb title=\u00a0\u00bbG\u00e9om\u00e8tre\u00a0\u00bb tab_id=\u00a0\u00bb1635243439594-3a9acb28-d91f\u00a0\u00bb][vc_column_text]Le candidat id\u00e9al doit \u00eatre titulaire d&rsquo;un dipl\u00f4me de g\u00e9om\u00e8tre.<\/p>\n<p>La personne sera charg\u00e9e de :<\/p>\n<ul>\n<li>l&rsquo;\u00e9laboration de plans pour les structures pr\u00e9fabriqu\u00e9es.<\/li>\n<\/ul>\n<p>Connaissances requises :<\/p>\n<ul>\n<li>AutoCAD<\/li>\n<li>Office<\/li>\n<\/ul>\n<p>Les personnes int\u00e9ress\u00e9es peuvent envoyer leur CV d\u00e9taill\u00e9 \u00e0 l&rsquo;adresse suivante : <a href=\"mailto:risorseumane@clesi.it\">risorseumane@clesi.it<\/a>[\/vc_column_text][\/vc_tta_section][vc_tta_section title=\u00a0\u00bbAgent de vente \u00e0 mandat unique\u00a0\u00bb tab_id=\u00a0\u00bb1635243047032-838b5345-5e6a\u00a0\u00bb][vc_column_text]Le candidat id\u00e9al est un agent commercial ayant une exp\u00e9rience consolid\u00e9e de la vente et travaillant de pr\u00e9f\u00e9rence d\u00e9j\u00e0 dans le secteur concern\u00e9, \u00e0 savoir la pr\u00e9fabrication de syst\u00e8mes et de structures de construction industrialis\u00e9s.<\/p>\n<p>La recherche s&rsquo;adresse aux deux sexes et surtout \u00e0 des personnes motiv\u00e9es par la vente et capables de travailler en fonction d&rsquo;objectifs, ayant une capacit\u00e9 autonome \u00e0 organiser leur journ\u00e9e de travail, des comp\u00e9tences commerciales, interpersonnelles et de n\u00e9gociation, d&rsquo;excellentes capacit\u00e9s de communication et d&rsquo;organisation, de la d\u00e9termination et de la r\u00e9silience.<\/p>\n<p>Nous demandons un num\u00e9ro de TVA, l&rsquo;inscription \u00e0 la chambre de commerce, l&rsquo;inscription \u00e0 Enasarco ou, en tout \u00e9tat de cause, la volont\u00e9 de s\u2019inscrire (si l&rsquo;origine est la vente en tant qu\u2019employ\u00e9).<\/p>\n<p>Pour finir, nous \u00e9valuerons la candidature d\u2019agents exp\u00e9riment\u00e9s en r\u00e9gime \u00e0 plusieurs mandats sur des produits pertinents pour le secteur, mais non concurrents, tels que les ch\u00e2ssis industriels, le ciment, la t\u00f4le, etc.<\/p>\n<p>Nous vous offrons :<\/p>\n<ul>\n<li>Contrat d&rsquo;agent unique;<\/li>\n<li>Exclusivit\u00e9 du territoire avec coordination directionnelle;<\/li>\n<li>Commissions et primes;<\/li>\n<li>Des opportunit\u00e9s concr\u00e8tes de croissance.<\/li>\n<li>Avantages possibles.<\/li>\n<\/ul>\n<p>Les personnes int\u00e9ress\u00e9es peuvent envoyer leur CV d\u00e9taill\u00e9 \u00e0 l&rsquo;adresse suivante : <a href=\"mailto:risorseumane@clesi.it\">risorseumane@clesi.it<\/a>[\/vc_column_text][\/vc_tta_section][vc_tta_section title=\u00a0\u00bbDessinateur \u00e0 ins\u00e9rer dans le bureau des devis\u00a0\u00bb tab_id=\u00a0\u00bb1635243047163-56e16959-c4cb\u00a0\u00bb][vc_column_text]Le candidat id\u00e9al devra \u00eatre autonome dans la production des dessins techniques pour les pr\u00e9liminaires de structure requis, et assistera le responsable du service devis.<\/p>\n<p>Il devra \u00e9tablir des offres avec les dessins correspondants en interface avec les responsables techniques pour l&rsquo;analyse des co\u00fbts et de la criticit\u00e9.<\/p>\n<p>Une exp\u00e9rience pr\u00e9alable dans ce poste pendant au moins deux ans ou une exp\u00e9rience \u00e9quivalente dans le domaine de la comptabilit\u00e9 des sites est requise.<\/p>\n<p>La recherche s&rsquo;adresse aux deux sexes et surtout \u00e0 des personnes motiv\u00e9es, capables de travailler pour atteindre des objectifs,<\/p>\n<p>Nous vous offrons :<\/p>\n<ul>\n<li>Contrat initial int\u00e9rimaire avec possibilit\u00e9 d&rsquo;entr\u00e9e directe dans l&rsquo;entreprise.<\/li>\n<\/ul>\n<p>Contrat de travail :<\/p>\n<ul>\n<li>Temps plein, dur\u00e9e d\u00e9termin\u00e9e<\/li>\n<\/ul>\n<p>Pr\u00e9-requis :<\/p>\n<ul>\n<li>Disponibilit\u00e9 imm\u00e9diate.<\/li>\n<li>Excellente connaissance du dessin autocad :<\/li>\n<li>3 ans (obligatoire)<\/li>\n<li>Volont\u00e9 de travailler en \u00e9quipe.<\/li>\n<li>Dipl\u00f4me d&rsquo;\u00e9tudes secondaires ou \u00e9tudes \u00e9quivalentes (obligatoire)<\/li>\n<\/ul>\n<p>Les personnes int\u00e9ress\u00e9es peuvent envoyer leur CV d\u00e9taill\u00e9 \u00e0 l&rsquo;adresse suivante : <a href=\"mailto:risorseumane@clesi.it\">risorseumane@clesi.it<\/a>[\/vc_column_text][\/vc_tta_section][\/vc_tta_accordion][\/vc_column][vc_column width=\u00a0\u00bb1\/2&Prime;][vc_custom_heading text=\u00a0\u00bbENVOYER LA CANDIDATURE\u00a0\u00bb font_container=\u00a0\u00bbtag:h2|font_size:20|text_align:left\u00a0\u00bb el_class=\u00a0\u00bbheading-title-3&Prime;][vc_column_text]Remplissez le formulaire, choisissez le poste que vous souhaitez occuper et joignez votre CV.[\/vc_column_text][vc_empty_space height=\u00a0\u00bb30&Prime;]\n<div class=\"wpcf7 no-js\" id=\"wpcf7-f79444-o1\" lang=\"fr-FR\" dir=\"ltr\">\n<div class=\"screen-reader-response\"><p role=\"status\" aria-live=\"polite\" aria-atomic=\"true\"><\/p> <ul><\/ul><\/div>\n<form action=\"\/fr\/wp-json\/wp\/v2\/pages\/79440#wpcf7-f79444-o1\" method=\"post\" class=\"wpcf7-form init\" aria-label=\"Formulaire de contact\" enctype=\"multipart\/form-data\" novalidate=\"novalidate\" data-status=\"init\">\n<div style=\"display: none;\">\n<input type=\"hidden\" name=\"_wpcf7\" value=\"79444\" \/>\n<input type=\"hidden\" name=\"_wpcf7_version\" value=\"5.7.7\" \/>\n<input type=\"hidden\" name=\"_wpcf7_locale\" value=\"fr_FR\" \/>\n<input type=\"hidden\" name=\"_wpcf7_unit_tag\" value=\"wpcf7-f79444-o1\" \/>\n<input type=\"hidden\" name=\"_wpcf7_container_post\" value=\"0\" \/>\n<input type=\"hidden\" name=\"_wpcf7_posted_data_hash\" value=\"\" \/>\n<input type=\"hidden\" name=\"_wpcf7dtx_version\" value=\"5.0.5\" \/>\n<input type=\"hidden\" name=\"_wpcf7_recaptcha_response\" value=\"\" \/>\n<\/div>\n<p><label> Nom*<br \/>\n<span class=\"wpcf7-form-control-wrap\" data-name=\"your-name\"><input size=\"40\" class=\"wpcf7-form-control wpcf7-text wpcf7-validates-as-required\" aria-required=\"true\" aria-invalid=\"false\" value=\"\" type=\"text\" name=\"your-name\" \/><\/span> <\/label>\n<\/p>\n<p><label> E-mail*<br \/>\n<span class=\"wpcf7-form-control-wrap\" data-name=\"your-email\"><input size=\"40\" class=\"wpcf7-form-control wpcf7-text wpcf7-email wpcf7-validates-as-required wpcf7-validates-as-email\" aria-required=\"true\" aria-invalid=\"false\" value=\"\" type=\"email\" name=\"your-email\" \/><\/span> <\/label>\n<\/p>\n<p><label> Poste*<br \/>\n<span class=\"wpcf7-form-control-wrap\" data-name=\"position\"><select class=\"wpcf7-form-control wpcf7-select wpcf7-validates-as-required\" aria-required=\"true\" aria-invalid=\"false\" name=\"position\"><option value=\"\">&#8212;Veuillez choisir une option&#8212;<\/option><option value=\"Ing\u00e9nieur civil\">Ing\u00e9nieur civil<\/option><option value=\"G\u00e9om\u00e8tre\">G\u00e9om\u00e8tre<\/option><option value=\"Agent commercial\">Agent commercial<\/option><option value=\"Dessinateur\">Dessinateur<\/option><\/select><\/span><\/label>\n<\/p>\n<p><label> Br\u00e8ve pr\u00e9sentation<br \/>\n<span class=\"wpcf7-form-control-wrap\" data-name=\"your-message\"><textarea cols=\"40\" rows=\"10\" class=\"wpcf7-form-control wpcf7-textarea wpcf7-validates-as-required\" aria-required=\"true\" aria-invalid=\"false\" name=\"your-message\"><\/textarea><\/span> <\/label>\n<\/p>\n<p><label> Joindre un CV<br \/>\n<span class=\"wpcf7-form-control-wrap\" data-name=\"allegato\"><input size=\"40\" class=\"wpcf7-form-control wpcf7-file wpcf7-validates-as-required\" accept=\"audio\/*,video\/*,image\/*\" aria-required=\"true\" aria-invalid=\"false\" type=\"file\" name=\"allegato\" \/><\/span><\/label>\n<\/p>\n<p><input class=\"wpcf7-form-control has-spinner wpcf7-submit\" type=\"submit\" value=\"Envoyer la candidature\" \/>\n<\/p>\n<input class=\"wpcf7-form-control wpcf7-hidden\" value=\"\" type=\"hidden\" name=\"utm_campaign\" \/>\n<input class=\"wpcf7-form-control wpcf7-hidden\" value=\"\" type=\"hidden\" name=\"utm_medium\" \/>\n<input class=\"wpcf7-form-control wpcf7-hidden\" value=\"\" type=\"hidden\" name=\"u_focus\" \/>\n<input class=\"wpcf7-form-control wpcf7-hidden\" value=\"\" type=\"hidden\" name=\"utm_source\" \/>\n<input class=\"wpcf7-form-control wpcf7-hidden\" value=\"\" type=\"hidden\" name=\"u_net\" \/>\n<input class=\"wpcf7-form-control wpcf7-hidden\" value=\"\" type=\"hidden\" name=\"u_dev\" \/>\n<input class=\"wpcf7-form-control wpcf7-hidden\" value=\"\" type=\"hidden\" name=\"u_devm\" \/>\n<input class=\"wpcf7-form-control wpcf7-hidden\" value=\"\" type=\"hidden\" name=\"u_cid\" \/>\n<input class=\"wpcf7-form-control wpcf7-hidden\" value=\"\" type=\"hidden\" name=\"u_agid\" \/>\n<input class=\"wpcf7-form-control wpcf7-hidden\" value=\"\" type=\"hidden\" name=\"u_creative\" \/>\n<input class=\"wpcf7-form-control wpcf7-hidden\" value=\"\" type=\"hidden\" name=\"u_adp\" \/>\n<input class=\"wpcf7-form-control wpcf7-hidden\" value=\"\" type=\"hidden\" name=\"u_eid\" \/>\n<input class=\"wpcf7-form-control wpcf7-hidden\" value=\"\" type=\"hidden\" name=\"u_placement\" \/>\n<input class=\"wpcf7-form-control wpcf7-hidden\" value=\"\" type=\"hidden\" name=\"u_loci\" \/>\n<input class=\"wpcf7-form-control wpcf7-hidden\" value=\"\" type=\"hidden\" name=\"u_locp\" \/>\n<input class=\"wpcf7-form-control wpcf7-hidden\" value=\"\" type=\"hidden\" name=\"u_matchtype\" \/>\n<input class=\"wpcf7-form-control wpcf7-hidden\" value=\"\" type=\"hidden\" name=\"utm_term\" \/>\n<input class=\"wpcf7-form-control wpcf7-hidden\" value=\"\" type=\"hidden\" name=\"gclid\" \/><input type='hidden' class='wpcf7-pum' value='{\"closepopup\":false,\"closedelay\":0,\"openpopup\":false,\"openpopup_id\":0}' \/><div class=\"wpcf7-response-output\" aria-hidden=\"true\"><\/div>\n<\/form>\n<\/div>\n[\/vc_column][\/vc_row][vc_row][vc_column width=\u00a0\u00bb2\/3&Prime;][\/vc_column][vc_column width=\u00a0\u00bb1\/3&Prime;][\/vc_column][\/vc_row][vc_row][vc_column][vc_empty_space][\/vc_column][\/vc_row]<\/p>\n","protected":false},"excerpt":{"rendered":"<p>[vc_row][vc_column][vc_empty_space height=\u00a0\u00bb30&Prime;][\/vc_column][\/vc_row][vc_row][vc_column width=\u00a0\u00bb1\/2&Prime;][vc_custom_heading text=\u00a0\u00bbEMPLOIS \u00c0 POURVOIR\u00a0\u00bb font_container=\u00a0\u00bbtag:h2|font_size:20|text_align:left\u00a0\u00bb el_class=\u00a0\u00bbheading-title-3&Prime;][vc_tta_accordion style=\u00a0\u00bbflat\u00a0\u00bb c_icon=\u00a0\u00bbtriangle\u00a0\u00bb active_section=\u00a0\u00bb6&Prime;][vc_tta_section i_icon_fontawesome=\u00a0\u00bb\u00a0\u00bb add_icon=\u00a0\u00bbtrue\u00a0\u00bb title=\u00a0\u00bbIng\u00e9nieur civil\u00a0\u00bb tab_id=\u00a0\u00bb1635243173211-9976935e-7b93&Prime;][vc_column_text]Le candidat id\u00e9al doit \u00eatre titulaire d&rsquo;un dipl\u00f4me en g\u00e9nie civil et d&rsquo;un master, de pr\u00e9f\u00e9rence avec une sp\u00e9cialisation dans les structures. La personne sera charg\u00e9e de : la conception de structures pr\u00e9fabriqu\u00e9es. Connaissances requises: Logiciels de calcul; AutoCAD Office. [&hellip;]<\/p>\n","protected":false},"author":1,"featured_media":0,"parent":79092,"menu_order":0,"comment_status":"closed","ping_status":"closed","template":"","meta":[],"_links":{"self":[{"href":"https:\/\/www.clesi.it\/fr\/wp-json\/wp\/v2\/pages\/79440"}],"collection":[{"href":"https:\/\/www.clesi.it\/fr\/wp-json\/wp\/v2\/pages"}],"about":[{"href":"https:\/\/www.clesi.it\/fr\/wp-json\/wp\/v2\/types\/page"}],"author":[{"embeddable":true,"href":"https:\/\/www.clesi.it\/fr\/wp-json\/wp\/v2\/users\/1"}],"replies":[{"embeddable":true,"href":"https:\/\/www.clesi.it\/fr\/wp-json\/wp\/v2\/comments?post=79440"}],"version-history":[{"count":2,"href":"https:\/\/www.clesi.it\/fr\/wp-json\/wp\/v2\/pages\/79440\/revisions"}],"predecessor-version":[{"id":79442,"href":"https:\/\/www.clesi.it\/fr\/wp-json\/wp\/v2\/pages\/79440\/revisions\/79442"}],"up":[{"embeddable":true,"href":"https:\/\/www.clesi.it\/fr\/wp-json\/wp\/v2\/pages\/79092"}],"wp:attachment":[{"href":"https:\/\/www.clesi.it\/fr\/wp-json\/wp\/v2\/media?parent=79440"}],"curies":[{"name":"wp","href":"https:\/\/api.w.org\/{rel}","templated":true}]}}